{"id":7608,"date":"2026-04-17T22:26:49","date_gmt":"2026-04-17T20:26:49","guid":{"rendered":"https:\/\/grafikus-coffeetec.de\/?post_type=product&#038;p=7608"},"modified":"2026-04-17T22:27:34","modified_gmt":"2026-04-17T20:27:34","slug":"pesado-doppelauslauf-edelstahl-siebtraeger-weiss-gold","status":"publish","type":"product","link":"https:\/\/grafikus-coffeetec.de\/en\/product\/pesado-doppelauslauf-edelstahl-siebtraeger-weiss-gold\/","title":{"rendered":"Pesado Double Spout Stainless Steel Portafilter White &amp; Gold"},"content":{"rendered":"<p class=\"p1\">The Pesado 2-cup portafilter, like the bottomless portafilter, is made of stainless steel. This makes the combination of the two portafilters one of the few ways to standardize the extraction behavior of both the bottomless and double-spout portafilters.<br \/>\nThe stainless steel construction also makes it very durable and simplifies the cleaning of the portafilter surfaces.<\/p>\n<p>The wings of the bayonet lock have a maximum height of 6.2mm and can therefore be used in the following La Marzocco machines: Linea Micra, Linea Mini, Linea Mini R, GS3 and all Gastro machines except the KB90<\/p>\n<p>Suitable for the following machines: Linea Micra, Linea Mini, Linea Mini R, GS3, Bezzera, Brugnetti, Decent, ECM, Elektra, Expobar, Faema, Isomac, Kees Van Der Western, La Pavoni, Lelit \u2013 Pro Line, Mavam, Moai Bar, Mod Bar, Orchestrale, Profitec, Quickmill, Rancillio, Rocket, SAB, San Remo, Slayer, Synesso, VBM, Wega, all E61 groups.<\/p>\n<p>Scope of delivery:<br \/>\n&#8211; Edelstahl Siebtr\u00e4ger mit Doppelauslauf und Griff mit Wei\u00df &amp; Gold<\/p>\n<p>&nbsp;<\/p>","protected":false},"excerpt":{"rendered":"<p>Der 2-Tassen-Siebtr\u00e4ger von Pesado ist, analog zum bodenlosen Siebtr\u00e4ger, aus Edelstahl gefertigt. Dies macht die Kombination aus beiden Siebtr\u00e4gern zu einer der wenigen M\u00f6glichkeiten, das Entspannverhalten des bodenlosen Siebtr\u00e4gers und des Siebtr\u00e4gers mit Doppelauslauf zu vereinheitlichen. Die Ausf\u00fchrung in Edelstahl macht ihn zudem sehr langlebig und vereinfacht die Reinigung der Oberfl\u00e4chen des Siebtr\u00e4gers. Die Fl\u00fcgel &hellip;<\/p>","protected":false},"featured_media":7580,"comment_status":"open","ping_status":"closed","template":"","meta":{"_acf_changed":false,"inline_featured_image":false},"product_brand":[],"product_cat":[74,64,153,62,279,190,569,144],"product_tag":[570,160,257,168,65,66,158,61,281,170,358,188,169],"class_list":{"0":"post-7608","1":"product","2":"type-product","3":"status-publish","4":"has-post-thumbnail","6":"product_cat-kvdw-speedster","7":"product_cat-lamarzocco-gs3","8":"product_cat-la-marzocco-linea-micra","9":"product_cat-linea-mini","10":"product_cat-la-marzocco-linea-mini-r","11":"product_cat-la-marzocco-zubehoer","12":"product_cat-pesado","13":"product_cat-profitec-pro-300","14":"product_tag-2er-auslauf","15":"product_tag-bodenloser-siebtraeger","16":"product_tag-doppelauslauf","17":"product_tag-ersatzteile","18":"product_tag-gs3","19":"product_tag-la-marzocco","20":"product_tag-linea-micra","21":"product_tag-linea-mini","22":"product_tag-linea-mini-r","23":"product_tag-modifkation","24":"product_tag-pesado","25":"product_tag-siebtraeger","26":"product_tag-zubehoer","28":"first","29":"instock","30":"sale","31":"taxable","32":"shipping-taxable","33":"purchasable","34":"product-type-simple"},"acf":[],"yoast_head":"<!-- This site is optimized with the Yoast SEO plugin v27.1.1 - https:\/\/yoast.com\/product\/yoast-seo-wordpress\/ -->\n<title>Pesado Doppelauslauf Edelstahl Siebtr\u00e4ger Wei\u00df &amp; Gold | grafikus-coffeetec.de<\/title>\n<meta name=\"description\" content=\"Der 2-Tassen-Siebtr\u00e4ger von Pesado ist, analog zum bodenlosen Siebtr\u00e4ger, aus Edelstahl gefertigt. Dies macht die Kombination aus beiden Siebtr\u00e4gern zu einer der wenigen M\u00f6glichkeiten, das Entspannverhalten des bodenlosen Siebtr\u00e4gers und des Siebtr\u00e4gers mit Doppelauslauf zu vereinheitlichen.Die Ausf\u00fchrung in Edelstahl macht ihn zudem sehr langlebig und vereinfacht die Reinigung der Oberfl\u00e4chen des Siebtr\u00e4gers.\" \/>\n<meta name=\"robots\" content=\"index, follow, max-snippet:-1, max-image-preview:large, max-video-preview:-1\" \/>\n<link rel=\"canonical\" href=\"https:\/\/grafikus-coffeetec.de\/en\/product\/pesado-doppelauslauf-edelstahl-siebtraeger-weiss-gold\/\" \/>\n<meta property=\"og:locale\" content=\"en_US\" \/>\n<meta property=\"og:type\" content=\"article\" \/>\n<meta property=\"og:title\" content=\"Pesado Doppelauslauf Edelstahl Siebtr\u00e4ger Wei\u00df &amp; Gold | grafikus-coffeetec.de\" \/>\n<meta property=\"og:description\" content=\"Der 2-Tassen-Siebtr\u00e4ger von Pesado ist, analog zum bodenlosen Siebtr\u00e4ger, aus Edelstahl gefertigt. Dies macht die Kombination aus beiden Siebtr\u00e4gern zu einer der wenigen M\u00f6glichkeiten, das Entspannverhalten des bodenlosen Siebtr\u00e4gers und des Siebtr\u00e4gers mit Doppelauslauf zu vereinheitlichen.Die Ausf\u00fchrung in Edelstahl macht ihn zudem sehr langlebig und vereinfacht die Reinigung der Oberfl\u00e4chen des Siebtr\u00e4gers.\" \/>\n<meta property=\"og:url\" content=\"https:\/\/grafikus-coffeetec.de\/en\/product\/pesado-doppelauslauf-edelstahl-siebtraeger-weiss-gold\/\" \/>\n<meta property=\"og:site_name\" content=\"grafikus-coffeetec.de\" \/>\n<meta property=\"article:modified_time\" content=\"2026-04-17T20:27:34+00:00\" \/>\n<meta property=\"og:image\" content=\"https:\/\/grafikus-coffeetec.de\/wp-content\/uploads\/2026\/04\/Pesado_Doppelauslauf-Siebtraeger_WeissGold.jpg\" \/>\n\t<meta property=\"og:image:width\" content=\"600\" \/>\n\t<meta property=\"og:image:height\" content=\"600\" \/>\n\t<meta property=\"og:image:type\" content=\"image\/jpeg\" \/>\n<meta name=\"twitter:card\" content=\"summary_large_image\" \/>\n<meta name=\"twitter:label1\" content=\"Est. reading time\" \/>\n\t<meta name=\"twitter:data1\" content=\"2 minutes\" \/>\n<script type=\"application\/ld+json\" class=\"yoast-schema-graph\">{\"@context\":\"https:\/\/schema.org\",\"@graph\":[{\"@type\":\"WebPage\",\"@id\":\"https:\/\/grafikus-coffeetec.de\/produkt\/pesado-doppelauslauf-edelstahl-siebtraeger-weiss-gold\/\",\"url\":\"https:\/\/grafikus-coffeetec.de\/produkt\/pesado-doppelauslauf-edelstahl-siebtraeger-weiss-gold\/\",\"name\":\"Pesado Doppelauslauf Edelstahl Siebtr\u00e4ger Wei\u00df & Gold | grafikus-coffeetec.de\",\"isPartOf\":{\"@id\":\"https:\/\/grafikus-coffeetec.de\/#website\"},\"primaryImageOfPage\":{\"@id\":\"https:\/\/grafikus-coffeetec.de\/produkt\/pesado-doppelauslauf-edelstahl-siebtraeger-weiss-gold\/#primaryimage\"},\"image\":{\"@id\":\"https:\/\/grafikus-coffeetec.de\/produkt\/pesado-doppelauslauf-edelstahl-siebtraeger-weiss-gold\/#primaryimage\"},\"thumbnailUrl\":\"https:\/\/grafikus-coffeetec.de\/wp-content\/uploads\/2026\/04\/Pesado_Doppelauslauf-Siebtraeger_WeissGold.jpg\",\"datePublished\":\"2026-04-17T20:26:49+00:00\",\"dateModified\":\"2026-04-17T20:27:34+00:00\",\"description\":\"Der 2-Tassen-Siebtr\u00e4ger von Pesado ist, analog zum bodenlosen Siebtr\u00e4ger, aus Edelstahl gefertigt. Dies macht die Kombination aus beiden Siebtr\u00e4gern zu einer der wenigen M\u00f6glichkeiten, das Entspannverhalten des bodenlosen Siebtr\u00e4gers und des Siebtr\u00e4gers mit Doppelauslauf zu vereinheitlichen.Die Ausf\u00fchrung in Edelstahl macht ihn zudem sehr langlebig und vereinfacht die Reinigung der Oberfl\u00e4chen des Siebtr\u00e4gers.\",\"breadcrumb\":{\"@id\":\"https:\/\/grafikus-coffeetec.de\/produkt\/pesado-doppelauslauf-edelstahl-siebtraeger-weiss-gold\/#breadcrumb\"},\"inLanguage\":\"en-US\",\"potentialAction\":[{\"@type\":\"ReadAction\",\"target\":[\"https:\/\/grafikus-coffeetec.de\/produkt\/pesado-doppelauslauf-edelstahl-siebtraeger-weiss-gold\/\"]}]},{\"@type\":\"ImageObject\",\"inLanguage\":\"en-US\",\"@id\":\"https:\/\/grafikus-coffeetec.de\/produkt\/pesado-doppelauslauf-edelstahl-siebtraeger-weiss-gold\/#primaryimage\",\"url\":\"https:\/\/grafikus-coffeetec.de\/wp-content\/uploads\/2026\/04\/Pesado_Doppelauslauf-Siebtraeger_WeissGold.jpg\",\"contentUrl\":\"https:\/\/grafikus-coffeetec.de\/wp-content\/uploads\/2026\/04\/Pesado_Doppelauslauf-Siebtraeger_WeissGold.jpg\",\"width\":600,\"height\":600},{\"@type\":\"BreadcrumbList\",\"@id\":\"https:\/\/grafikus-coffeetec.de\/produkt\/pesado-doppelauslauf-edelstahl-siebtraeger-weiss-gold\/#breadcrumb\",\"itemListElement\":[{\"@type\":\"ListItem\",\"position\":1,\"name\":\"Startseite\",\"item\":\"https:\/\/grafikus-coffeetec.de\/\"},{\"@type\":\"ListItem\",\"position\":2,\"name\":\"Startseite\",\"item\":\"https:\/\/grafikus-coffeetec.de\/\"},{\"@type\":\"ListItem\",\"position\":3,\"name\":\"Pesado Doppelauslauf Edelstahl Siebtr\u00e4ger Wei\u00df &#038; Gold\"}]},{\"@type\":\"WebSite\",\"@id\":\"https:\/\/grafikus-coffeetec.de\/#website\",\"url\":\"https:\/\/grafikus-coffeetec.de\/\",\"name\":\"grafikus-coffeetec.de\",\"description\":\"Ihr Spezialist f\u00fcr hochwertiges Zubeh\u00f6r und Umbauten\",\"publisher\":{\"@id\":\"https:\/\/grafikus-coffeetec.de\/#organization\"},\"potentialAction\":[{\"@type\":\"SearchAction\",\"target\":{\"@type\":\"EntryPoint\",\"urlTemplate\":\"https:\/\/grafikus-coffeetec.de\/?s={search_term_string}\"},\"query-input\":{\"@type\":\"PropertyValueSpecification\",\"valueRequired\":true,\"valueName\":\"search_term_string\"}}],\"inLanguage\":\"en-US\"},{\"@type\":\"Organization\",\"@id\":\"https:\/\/grafikus-coffeetec.de\/#organization\",\"name\":\"Grafikus Coffeetec\",\"url\":\"https:\/\/grafikus-coffeetec.de\/\",\"logo\":{\"@type\":\"ImageObject\",\"inLanguage\":\"en-US\",\"@id\":\"https:\/\/grafikus-coffeetec.de\/#\/schema\/logo\/image\/\",\"url\":\"https:\/\/grafikus-coffeetec.de\/wp-content\/uploads\/2020\/05\/Logo_Grafikus-Coffeetec.svg\",\"contentUrl\":\"https:\/\/grafikus-coffeetec.de\/wp-content\/uploads\/2020\/05\/Logo_Grafikus-Coffeetec.svg\",\"width\":\"1024\",\"height\":\"1024\",\"caption\":\"Grafikus Coffeetec\"},\"image\":{\"@id\":\"https:\/\/grafikus-coffeetec.de\/#\/schema\/logo\/image\/\"},\"sameAs\":[\"https:\/\/www.instagram.com\/grafikus_coffeetec\/\"]}]}<\/script>\n<!-- \/ Yoast SEO plugin. -->","yoast_head_json":{"title":"Pesado Doppelauslauf Edelstahl Siebtr\u00e4ger Wei\u00df & Gold | grafikus-coffeetec.de","description":"Der 2-Tassen-Siebtr\u00e4ger von Pesado ist, analog zum bodenlosen Siebtr\u00e4ger, aus Edelstahl gefertigt. Dies macht die Kombination aus beiden Siebtr\u00e4gern zu einer der wenigen M\u00f6glichkeiten, das Entspannverhalten des bodenlosen Siebtr\u00e4gers und des Siebtr\u00e4gers mit Doppelauslauf zu vereinheitlichen.Die Ausf\u00fchrung in Edelstahl macht ihn zudem sehr langlebig und vereinfacht die Reinigung der Oberfl\u00e4chen des Siebtr\u00e4gers.","robots":{"index":"index","follow":"follow","max-snippet":"max-snippet:-1","max-image-preview":"max-image-preview:large","max-video-preview":"max-video-preview:-1"},"canonical":"https:\/\/grafikus-coffeetec.de\/en\/product\/pesado-doppelauslauf-edelstahl-siebtraeger-weiss-gold\/","og_locale":"en_US","og_type":"article","og_title":"Pesado Doppelauslauf Edelstahl Siebtr\u00e4ger Wei\u00df & Gold | grafikus-coffeetec.de","og_description":"Der 2-Tassen-Siebtr\u00e4ger von Pesado ist, analog zum bodenlosen Siebtr\u00e4ger, aus Edelstahl gefertigt. Dies macht die Kombination aus beiden Siebtr\u00e4gern zu einer der wenigen M\u00f6glichkeiten, das Entspannverhalten des bodenlosen Siebtr\u00e4gers und des Siebtr\u00e4gers mit Doppelauslauf zu vereinheitlichen.Die Ausf\u00fchrung in Edelstahl macht ihn zudem sehr langlebig und vereinfacht die Reinigung der Oberfl\u00e4chen des Siebtr\u00e4gers.","og_url":"https:\/\/grafikus-coffeetec.de\/en\/product\/pesado-doppelauslauf-edelstahl-siebtraeger-weiss-gold\/","og_site_name":"grafikus-coffeetec.de","article_modified_time":"2026-04-17T20:27:34+00:00","og_image":[{"width":600,"height":600,"url":"https:\/\/grafikus-coffeetec.de\/wp-content\/uploads\/2026\/04\/Pesado_Doppelauslauf-Siebtraeger_WeissGold.jpg","type":"image\/jpeg"}],"twitter_card":"summary_large_image","twitter_misc":{"Est. reading time":"2 minutes"},"schema":{"@context":"https:\/\/schema.org","@graph":[{"@type":"WebPage","@id":"https:\/\/grafikus-coffeetec.de\/produkt\/pesado-doppelauslauf-edelstahl-siebtraeger-weiss-gold\/","url":"https:\/\/grafikus-coffeetec.de\/produkt\/pesado-doppelauslauf-edelstahl-siebtraeger-weiss-gold\/","name":"Pesado Doppelauslauf Edelstahl Siebtr\u00e4ger Wei\u00df & Gold | grafikus-coffeetec.de","isPartOf":{"@id":"https:\/\/grafikus-coffeetec.de\/#website"},"primaryImageOfPage":{"@id":"https:\/\/grafikus-coffeetec.de\/produkt\/pesado-doppelauslauf-edelstahl-siebtraeger-weiss-gold\/#primaryimage"},"image":{"@id":"https:\/\/grafikus-coffeetec.de\/produkt\/pesado-doppelauslauf-edelstahl-siebtraeger-weiss-gold\/#primaryimage"},"thumbnailUrl":"https:\/\/grafikus-coffeetec.de\/wp-content\/uploads\/2026\/04\/Pesado_Doppelauslauf-Siebtraeger_WeissGold.jpg","datePublished":"2026-04-17T20:26:49+00:00","dateModified":"2026-04-17T20:27:34+00:00","description":"Der 2-Tassen-Siebtr\u00e4ger von Pesado ist, analog zum bodenlosen Siebtr\u00e4ger, aus Edelstahl gefertigt. Dies macht die Kombination aus beiden Siebtr\u00e4gern zu einer der wenigen M\u00f6glichkeiten, das Entspannverhalten des bodenlosen Siebtr\u00e4gers und des Siebtr\u00e4gers mit Doppelauslauf zu vereinheitlichen.Die Ausf\u00fchrung in Edelstahl macht ihn zudem sehr langlebig und vereinfacht die Reinigung der Oberfl\u00e4chen des Siebtr\u00e4gers.","breadcrumb":{"@id":"https:\/\/grafikus-coffeetec.de\/produkt\/pesado-doppelauslauf-edelstahl-siebtraeger-weiss-gold\/#breadcrumb"},"inLanguage":"en-US","potentialAction":[{"@type":"ReadAction","target":["https:\/\/grafikus-coffeetec.de\/produkt\/pesado-doppelauslauf-edelstahl-siebtraeger-weiss-gold\/"]}]},{"@type":"ImageObject","inLanguage":"en-US","@id":"https:\/\/grafikus-coffeetec.de\/produkt\/pesado-doppelauslauf-edelstahl-siebtraeger-weiss-gold\/#primaryimage","url":"https:\/\/grafikus-coffeetec.de\/wp-content\/uploads\/2026\/04\/Pesado_Doppelauslauf-Siebtraeger_WeissGold.jpg","contentUrl":"https:\/\/grafikus-coffeetec.de\/wp-content\/uploads\/2026\/04\/Pesado_Doppelauslauf-Siebtraeger_WeissGold.jpg","width":600,"height":600},{"@type":"BreadcrumbList","@id":"https:\/\/grafikus-coffeetec.de\/produkt\/pesado-doppelauslauf-edelstahl-siebtraeger-weiss-gold\/#breadcrumb","itemListElement":[{"@type":"ListItem","position":1,"name":"Startseite","item":"https:\/\/grafikus-coffeetec.de\/"},{"@type":"ListItem","position":2,"name":"Startseite","item":"https:\/\/grafikus-coffeetec.de\/"},{"@type":"ListItem","position":3,"name":"Pesado Doppelauslauf Edelstahl Siebtr\u00e4ger Wei\u00df &#038; Gold"}]},{"@type":"WebSite","@id":"https:\/\/grafikus-coffeetec.de\/#website","url":"https:\/\/grafikus-coffeetec.de\/","name":"grafikus-coffeetec.de","description":"Your specialist for high-quality accessories and conversions","publisher":{"@id":"https:\/\/grafikus-coffeetec.de\/#organization"},"potentialAction":[{"@type":"SearchAction","target":{"@type":"EntryPoint","urlTemplate":"https:\/\/grafikus-coffeetec.de\/?s={search_term_string}"},"query-input":{"@type":"PropertyValueSpecification","valueRequired":true,"valueName":"search_term_string"}}],"inLanguage":"en-US"},{"@type":"Organization","@id":"https:\/\/grafikus-coffeetec.de\/#organization","name":"Graphics company Coffeetec","url":"https:\/\/grafikus-coffeetec.de\/","logo":{"@type":"ImageObject","inLanguage":"en-US","@id":"https:\/\/grafikus-coffeetec.de\/#\/schema\/logo\/image\/","url":"https:\/\/grafikus-coffeetec.de\/wp-content\/uploads\/2020\/05\/Logo_Grafikus-Coffeetec.svg","contentUrl":"https:\/\/grafikus-coffeetec.de\/wp-content\/uploads\/2020\/05\/Logo_Grafikus-Coffeetec.svg","width":"1024","height":"1024","caption":"Grafikus Coffeetec"},"image":{"@id":"https:\/\/grafikus-coffeetec.de\/#\/schema\/logo\/image\/"},"sameAs":["https:\/\/www.instagram.com\/grafikus_coffeetec\/"]}]}},"_links":{"self":[{"href":"https:\/\/grafikus-coffeetec.de\/en\/wp-json\/wp\/v2\/product\/7608","targetHints":{"allow":["GET"]}}],"collection":[{"href":"https:\/\/grafikus-coffeetec.de\/en\/wp-json\/wp\/v2\/product"}],"about":[{"href":"https:\/\/grafikus-coffeetec.de\/en\/wp-json\/wp\/v2\/types\/product"}],"replies":[{"embeddable":true,"href":"https:\/\/grafikus-coffeetec.de\/en\/wp-json\/wp\/v2\/comments?post=7608"}],"wp:featuredmedia":[{"embeddable":true,"href":"https:\/\/grafikus-coffeetec.de\/en\/wp-json\/wp\/v2\/media\/7580"}],"wp:attachment":[{"href":"https:\/\/grafikus-coffeetec.de\/en\/wp-json\/wp\/v2\/media?parent=7608"}],"wp:term":[{"taxonomy":"product_brand","embeddable":true,"href":"https:\/\/grafikus-coffeetec.de\/en\/wp-json\/wp\/v2\/product_brand?post=7608"},{"taxonomy":"product_cat","embeddable":true,"href":"https:\/\/grafikus-coffeetec.de\/en\/wp-json\/wp\/v2\/product_cat?post=7608"},{"taxonomy":"product_tag","embeddable":true,"href":"https:\/\/grafikus-coffeetec.de\/en\/wp-json\/wp\/v2\/product_tag?post=7608"}],"curies":[{"name":"wp","href":"https:\/\/api.w.org\/{rel}","templated":true}]}}