{"id":7117,"date":"2026-02-19T15:26:30","date_gmt":"2026-02-19T14:26:30","guid":{"rendered":"https:\/\/grafikus-coffeetec.de\/?post_type=product&#038;p=7117"},"modified":"2026-03-18T17:24:57","modified_gmt":"2026-03-18T16:24:57","slug":"wartungskit-rebuild-kit-dampf-heisswasserventil-1053","status":"publish","type":"product","link":"https:\/\/grafikus-coffeetec.de\/en\/product\/wartungskit-rebuild-kit-dampf-heisswasserventil-1053\/","title":{"rendered":"Maintenance kit \/ rebuild kit steam \/ hot water valve (1053)"},"content":{"rendered":"<p>Original La Marzocco maintenance\/rebuild kit for the steam\/hot water valve of the Linea Mini R<\/p>\n<p>Over time, the steam\/hot water valve is subject to wear. In this case, fortunately, it is not necessary to replace the entire component; instead, with the help of this service set, all components affected by wear can be replaced so that the valve functions properly again.<\/p>\n<p>The kit is suitable for the steam\/hot water valves of the Linea Mini R and also includes the appropriate internal parts for the revision of the vacuum valve on the steam tap, as well as the cotter pin for attaching the steam wand and the seal for the steam nozzle.<br \/>\nIf both valves are to be overhauled, two maintenance kits are required.<\/p>\n<p>Scope of delivery:<br \/>\n-1x Maintenance kit Linea Mini R steam\/hot water valve<\/p>\n<p>Article number: 1053<\/p>\n<p>&nbsp;<\/p>\n<p><strong>Manufacturer information<\/strong><br \/>\nManufacturer: La Marzocco Srl<br \/>\nAddress: Via La Torre 14\/H, 50038 Scarperia e San Piero (FI), Italy<br \/>\nContact: info@lamarzocco.com | www.lamarzocco.com<\/p>","protected":false},"excerpt":{"rendered":"<p>Genuine La Marzocco maintenance\/rebuild kit for the Linea Mini R steam\/hot water valve. Over time, the steam\/hot water valve is subject to wear. Fortunately, it is not necessary to replace the entire component; this service kit allows you to replace all the worn parts\u2026<\/p>","protected":false},"featured_media":7119,"comment_status":"open","ping_status":"closed","template":"","meta":{"_acf_changed":false,"inline_featured_image":false},"product_brand":[],"product_cat":[180,280],"product_tag":[305,304,320,109,168,349,66,281,339,422,348,423,306,421,169],"class_list":{"0":"post-7117","1":"product","2":"type-product","3":"status-publish","4":"has-post-thumbnail","6":"product_cat-lamarzocco-ersatzteile","7":"product_cat-linea-mini-r-ersatzteile","8":"product_tag-dampfhebel","9":"product_tag-dampflanze","10":"product_tag-dampfventil","11":"product_tag-drehgriff","12":"product_tag-ersatzteile","13":"product_tag-heisswasserventil","14":"product_tag-la-marzocco","15":"product_tag-linea-mini-r","16":"product_tag-rebuild-kit","17":"product_tag-service-set","18":"product_tag-wartung","19":"product_tag-wartungs-kit","20":"product_tag-wartungskit","21":"product_tag-wartungsset","22":"product_tag-zubehoer","24":"first","25":"instock","26":"taxable","27":"shipping-taxable","28":"purchasable","29":"product-type-simple"},"acf":[],"yoast_head":"<!-- This site is optimized with the Yoast SEO plugin v27.1.1 - https:\/\/yoast.com\/product\/yoast-seo-wordpress\/ -->\n<title>Wartungskit \/ rebuild kit Dampf- \/ Hei\u00dfwasserventil (1053) | grafikus-coffeetec.de<\/title>\n<meta name=\"description\" content=\"Original La Marzocco Wartungs-Kit \/ rebuild kit f\u00fcr das Dampf- \/ Hei\u00dfwasserventil der Linea Mini RIm Laufe der Zeit unterliegt das Dampf- \/ Hei\u00dfwasserventil einem Verschlei\u00df. In diesem Fall ist es zum Gl\u00fcck nicht notwendig, das komplette Bauteil zu tauschen, sondern es kann mit Hilfe dieses Service-Sets alle vom Verschlei\u00df betroffenen Bauteile ersetzt werden, sodass das Ventil wieder ordnungsgem\u00e4\u00df funktioniert.Das Kit ist passend f\u00fcr die Dampf- \/ Hei\u00dfwasserventile der Linea Mini R und enth\u00e4lt auch das passende Innenleben f\u00fcr die Revision des Unterdruckventils am Dampfhahn sowie den Splint f\u00fcr die befestigung der DampflanzeSofern beide Ventile \u00fcberholt werden sollen, werden zwei Wartungskits ben\u00f6tigt.\" \/>\n<meta name=\"robots\" content=\"index, follow, max-snippet:-1, max-image-preview:large, max-video-preview:-1\" \/>\n<link rel=\"canonical\" href=\"https:\/\/grafikus-coffeetec.de\/en\/product\/wartungskit-rebuild-kit-dampf-heisswasserventil-1053\/\" \/>\n<meta property=\"og:locale\" content=\"en_US\" \/>\n<meta property=\"og:type\" content=\"article\" \/>\n<meta property=\"og:title\" content=\"Wartungskit \/ rebuild kit Dampf- \/ Hei\u00dfwasserventil (1053) | grafikus-coffeetec.de\" \/>\n<meta property=\"og:description\" content=\"Original La Marzocco Wartungs-Kit \/ rebuild kit f\u00fcr das Dampf- \/ Hei\u00dfwasserventil der Linea Mini RIm Laufe der Zeit unterliegt das Dampf- \/ Hei\u00dfwasserventil einem Verschlei\u00df. In diesem Fall ist es zum Gl\u00fcck nicht notwendig, das komplette Bauteil zu tauschen, sondern es kann mit Hilfe dieses Service-Sets alle vom Verschlei\u00df betroffenen Bauteile ersetzt werden, sodass das Ventil wieder ordnungsgem\u00e4\u00df funktioniert.Das Kit ist passend f\u00fcr die Dampf- \/ Hei\u00dfwasserventile der Linea Mini R und enth\u00e4lt auch das passende Innenleben f\u00fcr die Revision des Unterdruckventils am Dampfhahn sowie den Splint f\u00fcr die befestigung der DampflanzeSofern beide Ventile \u00fcberholt werden sollen, werden zwei Wartungskits ben\u00f6tigt.\" \/>\n<meta property=\"og:url\" content=\"https:\/\/grafikus-coffeetec.de\/en\/product\/wartungskit-rebuild-kit-dampf-heisswasserventil-1053\/\" \/>\n<meta property=\"og:site_name\" content=\"grafikus-coffeetec.de\" \/>\n<meta property=\"article:modified_time\" content=\"2026-03-18T16:24:57+00:00\" \/>\n<meta property=\"og:image\" content=\"https:\/\/grafikus-coffeetec.de\/wp-content\/uploads\/2026\/02\/Wartungskit_LineaMiniR_1053.jpg\" \/>\n\t<meta property=\"og:image:width\" content=\"1000\" \/>\n\t<meta property=\"og:image:height\" content=\"1000\" \/>\n\t<meta property=\"og:image:type\" content=\"image\/jpeg\" \/>\n<meta name=\"twitter:card\" content=\"summary_large_image\" \/>\n<meta name=\"twitter:label1\" content=\"Est. reading time\" \/>\n\t<meta name=\"twitter:data1\" content=\"1 minute\" \/>\n<script type=\"application\/ld+json\" class=\"yoast-schema-graph\">{\"@context\":\"https:\/\/schema.org\",\"@graph\":[{\"@type\":\"WebPage\",\"@id\":\"https:\/\/grafikus-coffeetec.de\/produkt\/wartungskit-rebuild-kit-dampf-heisswasserventil-1053\/\",\"url\":\"https:\/\/grafikus-coffeetec.de\/produkt\/wartungskit-rebuild-kit-dampf-heisswasserventil-1053\/\",\"name\":\"Wartungskit \/ rebuild kit Dampf- \/ Hei\u00dfwasserventil (1053) | grafikus-coffeetec.de\",\"isPartOf\":{\"@id\":\"https:\/\/grafikus-coffeetec.de\/#website\"},\"primaryImageOfPage\":{\"@id\":\"https:\/\/grafikus-coffeetec.de\/produkt\/wartungskit-rebuild-kit-dampf-heisswasserventil-1053\/#primaryimage\"},\"image\":{\"@id\":\"https:\/\/grafikus-coffeetec.de\/produkt\/wartungskit-rebuild-kit-dampf-heisswasserventil-1053\/#primaryimage\"},\"thumbnailUrl\":\"https:\/\/grafikus-coffeetec.de\/wp-content\/uploads\/2026\/02\/Wartungskit_LineaMiniR_1053.jpg\",\"datePublished\":\"2026-02-19T14:26:30+00:00\",\"dateModified\":\"2026-03-18T16:24:57+00:00\",\"description\":\"Original La Marzocco Wartungs-Kit \/ rebuild kit f\u00fcr das Dampf- \/ Hei\u00dfwasserventil der Linea Mini RIm Laufe der Zeit unterliegt das Dampf- \/ Hei\u00dfwasserventil einem Verschlei\u00df. In diesem Fall ist es zum Gl\u00fcck nicht notwendig, das komplette Bauteil zu tauschen, sondern es kann mit Hilfe dieses Service-Sets alle vom Verschlei\u00df betroffenen Bauteile ersetzt werden, sodass das Ventil wieder ordnungsgem\u00e4\u00df funktioniert.Das Kit ist passend f\u00fcr die Dampf- \/ Hei\u00dfwasserventile der Linea Mini R und enth\u00e4lt auch das passende Innenleben f\u00fcr die Revision des Unterdruckventils am Dampfhahn sowie den Splint f\u00fcr die befestigung der DampflanzeSofern beide Ventile \u00fcberholt werden sollen, werden zwei Wartungskits ben\u00f6tigt.\",\"breadcrumb\":{\"@id\":\"https:\/\/grafikus-coffeetec.de\/produkt\/wartungskit-rebuild-kit-dampf-heisswasserventil-1053\/#breadcrumb\"},\"inLanguage\":\"en-US\",\"potentialAction\":[{\"@type\":\"ReadAction\",\"target\":[\"https:\/\/grafikus-coffeetec.de\/produkt\/wartungskit-rebuild-kit-dampf-heisswasserventil-1053\/\"]}]},{\"@type\":\"ImageObject\",\"inLanguage\":\"en-US\",\"@id\":\"https:\/\/grafikus-coffeetec.de\/produkt\/wartungskit-rebuild-kit-dampf-heisswasserventil-1053\/#primaryimage\",\"url\":\"https:\/\/grafikus-coffeetec.de\/wp-content\/uploads\/2026\/02\/Wartungskit_LineaMiniR_1053.jpg\",\"contentUrl\":\"https:\/\/grafikus-coffeetec.de\/wp-content\/uploads\/2026\/02\/Wartungskit_LineaMiniR_1053.jpg\",\"width\":1000,\"height\":1000,\"caption\":\"Wartungskit \/ rebuild kit Dampf- \/ Hei\u00dfwasserventil (1053)\"},{\"@type\":\"BreadcrumbList\",\"@id\":\"https:\/\/grafikus-coffeetec.de\/produkt\/wartungskit-rebuild-kit-dampf-heisswasserventil-1053\/#breadcrumb\",\"itemListElement\":[{\"@type\":\"ListItem\",\"position\":1,\"name\":\"Startseite\",\"item\":\"https:\/\/grafikus-coffeetec.de\/\"},{\"@type\":\"ListItem\",\"position\":2,\"name\":\"Startseite\",\"item\":\"https:\/\/grafikus-coffeetec.de\/\"},{\"@type\":\"ListItem\",\"position\":3,\"name\":\"Wartungskit \/ rebuild kit Dampf- \/ Hei\u00dfwasserventil (1053)\"}]},{\"@type\":\"WebSite\",\"@id\":\"https:\/\/grafikus-coffeetec.de\/#website\",\"url\":\"https:\/\/grafikus-coffeetec.de\/\",\"name\":\"grafikus-coffeetec.de\",\"description\":\"Ihr Spezialist f\u00fcr hochwertiges Zubeh\u00f6r und Umbauten\",\"publisher\":{\"@id\":\"https:\/\/grafikus-coffeetec.de\/#organization\"},\"potentialAction\":[{\"@type\":\"SearchAction\",\"target\":{\"@type\":\"EntryPoint\",\"urlTemplate\":\"https:\/\/grafikus-coffeetec.de\/?s={search_term_string}\"},\"query-input\":{\"@type\":\"PropertyValueSpecification\",\"valueRequired\":true,\"valueName\":\"search_term_string\"}}],\"inLanguage\":\"en-US\"},{\"@type\":\"Organization\",\"@id\":\"https:\/\/grafikus-coffeetec.de\/#organization\",\"name\":\"Grafikus Coffeetec\",\"url\":\"https:\/\/grafikus-coffeetec.de\/\",\"logo\":{\"@type\":\"ImageObject\",\"inLanguage\":\"en-US\",\"@id\":\"https:\/\/grafikus-coffeetec.de\/#\/schema\/logo\/image\/\",\"url\":\"https:\/\/grafikus-coffeetec.de\/wp-content\/uploads\/2020\/05\/Logo_Grafikus-Coffeetec.svg\",\"contentUrl\":\"https:\/\/grafikus-coffeetec.de\/wp-content\/uploads\/2020\/05\/Logo_Grafikus-Coffeetec.svg\",\"width\":\"1024\",\"height\":\"1024\",\"caption\":\"Grafikus Coffeetec\"},\"image\":{\"@id\":\"https:\/\/grafikus-coffeetec.de\/#\/schema\/logo\/image\/\"},\"sameAs\":[\"https:\/\/www.instagram.com\/grafikus_coffeetec\/\"]}]}<\/script>\n<!-- \/ Yoast SEO plugin. -->","yoast_head_json":{"title":"Maintenance kit \/ rebuild kit for steam \/ hot water valve (1053) | grafikus-coffeetec.de","description":"Genuine La Marzocco service kit\/rebuild kit for the Linea Mini R steam\/hot water valve. Over time, the steam\/hot water valve is subject to wear. Fortunately, it&#039;s not necessary to replace the entire component; this service kit allows you to replace all the worn parts, restoring the valve to proper working order. The kit is compatible with the Linea Mini R steam\/hot water valves and also includes the necessary internal components for overhauling the vacuum relief valve on the steam wand, as well as the cotter pin for securing the steam wand. If both valves are to be overhauled, two service kits are required.","robots":{"index":"index","follow":"follow","max-snippet":"max-snippet:-1","max-image-preview":"max-image-preview:large","max-video-preview":"max-video-preview:-1"},"canonical":"https:\/\/grafikus-coffeetec.de\/en\/product\/wartungskit-rebuild-kit-dampf-heisswasserventil-1053\/","og_locale":"en_US","og_type":"article","og_title":"Wartungskit \/ rebuild kit Dampf- \/ Hei\u00dfwasserventil (1053) | grafikus-coffeetec.de","og_description":"Original La Marzocco Wartungs-Kit \/ rebuild kit f\u00fcr das Dampf- \/ Hei\u00dfwasserventil der Linea Mini RIm Laufe der Zeit unterliegt das Dampf- \/ Hei\u00dfwasserventil einem Verschlei\u00df. In diesem Fall ist es zum Gl\u00fcck nicht notwendig, das komplette Bauteil zu tauschen, sondern es kann mit Hilfe dieses Service-Sets alle vom Verschlei\u00df betroffenen Bauteile ersetzt werden, sodass das Ventil wieder ordnungsgem\u00e4\u00df funktioniert.Das Kit ist passend f\u00fcr die Dampf- \/ Hei\u00dfwasserventile der Linea Mini R und enth\u00e4lt auch das passende Innenleben f\u00fcr die Revision des Unterdruckventils am Dampfhahn sowie den Splint f\u00fcr die befestigung der DampflanzeSofern beide Ventile \u00fcberholt werden sollen, werden zwei Wartungskits ben\u00f6tigt.","og_url":"https:\/\/grafikus-coffeetec.de\/en\/product\/wartungskit-rebuild-kit-dampf-heisswasserventil-1053\/","og_site_name":"grafikus-coffeetec.de","article_modified_time":"2026-03-18T16:24:57+00:00","og_image":[{"width":1000,"height":1000,"url":"https:\/\/grafikus-coffeetec.de\/wp-content\/uploads\/2026\/02\/Wartungskit_LineaMiniR_1053.jpg","type":"image\/jpeg"}],"twitter_card":"summary_large_image","twitter_misc":{"Est. reading time":"1 minute"},"schema":{"@context":"https:\/\/schema.org","@graph":[{"@type":"WebPage","@id":"https:\/\/grafikus-coffeetec.de\/produkt\/wartungskit-rebuild-kit-dampf-heisswasserventil-1053\/","url":"https:\/\/grafikus-coffeetec.de\/produkt\/wartungskit-rebuild-kit-dampf-heisswasserventil-1053\/","name":"Maintenance kit \/ rebuild kit for steam \/ hot water valve (1053) | grafikus-coffeetec.de","isPartOf":{"@id":"https:\/\/grafikus-coffeetec.de\/#website"},"primaryImageOfPage":{"@id":"https:\/\/grafikus-coffeetec.de\/produkt\/wartungskit-rebuild-kit-dampf-heisswasserventil-1053\/#primaryimage"},"image":{"@id":"https:\/\/grafikus-coffeetec.de\/produkt\/wartungskit-rebuild-kit-dampf-heisswasserventil-1053\/#primaryimage"},"thumbnailUrl":"https:\/\/grafikus-coffeetec.de\/wp-content\/uploads\/2026\/02\/Wartungskit_LineaMiniR_1053.jpg","datePublished":"2026-02-19T14:26:30+00:00","dateModified":"2026-03-18T16:24:57+00:00","description":"Genuine La Marzocco service kit\/rebuild kit for the Linea Mini R steam\/hot water valve. Over time, the steam\/hot water valve is subject to wear. Fortunately, it&#039;s not necessary to replace the entire component; this service kit allows you to replace all the worn parts, restoring the valve to proper working order. The kit is compatible with the Linea Mini R steam\/hot water valves and also includes the necessary internal components for overhauling the vacuum relief valve on the steam wand, as well as the cotter pin for securing the steam wand. If both valves are to be overhauled, two service kits are required.","breadcrumb":{"@id":"https:\/\/grafikus-coffeetec.de\/produkt\/wartungskit-rebuild-kit-dampf-heisswasserventil-1053\/#breadcrumb"},"inLanguage":"en-US","potentialAction":[{"@type":"ReadAction","target":["https:\/\/grafikus-coffeetec.de\/produkt\/wartungskit-rebuild-kit-dampf-heisswasserventil-1053\/"]}]},{"@type":"ImageObject","inLanguage":"en-US","@id":"https:\/\/grafikus-coffeetec.de\/produkt\/wartungskit-rebuild-kit-dampf-heisswasserventil-1053\/#primaryimage","url":"https:\/\/grafikus-coffeetec.de\/wp-content\/uploads\/2026\/02\/Wartungskit_LineaMiniR_1053.jpg","contentUrl":"https:\/\/grafikus-coffeetec.de\/wp-content\/uploads\/2026\/02\/Wartungskit_LineaMiniR_1053.jpg","width":1000,"height":1000,"caption":"Wartungskit \/ rebuild kit Dampf- \/ Hei\u00dfwasserventil (1053)"},{"@type":"BreadcrumbList","@id":"https:\/\/grafikus-coffeetec.de\/produkt\/wartungskit-rebuild-kit-dampf-heisswasserventil-1053\/#breadcrumb","itemListElement":[{"@type":"ListItem","position":1,"name":"Startseite","item":"https:\/\/grafikus-coffeetec.de\/"},{"@type":"ListItem","position":2,"name":"Startseite","item":"https:\/\/grafikus-coffeetec.de\/"},{"@type":"ListItem","position":3,"name":"Wartungskit \/ rebuild kit Dampf- \/ Hei\u00dfwasserventil (1053)"}]},{"@type":"WebSite","@id":"https:\/\/grafikus-coffeetec.de\/#website","url":"https:\/\/grafikus-coffeetec.de\/","name":"grafikus-coffeetec.de","description":"Your specialist for high-quality accessories and conversions","publisher":{"@id":"https:\/\/grafikus-coffeetec.de\/#organization"},"potentialAction":[{"@type":"SearchAction","target":{"@type":"EntryPoint","urlTemplate":"https:\/\/grafikus-coffeetec.de\/?s={search_term_string}"},"query-input":{"@type":"PropertyValueSpecification","valueRequired":true,"valueName":"search_term_string"}}],"inLanguage":"en-US"},{"@type":"Organization","@id":"https:\/\/grafikus-coffeetec.de\/#organization","name":"Graphics company Coffeetec","url":"https:\/\/grafikus-coffeetec.de\/","logo":{"@type":"ImageObject","inLanguage":"en-US","@id":"https:\/\/grafikus-coffeetec.de\/#\/schema\/logo\/image\/","url":"https:\/\/grafikus-coffeetec.de\/wp-content\/uploads\/2020\/05\/Logo_Grafikus-Coffeetec.svg","contentUrl":"https:\/\/grafikus-coffeetec.de\/wp-content\/uploads\/2020\/05\/Logo_Grafikus-Coffeetec.svg","width":"1024","height":"1024","caption":"Grafikus Coffeetec"},"image":{"@id":"https:\/\/grafikus-coffeetec.de\/#\/schema\/logo\/image\/"},"sameAs":["https:\/\/www.instagram.com\/grafikus_coffeetec\/"]}]}},"_links":{"self":[{"href":"https:\/\/grafikus-coffeetec.de\/en\/wp-json\/wp\/v2\/product\/7117","targetHints":{"allow":["GET"]}}],"collection":[{"href":"https:\/\/grafikus-coffeetec.de\/en\/wp-json\/wp\/v2\/product"}],"about":[{"href":"https:\/\/grafikus-coffeetec.de\/en\/wp-json\/wp\/v2\/types\/product"}],"replies":[{"embeddable":true,"href":"https:\/\/grafikus-coffeetec.de\/en\/wp-json\/wp\/v2\/comments?post=7117"}],"wp:featuredmedia":[{"embeddable":true,"href":"https:\/\/grafikus-coffeetec.de\/en\/wp-json\/wp\/v2\/media\/7119"}],"wp:attachment":[{"href":"https:\/\/grafikus-coffeetec.de\/en\/wp-json\/wp\/v2\/media?parent=7117"}],"wp:term":[{"taxonomy":"product_brand","embeddable":true,"href":"https:\/\/grafikus-coffeetec.de\/en\/wp-json\/wp\/v2\/product_brand?post=7117"},{"taxonomy":"product_cat","embeddable":true,"href":"https:\/\/grafikus-coffeetec.de\/en\/wp-json\/wp\/v2\/product_cat?post=7117"},{"taxonomy":"product_tag","embeddable":true,"href":"https:\/\/grafikus-coffeetec.de\/en\/wp-json\/wp\/v2\/product_tag?post=7117"}],"curies":[{"name":"wp","href":"https:\/\/api.w.org\/{rel}","templated":true}]}}