{"id":6893,"date":"2026-01-26T13:14:15","date_gmt":"2026-01-26T12:14:15","guid":{"rendered":"https:\/\/grafikus-coffeetec.de\/?post_type=product&#038;p=6893"},"modified":"2026-04-02T10:54:08","modified_gmt":"2026-04-02T08:54:08","slug":"mahlkoenig-x64-sd-single-dose-kaffeemuehle-schwarz","status":"publish","type":"product","link":"https:\/\/grafikus-coffeetec.de\/en\/product\/mahlkoenig-x64-sd-single-dose-kaffeemuehle-schwarz\/","title":{"rendered":"Mahlk\u00f6nig X64 SD Single Dose Coffee Grinder Black"},"content":{"rendered":"<h3>Technically perfected \u2013 ideal for home use!<\/h3>\n<p>Experience the freedom of single-dose grinding \u2013 all from the comfort of your own home. Effortlessly switch between different coffee recipes and grind settings \u2013 from fine to coarse and back again \u2013 and always enjoy freshly ground coffee. Every cup is a new opportunity to discover different aromas, thanks to maximum flexibility. Want to quickly grind a decaffeinated espresso, then switch to a medium grind for your next pour-over? No problem! Thanks to residue-free grinding and reproducible grind settings, every portion remains consistent, fresh, and perfectly balanced \u2013 regardless of your preferred brewing method.<\/p>\n<p>With its space-saving design, it fits into any kitchen or coffee bar \u2013 and its whisper-quiet grinding process ensures a relaxed start to the day. Precise technology meets versatile applications: For everyone who loves convenience but doesn&#039;t compromise on coffee quality.<\/p>\n<h3>Ultimate versatility in just one mill<\/h3>\n<ul>\n<li>All-round grind size scale suitable for many preparation methods, from fine espresso to coarse French press and cold brew.<\/li>\n<li>Precise results with stepless grind adjustment at the micron level<\/li>\n<li>64mm steel grinding discs. Uniform grinding for great taste.<\/li>\n<li>Single-dose household grinder for ultimate versatility<\/li>\n<li>Zero residue, no coffee grounds remain, each portion freshly dosed.<\/li>\n<li>Reduced noise level, whisper-quiet grinding \u2013 perfect for early mornings<\/li>\n<li>Fastest grinding with a minimum output of 3 g\/s for espresso<\/li>\n<li>Smallest footprint, so compact you can really take it anywhere.<\/li>\n<li>Integrated grind setting indicator in the lid<\/li>\n<li>Easily interchangeable attachments for a smooth grinding process<\/li>\n<li>Bellows included for all those who value comfort and cleanliness<\/li>\n<\/ul>\n<p><strong>Accessories (included)<\/strong><\/p>\n<ul>\n<li>Stainless steel dosing cup with funnel<\/li>\n<\/ul>\n<p>Easily interchangeable attachments:<\/p>\n<ul>\n<li>Bean hopper extension for increased capacity<\/li>\n<li>Bellows for easy emptying<\/li>\n<li>Anti-popcorning for smooth processes<\/li>\n<\/ul>\n<p><strong>Voltage \/\/ Frequency \/\/ Phases \/\/ Power:<\/strong><\/p>\n<ul>\n<li>220-240V \/\/ 50\/60Hz \/\/ 1~ \/\/ 200W<\/li>\n<\/ul>\n<p><strong>Idle speed:\u00a0<\/strong>1950 rpm<\/p>\n<p><strong>Grinding disc diameter:\u00a0<\/strong>64 mm<\/p>\n<p><strong>Grinding disc material:\u00a0<\/strong>Special steel<\/p>\n<p><strong>Grinding disc lifespan<\/strong>\u00a0(medium setting): approx. 500 kg<\/p>\n<p><strong>Average grinding performance*:<\/strong>\u00a0approx. 2.5 \u2013 6 g\/s (fine \u2013 coarse)<\/p>\n<p><strong>Bean container capacity:<\/strong><\/p>\n<ul>\n<li>Standard\/Anti-Popcorning: 30g<\/li>\n<li>Hopper extension: 100 g<\/li>\n<li>Pelt: 80 g<\/li>\n<\/ul>\n<p><strong>Dimensions (W x H x D):<\/strong>\u00a014.3 x 24.9 x 25.3 cm<\/p>\n<p><strong>Packaging dimensions (W x H x D):\u00a0<\/strong>41 x 31 x 18.5 cm<\/p>\n<p><strong>Net weight:<\/strong>\u00a04.8 kg<\/p>\n<p><strong>Gross weight:\u00a0<\/strong>7 kg<\/p>\n<p><strong>Certifications:\u00a0<\/strong>CB, CE, KC, PSE, UKCA, SAA, RCM, ETL, ROHS, CCC, NSF<\/p>\n<p><strong>Standard colors:<\/strong><\/p>\n<ul>\n<li>matte black<\/li>\n<li>Matte white<\/li>\n<\/ul>\n<p><strong>Accessories (included)<\/strong><\/p>\n<ul>\n<li>Stainless steel dosing cup with funnel<\/li>\n<\/ul>\n<p>Easily interchangeable attachments:<\/p>\n<ul>\n<li>Bean hopper extension for increased capacity<\/li>\n<li>Bellows for easy emptying<\/li>\n<li>Anti-popcorning for smooth process flow<\/li>\n<\/ul>\n<p>&nbsp;<\/p>\n<h3><strong>Scope of delivery<\/strong><\/h3>\n<p>\u2013 1x Mahlk\u00f6nig X64 SD Single Dose Coffee Grinder (Black)<br \/>\n\u2013 1x bean hopper<br \/>\n\u2013 1x bladder bellows<br \/>\n\u2013 1x Anti-Popcorn Attachment<br \/>\n\u2013 1x stainless steel dosing cup with funnel<\/p>\n<p>&nbsp;<\/p>\n<p><strong>Manufacturer information<\/strong><br \/>\nHemro International AG<br \/>\nThurgauerstrasse 80<br \/>\n8050 Zurich, Switzerland<br \/>\n+41 44 864 18 00<br \/>\nhttps:\/\/www.mahlkoenig.com\/de<\/p>\n<p><strong>Information about the responsible person<\/strong><br \/>\nHemro Manufacturing Germany<br \/>\nTilsitter Str. 144<br \/>\n22047 Hamburg, Germany<br \/>\n+49 40 6969400<br \/>\nhttps:\/\/www.mahlkoenig.com\/de<\/p>","protected":false},"excerpt":{"rendered":"<p>Technically perfected \u2013 ideal for home use! Experience the freedom of single-dose grinding \u2013 all from the comfort of your own home. Effortlessly switch between different coffee recipes and grind sizes \u2013 from fine to coarse and back again \u2013 and always enjoy freshly ground coffee. Every cup is a new opportunity to discover different aromas, thanks to maximum flexibility. Just a quick\u2026<\/p>","protected":false},"featured_media":0,"comment_status":"open","ping_status":"closed","template":"","meta":{"_acf_changed":false,"inline_featured_image":false},"product_brand":[550],"product_cat":[549],"product_tag":[470,554,54,556,553,558,557],"class_list":{"0":"post-6893","1":"product","2":"type-product","3":"status-publish","5":"product_brand-mahlkoenig","6":"product_cat-mahlkoenig","7":"product_tag-espressomuehle","8":"product_tag-kaffeemuehle","9":"product_tag-mahlkoenig","10":"product_tag-mahlkoenig-x64-sd-single-dose","11":"product_tag-schwarz","12":"product_tag-single-dose","13":"product_tag-x64-sd","15":"first","16":"instock","17":"sale","18":"taxable","19":"shipping-taxable","20":"purchasable","21":"product-type-simple"},"acf":[],"yoast_head":"<!-- This site is optimized with the Yoast SEO plugin v27.1.1 - https:\/\/yoast.com\/product\/yoast-seo-wordpress\/ -->\n<title>Mahlk\u00f6nig X64 SD Single Dose Kaffeem\u00fchle Schwarz | grafikus-coffeetec.de<\/title>\n<meta name=\"description\" content=\"Erlebe die Freiheit des Single-Dose-Vermahlung \u2013 ganz entspannt bei dir zu hause. Wechsle m\u00fchelos zwischen verschiedenen Kaffeerezepten und Mahlgraden \u2013 von fein bis grob und wiederzur\u00fcck \u2013 und geniesse dabei immer frisch gemahlenen Kaffee. Jede Tasse ist eine neue Gelegenheit, verschiedene Aromen zu entdecken, dank maximaler Flexibilit\u00e4t. Mal eben einen entkoffeinierten Espresso fein mahlen, danach schnell die Bohnen wechseln und auf mittlere Stufe f\u00fcr den n\u00e4chsten Pour-Over umstellen? Kein Problem! Dank r\u00fcckstandsloser Vermahlung und reproduzierbarer Mahlgradeinstellungen bleibt jede Portion gleichm\u00e4ssig, frisch und perfekt abgestimmt \u2013 egal, welche Zubereitungsart du bevorzugst.Mit ihrem platzsparenden Design passt sie in jede Ku\u0308che oder Kaffeebar \u2013 und sorgt mit flu\u0308sterleisem Mahlvorgang fu\u0308r einen entspannten Start in den Tag. Pr\u00e4zise Technik trifft auf vielseitige Einsatzm\u00f6glichkeiten: Fu\u0308r alle, die Komfort lieben, aber bei der Kaffeequalit\u00e4t keine Kompromisse machen.\" \/>\n<meta name=\"robots\" content=\"index, follow, max-snippet:-1, max-image-preview:large, max-video-preview:-1\" \/>\n<link rel=\"canonical\" href=\"https:\/\/grafikus-coffeetec.de\/en\/product\/mahlkoenig-x64-sd-single-dose-kaffeemuehle-schwarz\/\" \/>\n<meta property=\"og:locale\" content=\"en_US\" \/>\n<meta property=\"og:type\" content=\"article\" \/>\n<meta property=\"og:title\" content=\"Mahlk\u00f6nig X64 SD Single Dose Kaffeem\u00fchle Schwarz | grafikus-coffeetec.de\" \/>\n<meta property=\"og:description\" content=\"Erlebe die Freiheit des Single-Dose-Vermahlung \u2013 ganz entspannt bei dir zu hause. Wechsle m\u00fchelos zwischen verschiedenen Kaffeerezepten und Mahlgraden \u2013 von fein bis grob und wiederzur\u00fcck \u2013 und geniesse dabei immer frisch gemahlenen Kaffee. Jede Tasse ist eine neue Gelegenheit, verschiedene Aromen zu entdecken, dank maximaler Flexibilit\u00e4t. Mal eben einen entkoffeinierten Espresso fein mahlen, danach schnell die Bohnen wechseln und auf mittlere Stufe f\u00fcr den n\u00e4chsten Pour-Over umstellen? Kein Problem! Dank r\u00fcckstandsloser Vermahlung und reproduzierbarer Mahlgradeinstellungen bleibt jede Portion gleichm\u00e4ssig, frisch und perfekt abgestimmt \u2013 egal, welche Zubereitungsart du bevorzugst.Mit ihrem platzsparenden Design passt sie in jede Ku\u0308che oder Kaffeebar \u2013 und sorgt mit flu\u0308sterleisem Mahlvorgang fu\u0308r einen entspannten Start in den Tag. Pr\u00e4zise Technik trifft auf vielseitige Einsatzm\u00f6glichkeiten: Fu\u0308r alle, die Komfort lieben, aber bei der Kaffeequalit\u00e4t keine Kompromisse machen.\" \/>\n<meta property=\"og:url\" content=\"https:\/\/grafikus-coffeetec.de\/en\/product\/mahlkoenig-x64-sd-single-dose-kaffeemuehle-schwarz\/\" \/>\n<meta property=\"og:site_name\" content=\"grafikus-coffeetec.de\" \/>\n<meta property=\"article:modified_time\" content=\"2026-04-02T08:54:08+00:00\" \/>\n<meta name=\"twitter:card\" content=\"summary_large_image\" \/>\n<meta name=\"twitter:label1\" content=\"Est. reading time\" \/>\n\t<meta name=\"twitter:data1\" content=\"3 minutes\" \/>\n<script type=\"application\/ld+json\" class=\"yoast-schema-graph\">{\"@context\":\"https:\/\/schema.org\",\"@graph\":[{\"@type\":\"WebPage\",\"@id\":\"https:\/\/grafikus-coffeetec.de\/produkt\/mahlkoenig-x64-sd-single-dose-kaffeemuehle-schwarz\/\",\"url\":\"https:\/\/grafikus-coffeetec.de\/produkt\/mahlkoenig-x64-sd-single-dose-kaffeemuehle-schwarz\/\",\"name\":\"Mahlk\u00f6nig X64 SD Single Dose Kaffeem\u00fchle Schwarz | grafikus-coffeetec.de\",\"isPartOf\":{\"@id\":\"https:\/\/grafikus-coffeetec.de\/#website\"},\"datePublished\":\"2026-01-26T12:14:15+00:00\",\"dateModified\":\"2026-04-02T08:54:08+00:00\",\"description\":\"Erlebe die Freiheit des Single-Dose-Vermahlung \u2013 ganz entspannt bei dir zu hause. Wechsle m\u00fchelos zwischen verschiedenen Kaffeerezepten und Mahlgraden \u2013 von fein bis grob und wiederzur\u00fcck \u2013 und geniesse dabei immer frisch gemahlenen Kaffee. Jede Tasse ist eine neue Gelegenheit, verschiedene Aromen zu entdecken, dank maximaler Flexibilit\u00e4t. Mal eben einen entkoffeinierten Espresso fein mahlen, danach schnell die Bohnen wechseln und auf mittlere Stufe f\u00fcr den n\u00e4chsten Pour-Over umstellen? Kein Problem! Dank r\u00fcckstandsloser Vermahlung und reproduzierbarer Mahlgradeinstellungen bleibt jede Portion gleichm\u00e4ssig, frisch und perfekt abgestimmt \u2013 egal, welche Zubereitungsart du bevorzugst.Mit ihrem platzsparenden Design passt sie in jede Ku\u0308che oder Kaffeebar \u2013 und sorgt mit flu\u0308sterleisem Mahlvorgang fu\u0308r einen entspannten Start in den Tag. Pr\u00e4zise Technik trifft auf vielseitige Einsatzm\u00f6glichkeiten: Fu\u0308r alle, die Komfort lieben, aber bei der Kaffeequalit\u00e4t keine Kompromisse machen.\",\"breadcrumb\":{\"@id\":\"https:\/\/grafikus-coffeetec.de\/produkt\/mahlkoenig-x64-sd-single-dose-kaffeemuehle-schwarz\/#breadcrumb\"},\"inLanguage\":\"en-US\",\"potentialAction\":[{\"@type\":\"ReadAction\",\"target\":[\"https:\/\/grafikus-coffeetec.de\/produkt\/mahlkoenig-x64-sd-single-dose-kaffeemuehle-schwarz\/\"]}]},{\"@type\":\"BreadcrumbList\",\"@id\":\"https:\/\/grafikus-coffeetec.de\/produkt\/mahlkoenig-x64-sd-single-dose-kaffeemuehle-schwarz\/#breadcrumb\",\"itemListElement\":[{\"@type\":\"ListItem\",\"position\":1,\"name\":\"Startseite\",\"item\":\"https:\/\/grafikus-coffeetec.de\/\"},{\"@type\":\"ListItem\",\"position\":2,\"name\":\"Startseite\",\"item\":\"https:\/\/grafikus-coffeetec.de\/\"},{\"@type\":\"ListItem\",\"position\":3,\"name\":\"Mahlk\u00f6nig X64 SD Single Dose Kaffeem\u00fchle Schwarz\"}]},{\"@type\":\"WebSite\",\"@id\":\"https:\/\/grafikus-coffeetec.de\/#website\",\"url\":\"https:\/\/grafikus-coffeetec.de\/\",\"name\":\"grafikus-coffeetec.de\",\"description\":\"Ihr Spezialist f\u00fcr hochwertiges Zubeh\u00f6r und Umbauten\",\"publisher\":{\"@id\":\"https:\/\/grafikus-coffeetec.de\/#organization\"},\"potentialAction\":[{\"@type\":\"SearchAction\",\"target\":{\"@type\":\"EntryPoint\",\"urlTemplate\":\"https:\/\/grafikus-coffeetec.de\/?s={search_term_string}\"},\"query-input\":{\"@type\":\"PropertyValueSpecification\",\"valueRequired\":true,\"valueName\":\"search_term_string\"}}],\"inLanguage\":\"en-US\"},{\"@type\":\"Organization\",\"@id\":\"https:\/\/grafikus-coffeetec.de\/#organization\",\"name\":\"Grafikus Coffeetec\",\"url\":\"https:\/\/grafikus-coffeetec.de\/\",\"logo\":{\"@type\":\"ImageObject\",\"inLanguage\":\"en-US\",\"@id\":\"https:\/\/grafikus-coffeetec.de\/#\/schema\/logo\/image\/\",\"url\":\"https:\/\/grafikus-coffeetec.de\/wp-content\/uploads\/2020\/05\/Logo_Grafikus-Coffeetec.svg\",\"contentUrl\":\"https:\/\/grafikus-coffeetec.de\/wp-content\/uploads\/2020\/05\/Logo_Grafikus-Coffeetec.svg\",\"width\":\"1024\",\"height\":\"1024\",\"caption\":\"Grafikus Coffeetec\"},\"image\":{\"@id\":\"https:\/\/grafikus-coffeetec.de\/#\/schema\/logo\/image\/\"},\"sameAs\":[\"https:\/\/www.instagram.com\/grafikus_coffeetec\/\"]}]}<\/script>\n<!-- \/ Yoast SEO plugin. -->","yoast_head_json":{"title":"Mahlk\u00f6nig X64 SD Single Dose Coffee Grinder Black | grafikus-coffeetec.de","description":"Experience the freedom of single-dose grinding \u2013 all from the comfort of your own home. Effortlessly switch between different coffee recipes and grind settings \u2013 from fine to coarse and back again \u2013 and always enjoy freshly ground coffee. Every cup is a new opportunity to discover different aromas, thanks to maximum flexibility. Want to quickly grind a decaffeinated espresso, then switch to a medium grind for your next pour-over? No problem! Thanks to residue-free grinding and reproducible grind settings, every portion remains consistent, fresh, and perfectly balanced \u2013 regardless of your preferred brewing method. With its space-saving design, it fits into any kitchen or coffee bar \u2013 and its whisper-quiet grinding process ensures a relaxed start to your day. Precise technology meets versatile applications: For everyone who loves convenience but refuses to compromise on coffee quality.","robots":{"index":"index","follow":"follow","max-snippet":"max-snippet:-1","max-image-preview":"max-image-preview:large","max-video-preview":"max-video-preview:-1"},"canonical":"https:\/\/grafikus-coffeetec.de\/en\/product\/mahlkoenig-x64-sd-single-dose-kaffeemuehle-schwarz\/","og_locale":"en_US","og_type":"article","og_title":"Mahlk\u00f6nig X64 SD Single Dose Kaffeem\u00fchle Schwarz | grafikus-coffeetec.de","og_description":"Erlebe die Freiheit des Single-Dose-Vermahlung \u2013 ganz entspannt bei dir zu hause. Wechsle m\u00fchelos zwischen verschiedenen Kaffeerezepten und Mahlgraden \u2013 von fein bis grob und wiederzur\u00fcck \u2013 und geniesse dabei immer frisch gemahlenen Kaffee. Jede Tasse ist eine neue Gelegenheit, verschiedene Aromen zu entdecken, dank maximaler Flexibilit\u00e4t. Mal eben einen entkoffeinierten Espresso fein mahlen, danach schnell die Bohnen wechseln und auf mittlere Stufe f\u00fcr den n\u00e4chsten Pour-Over umstellen? Kein Problem! Dank r\u00fcckstandsloser Vermahlung und reproduzierbarer Mahlgradeinstellungen bleibt jede Portion gleichm\u00e4ssig, frisch und perfekt abgestimmt \u2013 egal, welche Zubereitungsart du bevorzugst.Mit ihrem platzsparenden Design passt sie in jede Ku\u0308che oder Kaffeebar \u2013 und sorgt mit flu\u0308sterleisem Mahlvorgang fu\u0308r einen entspannten Start in den Tag. Pr\u00e4zise Technik trifft auf vielseitige Einsatzm\u00f6glichkeiten: Fu\u0308r alle, die Komfort lieben, aber bei der Kaffeequalit\u00e4t keine Kompromisse machen.","og_url":"https:\/\/grafikus-coffeetec.de\/en\/product\/mahlkoenig-x64-sd-single-dose-kaffeemuehle-schwarz\/","og_site_name":"grafikus-coffeetec.de","article_modified_time":"2026-04-02T08:54:08+00:00","twitter_card":"summary_large_image","twitter_misc":{"Est. reading time":"3 minutes"},"schema":{"@context":"https:\/\/schema.org","@graph":[{"@type":"WebPage","@id":"https:\/\/grafikus-coffeetec.de\/produkt\/mahlkoenig-x64-sd-single-dose-kaffeemuehle-schwarz\/","url":"https:\/\/grafikus-coffeetec.de\/produkt\/mahlkoenig-x64-sd-single-dose-kaffeemuehle-schwarz\/","name":"Mahlk\u00f6nig X64 SD Single Dose Coffee Grinder Black | grafikus-coffeetec.de","isPartOf":{"@id":"https:\/\/grafikus-coffeetec.de\/#website"},"datePublished":"2026-01-26T12:14:15+00:00","dateModified":"2026-04-02T08:54:08+00:00","description":"Experience the freedom of single-dose grinding \u2013 all from the comfort of your own home. Effortlessly switch between different coffee recipes and grind settings \u2013 from fine to coarse and back again \u2013 and always enjoy freshly ground coffee. Every cup is a new opportunity to discover different aromas, thanks to maximum flexibility. Want to quickly grind a decaffeinated espresso, then switch to a medium grind for your next pour-over? No problem! Thanks to residue-free grinding and reproducible grind settings, every portion remains consistent, fresh, and perfectly balanced \u2013 regardless of your preferred brewing method. With its space-saving design, it fits into any kitchen or coffee bar \u2013 and its whisper-quiet grinding process ensures a relaxed start to your day. Precise technology meets versatile applications: For everyone who loves convenience but refuses to compromise on coffee quality.","breadcrumb":{"@id":"https:\/\/grafikus-coffeetec.de\/produkt\/mahlkoenig-x64-sd-single-dose-kaffeemuehle-schwarz\/#breadcrumb"},"inLanguage":"en-US","potentialAction":[{"@type":"ReadAction","target":["https:\/\/grafikus-coffeetec.de\/produkt\/mahlkoenig-x64-sd-single-dose-kaffeemuehle-schwarz\/"]}]},{"@type":"BreadcrumbList","@id":"https:\/\/grafikus-coffeetec.de\/produkt\/mahlkoenig-x64-sd-single-dose-kaffeemuehle-schwarz\/#breadcrumb","itemListElement":[{"@type":"ListItem","position":1,"name":"Startseite","item":"https:\/\/grafikus-coffeetec.de\/"},{"@type":"ListItem","position":2,"name":"Startseite","item":"https:\/\/grafikus-coffeetec.de\/"},{"@type":"ListItem","position":3,"name":"Mahlk\u00f6nig X64 SD Single Dose Kaffeem\u00fchle Schwarz"}]},{"@type":"WebSite","@id":"https:\/\/grafikus-coffeetec.de\/#website","url":"https:\/\/grafikus-coffeetec.de\/","name":"grafikus-coffeetec.de","description":"Your specialist for high-quality accessories and conversions","publisher":{"@id":"https:\/\/grafikus-coffeetec.de\/#organization"},"potentialAction":[{"@type":"SearchAction","target":{"@type":"EntryPoint","urlTemplate":"https:\/\/grafikus-coffeetec.de\/?s={search_term_string}"},"query-input":{"@type":"PropertyValueSpecification","valueRequired":true,"valueName":"search_term_string"}}],"inLanguage":"en-US"},{"@type":"Organization","@id":"https:\/\/grafikus-coffeetec.de\/#organization","name":"Graphics company Coffeetec","url":"https:\/\/grafikus-coffeetec.de\/","logo":{"@type":"ImageObject","inLanguage":"en-US","@id":"https:\/\/grafikus-coffeetec.de\/#\/schema\/logo\/image\/","url":"https:\/\/grafikus-coffeetec.de\/wp-content\/uploads\/2020\/05\/Logo_Grafikus-Coffeetec.svg","contentUrl":"https:\/\/grafikus-coffeetec.de\/wp-content\/uploads\/2020\/05\/Logo_Grafikus-Coffeetec.svg","width":"1024","height":"1024","caption":"Grafikus Coffeetec"},"image":{"@id":"https:\/\/grafikus-coffeetec.de\/#\/schema\/logo\/image\/"},"sameAs":["https:\/\/www.instagram.com\/grafikus_coffeetec\/"]}]}},"_links":{"self":[{"href":"https:\/\/grafikus-coffeetec.de\/en\/wp-json\/wp\/v2\/product\/6893","targetHints":{"allow":["GET"]}}],"collection":[{"href":"https:\/\/grafikus-coffeetec.de\/en\/wp-json\/wp\/v2\/product"}],"about":[{"href":"https:\/\/grafikus-coffeetec.de\/en\/wp-json\/wp\/v2\/types\/product"}],"replies":[{"embeddable":true,"href":"https:\/\/grafikus-coffeetec.de\/en\/wp-json\/wp\/v2\/comments?post=6893"}],"wp:attachment":[{"href":"https:\/\/grafikus-coffeetec.de\/en\/wp-json\/wp\/v2\/media?parent=6893"}],"wp:term":[{"taxonomy":"product_brand","embeddable":true,"href":"https:\/\/grafikus-coffeetec.de\/en\/wp-json\/wp\/v2\/product_brand?post=6893"},{"taxonomy":"product_cat","embeddable":true,"href":"https:\/\/grafikus-coffeetec.de\/en\/wp-json\/wp\/v2\/product_cat?post=6893"},{"taxonomy":"product_tag","embeddable":true,"href":"https:\/\/grafikus-coffeetec.de\/en\/wp-json\/wp\/v2\/product_tag?post=6893"}],"curies":[{"name":"wp","href":"https:\/\/api.w.org\/{rel}","templated":true}]}}