{"id":6889,"date":"2026-01-26T12:54:53","date_gmt":"2026-01-26T11:54:53","guid":{"rendered":"https:\/\/grafikus-coffeetec.de\/?post_type=product&#038;p=6889"},"modified":"2026-03-14T02:39:36","modified_gmt":"2026-03-14T01:39:36","slug":"mahlkoenig-e64-ws-home-kaffeemuehle-schwarz","status":"publish","type":"product","link":"https:\/\/grafikus-coffeetec.de\/en\/product\/mahlkoenig-e64-ws-home-kaffeemuehle-schwarz\/","title":{"rendered":"Mahlk\u00f6nig E64 WS Home Coffee Grinder Black"},"content":{"rendered":"<h3>The household grinder for a full-bodied and balanced espresso taste<\/h3>\n<p>Bring caf\u00e9-quality coffee home with the Mahlk\u00f6nig E64 WS espresso grinder. Designed for discerning coffee lovers, this grinder combines Mahlk\u00f6nig&#039;s renowned engineering expertise in a compact device.<\/p>\n<p>Equipped with Mahlk\u00f6nig&#039;s professional Grind-by-Weight and Grind-by-Sync technologies, the E64 WS ensures that every dose is measured to the gram with absolute precision. The result: perfect extraction, reproducible results, and a flavor profile that fully brings out the character of your beans.<\/p>\n<p>With a rapid grinding rate of at least 3g per second for espresso, it offers a perfect balance of speed, control, and performance, all while operating exceptionally quietly. Transform your daily coffee ritual into something extraordinary: This home espresso grinder is small in size but big on performance, bringing the precision of a professional caf\u00e9 right to your home.<\/p>\n<h3>The King Is Coming Home! Caf\u00e9 quality, now in your kitchen<\/h3>\n<ul>\n<li><strong>Espresso household grinder:<\/strong> Developed for a full-bodied, balanced espresso flavor<\/li>\n<li><strong>Grind-by-Weight technology:<\/strong> Precise grinding down to 0.1 grams for constant, exact dosing<\/li>\n<li><strong>Grind-by-Sync capability: <\/strong>Seamless connection to smart coffee machines for automatic adjustment of the grind size.<\/li>\n<li><strong>Electric grind setting adjustment:<\/strong> Patented Disc Distance Detection (DDD) from our professional mills, measured in micrometers<\/li>\n<li><strong>Simple zero-point calibration:<\/strong> No tools required, simply follow the instructions on the screen.<\/li>\n<li><strong>Mahlk\u00f6nig Sync App:<\/strong> Connect to sync-enabled machines and devices, view usage statistics, and activate automatic software updates.<\/li>\n<li><strong>64 mm steel discs:<\/strong> Homogeneous particles for an exceptional taste experience<\/li>\n<li><strong>Fastest grinding performance:<\/strong> At least 3 g\/s for espresso<\/li>\n<li><strong>Reduced<\/strong> <strong>Noise level:<\/strong> Whisper-quiet grinding, perfect for early mornings<\/li>\n<li><strong>Compact design:<\/strong> So space-saving that you can take it anywhere.<\/li>\n<\/ul>\n<h3>The Mahlk\u00f6nig Sync Digital Ecosystem<\/h3>\n<p>The Sync digital ecosystem for the E64 WS home grinder consists of the Mahlk\u00f6nig Sync Mobile App. The mobile app allows for easy pairing of the E64 WS espresso grinder with a Wi-Fi-enabled machine or device, supports automatic software updates, and provides access to data.<\/p>\n<h3>App-enabled coffee machine<\/h3>\n<p><strong>Mahlk\u00f6nig Sync Mobile App:<\/strong><\/p>\n<ul>\n<li>Synchronize your workflows and use the mobile app for easy pairing of the grinder with the compatible machine or device to synchronize grinding and brewing processes.<\/li>\n<li>Easy and convenient onboarding of the Mahlk\u00f6nig E64 WS Espresso home grinder into the cloud, so that new software updates can be automatically transferred to your grinder.<\/li>\n<li>Quick statistics and views of your mill data: From equipment usage and consumption patterns to insights into predictive and preventive mill maintenance.<\/li>\n<\/ul>\n<p><strong>Voltage \/\/ Frequency \/\/ Phases \/\/ Power:<\/strong><\/p>\n<ul>\n<li>220-240V \/\/ 50\/60Hz \/\/ 1~ \/\/ 200W<\/li>\n<\/ul>\n<p><strong>Idle speed:\u00a0<\/strong>1950 rpm<\/p>\n<p><strong>Grinding disc diameter:\u00a0<\/strong>64 mm<\/p>\n<p><strong>Grinding disc material:\u00a0<\/strong>Special steel<\/p>\n<p><strong>Average grinding performance*:<\/strong>\u00a0approx. 2 \u2013 3.5 g\/s (fine \u2013 coarse)<\/p>\n<p><strong>Bean container capacity:<\/strong>\u00a0approx. 250 g<\/p>\n<p><strong>Dimensions including bean hopper (W x H x D):<\/strong>\u00a015.4 x 39 x 21.8 cm<\/p>\n<p><strong>Packaging dimensions (W x H x D):\u00a0<\/strong>50.5 x 23 x 35.5 cm<\/p>\n<p><strong>Net weight:<\/strong>\u00a05.8 kg<\/p>\n<p><strong>Gross weight:\u00a0<\/strong>8.5 kg<\/p>\n<p><strong>Certifications:\u00a0<\/strong>CB, CE, KC, PSE, UKCA, SAA, RCM, ETL, ROHS, CCC, NSF<\/p>\n<h3><strong>Scope of delivery<\/strong><\/h3>\n<p>\u2013 1x Mahlk\u00f6nig E64 WS Home Coffee Grinder (Black)<br \/>\n\u2013 1 x 250 g bean container<br \/>\n\u2013 1x instruction manual<\/p>\n<p>&nbsp;<\/p>\n<p><strong>Manufacturer information<\/strong><br \/>\nHemro International AG<br \/>\nThurgauerstrasse 80<br \/>\n8050 Zurich, Switzerland<br \/>\n+41 44 864 18 00<br \/>\nhttps:\/\/www.mahlkoenig.com\/de<\/p>\n<p><strong>Information about the responsible person<\/strong><br \/>\nHemro Manufacturing Germany<br \/>\nTilsitter Str. 144<br \/>\n22047 Hamburg, Germany<br \/>\n+49 40 6969400<br \/>\nhttps:\/\/www.mahlkoenig.com\/de<\/p>","protected":false},"excerpt":{"rendered":"<p>The home grinder for a full-bodied and balanced espresso flavor. Bring caf\u00e9-quality coffee home with the Mahlk\u00f6nig E64 WS espresso grinder. Designed for discerning coffee lovers, this grinder combines Mahlk\u00f6nig&#039;s renowned engineering in a compact device. Equipped with Mahlk\u00f6nig&#039;s professional Grind-by-Weight and Grind-by-Sync technologies, the E64 WS ensures that every dose is measured to the gram with absolute precision. The result: perfect extraction, reproducible results\u2026<\/p>","protected":false},"featured_media":0,"comment_status":"open","ping_status":"closed","template":"","meta":{"_acf_changed":false,"inline_featured_image":false},"product_brand":[550],"product_cat":[549],"product_tag":[552,470,469,555,554,54,551,553,169],"class_list":{"0":"post-6889","1":"product","2":"type-product","3":"status-publish","5":"product_brand-mahlkoenig","6":"product_cat-mahlkoenig","7":"product_tag-e64-ws","8":"product_tag-espressomuehle","9":"product_tag-grind-by-weight","10":"product_tag-grind-by-sync","11":"product_tag-kaffeemuehle","12":"product_tag-mahlkoenig","13":"product_tag-mahlkoenig-e64-ws-home","14":"product_tag-schwarz","15":"product_tag-zubehoer","17":"first","18":"instock","19":"sale","20":"taxable","21":"shipping-taxable","22":"purchasable","23":"product-type-simple"},"acf":[],"yoast_head":"<!-- This site is optimized with the Yoast SEO plugin v27.1.1 - https:\/\/yoast.com\/product\/yoast-seo-wordpress\/ -->\n<title>Mahlk\u00f6nig E64 WS Home Kaffeem\u00fchle Schwarz | grafikus-coffeetec.de<\/title>\n<meta name=\"description\" content=\"Hol dir mit der Mahlk\u00f6nig E64 WS\u00a0Espressom\u00fchle\u00a0Caf\u00e9-Qualit\u00e4t nach Hause. Entwickelt f\u00fcr anspruchsvolle Kaffeeliebhaber, vereint diese\u00a0M\u00fchle\u00a0Mahlk\u00f6nigs renommierte Ingenieurskunst in einem kompakten Ger\u00e4t.Ausgestattet mit Mahlk\u00f6nigs professionellen Grind-by-Weight- und Grind-by-Sync-Technologien sorgt\u00a0die\u00a0E64 WS daf\u00fcr, dass jede Dosis grammgenau und mit absoluter Pr\u00e4zision gemessen wird. Das Ergebnis: perfekte Extraktion, reproduzierbare Resultate und ein Geschmacksprofil, das den Charakter\u00a0deiner\u00a0Bohnen vollst\u00e4ndig zur Geltung bringt.\" \/>\n<meta name=\"robots\" content=\"index, follow, max-snippet:-1, max-image-preview:large, max-video-preview:-1\" \/>\n<link rel=\"canonical\" href=\"https:\/\/grafikus-coffeetec.de\/en\/product\/mahlkoenig-e64-ws-home-kaffeemuehle-schwarz\/\" \/>\n<meta property=\"og:locale\" content=\"en_US\" \/>\n<meta property=\"og:type\" content=\"article\" \/>\n<meta property=\"og:title\" content=\"Mahlk\u00f6nig E64 WS Home Kaffeem\u00fchle Schwarz | grafikus-coffeetec.de\" \/>\n<meta property=\"og:description\" content=\"Hol dir mit der Mahlk\u00f6nig E64 WS\u00a0Espressom\u00fchle\u00a0Caf\u00e9-Qualit\u00e4t nach Hause. Entwickelt f\u00fcr anspruchsvolle Kaffeeliebhaber, vereint diese\u00a0M\u00fchle\u00a0Mahlk\u00f6nigs renommierte Ingenieurskunst in einem kompakten Ger\u00e4t.Ausgestattet mit Mahlk\u00f6nigs professionellen Grind-by-Weight- und Grind-by-Sync-Technologien sorgt\u00a0die\u00a0E64 WS daf\u00fcr, dass jede Dosis grammgenau und mit absoluter Pr\u00e4zision gemessen wird. Das Ergebnis: perfekte Extraktion, reproduzierbare Resultate und ein Geschmacksprofil, das den Charakter\u00a0deiner\u00a0Bohnen vollst\u00e4ndig zur Geltung bringt.\" \/>\n<meta property=\"og:url\" content=\"https:\/\/grafikus-coffeetec.de\/en\/product\/mahlkoenig-e64-ws-home-kaffeemuehle-schwarz\/\" \/>\n<meta property=\"og:site_name\" content=\"grafikus-coffeetec.de\" \/>\n<meta property=\"article:modified_time\" content=\"2026-03-14T01:39:36+00:00\" \/>\n<meta name=\"twitter:card\" content=\"summary_large_image\" \/>\n<meta name=\"twitter:label1\" content=\"Est. reading time\" \/>\n\t<meta name=\"twitter:data1\" content=\"3 minutes\" \/>\n<script type=\"application\/ld+json\" class=\"yoast-schema-graph\">{\"@context\":\"https:\/\/schema.org\",\"@graph\":[{\"@type\":\"WebPage\",\"@id\":\"https:\/\/grafikus-coffeetec.de\/produkt\/mahlkoenig-e64-ws-home-kaffeemuehle-schwarz\/\",\"url\":\"https:\/\/grafikus-coffeetec.de\/produkt\/mahlkoenig-e64-ws-home-kaffeemuehle-schwarz\/\",\"name\":\"Mahlk\u00f6nig E64 WS Home Kaffeem\u00fchle Schwarz | grafikus-coffeetec.de\",\"isPartOf\":{\"@id\":\"https:\/\/grafikus-coffeetec.de\/#website\"},\"datePublished\":\"2026-01-26T11:54:53+00:00\",\"dateModified\":\"2026-03-14T01:39:36+00:00\",\"description\":\"Hol dir mit der Mahlk\u00f6nig E64 WS\u00a0Espressom\u00fchle\u00a0Caf\u00e9-Qualit\u00e4t nach Hause. Entwickelt f\u00fcr anspruchsvolle Kaffeeliebhaber, vereint diese\u00a0M\u00fchle\u00a0Mahlk\u00f6nigs renommierte Ingenieurskunst in einem kompakten Ger\u00e4t.Ausgestattet mit Mahlk\u00f6nigs professionellen Grind-by-Weight- und Grind-by-Sync-Technologien sorgt\u00a0die\u00a0E64 WS daf\u00fcr, dass jede Dosis grammgenau und mit absoluter Pr\u00e4zision gemessen wird. Das Ergebnis: perfekte Extraktion, reproduzierbare Resultate und ein Geschmacksprofil, das den Charakter\u00a0deiner\u00a0Bohnen vollst\u00e4ndig zur Geltung bringt.\",\"breadcrumb\":{\"@id\":\"https:\/\/grafikus-coffeetec.de\/produkt\/mahlkoenig-e64-ws-home-kaffeemuehle-schwarz\/#breadcrumb\"},\"inLanguage\":\"en-US\",\"potentialAction\":[{\"@type\":\"ReadAction\",\"target\":[\"https:\/\/grafikus-coffeetec.de\/produkt\/mahlkoenig-e64-ws-home-kaffeemuehle-schwarz\/\"]}]},{\"@type\":\"BreadcrumbList\",\"@id\":\"https:\/\/grafikus-coffeetec.de\/produkt\/mahlkoenig-e64-ws-home-kaffeemuehle-schwarz\/#breadcrumb\",\"itemListElement\":[{\"@type\":\"ListItem\",\"position\":1,\"name\":\"Startseite\",\"item\":\"https:\/\/grafikus-coffeetec.de\/\"},{\"@type\":\"ListItem\",\"position\":2,\"name\":\"Startseite\",\"item\":\"https:\/\/grafikus-coffeetec.de\/\"},{\"@type\":\"ListItem\",\"position\":3,\"name\":\"Mahlk\u00f6nig E64 WS Home Kaffeem\u00fchle Schwarz\"}]},{\"@type\":\"WebSite\",\"@id\":\"https:\/\/grafikus-coffeetec.de\/#website\",\"url\":\"https:\/\/grafikus-coffeetec.de\/\",\"name\":\"grafikus-coffeetec.de\",\"description\":\"Ihr Spezialist f\u00fcr hochwertiges Zubeh\u00f6r und Umbauten\",\"publisher\":{\"@id\":\"https:\/\/grafikus-coffeetec.de\/#organization\"},\"potentialAction\":[{\"@type\":\"SearchAction\",\"target\":{\"@type\":\"EntryPoint\",\"urlTemplate\":\"https:\/\/grafikus-coffeetec.de\/?s={search_term_string}\"},\"query-input\":{\"@type\":\"PropertyValueSpecification\",\"valueRequired\":true,\"valueName\":\"search_term_string\"}}],\"inLanguage\":\"en-US\"},{\"@type\":\"Organization\",\"@id\":\"https:\/\/grafikus-coffeetec.de\/#organization\",\"name\":\"Grafikus Coffeetec\",\"url\":\"https:\/\/grafikus-coffeetec.de\/\",\"logo\":{\"@type\":\"ImageObject\",\"inLanguage\":\"en-US\",\"@id\":\"https:\/\/grafikus-coffeetec.de\/#\/schema\/logo\/image\/\",\"url\":\"https:\/\/grafikus-coffeetec.de\/wp-content\/uploads\/2020\/05\/Logo_Grafikus-Coffeetec.svg\",\"contentUrl\":\"https:\/\/grafikus-coffeetec.de\/wp-content\/uploads\/2020\/05\/Logo_Grafikus-Coffeetec.svg\",\"width\":\"1024\",\"height\":\"1024\",\"caption\":\"Grafikus Coffeetec\"},\"image\":{\"@id\":\"https:\/\/grafikus-coffeetec.de\/#\/schema\/logo\/image\/\"},\"sameAs\":[\"https:\/\/www.instagram.com\/grafikus_coffeetec\/\"]}]}<\/script>\n<!-- \/ Yoast SEO plugin. -->","yoast_head_json":{"title":"Mahlk\u00f6nig E64 WS Home Coffee Grinder Black | grafikus-coffeetec.de","description":"Bring caf\u00e9-quality coffee home with the Mahlk\u00f6nig E64 WS espresso grinder. Designed for discerning coffee lovers, this grinder combines Mahlk\u00f6nig&#039;s renowned engineering expertise in a compact unit. Equipped with Mahlk\u00f6nig&#039;s professional Grind-by-Weight and Grind-by-Sync technologies, the E64 WS ensures that every dose is measured with gram-level accuracy and absolute precision. The result: perfect extraction, reproducible results, and a flavor profile that fully expresses the character of your beans.","robots":{"index":"index","follow":"follow","max-snippet":"max-snippet:-1","max-image-preview":"max-image-preview:large","max-video-preview":"max-video-preview:-1"},"canonical":"https:\/\/grafikus-coffeetec.de\/en\/product\/mahlkoenig-e64-ws-home-kaffeemuehle-schwarz\/","og_locale":"en_US","og_type":"article","og_title":"Mahlk\u00f6nig E64 WS Home Kaffeem\u00fchle Schwarz | grafikus-coffeetec.de","og_description":"Hol dir mit der Mahlk\u00f6nig E64 WS\u00a0Espressom\u00fchle\u00a0Caf\u00e9-Qualit\u00e4t nach Hause. Entwickelt f\u00fcr anspruchsvolle Kaffeeliebhaber, vereint diese\u00a0M\u00fchle\u00a0Mahlk\u00f6nigs renommierte Ingenieurskunst in einem kompakten Ger\u00e4t.Ausgestattet mit Mahlk\u00f6nigs professionellen Grind-by-Weight- und Grind-by-Sync-Technologien sorgt\u00a0die\u00a0E64 WS daf\u00fcr, dass jede Dosis grammgenau und mit absoluter Pr\u00e4zision gemessen wird. Das Ergebnis: perfekte Extraktion, reproduzierbare Resultate und ein Geschmacksprofil, das den Charakter\u00a0deiner\u00a0Bohnen vollst\u00e4ndig zur Geltung bringt.","og_url":"https:\/\/grafikus-coffeetec.de\/en\/product\/mahlkoenig-e64-ws-home-kaffeemuehle-schwarz\/","og_site_name":"grafikus-coffeetec.de","article_modified_time":"2026-03-14T01:39:36+00:00","twitter_card":"summary_large_image","twitter_misc":{"Est. reading time":"3 minutes"},"schema":{"@context":"https:\/\/schema.org","@graph":[{"@type":"WebPage","@id":"https:\/\/grafikus-coffeetec.de\/produkt\/mahlkoenig-e64-ws-home-kaffeemuehle-schwarz\/","url":"https:\/\/grafikus-coffeetec.de\/produkt\/mahlkoenig-e64-ws-home-kaffeemuehle-schwarz\/","name":"Mahlk\u00f6nig E64 WS Home Coffee Grinder Black | grafikus-coffeetec.de","isPartOf":{"@id":"https:\/\/grafikus-coffeetec.de\/#website"},"datePublished":"2026-01-26T11:54:53+00:00","dateModified":"2026-03-14T01:39:36+00:00","description":"Bring caf\u00e9-quality coffee home with the Mahlk\u00f6nig E64 WS espresso grinder. Designed for discerning coffee lovers, this grinder combines Mahlk\u00f6nig&#039;s renowned engineering expertise in a compact unit. Equipped with Mahlk\u00f6nig&#039;s professional Grind-by-Weight and Grind-by-Sync technologies, the E64 WS ensures that every dose is measured with gram-level accuracy and absolute precision. The result: perfect extraction, reproducible results, and a flavor profile that fully expresses the character of your beans.","breadcrumb":{"@id":"https:\/\/grafikus-coffeetec.de\/produkt\/mahlkoenig-e64-ws-home-kaffeemuehle-schwarz\/#breadcrumb"},"inLanguage":"en-US","potentialAction":[{"@type":"ReadAction","target":["https:\/\/grafikus-coffeetec.de\/produkt\/mahlkoenig-e64-ws-home-kaffeemuehle-schwarz\/"]}]},{"@type":"BreadcrumbList","@id":"https:\/\/grafikus-coffeetec.de\/produkt\/mahlkoenig-e64-ws-home-kaffeemuehle-schwarz\/#breadcrumb","itemListElement":[{"@type":"ListItem","position":1,"name":"Startseite","item":"https:\/\/grafikus-coffeetec.de\/"},{"@type":"ListItem","position":2,"name":"Startseite","item":"https:\/\/grafikus-coffeetec.de\/"},{"@type":"ListItem","position":3,"name":"Mahlk\u00f6nig E64 WS Home Kaffeem\u00fchle Schwarz"}]},{"@type":"WebSite","@id":"https:\/\/grafikus-coffeetec.de\/#website","url":"https:\/\/grafikus-coffeetec.de\/","name":"grafikus-coffeetec.de","description":"Your specialist for high-quality accessories and conversions","publisher":{"@id":"https:\/\/grafikus-coffeetec.de\/#organization"},"potentialAction":[{"@type":"SearchAction","target":{"@type":"EntryPoint","urlTemplate":"https:\/\/grafikus-coffeetec.de\/?s={search_term_string}"},"query-input":{"@type":"PropertyValueSpecification","valueRequired":true,"valueName":"search_term_string"}}],"inLanguage":"en-US"},{"@type":"Organization","@id":"https:\/\/grafikus-coffeetec.de\/#organization","name":"Graphics company Coffeetec","url":"https:\/\/grafikus-coffeetec.de\/","logo":{"@type":"ImageObject","inLanguage":"en-US","@id":"https:\/\/grafikus-coffeetec.de\/#\/schema\/logo\/image\/","url":"https:\/\/grafikus-coffeetec.de\/wp-content\/uploads\/2020\/05\/Logo_Grafikus-Coffeetec.svg","contentUrl":"https:\/\/grafikus-coffeetec.de\/wp-content\/uploads\/2020\/05\/Logo_Grafikus-Coffeetec.svg","width":"1024","height":"1024","caption":"Grafikus Coffeetec"},"image":{"@id":"https:\/\/grafikus-coffeetec.de\/#\/schema\/logo\/image\/"},"sameAs":["https:\/\/www.instagram.com\/grafikus_coffeetec\/"]}]}},"_links":{"self":[{"href":"https:\/\/grafikus-coffeetec.de\/en\/wp-json\/wp\/v2\/product\/6889","targetHints":{"allow":["GET"]}}],"collection":[{"href":"https:\/\/grafikus-coffeetec.de\/en\/wp-json\/wp\/v2\/product"}],"about":[{"href":"https:\/\/grafikus-coffeetec.de\/en\/wp-json\/wp\/v2\/types\/product"}],"replies":[{"embeddable":true,"href":"https:\/\/grafikus-coffeetec.de\/en\/wp-json\/wp\/v2\/comments?post=6889"}],"wp:attachment":[{"href":"https:\/\/grafikus-coffeetec.de\/en\/wp-json\/wp\/v2\/media?parent=6889"}],"wp:term":[{"taxonomy":"product_brand","embeddable":true,"href":"https:\/\/grafikus-coffeetec.de\/en\/wp-json\/wp\/v2\/product_brand?post=6889"},{"taxonomy":"product_cat","embeddable":true,"href":"https:\/\/grafikus-coffeetec.de\/en\/wp-json\/wp\/v2\/product_cat?post=6889"},{"taxonomy":"product_tag","embeddable":true,"href":"https:\/\/grafikus-coffeetec.de\/en\/wp-json\/wp\/v2\/product_tag?post=6889"}],"curies":[{"name":"wp","href":"https:\/\/api.w.org\/{rel}","templated":true}]}}