{"id":6795,"date":"2026-01-15T15:06:05","date_gmt":"2026-01-15T14:06:05","guid":{"rendered":"https:\/\/grafikus-coffeetec.de\/?post_type=product&#038;p=6795"},"modified":"2026-01-15T15:35:39","modified_gmt":"2026-01-15T14:35:39","slug":"la-marzocco-manometer-0-3-bar-weiss-linea-mini-e-3-012","status":"publish","type":"product","link":"https:\/\/grafikus-coffeetec.de\/en\/product\/la-marzocco-manometer-0-3-bar-weiss-linea-mini-e-3-012\/","title":{"rendered":"La Marzocco pressure gauge 0-3 bar (white) Linea Mini (E.3.012)"},"content":{"rendered":"<p>Original La Marzocco manometer with 0-3 bar and white dial<\/p>\n<p>Suitable for the following machines: Linea Mini<\/p>\n<p>Scope of delivery:<br \/>\n\u2013 La Marzocco pressure gauge 0-3 bar (white)<\/p>\n<p>Article number: E.3.012<\/p>\n<p>&nbsp;<\/p>\n<p><strong>Manufacturer information<\/strong><br \/>\nManufacturer: La Marzocco Srl<br \/>\nAddress: Via La Torre 14\/H, 50038 Scarperia e San Piero (FI), Italy<br \/>\nContact: info@lamarzocco.com | www.lamarzocco.com<\/p>","protected":false},"excerpt":{"rendered":"<p>Original La Marzocco pressure gauge with 0-3 bar and white dial. Suitable for the following machines: Linea Mini. Scope of delivery: \u2013 La Marzocco pressure gauge 0-3 bar (white). Item number: E.3.012. Manufacturer information: Manufacturer: La Marzocco Srl. Address: Via La Torre 14\/H, 50038 Scarperia e San Piero (FI), Italy. Contact: info@lamarzocco.com | www.lamarzocco.com<\/p>","protected":false},"featured_media":6798,"comment_status":"open","ping_status":"closed","template":"","meta":{"_acf_changed":false,"inline_featured_image":false},"product_brand":[],"product_cat":[180,221],"product_tag":[168,66,61,548,170,169],"class_list":{"0":"post-6795","1":"product","2":"type-product","3":"status-publish","4":"has-post-thumbnail","6":"product_cat-lamarzocco-ersatzteile","7":"product_cat-linea-mini-ersatzteile","8":"product_tag-ersatzteile","9":"product_tag-la-marzocco","10":"product_tag-linea-mini","11":"product_tag-manometer","12":"product_tag-modifkation","13":"product_tag-zubehoer","15":"first","16":"instock","17":"taxable","18":"shipping-taxable","19":"purchasable","20":"product-type-simple"},"acf":[],"yoast_head":"<!-- This site is optimized with the Yoast SEO plugin v27.1.1 - https:\/\/yoast.com\/product\/yoast-seo-wordpress\/ -->\n<title>La Marzocco Manometer 0-3 Bar (wei\u00df) Linea Mini (E.3.012) | grafikus-coffeetec.de<\/title>\n<meta name=\"description\" content=\"Original La Marzocco Manometer mit 0-3 Bar und wei\u00dfen ZiffernblattPassend f\u00fcr folgende Maschinen: Linea Mini\" \/>\n<meta name=\"robots\" content=\"index, follow, max-snippet:-1, max-image-preview:large, max-video-preview:-1\" \/>\n<link rel=\"canonical\" href=\"https:\/\/grafikus-coffeetec.de\/en\/product\/la-marzocco-manometer-0-3-bar-weiss-linea-mini-e-3-012\/\" \/>\n<meta property=\"og:locale\" content=\"en_US\" \/>\n<meta property=\"og:type\" content=\"article\" \/>\n<meta property=\"og:title\" content=\"La Marzocco Manometer 0-3 Bar (wei\u00df) Linea Mini (E.3.012) | grafikus-coffeetec.de\" \/>\n<meta property=\"og:description\" content=\"Original La Marzocco Manometer mit 0-3 Bar und wei\u00dfen ZiffernblattPassend f\u00fcr folgende Maschinen: Linea Mini\" \/>\n<meta property=\"og:url\" content=\"https:\/\/grafikus-coffeetec.de\/en\/product\/la-marzocco-manometer-0-3-bar-weiss-linea-mini-e-3-012\/\" \/>\n<meta property=\"og:site_name\" content=\"grafikus-coffeetec.de\" \/>\n<meta property=\"article:modified_time\" content=\"2026-01-15T14:35:39+00:00\" \/>\n<meta property=\"og:image\" content=\"https:\/\/grafikus-coffeetec.de\/wp-content\/uploads\/2026\/01\/Manometer_0bis3Bar.jpg\" \/>\n\t<meta property=\"og:image:width\" content=\"396\" \/>\n\t<meta property=\"og:image:height\" content=\"396\" \/>\n\t<meta property=\"og:image:type\" content=\"image\/jpeg\" \/>\n<meta name=\"twitter:card\" content=\"summary_large_image\" \/>\n<meta name=\"twitter:label1\" content=\"Est. reading time\" \/>\n\t<meta name=\"twitter:data1\" content=\"1 minute\" \/>\n<script type=\"application\/ld+json\" class=\"yoast-schema-graph\">{\"@context\":\"https:\/\/schema.org\",\"@graph\":[{\"@type\":\"WebPage\",\"@id\":\"https:\/\/grafikus-coffeetec.de\/produkt\/la-marzocco-manometer-0-3-bar-weiss-linea-mini-e-3-012\/\",\"url\":\"https:\/\/grafikus-coffeetec.de\/produkt\/la-marzocco-manometer-0-3-bar-weiss-linea-mini-e-3-012\/\",\"name\":\"La Marzocco Manometer 0-3 Bar (wei\u00df) Linea Mini (E.3.012) | grafikus-coffeetec.de\",\"isPartOf\":{\"@id\":\"https:\/\/grafikus-coffeetec.de\/#website\"},\"primaryImageOfPage\":{\"@id\":\"https:\/\/grafikus-coffeetec.de\/produkt\/la-marzocco-manometer-0-3-bar-weiss-linea-mini-e-3-012\/#primaryimage\"},\"image\":{\"@id\":\"https:\/\/grafikus-coffeetec.de\/produkt\/la-marzocco-manometer-0-3-bar-weiss-linea-mini-e-3-012\/#primaryimage\"},\"thumbnailUrl\":\"https:\/\/grafikus-coffeetec.de\/wp-content\/uploads\/2026\/01\/Manometer_0bis3Bar.jpg\",\"datePublished\":\"2026-01-15T14:06:05+00:00\",\"dateModified\":\"2026-01-15T14:35:39+00:00\",\"description\":\"Original La Marzocco Manometer mit 0-3 Bar und wei\u00dfen ZiffernblattPassend f\u00fcr folgende Maschinen: Linea Mini\",\"breadcrumb\":{\"@id\":\"https:\/\/grafikus-coffeetec.de\/produkt\/la-marzocco-manometer-0-3-bar-weiss-linea-mini-e-3-012\/#breadcrumb\"},\"inLanguage\":\"en-US\",\"potentialAction\":[{\"@type\":\"ReadAction\",\"target\":[\"https:\/\/grafikus-coffeetec.de\/produkt\/la-marzocco-manometer-0-3-bar-weiss-linea-mini-e-3-012\/\"]}]},{\"@type\":\"ImageObject\",\"inLanguage\":\"en-US\",\"@id\":\"https:\/\/grafikus-coffeetec.de\/produkt\/la-marzocco-manometer-0-3-bar-weiss-linea-mini-e-3-012\/#primaryimage\",\"url\":\"https:\/\/grafikus-coffeetec.de\/wp-content\/uploads\/2026\/01\/Manometer_0bis3Bar.jpg\",\"contentUrl\":\"https:\/\/grafikus-coffeetec.de\/wp-content\/uploads\/2026\/01\/Manometer_0bis3Bar.jpg\",\"width\":396,\"height\":396,\"caption\":\"La Marzocco Manometer 0-3 Bar (wei\u00df) Linea Mini (E.3.012)\"},{\"@type\":\"BreadcrumbList\",\"@id\":\"https:\/\/grafikus-coffeetec.de\/produkt\/la-marzocco-manometer-0-3-bar-weiss-linea-mini-e-3-012\/#breadcrumb\",\"itemListElement\":[{\"@type\":\"ListItem\",\"position\":1,\"name\":\"Startseite\",\"item\":\"https:\/\/grafikus-coffeetec.de\/\"},{\"@type\":\"ListItem\",\"position\":2,\"name\":\"Startseite\",\"item\":\"https:\/\/grafikus-coffeetec.de\/\"},{\"@type\":\"ListItem\",\"position\":3,\"name\":\"La Marzocco Manometer 0-3 Bar (wei\u00df) Linea Mini (E.3.012)\"}]},{\"@type\":\"WebSite\",\"@id\":\"https:\/\/grafikus-coffeetec.de\/#website\",\"url\":\"https:\/\/grafikus-coffeetec.de\/\",\"name\":\"grafikus-coffeetec.de\",\"description\":\"Ihr Spezialist f\u00fcr hochwertiges Zubeh\u00f6r und Umbauten\",\"publisher\":{\"@id\":\"https:\/\/grafikus-coffeetec.de\/#organization\"},\"potentialAction\":[{\"@type\":\"SearchAction\",\"target\":{\"@type\":\"EntryPoint\",\"urlTemplate\":\"https:\/\/grafikus-coffeetec.de\/?s={search_term_string}\"},\"query-input\":{\"@type\":\"PropertyValueSpecification\",\"valueRequired\":true,\"valueName\":\"search_term_string\"}}],\"inLanguage\":\"en-US\"},{\"@type\":\"Organization\",\"@id\":\"https:\/\/grafikus-coffeetec.de\/#organization\",\"name\":\"Grafikus Coffeetec\",\"url\":\"https:\/\/grafikus-coffeetec.de\/\",\"logo\":{\"@type\":\"ImageObject\",\"inLanguage\":\"en-US\",\"@id\":\"https:\/\/grafikus-coffeetec.de\/#\/schema\/logo\/image\/\",\"url\":\"https:\/\/grafikus-coffeetec.de\/wp-content\/uploads\/2020\/05\/Logo_Grafikus-Coffeetec.svg\",\"contentUrl\":\"https:\/\/grafikus-coffeetec.de\/wp-content\/uploads\/2020\/05\/Logo_Grafikus-Coffeetec.svg\",\"width\":\"1024\",\"height\":\"1024\",\"caption\":\"Grafikus Coffeetec\"},\"image\":{\"@id\":\"https:\/\/grafikus-coffeetec.de\/#\/schema\/logo\/image\/\"},\"sameAs\":[\"https:\/\/www.instagram.com\/grafikus_coffeetec\/\"]}]}<\/script>\n<!-- \/ Yoast SEO plugin. -->","yoast_head_json":{"title":"La Marzocco Manometer 0-3 Bar (wei\u00df) Linea Mini (E.3.012) | grafikus-coffeetec.de","description":"Original La Marzocco Manometer mit 0-3 Bar und wei\u00dfen ZiffernblattPassend f\u00fcr folgende Maschinen: Linea Mini","robots":{"index":"index","follow":"follow","max-snippet":"max-snippet:-1","max-image-preview":"max-image-preview:large","max-video-preview":"max-video-preview:-1"},"canonical":"https:\/\/grafikus-coffeetec.de\/en\/product\/la-marzocco-manometer-0-3-bar-weiss-linea-mini-e-3-012\/","og_locale":"en_US","og_type":"article","og_title":"La Marzocco Manometer 0-3 Bar (wei\u00df) Linea Mini (E.3.012) | grafikus-coffeetec.de","og_description":"Original La Marzocco Manometer mit 0-3 Bar und wei\u00dfen ZiffernblattPassend f\u00fcr folgende Maschinen: Linea Mini","og_url":"https:\/\/grafikus-coffeetec.de\/en\/product\/la-marzocco-manometer-0-3-bar-weiss-linea-mini-e-3-012\/","og_site_name":"grafikus-coffeetec.de","article_modified_time":"2026-01-15T14:35:39+00:00","og_image":[{"width":396,"height":396,"url":"https:\/\/grafikus-coffeetec.de\/wp-content\/uploads\/2026\/01\/Manometer_0bis3Bar.jpg","type":"image\/jpeg"}],"twitter_card":"summary_large_image","twitter_misc":{"Est. reading time":"1 minute"},"schema":{"@context":"https:\/\/schema.org","@graph":[{"@type":"WebPage","@id":"https:\/\/grafikus-coffeetec.de\/produkt\/la-marzocco-manometer-0-3-bar-weiss-linea-mini-e-3-012\/","url":"https:\/\/grafikus-coffeetec.de\/produkt\/la-marzocco-manometer-0-3-bar-weiss-linea-mini-e-3-012\/","name":"La Marzocco Manometer 0-3 Bar (wei\u00df) Linea Mini (E.3.012) | grafikus-coffeetec.de","isPartOf":{"@id":"https:\/\/grafikus-coffeetec.de\/#website"},"primaryImageOfPage":{"@id":"https:\/\/grafikus-coffeetec.de\/produkt\/la-marzocco-manometer-0-3-bar-weiss-linea-mini-e-3-012\/#primaryimage"},"image":{"@id":"https:\/\/grafikus-coffeetec.de\/produkt\/la-marzocco-manometer-0-3-bar-weiss-linea-mini-e-3-012\/#primaryimage"},"thumbnailUrl":"https:\/\/grafikus-coffeetec.de\/wp-content\/uploads\/2026\/01\/Manometer_0bis3Bar.jpg","datePublished":"2026-01-15T14:06:05+00:00","dateModified":"2026-01-15T14:35:39+00:00","description":"Original La Marzocco Manometer mit 0-3 Bar und wei\u00dfen ZiffernblattPassend f\u00fcr folgende Maschinen: Linea Mini","breadcrumb":{"@id":"https:\/\/grafikus-coffeetec.de\/produkt\/la-marzocco-manometer-0-3-bar-weiss-linea-mini-e-3-012\/#breadcrumb"},"inLanguage":"en-US","potentialAction":[{"@type":"ReadAction","target":["https:\/\/grafikus-coffeetec.de\/produkt\/la-marzocco-manometer-0-3-bar-weiss-linea-mini-e-3-012\/"]}]},{"@type":"ImageObject","inLanguage":"en-US","@id":"https:\/\/grafikus-coffeetec.de\/produkt\/la-marzocco-manometer-0-3-bar-weiss-linea-mini-e-3-012\/#primaryimage","url":"https:\/\/grafikus-coffeetec.de\/wp-content\/uploads\/2026\/01\/Manometer_0bis3Bar.jpg","contentUrl":"https:\/\/grafikus-coffeetec.de\/wp-content\/uploads\/2026\/01\/Manometer_0bis3Bar.jpg","width":396,"height":396,"caption":"La Marzocco Manometer 0-3 Bar (wei\u00df) Linea Mini (E.3.012)"},{"@type":"BreadcrumbList","@id":"https:\/\/grafikus-coffeetec.de\/produkt\/la-marzocco-manometer-0-3-bar-weiss-linea-mini-e-3-012\/#breadcrumb","itemListElement":[{"@type":"ListItem","position":1,"name":"Startseite","item":"https:\/\/grafikus-coffeetec.de\/"},{"@type":"ListItem","position":2,"name":"Startseite","item":"https:\/\/grafikus-coffeetec.de\/"},{"@type":"ListItem","position":3,"name":"La Marzocco Manometer 0-3 Bar (wei\u00df) Linea Mini (E.3.012)"}]},{"@type":"WebSite","@id":"https:\/\/grafikus-coffeetec.de\/#website","url":"https:\/\/grafikus-coffeetec.de\/","name":"grafikus-coffeetec.de","description":"Your specialist for high-quality accessories and conversions","publisher":{"@id":"https:\/\/grafikus-coffeetec.de\/#organization"},"potentialAction":[{"@type":"SearchAction","target":{"@type":"EntryPoint","urlTemplate":"https:\/\/grafikus-coffeetec.de\/?s={search_term_string}"},"query-input":{"@type":"PropertyValueSpecification","valueRequired":true,"valueName":"search_term_string"}}],"inLanguage":"en-US"},{"@type":"Organization","@id":"https:\/\/grafikus-coffeetec.de\/#organization","name":"Graphics company Coffeetec","url":"https:\/\/grafikus-coffeetec.de\/","logo":{"@type":"ImageObject","inLanguage":"en-US","@id":"https:\/\/grafikus-coffeetec.de\/#\/schema\/logo\/image\/","url":"https:\/\/grafikus-coffeetec.de\/wp-content\/uploads\/2020\/05\/Logo_Grafikus-Coffeetec.svg","contentUrl":"https:\/\/grafikus-coffeetec.de\/wp-content\/uploads\/2020\/05\/Logo_Grafikus-Coffeetec.svg","width":"1024","height":"1024","caption":"Grafikus Coffeetec"},"image":{"@id":"https:\/\/grafikus-coffeetec.de\/#\/schema\/logo\/image\/"},"sameAs":["https:\/\/www.instagram.com\/grafikus_coffeetec\/"]}]}},"_links":{"self":[{"href":"https:\/\/grafikus-coffeetec.de\/en\/wp-json\/wp\/v2\/product\/6795","targetHints":{"allow":["GET"]}}],"collection":[{"href":"https:\/\/grafikus-coffeetec.de\/en\/wp-json\/wp\/v2\/product"}],"about":[{"href":"https:\/\/grafikus-coffeetec.de\/en\/wp-json\/wp\/v2\/types\/product"}],"replies":[{"embeddable":true,"href":"https:\/\/grafikus-coffeetec.de\/en\/wp-json\/wp\/v2\/comments?post=6795"}],"wp:featuredmedia":[{"embeddable":true,"href":"https:\/\/grafikus-coffeetec.de\/en\/wp-json\/wp\/v2\/media\/6798"}],"wp:attachment":[{"href":"https:\/\/grafikus-coffeetec.de\/en\/wp-json\/wp\/v2\/media?parent=6795"}],"wp:term":[{"taxonomy":"product_brand","embeddable":true,"href":"https:\/\/grafikus-coffeetec.de\/en\/wp-json\/wp\/v2\/product_brand?post=6795"},{"taxonomy":"product_cat","embeddable":true,"href":"https:\/\/grafikus-coffeetec.de\/en\/wp-json\/wp\/v2\/product_cat?post=6795"},{"taxonomy":"product_tag","embeddable":true,"href":"https:\/\/grafikus-coffeetec.de\/en\/wp-json\/wp\/v2\/product_tag?post=6795"}],"curies":[{"name":"wp","href":"https:\/\/api.w.org\/{rel}","templated":true}]}}