{"id":5966,"date":"2025-08-27T13:23:27","date_gmt":"2025-08-27T11:23:27","guid":{"rendered":"https:\/\/grafikus-coffeetec.de\/?post_type=product&#038;p=5966"},"modified":"2026-01-18T14:41:25","modified_gmt":"2026-01-18T13:41:25","slug":"la-marzocco-kugelhahn-g3-8m-auf-g3-8f-l164-02","status":"publish","type":"product","link":"https:\/\/grafikus-coffeetec.de\/en\/product\/la-marzocco-kugelhahn-g3-8m-auf-g3-8f-l164-02\/","title":{"rendered":"La Marzocco ball valve G3\/8M to G3\/8F (L164.02)"},"content":{"rendered":"<p>Original La Marzocco La Marzocco ball valve G3\/8M to G3\/8F<\/p>\n<p>This ball valve is used on various La Marzocco machines on brewing and steam boilers. The valve allows for easy and safe emptying of the brewing boiler, significantly simplifying maintenance and cleaning. The valve allows for controlled water drainage and prevents accidental leakage.<\/p>\n<p>Suitable for the following La Marzocco machines: GS3 AV, GS3 MP, GB5 XS, GB5-FB80, GS3, KB90, LCS, LINEA-FB70, LINEA PB, MODBAR NEW STEAM, STRADA X, STRADA X 1GR<\/p>\n<p>Scope of delivery:<br \/>\n1x La Marzocco ball valve G3\/8M to G3\/8F<\/p>\n<p>Item number: L164.02<\/p>\n<p>&nbsp;<\/p>\n<p><strong>Manufacturer information<\/strong><br \/>\nManufacturer: La Marzocco Srl<br \/>\nAddress: Via La Torre 14\/H, 50038 Scarperia e San Piero (FI), Italy<br \/>\nContact: info@lamarzocco.com | www.lamarzocco.com<\/p>","protected":false},"excerpt":{"rendered":"<p>Original La Marzocco La Marzocco Ball Valve G3\/8M to G3\/8F. This ball valve is used on various La Marzocco machines on the brewing and steam boilers. The valve allows the brewing boiler to be easily and safely emptied, making maintenance and cleaning much easier. The valve allows for controlled water drainage and prevents accidental leakage. Suitable for the following La Marzocco machines:<\/p>","protected":false},"featured_media":5967,"comment_status":"open","ping_status":"closed","template":"","meta":{"_acf_changed":false,"inline_featured_image":false},"product_brand":[],"product_cat":[68,222,180,64,62,190],"product_tag":[168,543,233,65,227,253,542,207,294,209,246,295,170,205,297,169],"class_list":{"0":"post-5966","1":"product","2":"type-product","3":"status-publish","4":"has-post-thumbnail","6":"product_cat-gs3-av","7":"product_cat-gs3-ersatzteile","8":"product_cat-lamarzocco-ersatzteile","9":"product_cat-lamarzocco-gs3","10":"product_cat-linea-mini","11":"product_cat-la-marzocco-zubehoer","12":"product_tag-ersatzteile","13":"product_tag-gb5-x-s","14":"product_tag-gb5-fb80","15":"product_tag-gs3","16":"product_tag-heizung","17":"product_tag-heizung-bruehboiler","18":"product_tag-heizung-dampfboiler","19":"product_tag-kb90","20":"product_tag-lcs","21":"product_tag-linea-pb","22":"product_tag-linea-fb70","23":"product_tag-modbar-new-steam","24":"product_tag-modifkation","25":"product_tag-strada-x","26":"product_tag-strada-x-1gr","27":"product_tag-zubehoer","29":"first","30":"instock","31":"sale","32":"taxable","33":"shipping-taxable","34":"purchasable","35":"product-type-simple"},"acf":[],"yoast_head":"<!-- This site is optimized with the Yoast SEO plugin v27.1.1 - https:\/\/yoast.com\/product\/yoast-seo-wordpress\/ -->\n<title>La Marzocco Kugelhahn G3\/8M auf G3\/8F (L164.02) | grafikus-coffeetec.de<\/title>\n<meta name=\"description\" content=\"Dieser Kugelhahn wird bei verschiedenen La Marzocco Maschinen an Br\u00fch- und Dampfboilern eingesetzt. \u00dcber den Hahn l\u00e4sst sich der Br\u00fchboiler einfach und sicher entleeren, was Wartung und Reinigung deutlich erleichtert. Der Hahn erm\u00f6glicht ein kontrolliertes Ablassen von Wasser und verhindert ungewolltes Auslaufen.\" \/>\n<meta name=\"robots\" content=\"index, follow, max-snippet:-1, max-image-preview:large, max-video-preview:-1\" \/>\n<link rel=\"canonical\" href=\"https:\/\/grafikus-coffeetec.de\/en\/product\/la-marzocco-kugelhahn-g3-8m-auf-g3-8f-l164-02\/\" \/>\n<meta property=\"og:locale\" content=\"en_US\" \/>\n<meta property=\"og:type\" content=\"article\" \/>\n<meta property=\"og:title\" content=\"La Marzocco Kugelhahn G3\/8M auf G3\/8F (L164.02) | grafikus-coffeetec.de\" \/>\n<meta property=\"og:description\" content=\"Dieser Kugelhahn wird bei verschiedenen La Marzocco Maschinen an Br\u00fch- und Dampfboilern eingesetzt. \u00dcber den Hahn l\u00e4sst sich der Br\u00fchboiler einfach und sicher entleeren, was Wartung und Reinigung deutlich erleichtert. Der Hahn erm\u00f6glicht ein kontrolliertes Ablassen von Wasser und verhindert ungewolltes Auslaufen.\" \/>\n<meta property=\"og:url\" content=\"https:\/\/grafikus-coffeetec.de\/en\/product\/la-marzocco-kugelhahn-g3-8m-auf-g3-8f-l164-02\/\" \/>\n<meta property=\"og:site_name\" content=\"grafikus-coffeetec.de\" \/>\n<meta property=\"article:modified_time\" content=\"2026-01-18T13:41:25+00:00\" \/>\n<meta property=\"og:image\" content=\"https:\/\/grafikus-coffeetec.de\/wp-content\/uploads\/2025\/08\/Kugelhahn_L164_02.jpg\" \/>\n\t<meta property=\"og:image:width\" content=\"1000\" \/>\n\t<meta property=\"og:image:height\" content=\"1000\" \/>\n\t<meta property=\"og:image:type\" content=\"image\/jpeg\" \/>\n<meta name=\"twitter:card\" content=\"summary_large_image\" \/>\n<meta name=\"twitter:label1\" content=\"Est. reading time\" \/>\n\t<meta name=\"twitter:data1\" content=\"1 minute\" \/>\n<script type=\"application\/ld+json\" class=\"yoast-schema-graph\">{\"@context\":\"https:\/\/schema.org\",\"@graph\":[{\"@type\":\"WebPage\",\"@id\":\"https:\/\/grafikus-coffeetec.de\/produkt\/la-marzocco-kugelhahn-g3-8m-auf-g3-8f-l164-02\/\",\"url\":\"https:\/\/grafikus-coffeetec.de\/produkt\/la-marzocco-kugelhahn-g3-8m-auf-g3-8f-l164-02\/\",\"name\":\"La Marzocco Kugelhahn G3\/8M auf G3\/8F (L164.02) | grafikus-coffeetec.de\",\"isPartOf\":{\"@id\":\"https:\/\/grafikus-coffeetec.de\/#website\"},\"primaryImageOfPage\":{\"@id\":\"https:\/\/grafikus-coffeetec.de\/produkt\/la-marzocco-kugelhahn-g3-8m-auf-g3-8f-l164-02\/#primaryimage\"},\"image\":{\"@id\":\"https:\/\/grafikus-coffeetec.de\/produkt\/la-marzocco-kugelhahn-g3-8m-auf-g3-8f-l164-02\/#primaryimage\"},\"thumbnailUrl\":\"https:\/\/grafikus-coffeetec.de\/wp-content\/uploads\/2025\/08\/Kugelhahn_L164_02.jpg\",\"datePublished\":\"2025-08-27T11:23:27+00:00\",\"dateModified\":\"2026-01-18T13:41:25+00:00\",\"description\":\"Dieser Kugelhahn wird bei verschiedenen La Marzocco Maschinen an Br\u00fch- und Dampfboilern eingesetzt. \u00dcber den Hahn l\u00e4sst sich der Br\u00fchboiler einfach und sicher entleeren, was Wartung und Reinigung deutlich erleichtert. Der Hahn erm\u00f6glicht ein kontrolliertes Ablassen von Wasser und verhindert ungewolltes Auslaufen.\",\"breadcrumb\":{\"@id\":\"https:\/\/grafikus-coffeetec.de\/produkt\/la-marzocco-kugelhahn-g3-8m-auf-g3-8f-l164-02\/#breadcrumb\"},\"inLanguage\":\"en-US\",\"potentialAction\":[{\"@type\":\"ReadAction\",\"target\":[\"https:\/\/grafikus-coffeetec.de\/produkt\/la-marzocco-kugelhahn-g3-8m-auf-g3-8f-l164-02\/\"]}]},{\"@type\":\"ImageObject\",\"inLanguage\":\"en-US\",\"@id\":\"https:\/\/grafikus-coffeetec.de\/produkt\/la-marzocco-kugelhahn-g3-8m-auf-g3-8f-l164-02\/#primaryimage\",\"url\":\"https:\/\/grafikus-coffeetec.de\/wp-content\/uploads\/2025\/08\/Kugelhahn_L164_02.jpg\",\"contentUrl\":\"https:\/\/grafikus-coffeetec.de\/wp-content\/uploads\/2025\/08\/Kugelhahn_L164_02.jpg\",\"width\":1000,\"height\":1000,\"caption\":\"La Marzocco Kugelhahn G3\/8M auf G3\/8F (L164.02)\"},{\"@type\":\"BreadcrumbList\",\"@id\":\"https:\/\/grafikus-coffeetec.de\/produkt\/la-marzocco-kugelhahn-g3-8m-auf-g3-8f-l164-02\/#breadcrumb\",\"itemListElement\":[{\"@type\":\"ListItem\",\"position\":1,\"name\":\"Startseite\",\"item\":\"https:\/\/grafikus-coffeetec.de\/\"},{\"@type\":\"ListItem\",\"position\":2,\"name\":\"Startseite\",\"item\":\"https:\/\/grafikus-coffeetec.de\/\"},{\"@type\":\"ListItem\",\"position\":3,\"name\":\"La Marzocco Kugelhahn G3\/8M auf G3\/8F (L164.02)\"}]},{\"@type\":\"WebSite\",\"@id\":\"https:\/\/grafikus-coffeetec.de\/#website\",\"url\":\"https:\/\/grafikus-coffeetec.de\/\",\"name\":\"grafikus-coffeetec.de\",\"description\":\"Ihr Spezialist f\u00fcr hochwertiges Zubeh\u00f6r und Umbauten\",\"publisher\":{\"@id\":\"https:\/\/grafikus-coffeetec.de\/#organization\"},\"potentialAction\":[{\"@type\":\"SearchAction\",\"target\":{\"@type\":\"EntryPoint\",\"urlTemplate\":\"https:\/\/grafikus-coffeetec.de\/?s={search_term_string}\"},\"query-input\":{\"@type\":\"PropertyValueSpecification\",\"valueRequired\":true,\"valueName\":\"search_term_string\"}}],\"inLanguage\":\"en-US\"},{\"@type\":\"Organization\",\"@id\":\"https:\/\/grafikus-coffeetec.de\/#organization\",\"name\":\"Grafikus Coffeetec\",\"url\":\"https:\/\/grafikus-coffeetec.de\/\",\"logo\":{\"@type\":\"ImageObject\",\"inLanguage\":\"en-US\",\"@id\":\"https:\/\/grafikus-coffeetec.de\/#\/schema\/logo\/image\/\",\"url\":\"https:\/\/grafikus-coffeetec.de\/wp-content\/uploads\/2020\/05\/Logo_Grafikus-Coffeetec.svg\",\"contentUrl\":\"https:\/\/grafikus-coffeetec.de\/wp-content\/uploads\/2020\/05\/Logo_Grafikus-Coffeetec.svg\",\"width\":\"1024\",\"height\":\"1024\",\"caption\":\"Grafikus Coffeetec\"},\"image\":{\"@id\":\"https:\/\/grafikus-coffeetec.de\/#\/schema\/logo\/image\/\"},\"sameAs\":[\"https:\/\/www.instagram.com\/grafikus_coffeetec\/\"]}]}<\/script>\n<!-- \/ Yoast SEO plugin. -->","yoast_head_json":{"title":"La Marzocco Kugelhahn G3\/8M auf G3\/8F (L164.02) | grafikus-coffeetec.de","description":"This ball valve is used on various La Marzocco machines on brewing and steam boilers. The valve allows for easy and safe emptying of the brewing boiler, significantly simplifying maintenance and cleaning. The valve allows for controlled water drainage and prevents accidental leakage.","robots":{"index":"index","follow":"follow","max-snippet":"max-snippet:-1","max-image-preview":"max-image-preview:large","max-video-preview":"max-video-preview:-1"},"canonical":"https:\/\/grafikus-coffeetec.de\/en\/product\/la-marzocco-kugelhahn-g3-8m-auf-g3-8f-l164-02\/","og_locale":"en_US","og_type":"article","og_title":"La Marzocco Kugelhahn G3\/8M auf G3\/8F (L164.02) | grafikus-coffeetec.de","og_description":"Dieser Kugelhahn wird bei verschiedenen La Marzocco Maschinen an Br\u00fch- und Dampfboilern eingesetzt. \u00dcber den Hahn l\u00e4sst sich der Br\u00fchboiler einfach und sicher entleeren, was Wartung und Reinigung deutlich erleichtert. Der Hahn erm\u00f6glicht ein kontrolliertes Ablassen von Wasser und verhindert ungewolltes Auslaufen.","og_url":"https:\/\/grafikus-coffeetec.de\/en\/product\/la-marzocco-kugelhahn-g3-8m-auf-g3-8f-l164-02\/","og_site_name":"grafikus-coffeetec.de","article_modified_time":"2026-01-18T13:41:25+00:00","og_image":[{"width":1000,"height":1000,"url":"https:\/\/grafikus-coffeetec.de\/wp-content\/uploads\/2025\/08\/Kugelhahn_L164_02.jpg","type":"image\/jpeg"}],"twitter_card":"summary_large_image","twitter_misc":{"Est. reading time":"1 minute"},"schema":{"@context":"https:\/\/schema.org","@graph":[{"@type":"WebPage","@id":"https:\/\/grafikus-coffeetec.de\/produkt\/la-marzocco-kugelhahn-g3-8m-auf-g3-8f-l164-02\/","url":"https:\/\/grafikus-coffeetec.de\/produkt\/la-marzocco-kugelhahn-g3-8m-auf-g3-8f-l164-02\/","name":"La Marzocco Kugelhahn G3\/8M auf G3\/8F (L164.02) | grafikus-coffeetec.de","isPartOf":{"@id":"https:\/\/grafikus-coffeetec.de\/#website"},"primaryImageOfPage":{"@id":"https:\/\/grafikus-coffeetec.de\/produkt\/la-marzocco-kugelhahn-g3-8m-auf-g3-8f-l164-02\/#primaryimage"},"image":{"@id":"https:\/\/grafikus-coffeetec.de\/produkt\/la-marzocco-kugelhahn-g3-8m-auf-g3-8f-l164-02\/#primaryimage"},"thumbnailUrl":"https:\/\/grafikus-coffeetec.de\/wp-content\/uploads\/2025\/08\/Kugelhahn_L164_02.jpg","datePublished":"2025-08-27T11:23:27+00:00","dateModified":"2026-01-18T13:41:25+00:00","description":"This ball valve is used on various La Marzocco machines on brewing and steam boilers. The valve allows for easy and safe emptying of the brewing boiler, significantly simplifying maintenance and cleaning. The valve allows for controlled water drainage and prevents accidental leakage.","breadcrumb":{"@id":"https:\/\/grafikus-coffeetec.de\/produkt\/la-marzocco-kugelhahn-g3-8m-auf-g3-8f-l164-02\/#breadcrumb"},"inLanguage":"en-US","potentialAction":[{"@type":"ReadAction","target":["https:\/\/grafikus-coffeetec.de\/produkt\/la-marzocco-kugelhahn-g3-8m-auf-g3-8f-l164-02\/"]}]},{"@type":"ImageObject","inLanguage":"en-US","@id":"https:\/\/grafikus-coffeetec.de\/produkt\/la-marzocco-kugelhahn-g3-8m-auf-g3-8f-l164-02\/#primaryimage","url":"https:\/\/grafikus-coffeetec.de\/wp-content\/uploads\/2025\/08\/Kugelhahn_L164_02.jpg","contentUrl":"https:\/\/grafikus-coffeetec.de\/wp-content\/uploads\/2025\/08\/Kugelhahn_L164_02.jpg","width":1000,"height":1000,"caption":"La Marzocco Kugelhahn G3\/8M auf G3\/8F (L164.02)"},{"@type":"BreadcrumbList","@id":"https:\/\/grafikus-coffeetec.de\/produkt\/la-marzocco-kugelhahn-g3-8m-auf-g3-8f-l164-02\/#breadcrumb","itemListElement":[{"@type":"ListItem","position":1,"name":"Startseite","item":"https:\/\/grafikus-coffeetec.de\/"},{"@type":"ListItem","position":2,"name":"Startseite","item":"https:\/\/grafikus-coffeetec.de\/"},{"@type":"ListItem","position":3,"name":"La Marzocco Kugelhahn G3\/8M auf G3\/8F (L164.02)"}]},{"@type":"WebSite","@id":"https:\/\/grafikus-coffeetec.de\/#website","url":"https:\/\/grafikus-coffeetec.de\/","name":"grafikus-coffeetec.de","description":"Your specialist for high-quality accessories and conversions","publisher":{"@id":"https:\/\/grafikus-coffeetec.de\/#organization"},"potentialAction":[{"@type":"SearchAction","target":{"@type":"EntryPoint","urlTemplate":"https:\/\/grafikus-coffeetec.de\/?s={search_term_string}"},"query-input":{"@type":"PropertyValueSpecification","valueRequired":true,"valueName":"search_term_string"}}],"inLanguage":"en-US"},{"@type":"Organization","@id":"https:\/\/grafikus-coffeetec.de\/#organization","name":"Graphics company Coffeetec","url":"https:\/\/grafikus-coffeetec.de\/","logo":{"@type":"ImageObject","inLanguage":"en-US","@id":"https:\/\/grafikus-coffeetec.de\/#\/schema\/logo\/image\/","url":"https:\/\/grafikus-coffeetec.de\/wp-content\/uploads\/2020\/05\/Logo_Grafikus-Coffeetec.svg","contentUrl":"https:\/\/grafikus-coffeetec.de\/wp-content\/uploads\/2020\/05\/Logo_Grafikus-Coffeetec.svg","width":"1024","height":"1024","caption":"Grafikus Coffeetec"},"image":{"@id":"https:\/\/grafikus-coffeetec.de\/#\/schema\/logo\/image\/"},"sameAs":["https:\/\/www.instagram.com\/grafikus_coffeetec\/"]}]}},"_links":{"self":[{"href":"https:\/\/grafikus-coffeetec.de\/en\/wp-json\/wp\/v2\/product\/5966","targetHints":{"allow":["GET"]}}],"collection":[{"href":"https:\/\/grafikus-coffeetec.de\/en\/wp-json\/wp\/v2\/product"}],"about":[{"href":"https:\/\/grafikus-coffeetec.de\/en\/wp-json\/wp\/v2\/types\/product"}],"replies":[{"embeddable":true,"href":"https:\/\/grafikus-coffeetec.de\/en\/wp-json\/wp\/v2\/comments?post=5966"}],"wp:featuredmedia":[{"embeddable":true,"href":"https:\/\/grafikus-coffeetec.de\/en\/wp-json\/wp\/v2\/media\/5967"}],"wp:attachment":[{"href":"https:\/\/grafikus-coffeetec.de\/en\/wp-json\/wp\/v2\/media?parent=5966"}],"wp:term":[{"taxonomy":"product_brand","embeddable":true,"href":"https:\/\/grafikus-coffeetec.de\/en\/wp-json\/wp\/v2\/product_brand?post=5966"},{"taxonomy":"product_cat","embeddable":true,"href":"https:\/\/grafikus-coffeetec.de\/en\/wp-json\/wp\/v2\/product_cat?post=5966"},{"taxonomy":"product_tag","embeddable":true,"href":"https:\/\/grafikus-coffeetec.de\/en\/wp-json\/wp\/v2\/product_tag?post=5966"}],"curies":[{"name":"wp","href":"https:\/\/api.w.org\/{rel}","templated":true}]}}