{"id":5945,"date":"2025-08-24T12:42:25","date_gmt":"2025-08-24T10:42:25","guid":{"rendered":"https:\/\/grafikus-coffeetec.de\/?post_type=product&#038;p=5945"},"modified":"2025-12-09T16:11:28","modified_gmt":"2025-12-09T15:11:28","slug":"mahlkoenig-bohnenbehaelter-025kg-fuer-ek43-43s-701553","status":"publish","type":"product","link":"https:\/\/grafikus-coffeetec.de\/en\/product\/mahlkoenig-bohnenbehaelter-025kg-fuer-ek43-43s-701553\/","title":{"rendered":"Mahlk\u00f6nig bean container 0.25 kg for EK43\/43S (701553)"},"content":{"rendered":"<p>Original Mahlk\u00f6nig bean hopper \/ bean container \u2013 250 g<\/p>\n<p>This small Mahlk\u00f6nig bean hopper with a capacity of 250 g is only suitable for the Mahlk\u00f6nig EK43 and EK43S models.<\/p>\n<p>For comparison:<br \/>\nThe standard bean container of the EK43 holds 1.5 kg.<br \/>\nThe standard bean attachment of the EK43S holds 0.8 kg.<\/p>\n<p>Both standard containers are only of limited use for home use due to their volume and height. In addition to the filling funnel I developed in the <a href=\"https:\/\/grafikus-coffeetec.de\/en\/product\/einfuelltrichter-ek43-form-1\/\" target=\"_blank\" rel=\"noopener\">round shape 1<\/a> and the <a href=\"https:\/\/grafikus-coffeetec.de\/en\/product\/einfuelltrichter-ek43-form-2\/\" target=\"_blank\" rel=\"noopener\">square shape 2<\/a> This original 250 g coffee funnel from Mahlk\u00f6nig therefore represents another alternative.<\/p>\n<p>The bean hopper features a spring-loaded slide that automatically returns to its original position after being activated. This prevents beans from accidentally entering the grinding chamber when the hopper is in the resting position.<\/p>\n<p>Scope of delivery:<br \/>\n1 \u00d7 complete bean hopper in black with white logo, 250 g capacity<\/p>\n<p>Item number: 701553<\/p>","protected":false},"excerpt":{"rendered":"<p>Original Mahlk\u00f6nig Bean Hopper \/ Bean Container \u2013 250 g This small Mahlk\u00f6nig bean hopper with a capacity of 250 g is exclusively suitable for the Mahlk\u00f6nig EK43 and EK43S models. For comparison: The standard bean hopper for the EK43 holds 1.5 kg. The standard bean attachment for the EK43S holds 0.8 kg. Both standard containers are limited by their volume and height...<\/p>","protected":false},"featured_media":5946,"comment_status":"open","ping_status":"closed","template":"","meta":{"_acf_changed":false,"inline_featured_image":false},"product_brand":[],"product_cat":[57],"product_tag":[537,107,503,510,127,513,511,470,538,58,54,128,504,169],"class_list":{"0":"post-5945","1":"product","2":"type-product","3":"status-publish","4":"has-post-thumbnail","6":"product_cat-mahlkoenig-ek43-ek43s","7":"product_tag-250-gr","8":"product_tag-bohnenbehaelter","9":"product_tag-ek43-s","10":"product_tag-ek43-s-weiss","11":"product_tag-ek43s","12":"product_tag-ek43s-schwarz","13":"product_tag-ek43s-weiss","14":"product_tag-espressomuehle","15":"product_tag-hopper","16":"product_tag-mahlgutbehaelter","17":"product_tag-mahlkoenig","18":"product_tag-mahlkoenig-ek43s","19":"product_tag-single-dosing","20":"product_tag-zubehoer","22":"first","23":"outofstock","24":"sale","25":"taxable","26":"shipping-taxable","27":"purchasable","28":"product-type-simple"},"acf":[],"yoast_head":"<!-- This site is optimized with the Yoast SEO plugin v27.1.1 - https:\/\/yoast.com\/product\/yoast-seo-wordpress\/ -->\n<title>Mahlk\u00f6nig Bohnenbeh\u00e4lter 0,25kg f\u00fcr EK43\/43S (701553) | grafikus-coffeetec.de<\/title>\n<meta name=\"description\" content=\"Dieser kleine Mahlk\u00f6nig Bohnentrichter mit einem Fassungsverm\u00f6gen von 250 g ist ausschlie\u00dflich passend f\u00fcr die Modelle Mahlk\u00f6nig EK43 und EK43S.\" \/>\n<meta name=\"robots\" content=\"index, follow, max-snippet:-1, max-image-preview:large, max-video-preview:-1\" \/>\n<link rel=\"canonical\" href=\"https:\/\/grafikus-coffeetec.de\/en\/product\/mahlkoenig-bohnenbehaelter-025kg-fuer-ek43-43s-701553\/\" \/>\n<meta property=\"og:locale\" content=\"en_US\" \/>\n<meta property=\"og:type\" content=\"article\" \/>\n<meta property=\"og:title\" content=\"Mahlk\u00f6nig Bohnenbeh\u00e4lter 0,25kg f\u00fcr EK43\/43S (701553) | grafikus-coffeetec.de\" \/>\n<meta property=\"og:description\" content=\"Dieser kleine Mahlk\u00f6nig Bohnentrichter mit einem Fassungsverm\u00f6gen von 250 g ist ausschlie\u00dflich passend f\u00fcr die Modelle Mahlk\u00f6nig EK43 und EK43S.\" \/>\n<meta property=\"og:url\" content=\"https:\/\/grafikus-coffeetec.de\/en\/product\/mahlkoenig-bohnenbehaelter-025kg-fuer-ek43-43s-701553\/\" \/>\n<meta property=\"og:site_name\" content=\"grafikus-coffeetec.de\" \/>\n<meta property=\"article:modified_time\" content=\"2025-12-09T15:11:28+00:00\" \/>\n<meta property=\"og:image\" content=\"https:\/\/grafikus-coffeetec.de\/wp-content\/uploads\/2025\/08\/EK43s-Bohnenbehaelter_025kg.jpg\" \/>\n\t<meta property=\"og:image:width\" content=\"1000\" \/>\n\t<meta property=\"og:image:height\" content=\"1000\" \/>\n\t<meta property=\"og:image:type\" content=\"image\/jpeg\" \/>\n<meta name=\"twitter:card\" content=\"summary_large_image\" \/>\n<meta name=\"twitter:label1\" content=\"Est. reading time\" \/>\n\t<meta name=\"twitter:data1\" content=\"1 minute\" \/>\n<script type=\"application\/ld+json\" class=\"yoast-schema-graph\">{\"@context\":\"https:\/\/schema.org\",\"@graph\":[{\"@type\":\"WebPage\",\"@id\":\"https:\/\/grafikus-coffeetec.de\/produkt\/mahlkoenig-bohnenbehaelter-025kg-fuer-ek43-43s-701553\/\",\"url\":\"https:\/\/grafikus-coffeetec.de\/produkt\/mahlkoenig-bohnenbehaelter-025kg-fuer-ek43-43s-701553\/\",\"name\":\"Mahlk\u00f6nig Bohnenbeh\u00e4lter 0,25kg f\u00fcr EK43\/43S (701553) | grafikus-coffeetec.de\",\"isPartOf\":{\"@id\":\"https:\/\/grafikus-coffeetec.de\/#website\"},\"primaryImageOfPage\":{\"@id\":\"https:\/\/grafikus-coffeetec.de\/produkt\/mahlkoenig-bohnenbehaelter-025kg-fuer-ek43-43s-701553\/#primaryimage\"},\"image\":{\"@id\":\"https:\/\/grafikus-coffeetec.de\/produkt\/mahlkoenig-bohnenbehaelter-025kg-fuer-ek43-43s-701553\/#primaryimage\"},\"thumbnailUrl\":\"https:\/\/grafikus-coffeetec.de\/wp-content\/uploads\/2025\/08\/EK43s-Bohnenbehaelter_025kg.jpg\",\"datePublished\":\"2025-08-24T10:42:25+00:00\",\"dateModified\":\"2025-12-09T15:11:28+00:00\",\"description\":\"Dieser kleine Mahlk\u00f6nig Bohnentrichter mit einem Fassungsverm\u00f6gen von 250 g ist ausschlie\u00dflich passend f\u00fcr die Modelle Mahlk\u00f6nig EK43 und EK43S.\",\"breadcrumb\":{\"@id\":\"https:\/\/grafikus-coffeetec.de\/produkt\/mahlkoenig-bohnenbehaelter-025kg-fuer-ek43-43s-701553\/#breadcrumb\"},\"inLanguage\":\"en-US\",\"potentialAction\":[{\"@type\":\"ReadAction\",\"target\":[\"https:\/\/grafikus-coffeetec.de\/produkt\/mahlkoenig-bohnenbehaelter-025kg-fuer-ek43-43s-701553\/\"]}]},{\"@type\":\"ImageObject\",\"inLanguage\":\"en-US\",\"@id\":\"https:\/\/grafikus-coffeetec.de\/produkt\/mahlkoenig-bohnenbehaelter-025kg-fuer-ek43-43s-701553\/#primaryimage\",\"url\":\"https:\/\/grafikus-coffeetec.de\/wp-content\/uploads\/2025\/08\/EK43s-Bohnenbehaelter_025kg.jpg\",\"contentUrl\":\"https:\/\/grafikus-coffeetec.de\/wp-content\/uploads\/2025\/08\/EK43s-Bohnenbehaelter_025kg.jpg\",\"width\":1000,\"height\":1000,\"caption\":\"Mahlk\u00f6nig Bohnenbeh\u00e4lter 0,25kg f\u00fcr EK43\/43S (701553)\"},{\"@type\":\"BreadcrumbList\",\"@id\":\"https:\/\/grafikus-coffeetec.de\/produkt\/mahlkoenig-bohnenbehaelter-025kg-fuer-ek43-43s-701553\/#breadcrumb\",\"itemListElement\":[{\"@type\":\"ListItem\",\"position\":1,\"name\":\"Startseite\",\"item\":\"https:\/\/grafikus-coffeetec.de\/\"},{\"@type\":\"ListItem\",\"position\":2,\"name\":\"Startseite\",\"item\":\"https:\/\/grafikus-coffeetec.de\/\"},{\"@type\":\"ListItem\",\"position\":3,\"name\":\"Mahlk\u00f6nig Bohnenbeh\u00e4lter 0,25kg f\u00fcr EK43\/43S (701553)\"}]},{\"@type\":\"WebSite\",\"@id\":\"https:\/\/grafikus-coffeetec.de\/#website\",\"url\":\"https:\/\/grafikus-coffeetec.de\/\",\"name\":\"grafikus-coffeetec.de\",\"description\":\"Ihr Spezialist f\u00fcr hochwertiges Zubeh\u00f6r und Umbauten\",\"publisher\":{\"@id\":\"https:\/\/grafikus-coffeetec.de\/#organization\"},\"potentialAction\":[{\"@type\":\"SearchAction\",\"target\":{\"@type\":\"EntryPoint\",\"urlTemplate\":\"https:\/\/grafikus-coffeetec.de\/?s={search_term_string}\"},\"query-input\":{\"@type\":\"PropertyValueSpecification\",\"valueRequired\":true,\"valueName\":\"search_term_string\"}}],\"inLanguage\":\"en-US\"},{\"@type\":\"Organization\",\"@id\":\"https:\/\/grafikus-coffeetec.de\/#organization\",\"name\":\"Grafikus Coffeetec\",\"url\":\"https:\/\/grafikus-coffeetec.de\/\",\"logo\":{\"@type\":\"ImageObject\",\"inLanguage\":\"en-US\",\"@id\":\"https:\/\/grafikus-coffeetec.de\/#\/schema\/logo\/image\/\",\"url\":\"https:\/\/grafikus-coffeetec.de\/wp-content\/uploads\/2020\/05\/Logo_Grafikus-Coffeetec.svg\",\"contentUrl\":\"https:\/\/grafikus-coffeetec.de\/wp-content\/uploads\/2020\/05\/Logo_Grafikus-Coffeetec.svg\",\"width\":\"1024\",\"height\":\"1024\",\"caption\":\"Grafikus Coffeetec\"},\"image\":{\"@id\":\"https:\/\/grafikus-coffeetec.de\/#\/schema\/logo\/image\/\"},\"sameAs\":[\"https:\/\/www.instagram.com\/grafikus_coffeetec\/\"]}]}<\/script>\n<!-- \/ Yoast SEO plugin. -->","yoast_head_json":{"title":"Mahlk\u00f6nig Bean Hopper 0.25kg for EK43\/43S (701553) | grafikus-coffeetec.de","description":"This small Mahlk\u00f6nig bean hopper with a capacity of 250 g is only suitable for the Mahlk\u00f6nig EK43 and EK43S models.","robots":{"index":"index","follow":"follow","max-snippet":"max-snippet:-1","max-image-preview":"max-image-preview:large","max-video-preview":"max-video-preview:-1"},"canonical":"https:\/\/grafikus-coffeetec.de\/en\/product\/mahlkoenig-bohnenbehaelter-025kg-fuer-ek43-43s-701553\/","og_locale":"en_US","og_type":"article","og_title":"Mahlk\u00f6nig Bohnenbeh\u00e4lter 0,25kg f\u00fcr EK43\/43S (701553) | grafikus-coffeetec.de","og_description":"Dieser kleine Mahlk\u00f6nig Bohnentrichter mit einem Fassungsverm\u00f6gen von 250 g ist ausschlie\u00dflich passend f\u00fcr die Modelle Mahlk\u00f6nig EK43 und EK43S.","og_url":"https:\/\/grafikus-coffeetec.de\/en\/product\/mahlkoenig-bohnenbehaelter-025kg-fuer-ek43-43s-701553\/","og_site_name":"grafikus-coffeetec.de","article_modified_time":"2025-12-09T15:11:28+00:00","og_image":[{"width":1000,"height":1000,"url":"https:\/\/grafikus-coffeetec.de\/wp-content\/uploads\/2025\/08\/EK43s-Bohnenbehaelter_025kg.jpg","type":"image\/jpeg"}],"twitter_card":"summary_large_image","twitter_misc":{"Est. reading time":"1 minute"},"schema":{"@context":"https:\/\/schema.org","@graph":[{"@type":"WebPage","@id":"https:\/\/grafikus-coffeetec.de\/produkt\/mahlkoenig-bohnenbehaelter-025kg-fuer-ek43-43s-701553\/","url":"https:\/\/grafikus-coffeetec.de\/produkt\/mahlkoenig-bohnenbehaelter-025kg-fuer-ek43-43s-701553\/","name":"Mahlk\u00f6nig Bean Hopper 0.25kg for EK43\/43S (701553) | grafikus-coffeetec.de","isPartOf":{"@id":"https:\/\/grafikus-coffeetec.de\/#website"},"primaryImageOfPage":{"@id":"https:\/\/grafikus-coffeetec.de\/produkt\/mahlkoenig-bohnenbehaelter-025kg-fuer-ek43-43s-701553\/#primaryimage"},"image":{"@id":"https:\/\/grafikus-coffeetec.de\/produkt\/mahlkoenig-bohnenbehaelter-025kg-fuer-ek43-43s-701553\/#primaryimage"},"thumbnailUrl":"https:\/\/grafikus-coffeetec.de\/wp-content\/uploads\/2025\/08\/EK43s-Bohnenbehaelter_025kg.jpg","datePublished":"2025-08-24T10:42:25+00:00","dateModified":"2025-12-09T15:11:28+00:00","description":"This small Mahlk\u00f6nig bean hopper with a capacity of 250 g is only suitable for the Mahlk\u00f6nig EK43 and EK43S models.","breadcrumb":{"@id":"https:\/\/grafikus-coffeetec.de\/produkt\/mahlkoenig-bohnenbehaelter-025kg-fuer-ek43-43s-701553\/#breadcrumb"},"inLanguage":"en-US","potentialAction":[{"@type":"ReadAction","target":["https:\/\/grafikus-coffeetec.de\/produkt\/mahlkoenig-bohnenbehaelter-025kg-fuer-ek43-43s-701553\/"]}]},{"@type":"ImageObject","inLanguage":"en-US","@id":"https:\/\/grafikus-coffeetec.de\/produkt\/mahlkoenig-bohnenbehaelter-025kg-fuer-ek43-43s-701553\/#primaryimage","url":"https:\/\/grafikus-coffeetec.de\/wp-content\/uploads\/2025\/08\/EK43s-Bohnenbehaelter_025kg.jpg","contentUrl":"https:\/\/grafikus-coffeetec.de\/wp-content\/uploads\/2025\/08\/EK43s-Bohnenbehaelter_025kg.jpg","width":1000,"height":1000,"caption":"Mahlk\u00f6nig Bohnenbeh\u00e4lter 0,25kg f\u00fcr EK43\/43S (701553)"},{"@type":"BreadcrumbList","@id":"https:\/\/grafikus-coffeetec.de\/produkt\/mahlkoenig-bohnenbehaelter-025kg-fuer-ek43-43s-701553\/#breadcrumb","itemListElement":[{"@type":"ListItem","position":1,"name":"Startseite","item":"https:\/\/grafikus-coffeetec.de\/"},{"@type":"ListItem","position":2,"name":"Startseite","item":"https:\/\/grafikus-coffeetec.de\/"},{"@type":"ListItem","position":3,"name":"Mahlk\u00f6nig Bohnenbeh\u00e4lter 0,25kg f\u00fcr EK43\/43S (701553)"}]},{"@type":"WebSite","@id":"https:\/\/grafikus-coffeetec.de\/#website","url":"https:\/\/grafikus-coffeetec.de\/","name":"grafikus-coffeetec.de","description":"Your specialist for high-quality accessories and conversions","publisher":{"@id":"https:\/\/grafikus-coffeetec.de\/#organization"},"potentialAction":[{"@type":"SearchAction","target":{"@type":"EntryPoint","urlTemplate":"https:\/\/grafikus-coffeetec.de\/?s={search_term_string}"},"query-input":{"@type":"PropertyValueSpecification","valueRequired":true,"valueName":"search_term_string"}}],"inLanguage":"en-US"},{"@type":"Organization","@id":"https:\/\/grafikus-coffeetec.de\/#organization","name":"Graphics company Coffeetec","url":"https:\/\/grafikus-coffeetec.de\/","logo":{"@type":"ImageObject","inLanguage":"en-US","@id":"https:\/\/grafikus-coffeetec.de\/#\/schema\/logo\/image\/","url":"https:\/\/grafikus-coffeetec.de\/wp-content\/uploads\/2020\/05\/Logo_Grafikus-Coffeetec.svg","contentUrl":"https:\/\/grafikus-coffeetec.de\/wp-content\/uploads\/2020\/05\/Logo_Grafikus-Coffeetec.svg","width":"1024","height":"1024","caption":"Grafikus Coffeetec"},"image":{"@id":"https:\/\/grafikus-coffeetec.de\/#\/schema\/logo\/image\/"},"sameAs":["https:\/\/www.instagram.com\/grafikus_coffeetec\/"]}]}},"_links":{"self":[{"href":"https:\/\/grafikus-coffeetec.de\/en\/wp-json\/wp\/v2\/product\/5945","targetHints":{"allow":["GET"]}}],"collection":[{"href":"https:\/\/grafikus-coffeetec.de\/en\/wp-json\/wp\/v2\/product"}],"about":[{"href":"https:\/\/grafikus-coffeetec.de\/en\/wp-json\/wp\/v2\/types\/product"}],"replies":[{"embeddable":true,"href":"https:\/\/grafikus-coffeetec.de\/en\/wp-json\/wp\/v2\/comments?post=5945"}],"wp:featuredmedia":[{"embeddable":true,"href":"https:\/\/grafikus-coffeetec.de\/en\/wp-json\/wp\/v2\/media\/5946"}],"wp:attachment":[{"href":"https:\/\/grafikus-coffeetec.de\/en\/wp-json\/wp\/v2\/media?parent=5945"}],"wp:term":[{"taxonomy":"product_brand","embeddable":true,"href":"https:\/\/grafikus-coffeetec.de\/en\/wp-json\/wp\/v2\/product_brand?post=5945"},{"taxonomy":"product_cat","embeddable":true,"href":"https:\/\/grafikus-coffeetec.de\/en\/wp-json\/wp\/v2\/product_cat?post=5945"},{"taxonomy":"product_tag","embeddable":true,"href":"https:\/\/grafikus-coffeetec.de\/en\/wp-json\/wp\/v2\/product_tag?post=5945"}],"curies":[{"name":"wp","href":"https:\/\/api.w.org\/{rel}","templated":true}]}}