{"id":5605,"date":"2025-07-29T17:43:16","date_gmt":"2025-07-29T15:43:16","guid":{"rendered":"https:\/\/grafikus-coffeetec.de\/?post_type=product&#038;p=5605"},"modified":"2026-03-18T12:01:59","modified_gmt":"2026-03-18T11:01:59","slug":"la-marzocco-temperaturfuehler-dampfboiler-linea-micra-linea-mini-r-lcs-e-3-030-r","status":"publish","type":"product","link":"https:\/\/grafikus-coffeetec.de\/en\/product\/la-marzocco-temperaturfuehler-dampfboiler-linea-micra-linea-mini-r-lcs-e-3-030-r\/","title":{"rendered":"La Marzocco temperature sensor steam boiler Linea Micra, Linea Mini R, LCS (E.3.030.R)"},"content":{"rendered":"<p>Original La Marzocco temperature sensor for the steam boiler of the Linea Micra, Linea Mini R and Linea Classic S<\/p>\n<p>This temperature sensor is the new, revised version of the temperature sensor, which comes with a suitable cable harness so that it can be plugged directly into the mainboard.<\/p>\n<p>Compatible with the following machines: Linea Micra, Linea Mini R, LCS<\/p>\n<p>Scope of delivery:<br \/>\n\u2013 La Marzocco temperature sensor steam boiler<br \/>\n\u2013 Wiring harness<\/p>\n<p>Article number: E.3.030.R<\/p>\n<p>&nbsp;<\/p>\n<p><strong>Manufacturer information<\/strong><br \/>\nManufacturer: La Marzocco Srl<br \/>\nAddress: Via La Torre 14\/H, 50038 Scarperia e San Piero (FI), Italy<br \/>\nContact: info@lamarzocco.com | www.lamarzocco.com<\/p>","protected":false},"excerpt":{"rendered":"<p>Original La Marzocco temperature sensor for the steam boiler of the Linea Micra, Linea Mini R, and Linea Classic S. This temperature sensor is the new, revised version of the temperature sensor, which comes with a matching wiring harness so it can be plugged directly into the mainboard. Compatible with the following machines: Linea Micra, Linea Mini R, LCS, etc.<\/p>","protected":false},"featured_media":5606,"comment_status":"open","ping_status":"closed","template":"","meta":{"_acf_changed":false,"inline_featured_image":false},"product_brand":[],"product_cat":[180,258,280],"product_tag":[228,168,372,66,294,517,158,281,170,213,169],"class_list":{"0":"post-5605","1":"product","2":"type-product","3":"status-publish","4":"has-post-thumbnail","6":"product_cat-lamarzocco-ersatzteile","7":"product_cat-linea-micra-ersatzteile","8":"product_cat-linea-mini-r-ersatzteile","9":"product_tag-dampfboiler","10":"product_tag-ersatzteile","11":"product_tag-kabelbaum","12":"product_tag-la-marzocco","13":"product_tag-lcs","14":"product_tag-linea-classic-s","15":"product_tag-linea-micra","16":"product_tag-linea-mini-r","17":"product_tag-modifkation","18":"product_tag-temperaturfuehler","19":"product_tag-zubehoer","21":"first","22":"instock","23":"taxable","24":"shipping-taxable","25":"purchasable","26":"product-type-simple"},"acf":[],"yoast_head":"<!-- This site is optimized with the Yoast SEO plugin v27.1.1 - https:\/\/yoast.com\/product\/yoast-seo-wordpress\/ -->\n<title>La Marzocco Temperaturf\u00fchler Dampfboiler Linea Micra, Linea Mini R, LCS (E.3.030.R) | grafikus-coffeetec.de<\/title>\n<meta name=\"description\" content=\"Original La Marzocco Temperaturf\u00fchler f\u00fcr den Dampfboiler der Linea Micra, Linea Mini R und Linea Classic SBei diesem Temperaturf\u00fchler handelt es sich um die neue, \u00fcberarbeitete Version des Temperaturf\u00fchlers, die mit einem passenden Kabelbaum ausgeliefert wird, sodass er direkt am Mainboard angesteckt werden kann.\" \/>\n<meta name=\"robots\" content=\"index, follow, max-snippet:-1, max-image-preview:large, max-video-preview:-1\" \/>\n<link rel=\"canonical\" href=\"https:\/\/grafikus-coffeetec.de\/en\/product\/la-marzocco-temperaturfuehler-dampfboiler-linea-micra-linea-mini-r-lcs-e-3-030-r\/\" \/>\n<meta property=\"og:locale\" content=\"en_US\" \/>\n<meta property=\"og:type\" content=\"article\" \/>\n<meta property=\"og:title\" content=\"La Marzocco Temperaturf\u00fchler Dampfboiler Linea Micra, Linea Mini R, LCS (E.3.030.R) | grafikus-coffeetec.de\" \/>\n<meta property=\"og:description\" content=\"Original La Marzocco Temperaturf\u00fchler f\u00fcr den Dampfboiler der Linea Micra, Linea Mini R und Linea Classic SBei diesem Temperaturf\u00fchler handelt es sich um die neue, \u00fcberarbeitete Version des Temperaturf\u00fchlers, die mit einem passenden Kabelbaum ausgeliefert wird, sodass er direkt am Mainboard angesteckt werden kann.\" \/>\n<meta property=\"og:url\" content=\"https:\/\/grafikus-coffeetec.de\/en\/product\/la-marzocco-temperaturfuehler-dampfboiler-linea-micra-linea-mini-r-lcs-e-3-030-r\/\" \/>\n<meta property=\"og:site_name\" content=\"grafikus-coffeetec.de\" \/>\n<meta property=\"article:modified_time\" content=\"2026-03-18T11:01:59+00:00\" \/>\n<meta property=\"og:image\" content=\"https:\/\/grafikus-coffeetec.de\/wp-content\/uploads\/2025\/07\/E_3_030_R_Temperaturfuehler.jpg\" \/>\n\t<meta property=\"og:image:width\" content=\"1000\" \/>\n\t<meta property=\"og:image:height\" content=\"1000\" \/>\n\t<meta property=\"og:image:type\" content=\"image\/jpeg\" \/>\n<meta name=\"twitter:card\" content=\"summary_large_image\" \/>\n<meta name=\"twitter:label1\" content=\"Est. reading time\" \/>\n\t<meta name=\"twitter:data1\" content=\"1 minute\" \/>\n<script type=\"application\/ld+json\" class=\"yoast-schema-graph\">{\"@context\":\"https:\/\/schema.org\",\"@graph\":[{\"@type\":\"WebPage\",\"@id\":\"https:\/\/grafikus-coffeetec.de\/produkt\/la-marzocco-temperaturfuehler-dampfboiler-linea-micra-linea-mini-r-lcs-e-3-030-r\/\",\"url\":\"https:\/\/grafikus-coffeetec.de\/produkt\/la-marzocco-temperaturfuehler-dampfboiler-linea-micra-linea-mini-r-lcs-e-3-030-r\/\",\"name\":\"La Marzocco Temperaturf\u00fchler Dampfboiler Linea Micra, Linea Mini R, LCS (E.3.030.R) | grafikus-coffeetec.de\",\"isPartOf\":{\"@id\":\"https:\/\/grafikus-coffeetec.de\/#website\"},\"primaryImageOfPage\":{\"@id\":\"https:\/\/grafikus-coffeetec.de\/produkt\/la-marzocco-temperaturfuehler-dampfboiler-linea-micra-linea-mini-r-lcs-e-3-030-r\/#primaryimage\"},\"image\":{\"@id\":\"https:\/\/grafikus-coffeetec.de\/produkt\/la-marzocco-temperaturfuehler-dampfboiler-linea-micra-linea-mini-r-lcs-e-3-030-r\/#primaryimage\"},\"thumbnailUrl\":\"https:\/\/grafikus-coffeetec.de\/wp-content\/uploads\/2025\/07\/E_3_030_R_Temperaturfuehler.jpg\",\"datePublished\":\"2025-07-29T15:43:16+00:00\",\"dateModified\":\"2026-03-18T11:01:59+00:00\",\"description\":\"Original La Marzocco Temperaturf\u00fchler f\u00fcr den Dampfboiler der Linea Micra, Linea Mini R und Linea Classic SBei diesem Temperaturf\u00fchler handelt es sich um die neue, \u00fcberarbeitete Version des Temperaturf\u00fchlers, die mit einem passenden Kabelbaum ausgeliefert wird, sodass er direkt am Mainboard angesteckt werden kann.\",\"breadcrumb\":{\"@id\":\"https:\/\/grafikus-coffeetec.de\/produkt\/la-marzocco-temperaturfuehler-dampfboiler-linea-micra-linea-mini-r-lcs-e-3-030-r\/#breadcrumb\"},\"inLanguage\":\"en-US\",\"potentialAction\":[{\"@type\":\"ReadAction\",\"target\":[\"https:\/\/grafikus-coffeetec.de\/produkt\/la-marzocco-temperaturfuehler-dampfboiler-linea-micra-linea-mini-r-lcs-e-3-030-r\/\"]}]},{\"@type\":\"ImageObject\",\"inLanguage\":\"en-US\",\"@id\":\"https:\/\/grafikus-coffeetec.de\/produkt\/la-marzocco-temperaturfuehler-dampfboiler-linea-micra-linea-mini-r-lcs-e-3-030-r\/#primaryimage\",\"url\":\"https:\/\/grafikus-coffeetec.de\/wp-content\/uploads\/2025\/07\/E_3_030_R_Temperaturfuehler.jpg\",\"contentUrl\":\"https:\/\/grafikus-coffeetec.de\/wp-content\/uploads\/2025\/07\/E_3_030_R_Temperaturfuehler.jpg\",\"width\":1000,\"height\":1000,\"caption\":\"La Marzocco Temperaturf\u00fchler Dampfboiler Linea Micra, Linea Mini R, LCS (E.3.030.R)\"},{\"@type\":\"BreadcrumbList\",\"@id\":\"https:\/\/grafikus-coffeetec.de\/produkt\/la-marzocco-temperaturfuehler-dampfboiler-linea-micra-linea-mini-r-lcs-e-3-030-r\/#breadcrumb\",\"itemListElement\":[{\"@type\":\"ListItem\",\"position\":1,\"name\":\"Startseite\",\"item\":\"https:\/\/grafikus-coffeetec.de\/\"},{\"@type\":\"ListItem\",\"position\":2,\"name\":\"Startseite\",\"item\":\"https:\/\/grafikus-coffeetec.de\/\"},{\"@type\":\"ListItem\",\"position\":3,\"name\":\"La Marzocco Temperaturf\u00fchler Dampfboiler Linea Micra, Linea Mini R, LCS (E.3.030.R)\"}]},{\"@type\":\"WebSite\",\"@id\":\"https:\/\/grafikus-coffeetec.de\/#website\",\"url\":\"https:\/\/grafikus-coffeetec.de\/\",\"name\":\"grafikus-coffeetec.de\",\"description\":\"Ihr Spezialist f\u00fcr hochwertiges Zubeh\u00f6r und Umbauten\",\"publisher\":{\"@id\":\"https:\/\/grafikus-coffeetec.de\/#organization\"},\"potentialAction\":[{\"@type\":\"SearchAction\",\"target\":{\"@type\":\"EntryPoint\",\"urlTemplate\":\"https:\/\/grafikus-coffeetec.de\/?s={search_term_string}\"},\"query-input\":{\"@type\":\"PropertyValueSpecification\",\"valueRequired\":true,\"valueName\":\"search_term_string\"}}],\"inLanguage\":\"en-US\"},{\"@type\":\"Organization\",\"@id\":\"https:\/\/grafikus-coffeetec.de\/#organization\",\"name\":\"Grafikus Coffeetec\",\"url\":\"https:\/\/grafikus-coffeetec.de\/\",\"logo\":{\"@type\":\"ImageObject\",\"inLanguage\":\"en-US\",\"@id\":\"https:\/\/grafikus-coffeetec.de\/#\/schema\/logo\/image\/\",\"url\":\"https:\/\/grafikus-coffeetec.de\/wp-content\/uploads\/2020\/05\/Logo_Grafikus-Coffeetec.svg\",\"contentUrl\":\"https:\/\/grafikus-coffeetec.de\/wp-content\/uploads\/2020\/05\/Logo_Grafikus-Coffeetec.svg\",\"width\":\"1024\",\"height\":\"1024\",\"caption\":\"Grafikus Coffeetec\"},\"image\":{\"@id\":\"https:\/\/grafikus-coffeetec.de\/#\/schema\/logo\/image\/\"},\"sameAs\":[\"https:\/\/www.instagram.com\/grafikus_coffeetec\/\"]}]}<\/script>\n<!-- \/ Yoast SEO plugin. -->","yoast_head_json":{"title":"La Marzocco temperature sensor steam boiler Linea Micra, Linea Mini R, LCS (E.3.030.R) | grafikus-coffeetec.de","description":"Original La Marzocco temperature sensor for the steam boiler of the Linea Micra, Linea Mini R and Linea Classic S. This temperature sensor is the new, revised version of the temperature sensor, which comes with a suitable cable harness so that it can be plugged directly into the mainboard.","robots":{"index":"index","follow":"follow","max-snippet":"max-snippet:-1","max-image-preview":"max-image-preview:large","max-video-preview":"max-video-preview:-1"},"canonical":"https:\/\/grafikus-coffeetec.de\/en\/product\/la-marzocco-temperaturfuehler-dampfboiler-linea-micra-linea-mini-r-lcs-e-3-030-r\/","og_locale":"en_US","og_type":"article","og_title":"La Marzocco Temperaturf\u00fchler Dampfboiler Linea Micra, Linea Mini R, LCS (E.3.030.R) | grafikus-coffeetec.de","og_description":"Original La Marzocco Temperaturf\u00fchler f\u00fcr den Dampfboiler der Linea Micra, Linea Mini R und Linea Classic SBei diesem Temperaturf\u00fchler handelt es sich um die neue, \u00fcberarbeitete Version des Temperaturf\u00fchlers, die mit einem passenden Kabelbaum ausgeliefert wird, sodass er direkt am Mainboard angesteckt werden kann.","og_url":"https:\/\/grafikus-coffeetec.de\/en\/product\/la-marzocco-temperaturfuehler-dampfboiler-linea-micra-linea-mini-r-lcs-e-3-030-r\/","og_site_name":"grafikus-coffeetec.de","article_modified_time":"2026-03-18T11:01:59+00:00","og_image":[{"width":1000,"height":1000,"url":"https:\/\/grafikus-coffeetec.de\/wp-content\/uploads\/2025\/07\/E_3_030_R_Temperaturfuehler.jpg","type":"image\/jpeg"}],"twitter_card":"summary_large_image","twitter_misc":{"Est. reading time":"1 minute"},"schema":{"@context":"https:\/\/schema.org","@graph":[{"@type":"WebPage","@id":"https:\/\/grafikus-coffeetec.de\/produkt\/la-marzocco-temperaturfuehler-dampfboiler-linea-micra-linea-mini-r-lcs-e-3-030-r\/","url":"https:\/\/grafikus-coffeetec.de\/produkt\/la-marzocco-temperaturfuehler-dampfboiler-linea-micra-linea-mini-r-lcs-e-3-030-r\/","name":"La Marzocco temperature sensor steam boiler Linea Micra, Linea Mini R, LCS (E.3.030.R) | grafikus-coffeetec.de","isPartOf":{"@id":"https:\/\/grafikus-coffeetec.de\/#website"},"primaryImageOfPage":{"@id":"https:\/\/grafikus-coffeetec.de\/produkt\/la-marzocco-temperaturfuehler-dampfboiler-linea-micra-linea-mini-r-lcs-e-3-030-r\/#primaryimage"},"image":{"@id":"https:\/\/grafikus-coffeetec.de\/produkt\/la-marzocco-temperaturfuehler-dampfboiler-linea-micra-linea-mini-r-lcs-e-3-030-r\/#primaryimage"},"thumbnailUrl":"https:\/\/grafikus-coffeetec.de\/wp-content\/uploads\/2025\/07\/E_3_030_R_Temperaturfuehler.jpg","datePublished":"2025-07-29T15:43:16+00:00","dateModified":"2026-03-18T11:01:59+00:00","description":"Original La Marzocco temperature sensor for the steam boiler of the Linea Micra, Linea Mini R and Linea Classic S. This temperature sensor is the new, revised version of the temperature sensor, which comes with a suitable cable harness so that it can be plugged directly into the mainboard.","breadcrumb":{"@id":"https:\/\/grafikus-coffeetec.de\/produkt\/la-marzocco-temperaturfuehler-dampfboiler-linea-micra-linea-mini-r-lcs-e-3-030-r\/#breadcrumb"},"inLanguage":"en-US","potentialAction":[{"@type":"ReadAction","target":["https:\/\/grafikus-coffeetec.de\/produkt\/la-marzocco-temperaturfuehler-dampfboiler-linea-micra-linea-mini-r-lcs-e-3-030-r\/"]}]},{"@type":"ImageObject","inLanguage":"en-US","@id":"https:\/\/grafikus-coffeetec.de\/produkt\/la-marzocco-temperaturfuehler-dampfboiler-linea-micra-linea-mini-r-lcs-e-3-030-r\/#primaryimage","url":"https:\/\/grafikus-coffeetec.de\/wp-content\/uploads\/2025\/07\/E_3_030_R_Temperaturfuehler.jpg","contentUrl":"https:\/\/grafikus-coffeetec.de\/wp-content\/uploads\/2025\/07\/E_3_030_R_Temperaturfuehler.jpg","width":1000,"height":1000,"caption":"La Marzocco Temperaturf\u00fchler Dampfboiler Linea Micra, Linea Mini R, LCS (E.3.030.R)"},{"@type":"BreadcrumbList","@id":"https:\/\/grafikus-coffeetec.de\/produkt\/la-marzocco-temperaturfuehler-dampfboiler-linea-micra-linea-mini-r-lcs-e-3-030-r\/#breadcrumb","itemListElement":[{"@type":"ListItem","position":1,"name":"Startseite","item":"https:\/\/grafikus-coffeetec.de\/"},{"@type":"ListItem","position":2,"name":"Startseite","item":"https:\/\/grafikus-coffeetec.de\/"},{"@type":"ListItem","position":3,"name":"La Marzocco Temperaturf\u00fchler Dampfboiler Linea Micra, Linea Mini R, LCS (E.3.030.R)"}]},{"@type":"WebSite","@id":"https:\/\/grafikus-coffeetec.de\/#website","url":"https:\/\/grafikus-coffeetec.de\/","name":"grafikus-coffeetec.de","description":"Your specialist for high-quality accessories and conversions","publisher":{"@id":"https:\/\/grafikus-coffeetec.de\/#organization"},"potentialAction":[{"@type":"SearchAction","target":{"@type":"EntryPoint","urlTemplate":"https:\/\/grafikus-coffeetec.de\/?s={search_term_string}"},"query-input":{"@type":"PropertyValueSpecification","valueRequired":true,"valueName":"search_term_string"}}],"inLanguage":"en-US"},{"@type":"Organization","@id":"https:\/\/grafikus-coffeetec.de\/#organization","name":"Graphics company Coffeetec","url":"https:\/\/grafikus-coffeetec.de\/","logo":{"@type":"ImageObject","inLanguage":"en-US","@id":"https:\/\/grafikus-coffeetec.de\/#\/schema\/logo\/image\/","url":"https:\/\/grafikus-coffeetec.de\/wp-content\/uploads\/2020\/05\/Logo_Grafikus-Coffeetec.svg","contentUrl":"https:\/\/grafikus-coffeetec.de\/wp-content\/uploads\/2020\/05\/Logo_Grafikus-Coffeetec.svg","width":"1024","height":"1024","caption":"Grafikus Coffeetec"},"image":{"@id":"https:\/\/grafikus-coffeetec.de\/#\/schema\/logo\/image\/"},"sameAs":["https:\/\/www.instagram.com\/grafikus_coffeetec\/"]}]}},"_links":{"self":[{"href":"https:\/\/grafikus-coffeetec.de\/en\/wp-json\/wp\/v2\/product\/5605","targetHints":{"allow":["GET"]}}],"collection":[{"href":"https:\/\/grafikus-coffeetec.de\/en\/wp-json\/wp\/v2\/product"}],"about":[{"href":"https:\/\/grafikus-coffeetec.de\/en\/wp-json\/wp\/v2\/types\/product"}],"replies":[{"embeddable":true,"href":"https:\/\/grafikus-coffeetec.de\/en\/wp-json\/wp\/v2\/comments?post=5605"}],"wp:featuredmedia":[{"embeddable":true,"href":"https:\/\/grafikus-coffeetec.de\/en\/wp-json\/wp\/v2\/media\/5606"}],"wp:attachment":[{"href":"https:\/\/grafikus-coffeetec.de\/en\/wp-json\/wp\/v2\/media?parent=5605"}],"wp:term":[{"taxonomy":"product_brand","embeddable":true,"href":"https:\/\/grafikus-coffeetec.de\/en\/wp-json\/wp\/v2\/product_brand?post=5605"},{"taxonomy":"product_cat","embeddable":true,"href":"https:\/\/grafikus-coffeetec.de\/en\/wp-json\/wp\/v2\/product_cat?post=5605"},{"taxonomy":"product_tag","embeddable":true,"href":"https:\/\/grafikus-coffeetec.de\/en\/wp-json\/wp\/v2\/product_tag?post=5605"}],"curies":[{"name":"wp","href":"https:\/\/api.w.org\/{rel}","templated":true}]}}