{"id":5159,"date":"2025-05-19T10:19:25","date_gmt":"2025-05-19T08:19:25","guid":{"rendered":"https:\/\/grafikus-coffeetec.de\/?post_type=product&#038;p=5159"},"modified":"2026-04-04T10:41:06","modified_gmt":"2026-04-04T08:41:06","slug":"la-marzocco-pico-grind-by-weight-kit-1068","status":"publish","type":"product","link":"https:\/\/grafikus-coffeetec.de\/en\/product\/la-marzocco-pico-grind-by-weight-kit-1068\/","title":{"rendered":"La Marzocco Pico &amp; Jay Grind by weight Kit (1068)"},"content":{"rendered":"<p>Original La Marzocco grind-by-weight kit for the La Marzocco Pico and Jay in conjunction with the La Marzocco connected scale.<\/p>\n<p class=\"\" data-start=\"166\" data-end=\"471\">This specially designed portafilter holder is placed directly on the grind-by-weight scale (<a href=\"https:\/\/grafikus-coffeetec.de\/en\/product\/acaia-lunar-la-marzocco-linea-mini-brew-by-weight-waage\/\" target=\"_blank\" rel=\"noopener\">Connected Scale Y.301<\/a>) is attached. In combination with the<a href=\"https:\/\/grafikus-coffeetec.de\/en\/product\/la-marzocco-pico-espressomuehle\/\" target=\"_blank\" rel=\"noopener\"> La Marzocco Pico<\/a> and <a href=\"https:\/\/grafikus-coffeetec.de\/en\/product\/la-marzocco-jay-espressomuehle\/\">La Marzocco Jay<\/a> The coffee grinder allows full use of the grind-by-weight function. The holder ensures precise and stable positioning of the portafilter during the grinding process and ensures that the weight of the ground coffee can be measured precisely.<\/p>\n<p class=\"\" data-start=\"163\" data-end=\"516\">The portafilter holder is precisely designed for the Connected Scale Y.301 in conjunction with the La Marzocco Pico, ensuring easy integration and reliable operation. The holder attaches quickly and tool-free to the scale and precisely secures the portafilter in the optimal position.<\/p>\n<p class=\"\" data-start=\"518\" data-end=\"846\">While the grind-by-weight function is also possible without this accessory\u2014for example, by grinding into a separate dosing cup\u2014the holder offers a significant convenience and efficiency advantage: It allows grinding directly into the inserted portafilter. This eliminates the need to transfer the ground coffee.<\/p>\n<p>&nbsp;<\/p>\n<p class=\"\" data-start=\"848\" data-end=\"1127\"><strong data-start=\"848\" data-end=\"860\">A notice: <\/strong>This accessory can also be attached to a conventional Acaia Lunar. However, the grind-by-weight function is only available in combination with the <a href=\"https:\/\/grafikus-coffeetec.de\/en\/product\/acaia-lunar-la-marzocco-linea-mini-brew-by-weight-waage\/\" target=\"_blank\" rel=\"noopener\">La Marzocco Connected Scale Y.301<\/a> and the <a href=\"https:\/\/grafikus-coffeetec.de\/en\/product\/la-marzocco-pico-espressomuehle\/\" target=\"_blank\" rel=\"noopener\">La Marzocco Pico<\/a> usable.<\/p>\n<p>Scope of delivery:<br \/>\n\u2013 La Marzocco Grind by weight Kit<\/p>\n<p>Item number: 1068<\/p>\n<p>&nbsp;<\/p>\n<p><strong>Manufacturer information<\/strong><br \/>\nManufacturer: La Marzocco Srl<br \/>\nAddress: Via La Torre 14\/H, 50038 Scarperia e San Piero (FI), Italy<br \/>\nContact: info@lamarzocco.com | www.lamarzocco.com<\/p>","protected":false},"excerpt":{"rendered":"<p>Original La Marzocco grind-by-weight kit for the La Marzocco Pico and Jay grinders in conjunction with the La Marzocco connected scale. This specially designed portafilter holder attaches directly to the grind-by-weight scale (Connected Scale Y.301). In combination with the La Marzocco Pico and La Marzocco Jay coffee grinders, it allows for full utilization of the grinder&#039;s features\u2026<\/p>","protected":false},"featured_media":5171,"comment_status":"open","ping_status":"closed","template":"","meta":{"_acf_changed":false,"inline_featured_image":false},"product_brand":[],"product_cat":[547,466],"product_tag":[470,483,469,482,66,467,188,486,169],"class_list":{"0":"post-5159","1":"product","2":"type-product","3":"status-publish","4":"has-post-thumbnail","6":"product_cat-la-marzocco-jay","7":"product_cat-la-marzocco-pico","8":"product_tag-espressomuehle","9":"product_tag-gbw","10":"product_tag-grind-by-weight","11":"product_tag-grind-by-weight-kit","12":"product_tag-la-marzocco","13":"product_tag-pico","14":"product_tag-siebtraeger","15":"product_tag-siebtraegergabel","16":"product_tag-zubehoer","18":"first","19":"instock","20":"sale","21":"taxable","22":"shipping-taxable","23":"purchasable","24":"product-type-simple"},"acf":[],"yoast_head":"<!-- This site is optimized with the Yoast SEO plugin v27.1.1 - https:\/\/yoast.com\/product\/yoast-seo-wordpress\/ -->\n<title>La Marzocco Pico &amp; Jay Grind by weight Kit (1068) | grafikus-coffeetec.de<\/title>\n<meta name=\"description\" content=\"Original La Marzocco grind-by-weight Kit f\u00fcr die La Marzocco Pico in Verbindung mit der La Marzoco connected scale.Diese speziell entwickelte Halterung f\u00fcr den Siebtr\u00e4ger wird direkt auf die grind-by-weight Waage (Connected Scale Y.301) aufgesteckt. In Kombination mit der La Marzocco Pico oder der La Marzocco Swan Kaffeem\u00fchle erm\u00f6glicht sie die vollst\u00e4ndige Nutzung der grind-by-weight-Funktion. Die Halterung sorgt f\u00fcr eine pr\u00e4zise und stabile Positionierung des Siebtr\u00e4gers w\u00e4hrend des Mahlvorgangs und stellt sicher, dass das Gewicht des Kaffeemehls exakt dosiert werden kann.Die Siebtr\u00e4gerhalterung ist passgenau auf die Connected Scale Y.301 in Verbindung mit den La Marzocco Kaffeem\u00fchlen Pico und Swan abgestimmt, was eine einfache Integration und zuverl\u00e4ssige Funktion gew\u00e4hrleistet. Die Halterung l\u00e4sst sich schnell und werkzeuglos auf die Waage aufstecken und fixiert den Siebtr\u00e4ger pr\u00e4zise in der optimalen Position.\" \/>\n<meta name=\"robots\" content=\"index, follow, max-snippet:-1, max-image-preview:large, max-video-preview:-1\" \/>\n<link rel=\"canonical\" href=\"https:\/\/grafikus-coffeetec.de\/en\/product\/la-marzocco-pico-grind-by-weight-kit-1068\/\" \/>\n<meta property=\"og:locale\" content=\"en_US\" \/>\n<meta property=\"og:type\" content=\"article\" \/>\n<meta property=\"og:title\" content=\"La Marzocco Pico &amp; Jay Grind by weight Kit (1068) | grafikus-coffeetec.de\" \/>\n<meta property=\"og:description\" content=\"Original La Marzocco grind-by-weight Kit f\u00fcr die La Marzocco Pico in Verbindung mit der La Marzoco connected scale.Diese speziell entwickelte Halterung f\u00fcr den Siebtr\u00e4ger wird direkt auf die grind-by-weight Waage (Connected Scale Y.301) aufgesteckt. In Kombination mit der La Marzocco Pico oder der La Marzocco Swan Kaffeem\u00fchle erm\u00f6glicht sie die vollst\u00e4ndige Nutzung der grind-by-weight-Funktion. Die Halterung sorgt f\u00fcr eine pr\u00e4zise und stabile Positionierung des Siebtr\u00e4gers w\u00e4hrend des Mahlvorgangs und stellt sicher, dass das Gewicht des Kaffeemehls exakt dosiert werden kann.Die Siebtr\u00e4gerhalterung ist passgenau auf die Connected Scale Y.301 in Verbindung mit den La Marzocco Kaffeem\u00fchlen Pico und Swan abgestimmt, was eine einfache Integration und zuverl\u00e4ssige Funktion gew\u00e4hrleistet. Die Halterung l\u00e4sst sich schnell und werkzeuglos auf die Waage aufstecken und fixiert den Siebtr\u00e4ger pr\u00e4zise in der optimalen Position.\" \/>\n<meta property=\"og:url\" content=\"https:\/\/grafikus-coffeetec.de\/en\/product\/la-marzocco-pico-grind-by-weight-kit-1068\/\" \/>\n<meta property=\"og:site_name\" content=\"grafikus-coffeetec.de\" \/>\n<meta property=\"article:modified_time\" content=\"2026-04-04T08:41:06+00:00\" \/>\n<meta property=\"og:image\" content=\"https:\/\/grafikus-coffeetec.de\/wp-content\/uploads\/2025\/05\/La-Marzocco_Pico_Grind_by_weight_Kit_1068.jpg\" \/>\n\t<meta property=\"og:image:width\" content=\"1000\" \/>\n\t<meta property=\"og:image:height\" content=\"1000\" \/>\n\t<meta property=\"og:image:type\" content=\"image\/jpeg\" \/>\n<meta name=\"twitter:card\" content=\"summary_large_image\" \/>\n<meta name=\"twitter:label1\" content=\"Est. reading time\" \/>\n\t<meta name=\"twitter:data1\" content=\"2 minutes\" \/>\n<script type=\"application\/ld+json\" class=\"yoast-schema-graph\">{\"@context\":\"https:\/\/schema.org\",\"@graph\":[{\"@type\":\"WebPage\",\"@id\":\"https:\/\/grafikus-coffeetec.de\/produkt\/la-marzocco-pico-grind-by-weight-kit-1068\/\",\"url\":\"https:\/\/grafikus-coffeetec.de\/produkt\/la-marzocco-pico-grind-by-weight-kit-1068\/\",\"name\":\"La Marzocco Pico & Jay Grind by weight Kit (1068) | grafikus-coffeetec.de\",\"isPartOf\":{\"@id\":\"https:\/\/grafikus-coffeetec.de\/#website\"},\"primaryImageOfPage\":{\"@id\":\"https:\/\/grafikus-coffeetec.de\/produkt\/la-marzocco-pico-grind-by-weight-kit-1068\/#primaryimage\"},\"image\":{\"@id\":\"https:\/\/grafikus-coffeetec.de\/produkt\/la-marzocco-pico-grind-by-weight-kit-1068\/#primaryimage\"},\"thumbnailUrl\":\"https:\/\/grafikus-coffeetec.de\/wp-content\/uploads\/2025\/05\/La-Marzocco_Pico_Grind_by_weight_Kit_1068.jpg\",\"datePublished\":\"2025-05-19T08:19:25+00:00\",\"dateModified\":\"2026-04-04T08:41:06+00:00\",\"description\":\"Original La Marzocco grind-by-weight Kit f\u00fcr die La Marzocco Pico in Verbindung mit der La Marzoco connected scale.Diese speziell entwickelte Halterung f\u00fcr den Siebtr\u00e4ger wird direkt auf die grind-by-weight Waage (Connected Scale Y.301) aufgesteckt. In Kombination mit der La Marzocco Pico oder der La Marzocco Swan Kaffeem\u00fchle erm\u00f6glicht sie die vollst\u00e4ndige Nutzung der grind-by-weight-Funktion. Die Halterung sorgt f\u00fcr eine pr\u00e4zise und stabile Positionierung des Siebtr\u00e4gers w\u00e4hrend des Mahlvorgangs und stellt sicher, dass das Gewicht des Kaffeemehls exakt dosiert werden kann.Die Siebtr\u00e4gerhalterung ist passgenau auf die Connected Scale Y.301 in Verbindung mit den La Marzocco Kaffeem\u00fchlen Pico und Swan abgestimmt, was eine einfache Integration und zuverl\u00e4ssige Funktion gew\u00e4hrleistet. Die Halterung l\u00e4sst sich schnell und werkzeuglos auf die Waage aufstecken und fixiert den Siebtr\u00e4ger pr\u00e4zise in der optimalen Position.\",\"breadcrumb\":{\"@id\":\"https:\/\/grafikus-coffeetec.de\/produkt\/la-marzocco-pico-grind-by-weight-kit-1068\/#breadcrumb\"},\"inLanguage\":\"en-US\",\"potentialAction\":[{\"@type\":\"ReadAction\",\"target\":[\"https:\/\/grafikus-coffeetec.de\/produkt\/la-marzocco-pico-grind-by-weight-kit-1068\/\"]}]},{\"@type\":\"ImageObject\",\"inLanguage\":\"en-US\",\"@id\":\"https:\/\/grafikus-coffeetec.de\/produkt\/la-marzocco-pico-grind-by-weight-kit-1068\/#primaryimage\",\"url\":\"https:\/\/grafikus-coffeetec.de\/wp-content\/uploads\/2025\/05\/La-Marzocco_Pico_Grind_by_weight_Kit_1068.jpg\",\"contentUrl\":\"https:\/\/grafikus-coffeetec.de\/wp-content\/uploads\/2025\/05\/La-Marzocco_Pico_Grind_by_weight_Kit_1068.jpg\",\"width\":1000,\"height\":1000,\"caption\":\"La Marzocco Pico Grind by weight Kit (1068)\"},{\"@type\":\"BreadcrumbList\",\"@id\":\"https:\/\/grafikus-coffeetec.de\/produkt\/la-marzocco-pico-grind-by-weight-kit-1068\/#breadcrumb\",\"itemListElement\":[{\"@type\":\"ListItem\",\"position\":1,\"name\":\"Startseite\",\"item\":\"https:\/\/grafikus-coffeetec.de\/\"},{\"@type\":\"ListItem\",\"position\":2,\"name\":\"Startseite\",\"item\":\"https:\/\/grafikus-coffeetec.de\/\"},{\"@type\":\"ListItem\",\"position\":3,\"name\":\"La Marzocco Pico &#038; Jay Grind by weight Kit (1068)\"}]},{\"@type\":\"WebSite\",\"@id\":\"https:\/\/grafikus-coffeetec.de\/#website\",\"url\":\"https:\/\/grafikus-coffeetec.de\/\",\"name\":\"grafikus-coffeetec.de\",\"description\":\"Ihr Spezialist f\u00fcr hochwertiges Zubeh\u00f6r und Umbauten\",\"publisher\":{\"@id\":\"https:\/\/grafikus-coffeetec.de\/#organization\"},\"potentialAction\":[{\"@type\":\"SearchAction\",\"target\":{\"@type\":\"EntryPoint\",\"urlTemplate\":\"https:\/\/grafikus-coffeetec.de\/?s={search_term_string}\"},\"query-input\":{\"@type\":\"PropertyValueSpecification\",\"valueRequired\":true,\"valueName\":\"search_term_string\"}}],\"inLanguage\":\"en-US\"},{\"@type\":\"Organization\",\"@id\":\"https:\/\/grafikus-coffeetec.de\/#organization\",\"name\":\"Grafikus Coffeetec\",\"url\":\"https:\/\/grafikus-coffeetec.de\/\",\"logo\":{\"@type\":\"ImageObject\",\"inLanguage\":\"en-US\",\"@id\":\"https:\/\/grafikus-coffeetec.de\/#\/schema\/logo\/image\/\",\"url\":\"https:\/\/grafikus-coffeetec.de\/wp-content\/uploads\/2020\/05\/Logo_Grafikus-Coffeetec.svg\",\"contentUrl\":\"https:\/\/grafikus-coffeetec.de\/wp-content\/uploads\/2020\/05\/Logo_Grafikus-Coffeetec.svg\",\"width\":\"1024\",\"height\":\"1024\",\"caption\":\"Grafikus Coffeetec\"},\"image\":{\"@id\":\"https:\/\/grafikus-coffeetec.de\/#\/schema\/logo\/image\/\"},\"sameAs\":[\"https:\/\/www.instagram.com\/grafikus_coffeetec\/\"]}]}<\/script>\n<!-- \/ Yoast SEO plugin. -->","yoast_head_json":{"title":"La Marzocco Pico &amp; Jay Grind by weight Kit (1068) | grafikus-coffeetec.de","description":"Original La Marzocco grind-by-weight kit for the La Marzocco Pico in conjunction with the La Marzocco connected scale. This specially designed portafilter holder attaches directly to the grind-by-weight scale (Connected Scale Y.301). When used with the La Marzocco Pico or La Marzocco Swan coffee grinder, it enables full use of the grind-by-weight function. The holder ensures precise and stable positioning of the portafilter during the grinding process, guaranteeing accurate dosing of the coffee grounds. The portafilter holder is precisely matched to the Connected Scale Y.301 in conjunction with the La Marzocco Pico and Swan coffee grinders, ensuring easy integration and reliable operation. The holder attaches quickly and without tools to the scale, precisely securing the portafilter in the optimal position.","robots":{"index":"index","follow":"follow","max-snippet":"max-snippet:-1","max-image-preview":"max-image-preview:large","max-video-preview":"max-video-preview:-1"},"canonical":"https:\/\/grafikus-coffeetec.de\/en\/product\/la-marzocco-pico-grind-by-weight-kit-1068\/","og_locale":"en_US","og_type":"article","og_title":"La Marzocco Pico & Jay Grind by weight Kit (1068) | grafikus-coffeetec.de","og_description":"Original La Marzocco grind-by-weight Kit f\u00fcr die La Marzocco Pico in Verbindung mit der La Marzoco connected scale.Diese speziell entwickelte Halterung f\u00fcr den Siebtr\u00e4ger wird direkt auf die grind-by-weight Waage (Connected Scale Y.301) aufgesteckt. In Kombination mit der La Marzocco Pico oder der La Marzocco Swan Kaffeem\u00fchle erm\u00f6glicht sie die vollst\u00e4ndige Nutzung der grind-by-weight-Funktion. Die Halterung sorgt f\u00fcr eine pr\u00e4zise und stabile Positionierung des Siebtr\u00e4gers w\u00e4hrend des Mahlvorgangs und stellt sicher, dass das Gewicht des Kaffeemehls exakt dosiert werden kann.Die Siebtr\u00e4gerhalterung ist passgenau auf die Connected Scale Y.301 in Verbindung mit den La Marzocco Kaffeem\u00fchlen Pico und Swan abgestimmt, was eine einfache Integration und zuverl\u00e4ssige Funktion gew\u00e4hrleistet. Die Halterung l\u00e4sst sich schnell und werkzeuglos auf die Waage aufstecken und fixiert den Siebtr\u00e4ger pr\u00e4zise in der optimalen Position.","og_url":"https:\/\/grafikus-coffeetec.de\/en\/product\/la-marzocco-pico-grind-by-weight-kit-1068\/","og_site_name":"grafikus-coffeetec.de","article_modified_time":"2026-04-04T08:41:06+00:00","og_image":[{"width":1000,"height":1000,"url":"https:\/\/grafikus-coffeetec.de\/wp-content\/uploads\/2025\/05\/La-Marzocco_Pico_Grind_by_weight_Kit_1068.jpg","type":"image\/jpeg"}],"twitter_card":"summary_large_image","twitter_misc":{"Est. reading time":"2 minutes"},"schema":{"@context":"https:\/\/schema.org","@graph":[{"@type":"WebPage","@id":"https:\/\/grafikus-coffeetec.de\/produkt\/la-marzocco-pico-grind-by-weight-kit-1068\/","url":"https:\/\/grafikus-coffeetec.de\/produkt\/la-marzocco-pico-grind-by-weight-kit-1068\/","name":"La Marzocco Pico &amp; Jay Grind by weight Kit (1068) | grafikus-coffeetec.de","isPartOf":{"@id":"https:\/\/grafikus-coffeetec.de\/#website"},"primaryImageOfPage":{"@id":"https:\/\/grafikus-coffeetec.de\/produkt\/la-marzocco-pico-grind-by-weight-kit-1068\/#primaryimage"},"image":{"@id":"https:\/\/grafikus-coffeetec.de\/produkt\/la-marzocco-pico-grind-by-weight-kit-1068\/#primaryimage"},"thumbnailUrl":"https:\/\/grafikus-coffeetec.de\/wp-content\/uploads\/2025\/05\/La-Marzocco_Pico_Grind_by_weight_Kit_1068.jpg","datePublished":"2025-05-19T08:19:25+00:00","dateModified":"2026-04-04T08:41:06+00:00","description":"Original La Marzocco grind-by-weight kit for the La Marzocco Pico in conjunction with the La Marzocco connected scale. This specially designed portafilter holder attaches directly to the grind-by-weight scale (Connected Scale Y.301). When used with the La Marzocco Pico or La Marzocco Swan coffee grinder, it enables full use of the grind-by-weight function. The holder ensures precise and stable positioning of the portafilter during the grinding process, guaranteeing accurate dosing of the coffee grounds. The portafilter holder is precisely matched to the Connected Scale Y.301 in conjunction with the La Marzocco Pico and Swan coffee grinders, ensuring easy integration and reliable operation. The holder attaches quickly and without tools to the scale, precisely securing the portafilter in the optimal position.","breadcrumb":{"@id":"https:\/\/grafikus-coffeetec.de\/produkt\/la-marzocco-pico-grind-by-weight-kit-1068\/#breadcrumb"},"inLanguage":"en-US","potentialAction":[{"@type":"ReadAction","target":["https:\/\/grafikus-coffeetec.de\/produkt\/la-marzocco-pico-grind-by-weight-kit-1068\/"]}]},{"@type":"ImageObject","inLanguage":"en-US","@id":"https:\/\/grafikus-coffeetec.de\/produkt\/la-marzocco-pico-grind-by-weight-kit-1068\/#primaryimage","url":"https:\/\/grafikus-coffeetec.de\/wp-content\/uploads\/2025\/05\/La-Marzocco_Pico_Grind_by_weight_Kit_1068.jpg","contentUrl":"https:\/\/grafikus-coffeetec.de\/wp-content\/uploads\/2025\/05\/La-Marzocco_Pico_Grind_by_weight_Kit_1068.jpg","width":1000,"height":1000,"caption":"La Marzocco Pico Grind by weight Kit (1068)"},{"@type":"BreadcrumbList","@id":"https:\/\/grafikus-coffeetec.de\/produkt\/la-marzocco-pico-grind-by-weight-kit-1068\/#breadcrumb","itemListElement":[{"@type":"ListItem","position":1,"name":"Startseite","item":"https:\/\/grafikus-coffeetec.de\/"},{"@type":"ListItem","position":2,"name":"Startseite","item":"https:\/\/grafikus-coffeetec.de\/"},{"@type":"ListItem","position":3,"name":"La Marzocco Pico &#038; Jay Grind by weight Kit (1068)"}]},{"@type":"WebSite","@id":"https:\/\/grafikus-coffeetec.de\/#website","url":"https:\/\/grafikus-coffeetec.de\/","name":"grafikus-coffeetec.de","description":"Your specialist for high-quality accessories and conversions","publisher":{"@id":"https:\/\/grafikus-coffeetec.de\/#organization"},"potentialAction":[{"@type":"SearchAction","target":{"@type":"EntryPoint","urlTemplate":"https:\/\/grafikus-coffeetec.de\/?s={search_term_string}"},"query-input":{"@type":"PropertyValueSpecification","valueRequired":true,"valueName":"search_term_string"}}],"inLanguage":"en-US"},{"@type":"Organization","@id":"https:\/\/grafikus-coffeetec.de\/#organization","name":"Graphics company Coffeetec","url":"https:\/\/grafikus-coffeetec.de\/","logo":{"@type":"ImageObject","inLanguage":"en-US","@id":"https:\/\/grafikus-coffeetec.de\/#\/schema\/logo\/image\/","url":"https:\/\/grafikus-coffeetec.de\/wp-content\/uploads\/2020\/05\/Logo_Grafikus-Coffeetec.svg","contentUrl":"https:\/\/grafikus-coffeetec.de\/wp-content\/uploads\/2020\/05\/Logo_Grafikus-Coffeetec.svg","width":"1024","height":"1024","caption":"Grafikus Coffeetec"},"image":{"@id":"https:\/\/grafikus-coffeetec.de\/#\/schema\/logo\/image\/"},"sameAs":["https:\/\/www.instagram.com\/grafikus_coffeetec\/"]}]}},"_links":{"self":[{"href":"https:\/\/grafikus-coffeetec.de\/en\/wp-json\/wp\/v2\/product\/5159","targetHints":{"allow":["GET"]}}],"collection":[{"href":"https:\/\/grafikus-coffeetec.de\/en\/wp-json\/wp\/v2\/product"}],"about":[{"href":"https:\/\/grafikus-coffeetec.de\/en\/wp-json\/wp\/v2\/types\/product"}],"replies":[{"embeddable":true,"href":"https:\/\/grafikus-coffeetec.de\/en\/wp-json\/wp\/v2\/comments?post=5159"}],"wp:featuredmedia":[{"embeddable":true,"href":"https:\/\/grafikus-coffeetec.de\/en\/wp-json\/wp\/v2\/media\/5171"}],"wp:attachment":[{"href":"https:\/\/grafikus-coffeetec.de\/en\/wp-json\/wp\/v2\/media?parent=5159"}],"wp:term":[{"taxonomy":"product_brand","embeddable":true,"href":"https:\/\/grafikus-coffeetec.de\/en\/wp-json\/wp\/v2\/product_brand?post=5159"},{"taxonomy":"product_cat","embeddable":true,"href":"https:\/\/grafikus-coffeetec.de\/en\/wp-json\/wp\/v2\/product_cat?post=5159"},{"taxonomy":"product_tag","embeddable":true,"href":"https:\/\/grafikus-coffeetec.de\/en\/wp-json\/wp\/v2\/product_tag?post=5159"}],"curies":[{"name":"wp","href":"https:\/\/api.w.org\/{rel}","templated":true}]}}