{"id":5105,"date":"2025-05-08T11:17:29","date_gmt":"2025-05-08T09:17:29","guid":{"rendered":"https:\/\/grafikus-coffeetec.de\/?post_type=product&#038;p=5105"},"modified":"2026-03-31T16:42:39","modified_gmt":"2026-03-31T14:42:39","slug":"o-ring-diffusor-l105-a","status":"publish","type":"product","link":"https:\/\/grafikus-coffeetec.de\/en\/product\/o-ring-diffusor-l105-a\/","title":{"rendered":"O-ring diffuser (L105\/A)"},"content":{"rendered":"<p>Original La Marzocco O-RING 20.22\u00d73.53 FKM 70 ShA (L105\/A) for the diffuser in the brewing group<\/p>\n<p>This seal is located between the diffuser and the brewing boiler of the Linea Mini, Linea Mini R and Linea Micra.<br \/>\nTo disassemble and assemble the diffuser, the <a href=\"https:\/\/grafikus-coffeetec.de\/en\/product\/diffusor-werkzeug-ut007\/\">Diffuser tool UT007<\/a> needed.<\/p>\n<p>Compatible with the following machines: Linea Mini, Linea Mini R, Linea Micra<\/p>\n<p>Scope of delivery:<br \/>\n\u2013 1x O-RING 20.22\u00d73.53 FKM 70 ShA<\/p>\n<p>Item number: L105\/A<\/p>\n<p>&nbsp;<\/p>\n<p><strong>Manufacturer information<\/strong><br \/>\nManufacturer: La Marzocco Srl<br \/>\nAddress: Via La Torre 14\/H, 50038 Scarperia e San Piero (FI), Italy<br \/>\nContact: info@lamarzocco.com | www.lamarzocco.com<\/p>","protected":false},"excerpt":{"rendered":"<p>Genuine La Marzocco O-ring 20.22 x 3.53 FKM 70 ShA (L105\/A) for the diffuser in the brew group. This seal is located between the diffuser and the brew boiler of the Linea Mini, Linea Mini R, and Linea Micra. The diffuser tool UT007 is required to remove and install the diffuser. Compatible with the following machines: Linea Mini, Linea Mini\u2026<\/p>","protected":false},"featured_media":5106,"comment_status":"open","ping_status":"closed","template":"","meta":{"_acf_changed":false,"inline_featured_image":false},"product_brand":[],"product_cat":[180,258,221,280],"product_tag":[291,300,288,366,479,478,66,158,61,281,237,169],"class_list":{"0":"post-5105","1":"product","2":"type-product","3":"status-publish","4":"has-post-thumbnail","6":"product_cat-lamarzocco-ersatzteile","7":"product_cat-linea-micra-ersatzteile","8":"product_cat-linea-mini-ersatzteile","9":"product_cat-linea-mini-r-ersatzteile","10":"product_tag-accessoire","11":"product_tag-bruehgruppe","12":"product_tag-dichtung","13":"product_tag-diffusor","14":"product_tag-diffusor-tool","15":"product_tag-diffusor-werkzeug","16":"product_tag-la-marzocco","17":"product_tag-linea-micra","18":"product_tag-linea-mini","19":"product_tag-linea-mini-r","20":"product_tag-o-ring","21":"product_tag-zubehoer","22":"product_shipping_class-warenpost-premium","24":"first","25":"instock","26":"taxable","27":"shipping-taxable","28":"purchasable","29":"product-type-simple"},"acf":[],"yoast_head":"<!-- This site is optimized with the Yoast SEO plugin v27.1.1 - https:\/\/yoast.com\/product\/yoast-seo-wordpress\/ -->\n<title>O-Ring Diffusor (L105\/A) | grafikus-coffeetec.de<\/title>\n<meta name=\"description\" content=\"Original La Marzocco O-RING 20,22x3,53 FKM 70 ShA (L105\/A) f\u00fcr den Diffusor in der Br\u00fchgruppe. Diese Dichtung befindet sich zwischen dem Diffusor und dem Br\u00fchboiler der Linea Mini, Linea Mini R und Linea Micra.Um den Diffusor zu demontieren und montieren wird das Diffusor Werkzeug UT007 ben\u00f6tigt.\" \/>\n<meta name=\"robots\" content=\"index, follow, max-snippet:-1, max-image-preview:large, max-video-preview:-1\" \/>\n<link rel=\"canonical\" href=\"https:\/\/grafikus-coffeetec.de\/en\/product\/o-ring-diffusor-l105-a\/\" \/>\n<meta property=\"og:locale\" content=\"en_US\" \/>\n<meta property=\"og:type\" content=\"article\" \/>\n<meta property=\"og:title\" content=\"O-Ring Diffusor (L105\/A) | grafikus-coffeetec.de\" \/>\n<meta property=\"og:description\" content=\"Original La Marzocco O-RING 20,22x3,53 FKM 70 ShA (L105\/A) f\u00fcr den Diffusor in der Br\u00fchgruppe. Diese Dichtung befindet sich zwischen dem Diffusor und dem Br\u00fchboiler der Linea Mini, Linea Mini R und Linea Micra.Um den Diffusor zu demontieren und montieren wird das Diffusor Werkzeug UT007 ben\u00f6tigt.\" \/>\n<meta property=\"og:url\" content=\"https:\/\/grafikus-coffeetec.de\/en\/product\/o-ring-diffusor-l105-a\/\" \/>\n<meta property=\"og:site_name\" content=\"grafikus-coffeetec.de\" \/>\n<meta property=\"article:modified_time\" content=\"2026-03-31T14:42:39+00:00\" \/>\n<meta property=\"og:image\" content=\"https:\/\/grafikus-coffeetec.de\/wp-content\/uploads\/2025\/05\/O-Ring_L105-A.jpg\" \/>\n\t<meta property=\"og:image:width\" content=\"1000\" \/>\n\t<meta property=\"og:image:height\" content=\"1000\" \/>\n\t<meta property=\"og:image:type\" content=\"image\/jpeg\" \/>\n<meta name=\"twitter:card\" content=\"summary_large_image\" \/>\n<meta name=\"twitter:label1\" content=\"Est. reading time\" \/>\n\t<meta name=\"twitter:data1\" content=\"1 minute\" \/>\n<script type=\"application\/ld+json\" class=\"yoast-schema-graph\">{\"@context\":\"https:\/\/schema.org\",\"@graph\":[{\"@type\":\"WebPage\",\"@id\":\"https:\/\/grafikus-coffeetec.de\/produkt\/o-ring-diffusor-l105-a\/\",\"url\":\"https:\/\/grafikus-coffeetec.de\/produkt\/o-ring-diffusor-l105-a\/\",\"name\":\"O-Ring Diffusor (L105\/A) | grafikus-coffeetec.de\",\"isPartOf\":{\"@id\":\"https:\/\/grafikus-coffeetec.de\/#website\"},\"primaryImageOfPage\":{\"@id\":\"https:\/\/grafikus-coffeetec.de\/produkt\/o-ring-diffusor-l105-a\/#primaryimage\"},\"image\":{\"@id\":\"https:\/\/grafikus-coffeetec.de\/produkt\/o-ring-diffusor-l105-a\/#primaryimage\"},\"thumbnailUrl\":\"https:\/\/grafikus-coffeetec.de\/wp-content\/uploads\/2025\/05\/O-Ring_L105-A.jpg\",\"datePublished\":\"2025-05-08T09:17:29+00:00\",\"dateModified\":\"2026-03-31T14:42:39+00:00\",\"description\":\"Original La Marzocco O-RING 20,22x3,53 FKM 70 ShA (L105\/A) f\u00fcr den Diffusor in der Br\u00fchgruppe. Diese Dichtung befindet sich zwischen dem Diffusor und dem Br\u00fchboiler der Linea Mini, Linea Mini R und Linea Micra.Um den Diffusor zu demontieren und montieren wird das Diffusor Werkzeug UT007 ben\u00f6tigt.\",\"breadcrumb\":{\"@id\":\"https:\/\/grafikus-coffeetec.de\/produkt\/o-ring-diffusor-l105-a\/#breadcrumb\"},\"inLanguage\":\"en-US\",\"potentialAction\":[{\"@type\":\"ReadAction\",\"target\":[\"https:\/\/grafikus-coffeetec.de\/produkt\/o-ring-diffusor-l105-a\/\"]}]},{\"@type\":\"ImageObject\",\"inLanguage\":\"en-US\",\"@id\":\"https:\/\/grafikus-coffeetec.de\/produkt\/o-ring-diffusor-l105-a\/#primaryimage\",\"url\":\"https:\/\/grafikus-coffeetec.de\/wp-content\/uploads\/2025\/05\/O-Ring_L105-A.jpg\",\"contentUrl\":\"https:\/\/grafikus-coffeetec.de\/wp-content\/uploads\/2025\/05\/O-Ring_L105-A.jpg\",\"width\":1000,\"height\":1000,\"caption\":\"O-Ring Diffusor (L105\/A)\"},{\"@type\":\"BreadcrumbList\",\"@id\":\"https:\/\/grafikus-coffeetec.de\/produkt\/o-ring-diffusor-l105-a\/#breadcrumb\",\"itemListElement\":[{\"@type\":\"ListItem\",\"position\":1,\"name\":\"Startseite\",\"item\":\"https:\/\/grafikus-coffeetec.de\/\"},{\"@type\":\"ListItem\",\"position\":2,\"name\":\"Startseite\",\"item\":\"https:\/\/grafikus-coffeetec.de\/\"},{\"@type\":\"ListItem\",\"position\":3,\"name\":\"O-Ring Diffusor (L105\/A)\"}]},{\"@type\":\"WebSite\",\"@id\":\"https:\/\/grafikus-coffeetec.de\/#website\",\"url\":\"https:\/\/grafikus-coffeetec.de\/\",\"name\":\"grafikus-coffeetec.de\",\"description\":\"Ihr Spezialist f\u00fcr hochwertiges Zubeh\u00f6r und Umbauten\",\"publisher\":{\"@id\":\"https:\/\/grafikus-coffeetec.de\/#organization\"},\"potentialAction\":[{\"@type\":\"SearchAction\",\"target\":{\"@type\":\"EntryPoint\",\"urlTemplate\":\"https:\/\/grafikus-coffeetec.de\/?s={search_term_string}\"},\"query-input\":{\"@type\":\"PropertyValueSpecification\",\"valueRequired\":true,\"valueName\":\"search_term_string\"}}],\"inLanguage\":\"en-US\"},{\"@type\":\"Organization\",\"@id\":\"https:\/\/grafikus-coffeetec.de\/#organization\",\"name\":\"Grafikus Coffeetec\",\"url\":\"https:\/\/grafikus-coffeetec.de\/\",\"logo\":{\"@type\":\"ImageObject\",\"inLanguage\":\"en-US\",\"@id\":\"https:\/\/grafikus-coffeetec.de\/#\/schema\/logo\/image\/\",\"url\":\"https:\/\/grafikus-coffeetec.de\/wp-content\/uploads\/2020\/05\/Logo_Grafikus-Coffeetec.svg\",\"contentUrl\":\"https:\/\/grafikus-coffeetec.de\/wp-content\/uploads\/2020\/05\/Logo_Grafikus-Coffeetec.svg\",\"width\":\"1024\",\"height\":\"1024\",\"caption\":\"Grafikus Coffeetec\"},\"image\":{\"@id\":\"https:\/\/grafikus-coffeetec.de\/#\/schema\/logo\/image\/\"},\"sameAs\":[\"https:\/\/www.instagram.com\/grafikus_coffeetec\/\"]}]}<\/script>\n<!-- \/ Yoast SEO plugin. -->","yoast_head_json":{"title":"O-ring diffuser (L105\/A) | grafikus-coffeetec.de","description":"Genuine La Marzocco O-ring 20.22 x 3.53 FKM 70 ShA (L105\/A) for the diffuser in the brew group. This seal is located between the diffuser and the brew boiler of the Linea Mini, Linea Mini R, and Linea Micra. The diffuser tool UT007 is required to remove and install the diffuser.","robots":{"index":"index","follow":"follow","max-snippet":"max-snippet:-1","max-image-preview":"max-image-preview:large","max-video-preview":"max-video-preview:-1"},"canonical":"https:\/\/grafikus-coffeetec.de\/en\/product\/o-ring-diffusor-l105-a\/","og_locale":"en_US","og_type":"article","og_title":"O-Ring Diffusor (L105\/A) | grafikus-coffeetec.de","og_description":"Original La Marzocco O-RING 20,22x3,53 FKM 70 ShA (L105\/A) f\u00fcr den Diffusor in der Br\u00fchgruppe. Diese Dichtung befindet sich zwischen dem Diffusor und dem Br\u00fchboiler der Linea Mini, Linea Mini R und Linea Micra.Um den Diffusor zu demontieren und montieren wird das Diffusor Werkzeug UT007 ben\u00f6tigt.","og_url":"https:\/\/grafikus-coffeetec.de\/en\/product\/o-ring-diffusor-l105-a\/","og_site_name":"grafikus-coffeetec.de","article_modified_time":"2026-03-31T14:42:39+00:00","og_image":[{"width":1000,"height":1000,"url":"https:\/\/grafikus-coffeetec.de\/wp-content\/uploads\/2025\/05\/O-Ring_L105-A.jpg","type":"image\/jpeg"}],"twitter_card":"summary_large_image","twitter_misc":{"Est. reading time":"1 minute"},"schema":{"@context":"https:\/\/schema.org","@graph":[{"@type":"WebPage","@id":"https:\/\/grafikus-coffeetec.de\/produkt\/o-ring-diffusor-l105-a\/","url":"https:\/\/grafikus-coffeetec.de\/produkt\/o-ring-diffusor-l105-a\/","name":"O-ring diffuser (L105\/A) | grafikus-coffeetec.de","isPartOf":{"@id":"https:\/\/grafikus-coffeetec.de\/#website"},"primaryImageOfPage":{"@id":"https:\/\/grafikus-coffeetec.de\/produkt\/o-ring-diffusor-l105-a\/#primaryimage"},"image":{"@id":"https:\/\/grafikus-coffeetec.de\/produkt\/o-ring-diffusor-l105-a\/#primaryimage"},"thumbnailUrl":"https:\/\/grafikus-coffeetec.de\/wp-content\/uploads\/2025\/05\/O-Ring_L105-A.jpg","datePublished":"2025-05-08T09:17:29+00:00","dateModified":"2026-03-31T14:42:39+00:00","description":"Genuine La Marzocco O-ring 20.22 x 3.53 FKM 70 ShA (L105\/A) for the diffuser in the brew group. This seal is located between the diffuser and the brew boiler of the Linea Mini, Linea Mini R, and Linea Micra. The diffuser tool UT007 is required to remove and install the diffuser.","breadcrumb":{"@id":"https:\/\/grafikus-coffeetec.de\/produkt\/o-ring-diffusor-l105-a\/#breadcrumb"},"inLanguage":"en-US","potentialAction":[{"@type":"ReadAction","target":["https:\/\/grafikus-coffeetec.de\/produkt\/o-ring-diffusor-l105-a\/"]}]},{"@type":"ImageObject","inLanguage":"en-US","@id":"https:\/\/grafikus-coffeetec.de\/produkt\/o-ring-diffusor-l105-a\/#primaryimage","url":"https:\/\/grafikus-coffeetec.de\/wp-content\/uploads\/2025\/05\/O-Ring_L105-A.jpg","contentUrl":"https:\/\/grafikus-coffeetec.de\/wp-content\/uploads\/2025\/05\/O-Ring_L105-A.jpg","width":1000,"height":1000,"caption":"O-Ring Diffusor (L105\/A)"},{"@type":"BreadcrumbList","@id":"https:\/\/grafikus-coffeetec.de\/produkt\/o-ring-diffusor-l105-a\/#breadcrumb","itemListElement":[{"@type":"ListItem","position":1,"name":"Startseite","item":"https:\/\/grafikus-coffeetec.de\/"},{"@type":"ListItem","position":2,"name":"Startseite","item":"https:\/\/grafikus-coffeetec.de\/"},{"@type":"ListItem","position":3,"name":"O-Ring Diffusor (L105\/A)"}]},{"@type":"WebSite","@id":"https:\/\/grafikus-coffeetec.de\/#website","url":"https:\/\/grafikus-coffeetec.de\/","name":"grafikus-coffeetec.de","description":"Your specialist for high-quality accessories and conversions","publisher":{"@id":"https:\/\/grafikus-coffeetec.de\/#organization"},"potentialAction":[{"@type":"SearchAction","target":{"@type":"EntryPoint","urlTemplate":"https:\/\/grafikus-coffeetec.de\/?s={search_term_string}"},"query-input":{"@type":"PropertyValueSpecification","valueRequired":true,"valueName":"search_term_string"}}],"inLanguage":"en-US"},{"@type":"Organization","@id":"https:\/\/grafikus-coffeetec.de\/#organization","name":"Graphics company Coffeetec","url":"https:\/\/grafikus-coffeetec.de\/","logo":{"@type":"ImageObject","inLanguage":"en-US","@id":"https:\/\/grafikus-coffeetec.de\/#\/schema\/logo\/image\/","url":"https:\/\/grafikus-coffeetec.de\/wp-content\/uploads\/2020\/05\/Logo_Grafikus-Coffeetec.svg","contentUrl":"https:\/\/grafikus-coffeetec.de\/wp-content\/uploads\/2020\/05\/Logo_Grafikus-Coffeetec.svg","width":"1024","height":"1024","caption":"Grafikus Coffeetec"},"image":{"@id":"https:\/\/grafikus-coffeetec.de\/#\/schema\/logo\/image\/"},"sameAs":["https:\/\/www.instagram.com\/grafikus_coffeetec\/"]}]}},"_links":{"self":[{"href":"https:\/\/grafikus-coffeetec.de\/en\/wp-json\/wp\/v2\/product\/5105","targetHints":{"allow":["GET"]}}],"collection":[{"href":"https:\/\/grafikus-coffeetec.de\/en\/wp-json\/wp\/v2\/product"}],"about":[{"href":"https:\/\/grafikus-coffeetec.de\/en\/wp-json\/wp\/v2\/types\/product"}],"replies":[{"embeddable":true,"href":"https:\/\/grafikus-coffeetec.de\/en\/wp-json\/wp\/v2\/comments?post=5105"}],"wp:featuredmedia":[{"embeddable":true,"href":"https:\/\/grafikus-coffeetec.de\/en\/wp-json\/wp\/v2\/media\/5106"}],"wp:attachment":[{"href":"https:\/\/grafikus-coffeetec.de\/en\/wp-json\/wp\/v2\/media?parent=5105"}],"wp:term":[{"taxonomy":"product_brand","embeddable":true,"href":"https:\/\/grafikus-coffeetec.de\/en\/wp-json\/wp\/v2\/product_brand?post=5105"},{"taxonomy":"product_cat","embeddable":true,"href":"https:\/\/grafikus-coffeetec.de\/en\/wp-json\/wp\/v2\/product_cat?post=5105"},{"taxonomy":"product_tag","embeddable":true,"href":"https:\/\/grafikus-coffeetec.de\/en\/wp-json\/wp\/v2\/product_tag?post=5105"}],"curies":[{"name":"wp","href":"https:\/\/api.w.org\/{rel}","templated":true}]}}