{"id":4974,"date":"2025-04-10T12:48:18","date_gmt":"2025-04-10T10:48:18","guid":{"rendered":"https:\/\/grafikus-coffeetec.de\/?post_type=product&#038;p=4974"},"modified":"2025-09-16T02:34:41","modified_gmt":"2025-09-16T00:34:41","slug":"la-marzocco-schlauchanschluss-d10-auf-d6-f-8-021","status":"publish","type":"product","link":"https:\/\/grafikus-coffeetec.de\/en\/product\/la-marzocco-schlauchanschluss-d10-auf-d6-f-8-021\/","title":{"rendered":"La Marzocco hose connector D10 to D6 (F.8.021)"},"content":{"rendered":"<p>Original La Marzocco hose connector 10 mm to 6 mm (F.8.021)<br \/>\nHose connection with reduction suitable for the new <a href=\"https:\/\/grafikus-coffeetec.de\/en\/product\/la-marzocco-sicherheitsventil-gehaeuse-f-2-062\/\">Safety valve housing (F.2.062).<\/a> The component is required to use the new housing with the 6 mm silicone tubes in the \u201cold\u201d machines such as Linea Mini and GS3.<\/p>\n<p>Suitable for the following machines: Linea Mini, Linea Mini R, GS3, Leva, Modbar, Strada EP, Strada X, Strada S, Strada MP, Strada EE, Strada AV, Linea PB, Leva, LCS, KB90, GB5, GB5 X, GB5 S<\/p>\n<p>Scope of delivery:<br \/>\n1x La Marzocco hose connector 10 mm to 6 mm<\/p>\n<p>Article number: F.8.021<\/p>\n<p>&nbsp;<\/p>\n<p><strong>Manufacturer information<\/strong><br \/>\nManufacturer: La Marzocco Srl<br \/>\nAddress: Via La Torre 14\/H, 50038 Scarperia e San Piero (FI), Italy<br \/>\nContact: info@lamarzocco.com | www.lamarzocco.com<\/p>","protected":false},"excerpt":{"rendered":"<p>Original La Marzocco hose connector 10 mm to 6 mm (F.8.021). Hose connector with reducer fits the new safety valve housing (F.2.062). This component is required to use the new housing with the 6 mm silicone hoses in the &quot;old&quot; machines such as the Linea Mini and GS3. Suitable for the following machines: Linea Mini, Linea Mini R, GS3, Leva, etc.<\/p>","protected":false},"featured_media":4979,"comment_status":"open","ping_status":"closed","template":"","meta":{"_acf_changed":false,"inline_featured_image":false},"product_brand":[],"product_cat":[222,180,221,280],"product_tag":[168,474,65,473,66,208,61,281,211,475,298,201,205,169],"class_list":{"0":"post-4974","1":"product","2":"type-product","3":"status-publish","4":"has-post-thumbnail","6":"product_cat-gs3-ersatzteile","7":"product_cat-lamarzocco-ersatzteile","8":"product_cat-linea-mini-ersatzteile","9":"product_cat-linea-mini-r-ersatzteile","10":"product_tag-ersatzteile","11":"product_tag-feder","12":"product_tag-gs3","13":"product_tag-haltefeder","14":"product_tag-la-marzocco","15":"product_tag-leva","16":"product_tag-linea-mini","17":"product_tag-linea-mini-r","18":"product_tag-modbar","19":"product_tag-schlauchanschluss","20":"product_tag-sicherheitsventil","21":"product_tag-strada-ep","22":"product_tag-strada-x","23":"product_tag-zubehoer","25":"first","26":"instock","27":"taxable","28":"shipping-taxable","29":"purchasable","30":"product-type-simple"},"acf":[],"yoast_head":"<!-- This site is optimized with the Yoast SEO plugin v27.1.1 - https:\/\/yoast.com\/product\/yoast-seo-wordpress\/ -->\n<title>La Marzocco Schlauchanschluss D10 auf D6 (F.8.021) | grafikus-coffeetec.de<\/title>\n<meta name=\"description\" content=\"Original La Marzocco Schlauchanschluss 10 mm auf 6 mm (F.8.021)Schlauchanschluss mit reduzierung passen f\u00fcr das neue Sicherheitsventil Geh\u00e4use (F.2.062). Das Bauteiil wird ben\u00f6tigt um das neue Geh\u00e4use mit den 6 mm Silikonschl\u00e4uchen in den &quot;alten&quot; Maschinen wie Linea Mini und GS3 zu verwenden.\" \/>\n<meta name=\"robots\" content=\"index, follow, max-snippet:-1, max-image-preview:large, max-video-preview:-1\" \/>\n<link rel=\"canonical\" href=\"https:\/\/grafikus-coffeetec.de\/en\/product\/la-marzocco-schlauchanschluss-d10-auf-d6-f-8-021\/\" \/>\n<meta property=\"og:locale\" content=\"en_US\" \/>\n<meta property=\"og:type\" content=\"article\" \/>\n<meta property=\"og:title\" content=\"La Marzocco Schlauchanschluss D10 auf D6 (F.8.021) | grafikus-coffeetec.de\" \/>\n<meta property=\"og:description\" content=\"Original La Marzocco Schlauchanschluss 10 mm auf 6 mm (F.8.021)Schlauchanschluss mit reduzierung passen f\u00fcr das neue Sicherheitsventil Geh\u00e4use (F.2.062). Das Bauteiil wird ben\u00f6tigt um das neue Geh\u00e4use mit den 6 mm Silikonschl\u00e4uchen in den &quot;alten&quot; Maschinen wie Linea Mini und GS3 zu verwenden.\" \/>\n<meta property=\"og:url\" content=\"https:\/\/grafikus-coffeetec.de\/en\/product\/la-marzocco-schlauchanschluss-d10-auf-d6-f-8-021\/\" \/>\n<meta property=\"og:site_name\" content=\"grafikus-coffeetec.de\" \/>\n<meta property=\"article:modified_time\" content=\"2025-09-16T00:34:41+00:00\" \/>\n<meta property=\"og:image\" content=\"https:\/\/grafikus-coffeetec.de\/wp-content\/uploads\/2025\/04\/F_8_021_Schlauchanschluss_D10-D6-1.jpg\" \/>\n\t<meta property=\"og:image:width\" content=\"1000\" \/>\n\t<meta property=\"og:image:height\" content=\"969\" \/>\n\t<meta property=\"og:image:type\" content=\"image\/jpeg\" \/>\n<meta name=\"twitter:card\" content=\"summary_large_image\" \/>\n<meta name=\"twitter:label1\" content=\"Est. reading time\" \/>\n\t<meta name=\"twitter:data1\" content=\"1 minute\" \/>\n<script type=\"application\/ld+json\" class=\"yoast-schema-graph\">{\"@context\":\"https:\/\/schema.org\",\"@graph\":[{\"@type\":\"WebPage\",\"@id\":\"https:\/\/grafikus-coffeetec.de\/produkt\/la-marzocco-schlauchanschluss-d10-auf-d6-f-8-021\/\",\"url\":\"https:\/\/grafikus-coffeetec.de\/produkt\/la-marzocco-schlauchanschluss-d10-auf-d6-f-8-021\/\",\"name\":\"La Marzocco Schlauchanschluss D10 auf D6 (F.8.021) | grafikus-coffeetec.de\",\"isPartOf\":{\"@id\":\"https:\/\/grafikus-coffeetec.de\/#website\"},\"primaryImageOfPage\":{\"@id\":\"https:\/\/grafikus-coffeetec.de\/produkt\/la-marzocco-schlauchanschluss-d10-auf-d6-f-8-021\/#primaryimage\"},\"image\":{\"@id\":\"https:\/\/grafikus-coffeetec.de\/produkt\/la-marzocco-schlauchanschluss-d10-auf-d6-f-8-021\/#primaryimage\"},\"thumbnailUrl\":\"https:\/\/grafikus-coffeetec.de\/wp-content\/uploads\/2025\/04\/F_8_021_Schlauchanschluss_D10-D6-1.jpg\",\"datePublished\":\"2025-04-10T10:48:18+00:00\",\"dateModified\":\"2025-09-16T00:34:41+00:00\",\"description\":\"Original La Marzocco Schlauchanschluss 10 mm auf 6 mm (F.8.021)Schlauchanschluss mit reduzierung passen f\u00fcr das neue Sicherheitsventil Geh\u00e4use (F.2.062). Das Bauteiil wird ben\u00f6tigt um das neue Geh\u00e4use mit den 6 mm Silikonschl\u00e4uchen in den \\\"alten\\\" Maschinen wie Linea Mini und GS3 zu verwenden.\",\"breadcrumb\":{\"@id\":\"https:\/\/grafikus-coffeetec.de\/produkt\/la-marzocco-schlauchanschluss-d10-auf-d6-f-8-021\/#breadcrumb\"},\"inLanguage\":\"en-US\",\"potentialAction\":[{\"@type\":\"ReadAction\",\"target\":[\"https:\/\/grafikus-coffeetec.de\/produkt\/la-marzocco-schlauchanschluss-d10-auf-d6-f-8-021\/\"]}]},{\"@type\":\"ImageObject\",\"inLanguage\":\"en-US\",\"@id\":\"https:\/\/grafikus-coffeetec.de\/produkt\/la-marzocco-schlauchanschluss-d10-auf-d6-f-8-021\/#primaryimage\",\"url\":\"https:\/\/grafikus-coffeetec.de\/wp-content\/uploads\/2025\/04\/F_8_021_Schlauchanschluss_D10-D6-1.jpg\",\"contentUrl\":\"https:\/\/grafikus-coffeetec.de\/wp-content\/uploads\/2025\/04\/F_8_021_Schlauchanschluss_D10-D6-1.jpg\",\"width\":1000,\"height\":969,\"caption\":\"La Marzocco Schlauchanschluss D10 auf D6 (F.8.021)\"},{\"@type\":\"BreadcrumbList\",\"@id\":\"https:\/\/grafikus-coffeetec.de\/produkt\/la-marzocco-schlauchanschluss-d10-auf-d6-f-8-021\/#breadcrumb\",\"itemListElement\":[{\"@type\":\"ListItem\",\"position\":1,\"name\":\"Startseite\",\"item\":\"https:\/\/grafikus-coffeetec.de\/\"},{\"@type\":\"ListItem\",\"position\":2,\"name\":\"Startseite\",\"item\":\"https:\/\/grafikus-coffeetec.de\/\"},{\"@type\":\"ListItem\",\"position\":3,\"name\":\"La Marzocco Schlauchanschluss D10 auf D6 (F.8.021)\"}]},{\"@type\":\"WebSite\",\"@id\":\"https:\/\/grafikus-coffeetec.de\/#website\",\"url\":\"https:\/\/grafikus-coffeetec.de\/\",\"name\":\"grafikus-coffeetec.de\",\"description\":\"Ihr Spezialist f\u00fcr hochwertiges Zubeh\u00f6r und Umbauten\",\"publisher\":{\"@id\":\"https:\/\/grafikus-coffeetec.de\/#organization\"},\"potentialAction\":[{\"@type\":\"SearchAction\",\"target\":{\"@type\":\"EntryPoint\",\"urlTemplate\":\"https:\/\/grafikus-coffeetec.de\/?s={search_term_string}\"},\"query-input\":{\"@type\":\"PropertyValueSpecification\",\"valueRequired\":true,\"valueName\":\"search_term_string\"}}],\"inLanguage\":\"en-US\"},{\"@type\":\"Organization\",\"@id\":\"https:\/\/grafikus-coffeetec.de\/#organization\",\"name\":\"Grafikus Coffeetec\",\"url\":\"https:\/\/grafikus-coffeetec.de\/\",\"logo\":{\"@type\":\"ImageObject\",\"inLanguage\":\"en-US\",\"@id\":\"https:\/\/grafikus-coffeetec.de\/#\/schema\/logo\/image\/\",\"url\":\"https:\/\/grafikus-coffeetec.de\/wp-content\/uploads\/2020\/05\/Logo_Grafikus-Coffeetec.svg\",\"contentUrl\":\"https:\/\/grafikus-coffeetec.de\/wp-content\/uploads\/2020\/05\/Logo_Grafikus-Coffeetec.svg\",\"width\":\"1024\",\"height\":\"1024\",\"caption\":\"Grafikus Coffeetec\"},\"image\":{\"@id\":\"https:\/\/grafikus-coffeetec.de\/#\/schema\/logo\/image\/\"},\"sameAs\":[\"https:\/\/www.instagram.com\/grafikus_coffeetec\/\"]}]}<\/script>\n<!-- \/ Yoast SEO plugin. -->","yoast_head_json":{"title":"La Marzocco hose connector D10 to D6 (F.8.021) | grafikus-coffeetec.de","description":"Original La Marzocco hose connector 10 mm to 6 mm (F.8.021). This hose connector with reducer fits the new safety valve housing (F.2.062). This part is required to use the new housing with 6 mm silicone hoses in older machines such as the Linea Mini and GS3.","robots":{"index":"index","follow":"follow","max-snippet":"max-snippet:-1","max-image-preview":"max-image-preview:large","max-video-preview":"max-video-preview:-1"},"canonical":"https:\/\/grafikus-coffeetec.de\/en\/product\/la-marzocco-schlauchanschluss-d10-auf-d6-f-8-021\/","og_locale":"en_US","og_type":"article","og_title":"La Marzocco Schlauchanschluss D10 auf D6 (F.8.021) | grafikus-coffeetec.de","og_description":"Original La Marzocco Schlauchanschluss 10 mm auf 6 mm (F.8.021)Schlauchanschluss mit reduzierung passen f\u00fcr das neue Sicherheitsventil Geh\u00e4use (F.2.062). Das Bauteiil wird ben\u00f6tigt um das neue Geh\u00e4use mit den 6 mm Silikonschl\u00e4uchen in den \"alten\" Maschinen wie Linea Mini und GS3 zu verwenden.","og_url":"https:\/\/grafikus-coffeetec.de\/en\/product\/la-marzocco-schlauchanschluss-d10-auf-d6-f-8-021\/","og_site_name":"grafikus-coffeetec.de","article_modified_time":"2025-09-16T00:34:41+00:00","og_image":[{"width":1000,"height":969,"url":"https:\/\/grafikus-coffeetec.de\/wp-content\/uploads\/2025\/04\/F_8_021_Schlauchanschluss_D10-D6-1.jpg","type":"image\/jpeg"}],"twitter_card":"summary_large_image","twitter_misc":{"Est. reading time":"1 minute"},"schema":{"@context":"https:\/\/schema.org","@graph":[{"@type":"WebPage","@id":"https:\/\/grafikus-coffeetec.de\/produkt\/la-marzocco-schlauchanschluss-d10-auf-d6-f-8-021\/","url":"https:\/\/grafikus-coffeetec.de\/produkt\/la-marzocco-schlauchanschluss-d10-auf-d6-f-8-021\/","name":"La Marzocco hose connector D10 to D6 (F.8.021) | grafikus-coffeetec.de","isPartOf":{"@id":"https:\/\/grafikus-coffeetec.de\/#website"},"primaryImageOfPage":{"@id":"https:\/\/grafikus-coffeetec.de\/produkt\/la-marzocco-schlauchanschluss-d10-auf-d6-f-8-021\/#primaryimage"},"image":{"@id":"https:\/\/grafikus-coffeetec.de\/produkt\/la-marzocco-schlauchanschluss-d10-auf-d6-f-8-021\/#primaryimage"},"thumbnailUrl":"https:\/\/grafikus-coffeetec.de\/wp-content\/uploads\/2025\/04\/F_8_021_Schlauchanschluss_D10-D6-1.jpg","datePublished":"2025-04-10T10:48:18+00:00","dateModified":"2025-09-16T00:34:41+00:00","description":"Original La Marzocco hose connector 10 mm to 6 mm (F.8.021). This hose connector with reducer fits the new safety valve housing (F.2.062). This part is required to use the new housing with 6 mm silicone hoses in older machines such as the Linea Mini and GS3.","breadcrumb":{"@id":"https:\/\/grafikus-coffeetec.de\/produkt\/la-marzocco-schlauchanschluss-d10-auf-d6-f-8-021\/#breadcrumb"},"inLanguage":"en-US","potentialAction":[{"@type":"ReadAction","target":["https:\/\/grafikus-coffeetec.de\/produkt\/la-marzocco-schlauchanschluss-d10-auf-d6-f-8-021\/"]}]},{"@type":"ImageObject","inLanguage":"en-US","@id":"https:\/\/grafikus-coffeetec.de\/produkt\/la-marzocco-schlauchanschluss-d10-auf-d6-f-8-021\/#primaryimage","url":"https:\/\/grafikus-coffeetec.de\/wp-content\/uploads\/2025\/04\/F_8_021_Schlauchanschluss_D10-D6-1.jpg","contentUrl":"https:\/\/grafikus-coffeetec.de\/wp-content\/uploads\/2025\/04\/F_8_021_Schlauchanschluss_D10-D6-1.jpg","width":1000,"height":969,"caption":"La Marzocco Schlauchanschluss D10 auf D6 (F.8.021)"},{"@type":"BreadcrumbList","@id":"https:\/\/grafikus-coffeetec.de\/produkt\/la-marzocco-schlauchanschluss-d10-auf-d6-f-8-021\/#breadcrumb","itemListElement":[{"@type":"ListItem","position":1,"name":"Startseite","item":"https:\/\/grafikus-coffeetec.de\/"},{"@type":"ListItem","position":2,"name":"Startseite","item":"https:\/\/grafikus-coffeetec.de\/"},{"@type":"ListItem","position":3,"name":"La Marzocco Schlauchanschluss D10 auf D6 (F.8.021)"}]},{"@type":"WebSite","@id":"https:\/\/grafikus-coffeetec.de\/#website","url":"https:\/\/grafikus-coffeetec.de\/","name":"grafikus-coffeetec.de","description":"Your specialist for high-quality accessories and conversions","publisher":{"@id":"https:\/\/grafikus-coffeetec.de\/#organization"},"potentialAction":[{"@type":"SearchAction","target":{"@type":"EntryPoint","urlTemplate":"https:\/\/grafikus-coffeetec.de\/?s={search_term_string}"},"query-input":{"@type":"PropertyValueSpecification","valueRequired":true,"valueName":"search_term_string"}}],"inLanguage":"en-US"},{"@type":"Organization","@id":"https:\/\/grafikus-coffeetec.de\/#organization","name":"Graphics company Coffeetec","url":"https:\/\/grafikus-coffeetec.de\/","logo":{"@type":"ImageObject","inLanguage":"en-US","@id":"https:\/\/grafikus-coffeetec.de\/#\/schema\/logo\/image\/","url":"https:\/\/grafikus-coffeetec.de\/wp-content\/uploads\/2020\/05\/Logo_Grafikus-Coffeetec.svg","contentUrl":"https:\/\/grafikus-coffeetec.de\/wp-content\/uploads\/2020\/05\/Logo_Grafikus-Coffeetec.svg","width":"1024","height":"1024","caption":"Grafikus Coffeetec"},"image":{"@id":"https:\/\/grafikus-coffeetec.de\/#\/schema\/logo\/image\/"},"sameAs":["https:\/\/www.instagram.com\/grafikus_coffeetec\/"]}]}},"_links":{"self":[{"href":"https:\/\/grafikus-coffeetec.de\/en\/wp-json\/wp\/v2\/product\/4974","targetHints":{"allow":["GET"]}}],"collection":[{"href":"https:\/\/grafikus-coffeetec.de\/en\/wp-json\/wp\/v2\/product"}],"about":[{"href":"https:\/\/grafikus-coffeetec.de\/en\/wp-json\/wp\/v2\/types\/product"}],"replies":[{"embeddable":true,"href":"https:\/\/grafikus-coffeetec.de\/en\/wp-json\/wp\/v2\/comments?post=4974"}],"wp:featuredmedia":[{"embeddable":true,"href":"https:\/\/grafikus-coffeetec.de\/en\/wp-json\/wp\/v2\/media\/4979"}],"wp:attachment":[{"href":"https:\/\/grafikus-coffeetec.de\/en\/wp-json\/wp\/v2\/media?parent=4974"}],"wp:term":[{"taxonomy":"product_brand","embeddable":true,"href":"https:\/\/grafikus-coffeetec.de\/en\/wp-json\/wp\/v2\/product_brand?post=4974"},{"taxonomy":"product_cat","embeddable":true,"href":"https:\/\/grafikus-coffeetec.de\/en\/wp-json\/wp\/v2\/product_cat?post=4974"},{"taxonomy":"product_tag","embeddable":true,"href":"https:\/\/grafikus-coffeetec.de\/en\/wp-json\/wp\/v2\/product_tag?post=4974"}],"curies":[{"name":"wp","href":"https:\/\/api.w.org\/{rel}","templated":true}]}}