{"id":4623,"date":"2025-02-19T14:47:41","date_gmt":"2025-02-19T13:47:41","guid":{"rendered":"https:\/\/grafikus-coffeetec.de\/?post_type=product&#038;p=4623"},"modified":"2025-04-24T00:10:08","modified_gmt":"2025-04-23T22:10:08","slug":"klebehilfe-schriftzug-auf-gehaeuse-linea-mini-linea-mini-r-gs3","status":"publish","type":"product","link":"https:\/\/grafikus-coffeetec.de\/en\/product\/klebehilfe-schriftzug-auf-gehaeuse-linea-mini-linea-mini-r-gs3\/","title":{"rendered":"Adhesive aid for lettering on the housing \u2013 Linea Mini &amp; Linea Mini R"},"content":{"rendered":"<p>The absolutely straight gluing of the <a href=\"https:\/\/grafikus-coffeetec.de\/en\/product\/la-marzocco-schriftzug-linea-mini-gs3\/\" target=\"_blank\" rel=\"noopener\">La Marzocco emblems<\/a> For me it was always something that was stressful because you effectively only have one attempt.<\/p>\n<p>For this reason, I have chosen for myself both for the <a href=\"https:\/\/grafikus-coffeetec.de\/en\/product\/klebehilfe-schablone-schriftzug-linea-mini-linea-mini-r-gs3\/\" target=\"_blank\" rel=\"noopener\">drip tray<\/a> as well as for the <a href=\"https:\/\/grafikus-coffeetec.de\/en\/product\/klebehilfe-schriftzug-auf-gehaeuse-linea-mini-linea-mini-r-gs3\/\" target=\"_blank\" rel=\"noopener\">machine housing<\/a> a template is created for each one.<br \/>\nThis is aligned with the housing and provides a recess for the logo so that the logo can be applied and stuck on absolutely straight.<\/p>\n<p>The stencils are produced using 3D printing and can therefore be offered at a reasonable price.<\/p>\n<p>This adhesive aid is suitable for the back of the housings of the Linea Mini and Linea Mini R.<\/p>\n<p>Scope of delivery:<br \/>\n1x 3D printed adhesive aid for the logo on the back of the case<\/p>\n<p>&nbsp;<\/p>","protected":false},"excerpt":{"rendered":"<p>Applying the La Marzocco emblems absolutely straight was always a stressful task for me, as you only have one attempt. For this reason, I created a template for both the drip tray and the machine housing. This template is aligned with the housing and provides...<\/p>","protected":false},"featured_media":4626,"comment_status":"open","ping_status":"closed","template":"","meta":{"_acf_changed":false,"inline_featured_image":false},"product_brand":[],"product_cat":[180,221,280],"product_tag":[425,168,431,429,66,61,281,290,170,471,430,167,169],"class_list":{"0":"post-4623","1":"product","2":"type-product","3":"status-publish","4":"has-post-thumbnail","6":"product_cat-lamarzocco-ersatzteile","7":"product_cat-linea-mini-ersatzteile","8":"product_cat-linea-mini-r-ersatzteile","9":"product_tag-emblem","10":"product_tag-ersatzteile","11":"product_tag-gehaeuse","12":"product_tag-klebehilfe","13":"product_tag-la-marzocco","14":"product_tag-linea-mini","15":"product_tag-linea-mini-r","16":"product_tag-logo","17":"product_tag-modifkation","18":"product_tag-rueckseite","19":"product_tag-schablone","20":"product_tag-schriftzug","21":"product_tag-zubehoer","22":"product_shipping_class-warenpost-premium","24":"first","25":"instock","26":"taxable","27":"shipping-taxable","28":"purchasable","29":"product-type-simple"},"acf":[],"yoast_head":"<!-- This site is optimized with the Yoast SEO plugin v27.1.1 - https:\/\/yoast.com\/product\/yoast-seo-wordpress\/ -->\n<title>Klebehilfe Schriftzug auf Geh\u00e4use \u2013 Linea Mini &amp; Linea Mini R | grafikus-coffeetec.de<\/title>\n<meta name=\"description\" content=\"Das absolut gerade Aufkleben der La Marzocco Embleme war bei mir immer eine Sache, die mit Stress verbunden war, da man effektiv nur einen Versuch hat.Aus diesem Grund habe ich f\u00fcr mich selbst sowohl f\u00fcr die Abtropfschale als auch f\u00fcr das Maschinengeh\u00e4use jeweils eine Schablone erstellt. Diese wird an dem Geh\u00e4use ausgerichtet und bietet eine Aussparung f\u00fcr das Logo, sodass das Logo an angelegt und absolut gerade aufgeklebt werden kann.Die Schablonen werden im 3D Druck hergestellt und k\u00f6nnen deshalb zu einem g\u00fcnstigen Preis angeboten werden.\u00a0Diese Klebehilfe ist passend f\u00fcr die Abtropfschalen der Linea Mini, Linea Mini R und GS3.\" \/>\n<meta name=\"robots\" content=\"index, follow, max-snippet:-1, max-image-preview:large, max-video-preview:-1\" \/>\n<link rel=\"canonical\" href=\"https:\/\/grafikus-coffeetec.de\/en\/product\/klebehilfe-schriftzug-auf-gehaeuse-linea-mini-linea-mini-r-gs3\/\" \/>\n<meta property=\"og:locale\" content=\"en_US\" \/>\n<meta property=\"og:type\" content=\"article\" \/>\n<meta property=\"og:title\" content=\"Klebehilfe Schriftzug auf Geh\u00e4use \u2013 Linea Mini &amp; Linea Mini R | grafikus-coffeetec.de\" \/>\n<meta property=\"og:description\" content=\"Das absolut gerade Aufkleben der La Marzocco Embleme war bei mir immer eine Sache, die mit Stress verbunden war, da man effektiv nur einen Versuch hat.Aus diesem Grund habe ich f\u00fcr mich selbst sowohl f\u00fcr die Abtropfschale als auch f\u00fcr das Maschinengeh\u00e4use jeweils eine Schablone erstellt. Diese wird an dem Geh\u00e4use ausgerichtet und bietet eine Aussparung f\u00fcr das Logo, sodass das Logo an angelegt und absolut gerade aufgeklebt werden kann.Die Schablonen werden im 3D Druck hergestellt und k\u00f6nnen deshalb zu einem g\u00fcnstigen Preis angeboten werden.\u00a0Diese Klebehilfe ist passend f\u00fcr die Abtropfschalen der Linea Mini, Linea Mini R und GS3.\" \/>\n<meta property=\"og:url\" content=\"https:\/\/grafikus-coffeetec.de\/en\/product\/klebehilfe-schriftzug-auf-gehaeuse-linea-mini-linea-mini-r-gs3\/\" \/>\n<meta property=\"og:site_name\" content=\"grafikus-coffeetec.de\" \/>\n<meta property=\"article:modified_time\" content=\"2025-04-23T22:10:08+00:00\" \/>\n<meta property=\"og:image\" content=\"https:\/\/grafikus-coffeetec.de\/wp-content\/uploads\/2025\/02\/klebehilfe-schriftzug-auf-gehaeuse-linea-mini-linea-mini-r-gs3.jpg\" \/>\n\t<meta property=\"og:image:width\" content=\"800\" \/>\n\t<meta property=\"og:image:height\" content=\"800\" \/>\n\t<meta property=\"og:image:type\" content=\"image\/jpeg\" \/>\n<meta name=\"twitter:card\" content=\"summary_large_image\" \/>\n<meta name=\"twitter:label1\" content=\"Est. reading time\" \/>\n\t<meta name=\"twitter:data1\" content=\"1 minute\" \/>\n<script type=\"application\/ld+json\" class=\"yoast-schema-graph\">{\"@context\":\"https:\/\/schema.org\",\"@graph\":[{\"@type\":\"WebPage\",\"@id\":\"https:\/\/grafikus-coffeetec.de\/produkt\/klebehilfe-schriftzug-auf-gehaeuse-linea-mini-linea-mini-r-gs3\/\",\"url\":\"https:\/\/grafikus-coffeetec.de\/produkt\/klebehilfe-schriftzug-auf-gehaeuse-linea-mini-linea-mini-r-gs3\/\",\"name\":\"Klebehilfe Schriftzug auf Geh\u00e4use \u2013 Linea Mini & Linea Mini R | grafikus-coffeetec.de\",\"isPartOf\":{\"@id\":\"https:\/\/grafikus-coffeetec.de\/#website\"},\"primaryImageOfPage\":{\"@id\":\"https:\/\/grafikus-coffeetec.de\/produkt\/klebehilfe-schriftzug-auf-gehaeuse-linea-mini-linea-mini-r-gs3\/#primaryimage\"},\"image\":{\"@id\":\"https:\/\/grafikus-coffeetec.de\/produkt\/klebehilfe-schriftzug-auf-gehaeuse-linea-mini-linea-mini-r-gs3\/#primaryimage\"},\"thumbnailUrl\":\"https:\/\/grafikus-coffeetec.de\/wp-content\/uploads\/2025\/02\/klebehilfe-schriftzug-auf-gehaeuse-linea-mini-linea-mini-r-gs3.jpg\",\"datePublished\":\"2025-02-19T13:47:41+00:00\",\"dateModified\":\"2025-04-23T22:10:08+00:00\",\"description\":\"Das absolut gerade Aufkleben der La Marzocco Embleme war bei mir immer eine Sache, die mit Stress verbunden war, da man effektiv nur einen Versuch hat.Aus diesem Grund habe ich f\u00fcr mich selbst sowohl f\u00fcr die Abtropfschale als auch f\u00fcr das Maschinengeh\u00e4use jeweils eine Schablone erstellt. Diese wird an dem Geh\u00e4use ausgerichtet und bietet eine Aussparung f\u00fcr das Logo, sodass das Logo an angelegt und absolut gerade aufgeklebt werden kann.Die Schablonen werden im 3D Druck hergestellt und k\u00f6nnen deshalb zu einem g\u00fcnstigen Preis angeboten werden.\u00a0Diese Klebehilfe ist passend f\u00fcr die Abtropfschalen der Linea Mini, Linea Mini R und GS3.\",\"breadcrumb\":{\"@id\":\"https:\/\/grafikus-coffeetec.de\/produkt\/klebehilfe-schriftzug-auf-gehaeuse-linea-mini-linea-mini-r-gs3\/#breadcrumb\"},\"inLanguage\":\"en-US\",\"potentialAction\":[{\"@type\":\"ReadAction\",\"target\":[\"https:\/\/grafikus-coffeetec.de\/produkt\/klebehilfe-schriftzug-auf-gehaeuse-linea-mini-linea-mini-r-gs3\/\"]}]},{\"@type\":\"ImageObject\",\"inLanguage\":\"en-US\",\"@id\":\"https:\/\/grafikus-coffeetec.de\/produkt\/klebehilfe-schriftzug-auf-gehaeuse-linea-mini-linea-mini-r-gs3\/#primaryimage\",\"url\":\"https:\/\/grafikus-coffeetec.de\/wp-content\/uploads\/2025\/02\/klebehilfe-schriftzug-auf-gehaeuse-linea-mini-linea-mini-r-gs3.jpg\",\"contentUrl\":\"https:\/\/grafikus-coffeetec.de\/wp-content\/uploads\/2025\/02\/klebehilfe-schriftzug-auf-gehaeuse-linea-mini-linea-mini-r-gs3.jpg\",\"width\":800,\"height\":800,\"caption\":\"Klebehilfe Schriftzug auf Geh\u00e4use \u2013 Linea Mini \/ Linea Mini R \/ GS3\"},{\"@type\":\"BreadcrumbList\",\"@id\":\"https:\/\/grafikus-coffeetec.de\/produkt\/klebehilfe-schriftzug-auf-gehaeuse-linea-mini-linea-mini-r-gs3\/#breadcrumb\",\"itemListElement\":[{\"@type\":\"ListItem\",\"position\":1,\"name\":\"Startseite\",\"item\":\"https:\/\/grafikus-coffeetec.de\/\"},{\"@type\":\"ListItem\",\"position\":2,\"name\":\"Startseite\",\"item\":\"https:\/\/grafikus-coffeetec.de\/\"},{\"@type\":\"ListItem\",\"position\":3,\"name\":\"Klebehilfe Schriftzug auf Geh\u00e4use \u2013 Linea Mini &#038; Linea Mini R\"}]},{\"@type\":\"WebSite\",\"@id\":\"https:\/\/grafikus-coffeetec.de\/#website\",\"url\":\"https:\/\/grafikus-coffeetec.de\/\",\"name\":\"grafikus-coffeetec.de\",\"description\":\"Ihr Spezialist f\u00fcr hochwertiges Zubeh\u00f6r und Umbauten\",\"publisher\":{\"@id\":\"https:\/\/grafikus-coffeetec.de\/#organization\"},\"potentialAction\":[{\"@type\":\"SearchAction\",\"target\":{\"@type\":\"EntryPoint\",\"urlTemplate\":\"https:\/\/grafikus-coffeetec.de\/?s={search_term_string}\"},\"query-input\":{\"@type\":\"PropertyValueSpecification\",\"valueRequired\":true,\"valueName\":\"search_term_string\"}}],\"inLanguage\":\"en-US\"},{\"@type\":\"Organization\",\"@id\":\"https:\/\/grafikus-coffeetec.de\/#organization\",\"name\":\"Grafikus Coffeetec\",\"url\":\"https:\/\/grafikus-coffeetec.de\/\",\"logo\":{\"@type\":\"ImageObject\",\"inLanguage\":\"en-US\",\"@id\":\"https:\/\/grafikus-coffeetec.de\/#\/schema\/logo\/image\/\",\"url\":\"https:\/\/grafikus-coffeetec.de\/wp-content\/uploads\/2020\/05\/Logo_Grafikus-Coffeetec.svg\",\"contentUrl\":\"https:\/\/grafikus-coffeetec.de\/wp-content\/uploads\/2020\/05\/Logo_Grafikus-Coffeetec.svg\",\"width\":\"1024\",\"height\":\"1024\",\"caption\":\"Grafikus Coffeetec\"},\"image\":{\"@id\":\"https:\/\/grafikus-coffeetec.de\/#\/schema\/logo\/image\/\"},\"sameAs\":[\"https:\/\/www.instagram.com\/grafikus_coffeetec\/\"]}]}<\/script>\n<!-- \/ Yoast SEO plugin. -->","yoast_head_json":{"title":"Adhesive for lettering on the housing \u2013 Linea Mini &amp; Linea Mini R | grafikus-coffeetec.de","description":"Applying the La Marzocco emblems perfectly straight was always a stressful task for me, as you essentially only get one shot. For this reason, I created a template for myself for both the drip tray and the machine housing. This template is aligned with the housing and has a cutout for the logo, allowing it to be positioned and applied perfectly straight. The templates are 3D printed, which allows them to be offered at a reasonable price. This application aid is compatible with the drip trays of the Linea Mini, Linea Mini R, and GS3.","robots":{"index":"index","follow":"follow","max-snippet":"max-snippet:-1","max-image-preview":"max-image-preview:large","max-video-preview":"max-video-preview:-1"},"canonical":"https:\/\/grafikus-coffeetec.de\/en\/product\/klebehilfe-schriftzug-auf-gehaeuse-linea-mini-linea-mini-r-gs3\/","og_locale":"en_US","og_type":"article","og_title":"Klebehilfe Schriftzug auf Geh\u00e4use \u2013 Linea Mini & Linea Mini R | grafikus-coffeetec.de","og_description":"Das absolut gerade Aufkleben der La Marzocco Embleme war bei mir immer eine Sache, die mit Stress verbunden war, da man effektiv nur einen Versuch hat.Aus diesem Grund habe ich f\u00fcr mich selbst sowohl f\u00fcr die Abtropfschale als auch f\u00fcr das Maschinengeh\u00e4use jeweils eine Schablone erstellt. Diese wird an dem Geh\u00e4use ausgerichtet und bietet eine Aussparung f\u00fcr das Logo, sodass das Logo an angelegt und absolut gerade aufgeklebt werden kann.Die Schablonen werden im 3D Druck hergestellt und k\u00f6nnen deshalb zu einem g\u00fcnstigen Preis angeboten werden.\u00a0Diese Klebehilfe ist passend f\u00fcr die Abtropfschalen der Linea Mini, Linea Mini R und GS3.","og_url":"https:\/\/grafikus-coffeetec.de\/en\/product\/klebehilfe-schriftzug-auf-gehaeuse-linea-mini-linea-mini-r-gs3\/","og_site_name":"grafikus-coffeetec.de","article_modified_time":"2025-04-23T22:10:08+00:00","og_image":[{"width":800,"height":800,"url":"https:\/\/grafikus-coffeetec.de\/wp-content\/uploads\/2025\/02\/klebehilfe-schriftzug-auf-gehaeuse-linea-mini-linea-mini-r-gs3.jpg","type":"image\/jpeg"}],"twitter_card":"summary_large_image","twitter_misc":{"Est. reading time":"1 minute"},"schema":{"@context":"https:\/\/schema.org","@graph":[{"@type":"WebPage","@id":"https:\/\/grafikus-coffeetec.de\/produkt\/klebehilfe-schriftzug-auf-gehaeuse-linea-mini-linea-mini-r-gs3\/","url":"https:\/\/grafikus-coffeetec.de\/produkt\/klebehilfe-schriftzug-auf-gehaeuse-linea-mini-linea-mini-r-gs3\/","name":"Adhesive for lettering on the housing \u2013 Linea Mini &amp; Linea Mini R | grafikus-coffeetec.de","isPartOf":{"@id":"https:\/\/grafikus-coffeetec.de\/#website"},"primaryImageOfPage":{"@id":"https:\/\/grafikus-coffeetec.de\/produkt\/klebehilfe-schriftzug-auf-gehaeuse-linea-mini-linea-mini-r-gs3\/#primaryimage"},"image":{"@id":"https:\/\/grafikus-coffeetec.de\/produkt\/klebehilfe-schriftzug-auf-gehaeuse-linea-mini-linea-mini-r-gs3\/#primaryimage"},"thumbnailUrl":"https:\/\/grafikus-coffeetec.de\/wp-content\/uploads\/2025\/02\/klebehilfe-schriftzug-auf-gehaeuse-linea-mini-linea-mini-r-gs3.jpg","datePublished":"2025-02-19T13:47:41+00:00","dateModified":"2025-04-23T22:10:08+00:00","description":"Applying the La Marzocco emblems perfectly straight was always a stressful task for me, as you essentially only get one shot. For this reason, I created a template for myself for both the drip tray and the machine housing. This template is aligned with the housing and has a cutout for the logo, allowing it to be positioned and applied perfectly straight. The templates are 3D printed, which allows them to be offered at a reasonable price. This application aid is compatible with the drip trays of the Linea Mini, Linea Mini R, and GS3.","breadcrumb":{"@id":"https:\/\/grafikus-coffeetec.de\/produkt\/klebehilfe-schriftzug-auf-gehaeuse-linea-mini-linea-mini-r-gs3\/#breadcrumb"},"inLanguage":"en-US","potentialAction":[{"@type":"ReadAction","target":["https:\/\/grafikus-coffeetec.de\/produkt\/klebehilfe-schriftzug-auf-gehaeuse-linea-mini-linea-mini-r-gs3\/"]}]},{"@type":"ImageObject","inLanguage":"en-US","@id":"https:\/\/grafikus-coffeetec.de\/produkt\/klebehilfe-schriftzug-auf-gehaeuse-linea-mini-linea-mini-r-gs3\/#primaryimage","url":"https:\/\/grafikus-coffeetec.de\/wp-content\/uploads\/2025\/02\/klebehilfe-schriftzug-auf-gehaeuse-linea-mini-linea-mini-r-gs3.jpg","contentUrl":"https:\/\/grafikus-coffeetec.de\/wp-content\/uploads\/2025\/02\/klebehilfe-schriftzug-auf-gehaeuse-linea-mini-linea-mini-r-gs3.jpg","width":800,"height":800,"caption":"Klebehilfe Schriftzug auf Geh\u00e4use \u2013 Linea Mini \/ Linea Mini R \/ GS3"},{"@type":"BreadcrumbList","@id":"https:\/\/grafikus-coffeetec.de\/produkt\/klebehilfe-schriftzug-auf-gehaeuse-linea-mini-linea-mini-r-gs3\/#breadcrumb","itemListElement":[{"@type":"ListItem","position":1,"name":"Startseite","item":"https:\/\/grafikus-coffeetec.de\/"},{"@type":"ListItem","position":2,"name":"Startseite","item":"https:\/\/grafikus-coffeetec.de\/"},{"@type":"ListItem","position":3,"name":"Klebehilfe Schriftzug auf Geh\u00e4use \u2013 Linea Mini &#038; Linea Mini R"}]},{"@type":"WebSite","@id":"https:\/\/grafikus-coffeetec.de\/#website","url":"https:\/\/grafikus-coffeetec.de\/","name":"grafikus-coffeetec.de","description":"Your specialist for high-quality accessories and conversions","publisher":{"@id":"https:\/\/grafikus-coffeetec.de\/#organization"},"potentialAction":[{"@type":"SearchAction","target":{"@type":"EntryPoint","urlTemplate":"https:\/\/grafikus-coffeetec.de\/?s={search_term_string}"},"query-input":{"@type":"PropertyValueSpecification","valueRequired":true,"valueName":"search_term_string"}}],"inLanguage":"en-US"},{"@type":"Organization","@id":"https:\/\/grafikus-coffeetec.de\/#organization","name":"Graphics company Coffeetec","url":"https:\/\/grafikus-coffeetec.de\/","logo":{"@type":"ImageObject","inLanguage":"en-US","@id":"https:\/\/grafikus-coffeetec.de\/#\/schema\/logo\/image\/","url":"https:\/\/grafikus-coffeetec.de\/wp-content\/uploads\/2020\/05\/Logo_Grafikus-Coffeetec.svg","contentUrl":"https:\/\/grafikus-coffeetec.de\/wp-content\/uploads\/2020\/05\/Logo_Grafikus-Coffeetec.svg","width":"1024","height":"1024","caption":"Grafikus Coffeetec"},"image":{"@id":"https:\/\/grafikus-coffeetec.de\/#\/schema\/logo\/image\/"},"sameAs":["https:\/\/www.instagram.com\/grafikus_coffeetec\/"]}]}},"_links":{"self":[{"href":"https:\/\/grafikus-coffeetec.de\/en\/wp-json\/wp\/v2\/product\/4623","targetHints":{"allow":["GET"]}}],"collection":[{"href":"https:\/\/grafikus-coffeetec.de\/en\/wp-json\/wp\/v2\/product"}],"about":[{"href":"https:\/\/grafikus-coffeetec.de\/en\/wp-json\/wp\/v2\/types\/product"}],"replies":[{"embeddable":true,"href":"https:\/\/grafikus-coffeetec.de\/en\/wp-json\/wp\/v2\/comments?post=4623"}],"wp:featuredmedia":[{"embeddable":true,"href":"https:\/\/grafikus-coffeetec.de\/en\/wp-json\/wp\/v2\/media\/4626"}],"wp:attachment":[{"href":"https:\/\/grafikus-coffeetec.de\/en\/wp-json\/wp\/v2\/media?parent=4623"}],"wp:term":[{"taxonomy":"product_brand","embeddable":true,"href":"https:\/\/grafikus-coffeetec.de\/en\/wp-json\/wp\/v2\/product_brand?post=4623"},{"taxonomy":"product_cat","embeddable":true,"href":"https:\/\/grafikus-coffeetec.de\/en\/wp-json\/wp\/v2\/product_cat?post=4623"},{"taxonomy":"product_tag","embeddable":true,"href":"https:\/\/grafikus-coffeetec.de\/en\/wp-json\/wp\/v2\/product_tag?post=4623"}],"curies":[{"name":"wp","href":"https:\/\/api.w.org\/{rel}","templated":true}]}}