{"id":4424,"date":"2025-01-29T18:28:17","date_gmt":"2025-01-29T17:28:17","guid":{"rendered":"https:\/\/grafikus-coffeetec.de\/?post_type=product&#038;p=4424"},"modified":"2026-04-14T19:12:59","modified_gmt":"2026-04-14T17:12:59","slug":"la-marzocco-350-ml-milchkaennchen-f-3-044","status":"publish","type":"product","link":"https:\/\/grafikus-coffeetec.de\/en\/product\/la-marzocco-350-ml-milchkaennchen-f-3-044\/","title":{"rendered":"La Marzocco 350 ml milk jug (F.3.044)"},"content":{"rendered":"<p>Original La Marzocco milk jug with La Marzocco logo and lettering on the front and a capacity of 350 ml \/ 12 oz.<br \/>\nThis is the jug that is also included with the Linea Mini, Linea Mini R, Linea Micra and GS3.<\/p>\n<p>Scope of delivery:<br \/>\n\u2013 1x La Marzocco 350 ml milk jug<\/p>\n<p>Article number: F.3.044<\/p>\n<p>&nbsp;<\/p>\n<p><strong>Manufacturer information<\/strong><br \/>\nManufacturer: La Marzocco Srl<br \/>\nAddress: Via La Torre 14\/H, 50038 Scarperia e San Piero (FI), Italy<br \/>\nContact: info@lamarzocco.com | www.lamarzocco.com<\/p>","protected":false},"excerpt":{"rendered":"<p>Original La Marzocco milk jug with the La Marzocco logo and lettering on the front and a capacity of 350 ml \/ 12 oz. This is the same jug included with the Linea Mini, Linea Mini R, Linea Micra, and GS3. Included: \u2013 1x La Marzocco 350 ml milk jug. Item number: F.3.044. Manufacturer information: \u2026<\/p>","protected":false},"featured_media":4425,"comment_status":"open","ping_status":"closed","template":"","meta":{"_acf_changed":false,"inline_featured_image":false},"product_brand":[],"product_cat":[222,180,153,62,279,190,258,221,280],"product_tag":[415,414,291,417,304,65,66,158,61,281,416,413,169],"class_list":{"0":"post-4424","1":"product","2":"type-product","3":"status-publish","4":"has-post-thumbnail","6":"product_cat-gs3-ersatzteile","7":"product_cat-lamarzocco-ersatzteile","8":"product_cat-la-marzocco-linea-micra","9":"product_cat-linea-mini","10":"product_cat-la-marzocco-linea-mini-r","11":"product_cat-la-marzocco-zubehoer","12":"product_cat-linea-micra-ersatzteile","13":"product_cat-linea-mini-ersatzteile","14":"product_cat-linea-mini-r-ersatzteile","15":"product_tag-12-oz","16":"product_tag-350-ml","17":"product_tag-accessoire","18":"product_tag-aufschaeumen","19":"product_tag-dampflanze","20":"product_tag-gs3","21":"product_tag-la-marzocco","22":"product_tag-linea-micra","23":"product_tag-linea-mini","24":"product_tag-linea-mini-r","25":"product_tag-milch","26":"product_tag-milchkaennchen","27":"product_tag-zubehoer","29":"first","30":"instock","31":"taxable","32":"shipping-taxable","33":"purchasable","34":"product-type-simple"},"acf":[],"yoast_head":"<!-- This site is optimized with the Yoast SEO plugin v27.1.1 - https:\/\/yoast.com\/product\/yoast-seo-wordpress\/ -->\n<title>La Marzocco 350 ml Milchk\u00e4nnchen (F.3.044) | grafikus-coffeetec.de<\/title>\n<meta name=\"description\" content=\"Original La Marzocco Milchk\u00e4nnchen mit La Marzocco Logo und Schriftzug auf der Vorderseite und einem Fassungsverm\u00f6gen von 350 ml \/ 12 oz.Dies ist das K\u00e4nnchen, welches sich auch im Lieferumfang der Linea Mini, Linea Mini R, Linea Micra und GS3 befindet.\" \/>\n<meta name=\"robots\" content=\"index, follow, max-snippet:-1, max-image-preview:large, max-video-preview:-1\" \/>\n<link rel=\"canonical\" href=\"https:\/\/grafikus-coffeetec.de\/en\/product\/la-marzocco-350-ml-milchkaennchen-f-3-044\/\" \/>\n<meta property=\"og:locale\" content=\"en_US\" \/>\n<meta property=\"og:type\" content=\"article\" \/>\n<meta property=\"og:title\" content=\"La Marzocco 350 ml Milchk\u00e4nnchen (F.3.044) | grafikus-coffeetec.de\" \/>\n<meta property=\"og:description\" content=\"Original La Marzocco Milchk\u00e4nnchen mit La Marzocco Logo und Schriftzug auf der Vorderseite und einem Fassungsverm\u00f6gen von 350 ml \/ 12 oz.Dies ist das K\u00e4nnchen, welches sich auch im Lieferumfang der Linea Mini, Linea Mini R, Linea Micra und GS3 befindet.\" \/>\n<meta property=\"og:url\" content=\"https:\/\/grafikus-coffeetec.de\/en\/product\/la-marzocco-350-ml-milchkaennchen-f-3-044\/\" \/>\n<meta property=\"og:site_name\" content=\"grafikus-coffeetec.de\" \/>\n<meta property=\"article:modified_time\" content=\"2026-04-14T17:12:59+00:00\" \/>\n<meta property=\"og:image\" content=\"https:\/\/grafikus-coffeetec.de\/wp-content\/uploads\/2025\/01\/La-Marzocco_Milchkaennchen.jpg\" \/>\n\t<meta property=\"og:image:width\" content=\"800\" \/>\n\t<meta property=\"og:image:height\" content=\"800\" \/>\n\t<meta property=\"og:image:type\" content=\"image\/jpeg\" \/>\n<meta name=\"twitter:card\" content=\"summary_large_image\" \/>\n<meta name=\"twitter:label1\" content=\"Est. reading time\" \/>\n\t<meta name=\"twitter:data1\" content=\"1 minute\" \/>\n<script type=\"application\/ld+json\" class=\"yoast-schema-graph\">{\"@context\":\"https:\/\/schema.org\",\"@graph\":[{\"@type\":\"WebPage\",\"@id\":\"https:\/\/grafikus-coffeetec.de\/produkt\/la-marzocco-350-ml-milchkaennchen-f-3-044\/\",\"url\":\"https:\/\/grafikus-coffeetec.de\/produkt\/la-marzocco-350-ml-milchkaennchen-f-3-044\/\",\"name\":\"La Marzocco 350 ml Milchk\u00e4nnchen (F.3.044) | grafikus-coffeetec.de\",\"isPartOf\":{\"@id\":\"https:\/\/grafikus-coffeetec.de\/#website\"},\"primaryImageOfPage\":{\"@id\":\"https:\/\/grafikus-coffeetec.de\/produkt\/la-marzocco-350-ml-milchkaennchen-f-3-044\/#primaryimage\"},\"image\":{\"@id\":\"https:\/\/grafikus-coffeetec.de\/produkt\/la-marzocco-350-ml-milchkaennchen-f-3-044\/#primaryimage\"},\"thumbnailUrl\":\"https:\/\/grafikus-coffeetec.de\/wp-content\/uploads\/2025\/01\/La-Marzocco_Milchkaennchen.jpg\",\"datePublished\":\"2025-01-29T17:28:17+00:00\",\"dateModified\":\"2026-04-14T17:12:59+00:00\",\"description\":\"Original La Marzocco Milchk\u00e4nnchen mit La Marzocco Logo und Schriftzug auf der Vorderseite und einem Fassungsverm\u00f6gen von 350 ml \/ 12 oz.Dies ist das K\u00e4nnchen, welches sich auch im Lieferumfang der Linea Mini, Linea Mini R, Linea Micra und GS3 befindet.\",\"breadcrumb\":{\"@id\":\"https:\/\/grafikus-coffeetec.de\/produkt\/la-marzocco-350-ml-milchkaennchen-f-3-044\/#breadcrumb\"},\"inLanguage\":\"en-US\",\"potentialAction\":[{\"@type\":\"ReadAction\",\"target\":[\"https:\/\/grafikus-coffeetec.de\/produkt\/la-marzocco-350-ml-milchkaennchen-f-3-044\/\"]}]},{\"@type\":\"ImageObject\",\"inLanguage\":\"en-US\",\"@id\":\"https:\/\/grafikus-coffeetec.de\/produkt\/la-marzocco-350-ml-milchkaennchen-f-3-044\/#primaryimage\",\"url\":\"https:\/\/grafikus-coffeetec.de\/wp-content\/uploads\/2025\/01\/La-Marzocco_Milchkaennchen.jpg\",\"contentUrl\":\"https:\/\/grafikus-coffeetec.de\/wp-content\/uploads\/2025\/01\/La-Marzocco_Milchkaennchen.jpg\",\"width\":800,\"height\":800,\"caption\":\"La Marzocco 350 ml Milchk\u00e4nnchen (F.3044)\"},{\"@type\":\"BreadcrumbList\",\"@id\":\"https:\/\/grafikus-coffeetec.de\/produkt\/la-marzocco-350-ml-milchkaennchen-f-3-044\/#breadcrumb\",\"itemListElement\":[{\"@type\":\"ListItem\",\"position\":1,\"name\":\"Startseite\",\"item\":\"https:\/\/grafikus-coffeetec.de\/\"},{\"@type\":\"ListItem\",\"position\":2,\"name\":\"Startseite\",\"item\":\"https:\/\/grafikus-coffeetec.de\/\"},{\"@type\":\"ListItem\",\"position\":3,\"name\":\"La Marzocco 350 ml Milchk\u00e4nnchen (F.3.044)\"}]},{\"@type\":\"WebSite\",\"@id\":\"https:\/\/grafikus-coffeetec.de\/#website\",\"url\":\"https:\/\/grafikus-coffeetec.de\/\",\"name\":\"grafikus-coffeetec.de\",\"description\":\"Ihr Spezialist f\u00fcr hochwertiges Zubeh\u00f6r und Umbauten\",\"publisher\":{\"@id\":\"https:\/\/grafikus-coffeetec.de\/#organization\"},\"potentialAction\":[{\"@type\":\"SearchAction\",\"target\":{\"@type\":\"EntryPoint\",\"urlTemplate\":\"https:\/\/grafikus-coffeetec.de\/?s={search_term_string}\"},\"query-input\":{\"@type\":\"PropertyValueSpecification\",\"valueRequired\":true,\"valueName\":\"search_term_string\"}}],\"inLanguage\":\"en-US\"},{\"@type\":\"Organization\",\"@id\":\"https:\/\/grafikus-coffeetec.de\/#organization\",\"name\":\"Grafikus Coffeetec\",\"url\":\"https:\/\/grafikus-coffeetec.de\/\",\"logo\":{\"@type\":\"ImageObject\",\"inLanguage\":\"en-US\",\"@id\":\"https:\/\/grafikus-coffeetec.de\/#\/schema\/logo\/image\/\",\"url\":\"https:\/\/grafikus-coffeetec.de\/wp-content\/uploads\/2020\/05\/Logo_Grafikus-Coffeetec.svg\",\"contentUrl\":\"https:\/\/grafikus-coffeetec.de\/wp-content\/uploads\/2020\/05\/Logo_Grafikus-Coffeetec.svg\",\"width\":\"1024\",\"height\":\"1024\",\"caption\":\"Grafikus Coffeetec\"},\"image\":{\"@id\":\"https:\/\/grafikus-coffeetec.de\/#\/schema\/logo\/image\/\"},\"sameAs\":[\"https:\/\/www.instagram.com\/grafikus_coffeetec\/\"]}]}<\/script>\n<!-- \/ Yoast SEO plugin. -->","yoast_head_json":{"title":"La Marzocco 350 ml milk jug (F.3.044) | grafikus-coffeetec.de","description":"Original La Marzocco milk jug with La Marzocco logo and lettering on the front and a capacity of 350 ml \/ 12 oz. This is the jug that is also included with the Linea Mini, Linea Mini R, Linea Micra and GS3.","robots":{"index":"index","follow":"follow","max-snippet":"max-snippet:-1","max-image-preview":"max-image-preview:large","max-video-preview":"max-video-preview:-1"},"canonical":"https:\/\/grafikus-coffeetec.de\/en\/product\/la-marzocco-350-ml-milchkaennchen-f-3-044\/","og_locale":"en_US","og_type":"article","og_title":"La Marzocco 350 ml Milchk\u00e4nnchen (F.3.044) | grafikus-coffeetec.de","og_description":"Original La Marzocco Milchk\u00e4nnchen mit La Marzocco Logo und Schriftzug auf der Vorderseite und einem Fassungsverm\u00f6gen von 350 ml \/ 12 oz.Dies ist das K\u00e4nnchen, welches sich auch im Lieferumfang der Linea Mini, Linea Mini R, Linea Micra und GS3 befindet.","og_url":"https:\/\/grafikus-coffeetec.de\/en\/product\/la-marzocco-350-ml-milchkaennchen-f-3-044\/","og_site_name":"grafikus-coffeetec.de","article_modified_time":"2026-04-14T17:12:59+00:00","og_image":[{"width":800,"height":800,"url":"https:\/\/grafikus-coffeetec.de\/wp-content\/uploads\/2025\/01\/La-Marzocco_Milchkaennchen.jpg","type":"image\/jpeg"}],"twitter_card":"summary_large_image","twitter_misc":{"Est. reading time":"1 minute"},"schema":{"@context":"https:\/\/schema.org","@graph":[{"@type":"WebPage","@id":"https:\/\/grafikus-coffeetec.de\/produkt\/la-marzocco-350-ml-milchkaennchen-f-3-044\/","url":"https:\/\/grafikus-coffeetec.de\/produkt\/la-marzocco-350-ml-milchkaennchen-f-3-044\/","name":"La Marzocco 350 ml milk jug (F.3.044) | grafikus-coffeetec.de","isPartOf":{"@id":"https:\/\/grafikus-coffeetec.de\/#website"},"primaryImageOfPage":{"@id":"https:\/\/grafikus-coffeetec.de\/produkt\/la-marzocco-350-ml-milchkaennchen-f-3-044\/#primaryimage"},"image":{"@id":"https:\/\/grafikus-coffeetec.de\/produkt\/la-marzocco-350-ml-milchkaennchen-f-3-044\/#primaryimage"},"thumbnailUrl":"https:\/\/grafikus-coffeetec.de\/wp-content\/uploads\/2025\/01\/La-Marzocco_Milchkaennchen.jpg","datePublished":"2025-01-29T17:28:17+00:00","dateModified":"2026-04-14T17:12:59+00:00","description":"Original La Marzocco milk jug with La Marzocco logo and lettering on the front and a capacity of 350 ml \/ 12 oz. This is the jug that is also included with the Linea Mini, Linea Mini R, Linea Micra and GS3.","breadcrumb":{"@id":"https:\/\/grafikus-coffeetec.de\/produkt\/la-marzocco-350-ml-milchkaennchen-f-3-044\/#breadcrumb"},"inLanguage":"en-US","potentialAction":[{"@type":"ReadAction","target":["https:\/\/grafikus-coffeetec.de\/produkt\/la-marzocco-350-ml-milchkaennchen-f-3-044\/"]}]},{"@type":"ImageObject","inLanguage":"en-US","@id":"https:\/\/grafikus-coffeetec.de\/produkt\/la-marzocco-350-ml-milchkaennchen-f-3-044\/#primaryimage","url":"https:\/\/grafikus-coffeetec.de\/wp-content\/uploads\/2025\/01\/La-Marzocco_Milchkaennchen.jpg","contentUrl":"https:\/\/grafikus-coffeetec.de\/wp-content\/uploads\/2025\/01\/La-Marzocco_Milchkaennchen.jpg","width":800,"height":800,"caption":"La Marzocco 350 ml Milchk\u00e4nnchen (F.3044)"},{"@type":"BreadcrumbList","@id":"https:\/\/grafikus-coffeetec.de\/produkt\/la-marzocco-350-ml-milchkaennchen-f-3-044\/#breadcrumb","itemListElement":[{"@type":"ListItem","position":1,"name":"Startseite","item":"https:\/\/grafikus-coffeetec.de\/"},{"@type":"ListItem","position":2,"name":"Startseite","item":"https:\/\/grafikus-coffeetec.de\/"},{"@type":"ListItem","position":3,"name":"La Marzocco 350 ml Milchk\u00e4nnchen (F.3.044)"}]},{"@type":"WebSite","@id":"https:\/\/grafikus-coffeetec.de\/#website","url":"https:\/\/grafikus-coffeetec.de\/","name":"grafikus-coffeetec.de","description":"Your specialist for high-quality accessories and conversions","publisher":{"@id":"https:\/\/grafikus-coffeetec.de\/#organization"},"potentialAction":[{"@type":"SearchAction","target":{"@type":"EntryPoint","urlTemplate":"https:\/\/grafikus-coffeetec.de\/?s={search_term_string}"},"query-input":{"@type":"PropertyValueSpecification","valueRequired":true,"valueName":"search_term_string"}}],"inLanguage":"en-US"},{"@type":"Organization","@id":"https:\/\/grafikus-coffeetec.de\/#organization","name":"Graphics company Coffeetec","url":"https:\/\/grafikus-coffeetec.de\/","logo":{"@type":"ImageObject","inLanguage":"en-US","@id":"https:\/\/grafikus-coffeetec.de\/#\/schema\/logo\/image\/","url":"https:\/\/grafikus-coffeetec.de\/wp-content\/uploads\/2020\/05\/Logo_Grafikus-Coffeetec.svg","contentUrl":"https:\/\/grafikus-coffeetec.de\/wp-content\/uploads\/2020\/05\/Logo_Grafikus-Coffeetec.svg","width":"1024","height":"1024","caption":"Grafikus Coffeetec"},"image":{"@id":"https:\/\/grafikus-coffeetec.de\/#\/schema\/logo\/image\/"},"sameAs":["https:\/\/www.instagram.com\/grafikus_coffeetec\/"]}]}},"_links":{"self":[{"href":"https:\/\/grafikus-coffeetec.de\/en\/wp-json\/wp\/v2\/product\/4424","targetHints":{"allow":["GET"]}}],"collection":[{"href":"https:\/\/grafikus-coffeetec.de\/en\/wp-json\/wp\/v2\/product"}],"about":[{"href":"https:\/\/grafikus-coffeetec.de\/en\/wp-json\/wp\/v2\/types\/product"}],"replies":[{"embeddable":true,"href":"https:\/\/grafikus-coffeetec.de\/en\/wp-json\/wp\/v2\/comments?post=4424"}],"wp:featuredmedia":[{"embeddable":true,"href":"https:\/\/grafikus-coffeetec.de\/en\/wp-json\/wp\/v2\/media\/4425"}],"wp:attachment":[{"href":"https:\/\/grafikus-coffeetec.de\/en\/wp-json\/wp\/v2\/media?parent=4424"}],"wp:term":[{"taxonomy":"product_brand","embeddable":true,"href":"https:\/\/grafikus-coffeetec.de\/en\/wp-json\/wp\/v2\/product_brand?post=4424"},{"taxonomy":"product_cat","embeddable":true,"href":"https:\/\/grafikus-coffeetec.de\/en\/wp-json\/wp\/v2\/product_cat?post=4424"},{"taxonomy":"product_tag","embeddable":true,"href":"https:\/\/grafikus-coffeetec.de\/en\/wp-json\/wp\/v2\/product_tag?post=4424"}],"curies":[{"name":"wp","href":"https:\/\/api.w.org\/{rel}","templated":true}]}}