{"id":3988,"date":"2024-11-01T10:55:55","date_gmt":"2024-11-01T09:55:55","guid":{"rendered":"https:\/\/grafikus-coffeetec.de\/?post_type=product&#038;p=3988"},"modified":"2026-05-13T12:40:28","modified_gmt":"2026-05-13T10:40:28","slug":"loxeal-58-11-fluessigdichtmittel","status":"publish","type":"product","link":"https:\/\/grafikus-coffeetec.de\/en\/product\/loxeal-58-11-fluessigdichtmittel\/","title":{"rendered":"Loxeal 58-11 liquid sealant"},"content":{"rendered":"<p class=\"\" data-start=\"293\" data-end=\"650\">Loxeal 58-11 is a specially developed, anaerobic-curing liquid sealant from WEKEM \u2013 ideal for the professional maintenance and repair of espresso machines. It replaces conventional seals such as paper, rubber, or cork gaskets and ensures permanently leak-proof, reliable metal connections in hot water and steam-carrying systems.<\/p>\n<p class=\"\" data-start=\"652\" data-end=\"1223\">Especially during the maintenance and repair of portafilter machines \u2013 for example, when replacing screw connections on the steam boiler, brewing group, or pump \u2013 Loxeal 58-11 provides a secure seal against water and steam. The medium-viscosity formula cures in the absence of air upon metal contact and reliably withstands temperatures up to +150\u00b0C. The product also has NSF P1 approval, making it suitable for use in food-related areas.<\/p>\n<p class=\"\" data-start=\"1225\" data-end=\"1279\"><strong data-start=\"1225\" data-end=\"1279\">Typical applications &amp; advantages in service operations:<\/strong><\/p>\n<ul data-start=\"1281\" data-end=\"1671\">\n<li class=\"\" data-start=\"1281\" data-end=\"1367\">\n<p class=\"\" data-start=\"1283\" data-end=\"1367\">Sealing of threaded connections on boilers, valves, pumps and screw connections<\/p>\n<\/li>\n<li class=\"\" data-start=\"1368\" data-end=\"1445\">\n<p class=\"\" data-start=\"1370\" data-end=\"1445\">Easily dismantled for future maintenance<\/p>\n<\/li>\n<li class=\"\" data-start=\"1446\" data-end=\"1496\">\n<p class=\"\" data-start=\"1448\" data-end=\"1496\">No retightening required<\/p>\n<\/li>\n<li class=\"\" data-start=\"1497\" data-end=\"1548\">\n<p class=\"\" data-start=\"1499\" data-end=\"1548\">Clean, easy application directly from the tube<\/p>\n<\/li>\n<li class=\"\" data-start=\"1619\" data-end=\"1671\">\n<p class=\"\" data-start=\"1621\" data-end=\"1671\">Resistant to water, steam and cleaning agents<\/p>\n<\/li>\n<\/ul>\n<p>&nbsp;<\/p>\n<p class=\"\" data-start=\"1673\" data-end=\"1691\"><strong data-start=\"1673\" data-end=\"1691\">Characteristics:<\/strong><\/p>\n<ul data-start=\"1693\" data-end=\"2005\">\n<li class=\"\" data-start=\"1693\" data-end=\"1712\">\n<p class=\"\" data-start=\"1695\" data-end=\"1712\"><strong data-start=\"1695\" data-end=\"1705\">Color:<\/strong> Yellow<\/p>\n<\/li>\n<li class=\"\" data-start=\"1713\" data-end=\"1760\">\n<p class=\"\" data-start=\"1715\" data-end=\"1760\"><strong data-start=\"1715\" data-end=\"1739\">Temperature resistant:<\/strong> \u201355 \u00b0C to +150 \u00b0C<\/p>\n<\/li>\n<li class=\"\" data-start=\"1761\" data-end=\"1800\">\n<p class=\"\" data-start=\"1763\" data-end=\"1800\"><strong data-start=\"1763\" data-end=\"1778\">Curing:<\/strong> anaerobic, medium-strength<\/p>\n<\/li>\n<li class=\"\" data-start=\"1801\" data-end=\"1869\">\n<p class=\"\" data-start=\"1803\" data-end=\"1869\"><strong>Curing time: <\/strong>1 \u2013 2 hours (according to manufacturer) -&gt; From practice: Ideally 6 \u2013 12 hours for complete curing<\/p>\n<\/li>\n<li class=\"\" data-start=\"1870\" data-end=\"1936\">\n<p class=\"\" data-start=\"1872\" data-end=\"1936\"><strong data-start=\"1872\" data-end=\"1901\">Can be removed without leaving any residue:<\/strong> no contamination of the system<\/p>\n<\/li>\n<li class=\"\" data-start=\"1937\" data-end=\"2005\">\n<p class=\"\" data-start=\"1939\" data-end=\"2005\"><strong data-start=\"1939\" data-end=\"1953\">Permit:<\/strong> NSF P1 \u2013 suitable for use in food contact<\/p>\n<\/li>\n<\/ul>\n<p>&nbsp;<\/p>\n<p><strong data-start=\"1673\" data-end=\"1691\">Scope of delivery:<\/strong><br \/>\n\u2013 1x Loxeal 58-11 (50ml)<\/p>\n<p>&nbsp;<\/p>","protected":false},"excerpt":{"rendered":"<p>Loxeal 58-11 is a specially developed, anaerobically curing liquid sealant from WEKEM \u2013 ideal for the professional maintenance and repair of espresso machines. It replaces conventional gaskets such as paper, rubber, or cork gaskets and ensures permanently tight, reliable metal-to-metal connections in hot water and steam systems. Especially useful for the maintenance and repair of portafilter machines \u2013 for example, when replacing\u2026<\/p>","protected":false},"featured_media":5732,"comment_status":"open","ping_status":"closed","template":"","meta":{"_acf_changed":false,"inline_featured_image":false},"product_brand":[],"product_cat":[222,180,258,221,280],"product_tag":[228,168,379,66,158,61,281,380,348,169],"class_list":{"0":"post-3988","1":"product","2":"type-product","3":"status-publish","4":"has-post-thumbnail","6":"product_cat-gs3-ersatzteile","7":"product_cat-lamarzocco-ersatzteile","8":"product_cat-linea-micra-ersatzteile","9":"product_cat-linea-mini-ersatzteile","10":"product_cat-linea-mini-r-ersatzteile","11":"product_tag-dampfboiler","12":"product_tag-ersatzteile","13":"product_tag-fluessigdichtmittel","14":"product_tag-la-marzocco","15":"product_tag-linea-micra","16":"product_tag-linea-mini","17":"product_tag-linea-mini-r","18":"product_tag-loxeal-58-11","19":"product_tag-wartung","20":"product_tag-zubehoer","21":"product_shipping_class-warenpost-premium","23":"first","24":"instock","25":"sale","26":"taxable","27":"shipping-taxable","28":"purchasable","29":"product-type-simple"},"acf":[],"yoast_head":"<!-- This site is optimized with the Yoast SEO plugin v27.1.1 - https:\/\/yoast.com\/product\/yoast-seo-wordpress\/ -->\n<title>Loxeal 58-11 Fl\u00fcssigdichtmittel | grafikus-coffeetec.de<\/title>\n<meta name=\"description\" content=\"Loxeal 58-11 ist ein speziell entwickeltes, anaerob h\u00e4rtendes Fl\u00fcssigdichtmittel von WEKEM \u2013 ideal f\u00fcr die professionelle Wartung und Reparatur von Espressomaschinen. Es ersetzt herk\u00f6mmliche Dichtungen wie Papier-, Gummi- oder Korkdichtungen und sorgt f\u00fcr dauerhaft dichte, zuverl\u00e4ssige Metallverbindungen in hei\u00dfwasser- und dampff\u00fchrenden Systemen.Gerade bei der Wartung und Reparatur von Siebtr\u00e4germaschinen \u2013 etwa beim Erneuern von Verschraubungen am Dampfkessel, an Br\u00fchgruppen oder an der Pumpe \u2013 bietet Loxeal 58-11 eine sichere Abdichtung gegen Wasser und Dampf. Die mittelviskose Formel h\u00e4rtet unter Luftabschluss bei Metallkontakt aus und h\u00e4lt zuverl\u00e4ssig Temperaturen bis +150\u202f\u00b0C stand. Zus\u00e4tzlich verf\u00fcgt das Produkt \u00fcber eine NSF P1-Zulassung und ist somit auch f\u00fcr den Einsatz im lebensmittelnahen Bereich geeignet.\" \/>\n<meta name=\"robots\" content=\"index, follow, max-snippet:-1, max-image-preview:large, max-video-preview:-1\" \/>\n<link rel=\"canonical\" href=\"https:\/\/grafikus-coffeetec.de\/en\/product\/loxeal-58-11-fluessigdichtmittel\/\" \/>\n<meta property=\"og:locale\" content=\"en_US\" \/>\n<meta property=\"og:type\" content=\"article\" \/>\n<meta property=\"og:title\" content=\"Loxeal 58-11 Fl\u00fcssigdichtmittel | grafikus-coffeetec.de\" \/>\n<meta property=\"og:description\" content=\"Loxeal 58-11 ist ein speziell entwickeltes, anaerob h\u00e4rtendes Fl\u00fcssigdichtmittel von WEKEM \u2013 ideal f\u00fcr die professionelle Wartung und Reparatur von Espressomaschinen. Es ersetzt herk\u00f6mmliche Dichtungen wie Papier-, Gummi- oder Korkdichtungen und sorgt f\u00fcr dauerhaft dichte, zuverl\u00e4ssige Metallverbindungen in hei\u00dfwasser- und dampff\u00fchrenden Systemen.Gerade bei der Wartung und Reparatur von Siebtr\u00e4germaschinen \u2013 etwa beim Erneuern von Verschraubungen am Dampfkessel, an Br\u00fchgruppen oder an der Pumpe \u2013 bietet Loxeal 58-11 eine sichere Abdichtung gegen Wasser und Dampf. Die mittelviskose Formel h\u00e4rtet unter Luftabschluss bei Metallkontakt aus und h\u00e4lt zuverl\u00e4ssig Temperaturen bis +150\u202f\u00b0C stand. Zus\u00e4tzlich verf\u00fcgt das Produkt \u00fcber eine NSF P1-Zulassung und ist somit auch f\u00fcr den Einsatz im lebensmittelnahen Bereich geeignet.\" \/>\n<meta property=\"og:url\" content=\"https:\/\/grafikus-coffeetec.de\/en\/product\/loxeal-58-11-fluessigdichtmittel\/\" \/>\n<meta property=\"og:site_name\" content=\"grafikus-coffeetec.de\" \/>\n<meta property=\"article:modified_time\" content=\"2026-05-13T10:40:28+00:00\" \/>\n<meta property=\"og:image\" content=\"https:\/\/grafikus-coffeetec.de\/wp-content\/uploads\/2024\/11\/Loexeal-58-11.jpg\" \/>\n\t<meta property=\"og:image:width\" content=\"684\" \/>\n\t<meta property=\"og:image:height\" content=\"684\" \/>\n\t<meta property=\"og:image:type\" content=\"image\/jpeg\" \/>\n<meta name=\"twitter:card\" content=\"summary_large_image\" \/>\n<meta name=\"twitter:label1\" content=\"Est. reading time\" \/>\n\t<meta name=\"twitter:data1\" content=\"2 minutes\" \/>\n<script type=\"application\/ld+json\" class=\"yoast-schema-graph\">{\"@context\":\"https:\/\/schema.org\",\"@graph\":[{\"@type\":\"WebPage\",\"@id\":\"https:\/\/grafikus-coffeetec.de\/produkt\/loxeal-58-11-fluessigdichtmittel\/\",\"url\":\"https:\/\/grafikus-coffeetec.de\/produkt\/loxeal-58-11-fluessigdichtmittel\/\",\"name\":\"Loxeal 58-11 Fl\u00fcssigdichtmittel | grafikus-coffeetec.de\",\"isPartOf\":{\"@id\":\"https:\/\/grafikus-coffeetec.de\/#website\"},\"primaryImageOfPage\":{\"@id\":\"https:\/\/grafikus-coffeetec.de\/produkt\/loxeal-58-11-fluessigdichtmittel\/#primaryimage\"},\"image\":{\"@id\":\"https:\/\/grafikus-coffeetec.de\/produkt\/loxeal-58-11-fluessigdichtmittel\/#primaryimage\"},\"thumbnailUrl\":\"https:\/\/grafikus-coffeetec.de\/wp-content\/uploads\/2024\/11\/Loxeal_58-11-1.jpg\",\"datePublished\":\"2024-11-01T09:55:55+00:00\",\"dateModified\":\"2026-05-13T10:40:28+00:00\",\"description\":\"Loxeal 58-11 ist ein speziell entwickeltes, anaerob h\u00e4rtendes Fl\u00fcssigdichtmittel von WEKEM \u2013 ideal f\u00fcr die professionelle Wartung und Reparatur von Espressomaschinen. Es ersetzt herk\u00f6mmliche Dichtungen wie Papier-, Gummi- oder Korkdichtungen und sorgt f\u00fcr dauerhaft dichte, zuverl\u00e4ssige Metallverbindungen in hei\u00dfwasser- und dampff\u00fchrenden Systemen.Gerade bei der Wartung und Reparatur von Siebtr\u00e4germaschinen \u2013 etwa beim Erneuern von Verschraubungen am Dampfkessel, an Br\u00fchgruppen oder an der Pumpe \u2013 bietet Loxeal 58-11 eine sichere Abdichtung gegen Wasser und Dampf. Die mittelviskose Formel h\u00e4rtet unter Luftabschluss bei Metallkontakt aus und h\u00e4lt zuverl\u00e4ssig Temperaturen bis +150\u202f\u00b0C stand. Zus\u00e4tzlich verf\u00fcgt das Produkt \u00fcber eine NSF P1-Zulassung und ist somit auch f\u00fcr den Einsatz im lebensmittelnahen Bereich geeignet.\",\"breadcrumb\":{\"@id\":\"https:\/\/grafikus-coffeetec.de\/produkt\/loxeal-58-11-fluessigdichtmittel\/#breadcrumb\"},\"inLanguage\":\"en-US\",\"potentialAction\":[{\"@type\":\"ReadAction\",\"target\":[\"https:\/\/grafikus-coffeetec.de\/produkt\/loxeal-58-11-fluessigdichtmittel\/\"]}]},{\"@type\":\"ImageObject\",\"inLanguage\":\"en-US\",\"@id\":\"https:\/\/grafikus-coffeetec.de\/produkt\/loxeal-58-11-fluessigdichtmittel\/#primaryimage\",\"url\":\"https:\/\/grafikus-coffeetec.de\/wp-content\/uploads\/2024\/11\/Loxeal_58-11-1.jpg\",\"contentUrl\":\"https:\/\/grafikus-coffeetec.de\/wp-content\/uploads\/2024\/11\/Loxeal_58-11-1.jpg\",\"width\":1000,\"height\":1000,\"caption\":\"Loxeal 58-11 Fl\u00fcssigdichtmittel\"},{\"@type\":\"BreadcrumbList\",\"@id\":\"https:\/\/grafikus-coffeetec.de\/produkt\/loxeal-58-11-fluessigdichtmittel\/#breadcrumb\",\"itemListElement\":[{\"@type\":\"ListItem\",\"position\":1,\"name\":\"Startseite\",\"item\":\"https:\/\/grafikus-coffeetec.de\/\"},{\"@type\":\"ListItem\",\"position\":2,\"name\":\"Startseite\",\"item\":\"https:\/\/grafikus-coffeetec.de\/\"},{\"@type\":\"ListItem\",\"position\":3,\"name\":\"Loxeal 58-11 Fl\u00fcssigdichtmittel\"}]},{\"@type\":\"WebSite\",\"@id\":\"https:\/\/grafikus-coffeetec.de\/#website\",\"url\":\"https:\/\/grafikus-coffeetec.de\/\",\"name\":\"grafikus-coffeetec.de\",\"description\":\"Ihr Spezialist f\u00fcr hochwertiges Zubeh\u00f6r und Umbauten\",\"publisher\":{\"@id\":\"https:\/\/grafikus-coffeetec.de\/#organization\"},\"potentialAction\":[{\"@type\":\"SearchAction\",\"target\":{\"@type\":\"EntryPoint\",\"urlTemplate\":\"https:\/\/grafikus-coffeetec.de\/?s={search_term_string}\"},\"query-input\":{\"@type\":\"PropertyValueSpecification\",\"valueRequired\":true,\"valueName\":\"search_term_string\"}}],\"inLanguage\":\"en-US\"},{\"@type\":\"Organization\",\"@id\":\"https:\/\/grafikus-coffeetec.de\/#organization\",\"name\":\"Grafikus Coffeetec\",\"url\":\"https:\/\/grafikus-coffeetec.de\/\",\"logo\":{\"@type\":\"ImageObject\",\"inLanguage\":\"en-US\",\"@id\":\"https:\/\/grafikus-coffeetec.de\/#\/schema\/logo\/image\/\",\"url\":\"https:\/\/grafikus-coffeetec.de\/wp-content\/uploads\/2020\/05\/Logo_Grafikus-Coffeetec.svg\",\"contentUrl\":\"https:\/\/grafikus-coffeetec.de\/wp-content\/uploads\/2020\/05\/Logo_Grafikus-Coffeetec.svg\",\"width\":\"1024\",\"height\":\"1024\",\"caption\":\"Grafikus Coffeetec\"},\"image\":{\"@id\":\"https:\/\/grafikus-coffeetec.de\/#\/schema\/logo\/image\/\"},\"sameAs\":[\"https:\/\/www.instagram.com\/grafikus_coffeetec\/\"]}]}<\/script>\n<!-- \/ Yoast SEO plugin. -->","yoast_head_json":{"title":"Loxeal 58-11 Liquid Sealant | grafikus-coffeetec.de","description":"Loxeal 58-11 is a specially developed, anaerobically curing liquid sealant from WEKEM \u2013 ideal for the professional maintenance and repair of espresso machines. It replaces conventional gaskets such as paper, rubber, or cork gaskets and ensures permanently leak-proof, reliable metal-to-metal connections in hot water and steam systems. Especially during the maintenance and repair of portafilter machines \u2013 for example, when replacing screw connections on the steam boiler, brew groups, or pump \u2013 Loxeal 58-11 provides a secure seal against water and steam. The medium-viscosity formula cures in the absence of air upon metal-to-metal contact and reliably withstands temperatures up to +150 \u00b0C. The product also has NSF P1 approval and is therefore suitable for use in food-related areas.","robots":{"index":"index","follow":"follow","max-snippet":"max-snippet:-1","max-image-preview":"max-image-preview:large","max-video-preview":"max-video-preview:-1"},"canonical":"https:\/\/grafikus-coffeetec.de\/en\/product\/loxeal-58-11-fluessigdichtmittel\/","og_locale":"en_US","og_type":"article","og_title":"Loxeal 58-11 Fl\u00fcssigdichtmittel | grafikus-coffeetec.de","og_description":"Loxeal 58-11 ist ein speziell entwickeltes, anaerob h\u00e4rtendes Fl\u00fcssigdichtmittel von WEKEM \u2013 ideal f\u00fcr die professionelle Wartung und Reparatur von Espressomaschinen. Es ersetzt herk\u00f6mmliche Dichtungen wie Papier-, Gummi- oder Korkdichtungen und sorgt f\u00fcr dauerhaft dichte, zuverl\u00e4ssige Metallverbindungen in hei\u00dfwasser- und dampff\u00fchrenden Systemen.Gerade bei der Wartung und Reparatur von Siebtr\u00e4germaschinen \u2013 etwa beim Erneuern von Verschraubungen am Dampfkessel, an Br\u00fchgruppen oder an der Pumpe \u2013 bietet Loxeal 58-11 eine sichere Abdichtung gegen Wasser und Dampf. Die mittelviskose Formel h\u00e4rtet unter Luftabschluss bei Metallkontakt aus und h\u00e4lt zuverl\u00e4ssig Temperaturen bis +150\u202f\u00b0C stand. Zus\u00e4tzlich verf\u00fcgt das Produkt \u00fcber eine NSF P1-Zulassung und ist somit auch f\u00fcr den Einsatz im lebensmittelnahen Bereich geeignet.","og_url":"https:\/\/grafikus-coffeetec.de\/en\/product\/loxeal-58-11-fluessigdichtmittel\/","og_site_name":"grafikus-coffeetec.de","article_modified_time":"2026-05-13T10:40:28+00:00","og_image":[{"width":684,"height":684,"url":"https:\/\/grafikus-coffeetec.de\/wp-content\/uploads\/2024\/11\/Loexeal-58-11.jpg","type":"image\/jpeg"}],"twitter_card":"summary_large_image","twitter_misc":{"Est. reading time":"2 minutes"},"schema":{"@context":"https:\/\/schema.org","@graph":[{"@type":"WebPage","@id":"https:\/\/grafikus-coffeetec.de\/produkt\/loxeal-58-11-fluessigdichtmittel\/","url":"https:\/\/grafikus-coffeetec.de\/produkt\/loxeal-58-11-fluessigdichtmittel\/","name":"Loxeal 58-11 Liquid Sealant | grafikus-coffeetec.de","isPartOf":{"@id":"https:\/\/grafikus-coffeetec.de\/#website"},"primaryImageOfPage":{"@id":"https:\/\/grafikus-coffeetec.de\/produkt\/loxeal-58-11-fluessigdichtmittel\/#primaryimage"},"image":{"@id":"https:\/\/grafikus-coffeetec.de\/produkt\/loxeal-58-11-fluessigdichtmittel\/#primaryimage"},"thumbnailUrl":"https:\/\/grafikus-coffeetec.de\/wp-content\/uploads\/2024\/11\/Loxeal_58-11-1.jpg","datePublished":"2024-11-01T09:55:55+00:00","dateModified":"2026-05-13T10:40:28+00:00","description":"Loxeal 58-11 is a specially developed, anaerobically curing liquid sealant from WEKEM \u2013 ideal for the professional maintenance and repair of espresso machines. It replaces conventional gaskets such as paper, rubber, or cork gaskets and ensures permanently leak-proof, reliable metal-to-metal connections in hot water and steam systems. Especially during the maintenance and repair of portafilter machines \u2013 for example, when replacing screw connections on the steam boiler, brew groups, or pump \u2013 Loxeal 58-11 provides a secure seal against water and steam. The medium-viscosity formula cures in the absence of air upon metal-to-metal contact and reliably withstands temperatures up to +150 \u00b0C. The product also has NSF P1 approval and is therefore suitable for use in food-related areas.","breadcrumb":{"@id":"https:\/\/grafikus-coffeetec.de\/produkt\/loxeal-58-11-fluessigdichtmittel\/#breadcrumb"},"inLanguage":"en-US","potentialAction":[{"@type":"ReadAction","target":["https:\/\/grafikus-coffeetec.de\/produkt\/loxeal-58-11-fluessigdichtmittel\/"]}]},{"@type":"ImageObject","inLanguage":"en-US","@id":"https:\/\/grafikus-coffeetec.de\/produkt\/loxeal-58-11-fluessigdichtmittel\/#primaryimage","url":"https:\/\/grafikus-coffeetec.de\/wp-content\/uploads\/2024\/11\/Loxeal_58-11-1.jpg","contentUrl":"https:\/\/grafikus-coffeetec.de\/wp-content\/uploads\/2024\/11\/Loxeal_58-11-1.jpg","width":1000,"height":1000,"caption":"Loxeal 58-11 Fl\u00fcssigdichtmittel"},{"@type":"BreadcrumbList","@id":"https:\/\/grafikus-coffeetec.de\/produkt\/loxeal-58-11-fluessigdichtmittel\/#breadcrumb","itemListElement":[{"@type":"ListItem","position":1,"name":"Startseite","item":"https:\/\/grafikus-coffeetec.de\/"},{"@type":"ListItem","position":2,"name":"Startseite","item":"https:\/\/grafikus-coffeetec.de\/"},{"@type":"ListItem","position":3,"name":"Loxeal 58-11 Fl\u00fcssigdichtmittel"}]},{"@type":"WebSite","@id":"https:\/\/grafikus-coffeetec.de\/#website","url":"https:\/\/grafikus-coffeetec.de\/","name":"grafikus-coffeetec.de","description":"Your specialist for high-quality accessories and conversions","publisher":{"@id":"https:\/\/grafikus-coffeetec.de\/#organization"},"potentialAction":[{"@type":"SearchAction","target":{"@type":"EntryPoint","urlTemplate":"https:\/\/grafikus-coffeetec.de\/?s={search_term_string}"},"query-input":{"@type":"PropertyValueSpecification","valueRequired":true,"valueName":"search_term_string"}}],"inLanguage":"en-US"},{"@type":"Organization","@id":"https:\/\/grafikus-coffeetec.de\/#organization","name":"Graphics company Coffeetec","url":"https:\/\/grafikus-coffeetec.de\/","logo":{"@type":"ImageObject","inLanguage":"en-US","@id":"https:\/\/grafikus-coffeetec.de\/#\/schema\/logo\/image\/","url":"https:\/\/grafikus-coffeetec.de\/wp-content\/uploads\/2020\/05\/Logo_Grafikus-Coffeetec.svg","contentUrl":"https:\/\/grafikus-coffeetec.de\/wp-content\/uploads\/2020\/05\/Logo_Grafikus-Coffeetec.svg","width":"1024","height":"1024","caption":"Grafikus Coffeetec"},"image":{"@id":"https:\/\/grafikus-coffeetec.de\/#\/schema\/logo\/image\/"},"sameAs":["https:\/\/www.instagram.com\/grafikus_coffeetec\/"]}]}},"_links":{"self":[{"href":"https:\/\/grafikus-coffeetec.de\/en\/wp-json\/wp\/v2\/product\/3988","targetHints":{"allow":["GET"]}}],"collection":[{"href":"https:\/\/grafikus-coffeetec.de\/en\/wp-json\/wp\/v2\/product"}],"about":[{"href":"https:\/\/grafikus-coffeetec.de\/en\/wp-json\/wp\/v2\/types\/product"}],"replies":[{"embeddable":true,"href":"https:\/\/grafikus-coffeetec.de\/en\/wp-json\/wp\/v2\/comments?post=3988"}],"wp:featuredmedia":[{"embeddable":true,"href":"https:\/\/grafikus-coffeetec.de\/en\/wp-json\/wp\/v2\/media\/5732"}],"wp:attachment":[{"href":"https:\/\/grafikus-coffeetec.de\/en\/wp-json\/wp\/v2\/media?parent=3988"}],"wp:term":[{"taxonomy":"product_brand","embeddable":true,"href":"https:\/\/grafikus-coffeetec.de\/en\/wp-json\/wp\/v2\/product_brand?post=3988"},{"taxonomy":"product_cat","embeddable":true,"href":"https:\/\/grafikus-coffeetec.de\/en\/wp-json\/wp\/v2\/product_cat?post=3988"},{"taxonomy":"product_tag","embeddable":true,"href":"https:\/\/grafikus-coffeetec.de\/en\/wp-json\/wp\/v2\/product_tag?post=3988"}],"curies":[{"name":"wp","href":"https:\/\/api.w.org\/{rel}","templated":true}]}}