{"id":3892,"date":"2024-10-20T12:00:56","date_gmt":"2024-10-20T10:00:56","guid":{"rendered":"https:\/\/grafikus-coffeetec.de\/?post_type=product&#038;p=3892"},"modified":"2026-02-18T12:44:58","modified_gmt":"2026-02-18T11:44:58","slug":"la-marzocco-verschleiss-kit-dampf-heisswasserlanze-sa309-r","status":"publish","type":"product","link":"https:\/\/grafikus-coffeetec.de\/en\/product\/la-marzocco-verschleiss-kit-dampf-heisswasserlanze-sa309-r\/","title":{"rendered":"La Marzocco wear kit steam \/ hot water lance (SA309.R)"},"content":{"rendered":"<p>Original La Marzocco wear kit for the steam lances without Cool-Touch, the old Cool-Touch steam lances with Teflon interior and the hot water lance of the GS3.<\/p>\n<p>Suitable for the following machines: GS3, Strada<\/p>\n<p>One set contains the components required for a steam or hot water lance. Two sets are therefore required to overhaul both lances.<\/p>\n<p>Scope of delivery:<br \/>\n-1x La Marzocco wear set for the steam \/ hot water lance<\/p>\n<p>Article number: SA309.R<\/p>\n<p>&nbsp;<\/p>\n<p><strong>Manufacturer information<\/strong><br \/>\nManufacturer: La Marzocco Srl<br \/>\nAddress: Via La Torre 14\/H, 50038 Scarperia e San Piero (FI), Italy<br \/>\nContact: info@lamarzocco.com | www.lamarzocco.com<\/p>","protected":false},"excerpt":{"rendered":"<p>Genuine La Marzocco wear kit for steam wands without Cool-Touch, older Cool-Touch steam wands with Teflon interior, and the GS3 hot water wand. Suitable for the following machines: GS3, Strada. One kit contains the necessary components for one steam wand or one hot water wand. Therefore, two kits are required to overhaul both wands. Scope of delivery: - 1x La Marzocco wear kit for\u2026<\/p>","protected":false},"featured_media":3934,"comment_status":"open","ping_status":"closed","template":"","meta":{"_acf_changed":false,"inline_featured_image":false},"product_brand":[],"product_cat":[222,180],"product_tag":[304,168,65,330,66,170,329,161,169],"class_list":{"0":"post-3892","1":"product","2":"type-product","3":"status-publish","4":"has-post-thumbnail","6":"product_cat-gs3-ersatzteile","7":"product_cat-lamarzocco-ersatzteile","8":"product_tag-dampflanze","9":"product_tag-ersatzteile","10":"product_tag-gs3","11":"product_tag-heisswasserlanze","12":"product_tag-la-marzocco","13":"product_tag-modifkation","14":"product_tag-verschleiss-kit","15":"product_tag-verschleissset","16":"product_tag-zubehoer","17":"product_shipping_class-warenpost-premium","19":"first","20":"instock","21":"taxable","22":"shipping-taxable","23":"purchasable","24":"product-type-simple"},"acf":[],"yoast_head":"<!-- This site is optimized with the Yoast SEO plugin v27.1.1 - https:\/\/yoast.com\/product\/yoast-seo-wordpress\/ -->\n<title>La Marzocco Verschlei\u00df Kit Dampf- \/ Hei\u00dfwasserlanze (SA309.R) | grafikus-coffeetec.de<\/title>\n<meta name=\"description\" content=\"Original La Marzocco Verschlei\u00df Kit f\u00fcr die Dampf- \/ Hei\u00dfwasserlanze der GS3 und Strada.Passend f\u00fcr folgende Maschinen: GS3, Strada EP, Strada AV, Strada EE, Strada MP, Strada S, Strada X\" \/>\n<meta name=\"robots\" content=\"index, follow, max-snippet:-1, max-image-preview:large, max-video-preview:-1\" \/>\n<link rel=\"canonical\" href=\"https:\/\/grafikus-coffeetec.de\/en\/product\/la-marzocco-verschleiss-kit-dampf-heisswasserlanze-sa309-r\/\" \/>\n<meta property=\"og:locale\" content=\"en_US\" \/>\n<meta property=\"og:type\" content=\"article\" \/>\n<meta property=\"og:title\" content=\"La Marzocco Verschlei\u00df Kit Dampf- \/ Hei\u00dfwasserlanze (SA309.R) | grafikus-coffeetec.de\" \/>\n<meta property=\"og:description\" content=\"Original La Marzocco Verschlei\u00df Kit f\u00fcr die Dampf- \/ Hei\u00dfwasserlanze der GS3 und Strada.Passend f\u00fcr folgende Maschinen: GS3, Strada EP, Strada AV, Strada EE, Strada MP, Strada S, Strada X\" \/>\n<meta property=\"og:url\" content=\"https:\/\/grafikus-coffeetec.de\/en\/product\/la-marzocco-verschleiss-kit-dampf-heisswasserlanze-sa309-r\/\" \/>\n<meta property=\"og:site_name\" content=\"grafikus-coffeetec.de\" \/>\n<meta property=\"article:modified_time\" content=\"2026-02-18T11:44:58+00:00\" \/>\n<meta property=\"og:image\" content=\"https:\/\/grafikus-coffeetec.de\/wp-content\/uploads\/2024\/10\/SA309_R.jpg\" \/>\n\t<meta property=\"og:image:width\" content=\"800\" \/>\n\t<meta property=\"og:image:height\" content=\"800\" \/>\n\t<meta property=\"og:image:type\" content=\"image\/jpeg\" \/>\n<meta name=\"twitter:card\" content=\"summary_large_image\" \/>\n<meta name=\"twitter:label1\" content=\"Est. reading time\" \/>\n\t<meta name=\"twitter:data1\" content=\"1 minute\" \/>\n<script type=\"application\/ld+json\" class=\"yoast-schema-graph\">{\"@context\":\"https:\/\/schema.org\",\"@graph\":[{\"@type\":\"WebPage\",\"@id\":\"https:\/\/grafikus-coffeetec.de\/produkt\/la-marzocco-verschleiss-kit-dampf-heisswasserlanze-sa309-r\/\",\"url\":\"https:\/\/grafikus-coffeetec.de\/produkt\/la-marzocco-verschleiss-kit-dampf-heisswasserlanze-sa309-r\/\",\"name\":\"La Marzocco Verschlei\u00df Kit Dampf- \/ Hei\u00dfwasserlanze (SA309.R) | grafikus-coffeetec.de\",\"isPartOf\":{\"@id\":\"https:\/\/grafikus-coffeetec.de\/#website\"},\"primaryImageOfPage\":{\"@id\":\"https:\/\/grafikus-coffeetec.de\/produkt\/la-marzocco-verschleiss-kit-dampf-heisswasserlanze-sa309-r\/#primaryimage\"},\"image\":{\"@id\":\"https:\/\/grafikus-coffeetec.de\/produkt\/la-marzocco-verschleiss-kit-dampf-heisswasserlanze-sa309-r\/#primaryimage\"},\"thumbnailUrl\":\"https:\/\/grafikus-coffeetec.de\/wp-content\/uploads\/2024\/10\/SA309_R.jpg\",\"datePublished\":\"2024-10-20T10:00:56+00:00\",\"dateModified\":\"2026-02-18T11:44:58+00:00\",\"description\":\"Original La Marzocco Verschlei\u00df Kit f\u00fcr die Dampf- \/ Hei\u00dfwasserlanze der GS3 und Strada.Passend f\u00fcr folgende Maschinen: GS3, Strada EP, Strada AV, Strada EE, Strada MP, Strada S, Strada X\",\"breadcrumb\":{\"@id\":\"https:\/\/grafikus-coffeetec.de\/produkt\/la-marzocco-verschleiss-kit-dampf-heisswasserlanze-sa309-r\/#breadcrumb\"},\"inLanguage\":\"en-US\",\"potentialAction\":[{\"@type\":\"ReadAction\",\"target\":[\"https:\/\/grafikus-coffeetec.de\/produkt\/la-marzocco-verschleiss-kit-dampf-heisswasserlanze-sa309-r\/\"]}]},{\"@type\":\"ImageObject\",\"inLanguage\":\"en-US\",\"@id\":\"https:\/\/grafikus-coffeetec.de\/produkt\/la-marzocco-verschleiss-kit-dampf-heisswasserlanze-sa309-r\/#primaryimage\",\"url\":\"https:\/\/grafikus-coffeetec.de\/wp-content\/uploads\/2024\/10\/SA309_R.jpg\",\"contentUrl\":\"https:\/\/grafikus-coffeetec.de\/wp-content\/uploads\/2024\/10\/SA309_R.jpg\",\"width\":800,\"height\":800,\"caption\":\"La Marzocco Verschlei\u00df Kit Dampf- \/ Hei\u00dfwasserlanze (SA309.R)\"},{\"@type\":\"BreadcrumbList\",\"@id\":\"https:\/\/grafikus-coffeetec.de\/produkt\/la-marzocco-verschleiss-kit-dampf-heisswasserlanze-sa309-r\/#breadcrumb\",\"itemListElement\":[{\"@type\":\"ListItem\",\"position\":1,\"name\":\"Startseite\",\"item\":\"https:\/\/grafikus-coffeetec.de\/\"},{\"@type\":\"ListItem\",\"position\":2,\"name\":\"Startseite\",\"item\":\"https:\/\/grafikus-coffeetec.de\/\"},{\"@type\":\"ListItem\",\"position\":3,\"name\":\"La Marzocco Verschlei\u00df Kit Dampf- \/ Hei\u00dfwasserlanze (SA309.R)\"}]},{\"@type\":\"WebSite\",\"@id\":\"https:\/\/grafikus-coffeetec.de\/#website\",\"url\":\"https:\/\/grafikus-coffeetec.de\/\",\"name\":\"grafikus-coffeetec.de\",\"description\":\"Ihr Spezialist f\u00fcr hochwertiges Zubeh\u00f6r und Umbauten\",\"publisher\":{\"@id\":\"https:\/\/grafikus-coffeetec.de\/#organization\"},\"potentialAction\":[{\"@type\":\"SearchAction\",\"target\":{\"@type\":\"EntryPoint\",\"urlTemplate\":\"https:\/\/grafikus-coffeetec.de\/?s={search_term_string}\"},\"query-input\":{\"@type\":\"PropertyValueSpecification\",\"valueRequired\":true,\"valueName\":\"search_term_string\"}}],\"inLanguage\":\"en-US\"},{\"@type\":\"Organization\",\"@id\":\"https:\/\/grafikus-coffeetec.de\/#organization\",\"name\":\"Grafikus Coffeetec\",\"url\":\"https:\/\/grafikus-coffeetec.de\/\",\"logo\":{\"@type\":\"ImageObject\",\"inLanguage\":\"en-US\",\"@id\":\"https:\/\/grafikus-coffeetec.de\/#\/schema\/logo\/image\/\",\"url\":\"https:\/\/grafikus-coffeetec.de\/wp-content\/uploads\/2020\/05\/Logo_Grafikus-Coffeetec.svg\",\"contentUrl\":\"https:\/\/grafikus-coffeetec.de\/wp-content\/uploads\/2020\/05\/Logo_Grafikus-Coffeetec.svg\",\"width\":\"1024\",\"height\":\"1024\",\"caption\":\"Grafikus Coffeetec\"},\"image\":{\"@id\":\"https:\/\/grafikus-coffeetec.de\/#\/schema\/logo\/image\/\"},\"sameAs\":[\"https:\/\/www.instagram.com\/grafikus_coffeetec\/\"]}]}<\/script>\n<!-- \/ Yoast SEO plugin. -->","yoast_head_json":{"title":"La Marzocco Wear Kit Steam\/Hot Water Wand (SA309.R) | grafikus-coffeetec.de","description":"Genuine La Marzocco wear kit for the steam\/hot water wand of the GS3 and Strada. Suitable for the following machines: GS3, Strada EP, Strada AV, Strada EE, Strada MP, Strada S, Strada X","robots":{"index":"index","follow":"follow","max-snippet":"max-snippet:-1","max-image-preview":"max-image-preview:large","max-video-preview":"max-video-preview:-1"},"canonical":"https:\/\/grafikus-coffeetec.de\/en\/product\/la-marzocco-verschleiss-kit-dampf-heisswasserlanze-sa309-r\/","og_locale":"en_US","og_type":"article","og_title":"La Marzocco Verschlei\u00df Kit Dampf- \/ Hei\u00dfwasserlanze (SA309.R) | grafikus-coffeetec.de","og_description":"Original La Marzocco Verschlei\u00df Kit f\u00fcr die Dampf- \/ Hei\u00dfwasserlanze der GS3 und Strada.Passend f\u00fcr folgende Maschinen: GS3, Strada EP, Strada AV, Strada EE, Strada MP, Strada S, Strada X","og_url":"https:\/\/grafikus-coffeetec.de\/en\/product\/la-marzocco-verschleiss-kit-dampf-heisswasserlanze-sa309-r\/","og_site_name":"grafikus-coffeetec.de","article_modified_time":"2026-02-18T11:44:58+00:00","og_image":[{"width":800,"height":800,"url":"https:\/\/grafikus-coffeetec.de\/wp-content\/uploads\/2024\/10\/SA309_R.jpg","type":"image\/jpeg"}],"twitter_card":"summary_large_image","twitter_misc":{"Est. reading time":"1 minute"},"schema":{"@context":"https:\/\/schema.org","@graph":[{"@type":"WebPage","@id":"https:\/\/grafikus-coffeetec.de\/produkt\/la-marzocco-verschleiss-kit-dampf-heisswasserlanze-sa309-r\/","url":"https:\/\/grafikus-coffeetec.de\/produkt\/la-marzocco-verschleiss-kit-dampf-heisswasserlanze-sa309-r\/","name":"La Marzocco Wear Kit Steam\/Hot Water Wand (SA309.R) | grafikus-coffeetec.de","isPartOf":{"@id":"https:\/\/grafikus-coffeetec.de\/#website"},"primaryImageOfPage":{"@id":"https:\/\/grafikus-coffeetec.de\/produkt\/la-marzocco-verschleiss-kit-dampf-heisswasserlanze-sa309-r\/#primaryimage"},"image":{"@id":"https:\/\/grafikus-coffeetec.de\/produkt\/la-marzocco-verschleiss-kit-dampf-heisswasserlanze-sa309-r\/#primaryimage"},"thumbnailUrl":"https:\/\/grafikus-coffeetec.de\/wp-content\/uploads\/2024\/10\/SA309_R.jpg","datePublished":"2024-10-20T10:00:56+00:00","dateModified":"2026-02-18T11:44:58+00:00","description":"Genuine La Marzocco wear kit for the steam\/hot water wand of the GS3 and Strada. Suitable for the following machines: GS3, Strada EP, Strada AV, Strada EE, Strada MP, Strada S, Strada X","breadcrumb":{"@id":"https:\/\/grafikus-coffeetec.de\/produkt\/la-marzocco-verschleiss-kit-dampf-heisswasserlanze-sa309-r\/#breadcrumb"},"inLanguage":"en-US","potentialAction":[{"@type":"ReadAction","target":["https:\/\/grafikus-coffeetec.de\/produkt\/la-marzocco-verschleiss-kit-dampf-heisswasserlanze-sa309-r\/"]}]},{"@type":"ImageObject","inLanguage":"en-US","@id":"https:\/\/grafikus-coffeetec.de\/produkt\/la-marzocco-verschleiss-kit-dampf-heisswasserlanze-sa309-r\/#primaryimage","url":"https:\/\/grafikus-coffeetec.de\/wp-content\/uploads\/2024\/10\/SA309_R.jpg","contentUrl":"https:\/\/grafikus-coffeetec.de\/wp-content\/uploads\/2024\/10\/SA309_R.jpg","width":800,"height":800,"caption":"La Marzocco Verschlei\u00df Kit Dampf- \/ Hei\u00dfwasserlanze (SA309.R)"},{"@type":"BreadcrumbList","@id":"https:\/\/grafikus-coffeetec.de\/produkt\/la-marzocco-verschleiss-kit-dampf-heisswasserlanze-sa309-r\/#breadcrumb","itemListElement":[{"@type":"ListItem","position":1,"name":"Startseite","item":"https:\/\/grafikus-coffeetec.de\/"},{"@type":"ListItem","position":2,"name":"Startseite","item":"https:\/\/grafikus-coffeetec.de\/"},{"@type":"ListItem","position":3,"name":"La Marzocco Verschlei\u00df Kit Dampf- \/ Hei\u00dfwasserlanze (SA309.R)"}]},{"@type":"WebSite","@id":"https:\/\/grafikus-coffeetec.de\/#website","url":"https:\/\/grafikus-coffeetec.de\/","name":"grafikus-coffeetec.de","description":"Your specialist for high-quality accessories and conversions","publisher":{"@id":"https:\/\/grafikus-coffeetec.de\/#organization"},"potentialAction":[{"@type":"SearchAction","target":{"@type":"EntryPoint","urlTemplate":"https:\/\/grafikus-coffeetec.de\/?s={search_term_string}"},"query-input":{"@type":"PropertyValueSpecification","valueRequired":true,"valueName":"search_term_string"}}],"inLanguage":"en-US"},{"@type":"Organization","@id":"https:\/\/grafikus-coffeetec.de\/#organization","name":"Graphics company Coffeetec","url":"https:\/\/grafikus-coffeetec.de\/","logo":{"@type":"ImageObject","inLanguage":"en-US","@id":"https:\/\/grafikus-coffeetec.de\/#\/schema\/logo\/image\/","url":"https:\/\/grafikus-coffeetec.de\/wp-content\/uploads\/2020\/05\/Logo_Grafikus-Coffeetec.svg","contentUrl":"https:\/\/grafikus-coffeetec.de\/wp-content\/uploads\/2020\/05\/Logo_Grafikus-Coffeetec.svg","width":"1024","height":"1024","caption":"Grafikus Coffeetec"},"image":{"@id":"https:\/\/grafikus-coffeetec.de\/#\/schema\/logo\/image\/"},"sameAs":["https:\/\/www.instagram.com\/grafikus_coffeetec\/"]}]}},"_links":{"self":[{"href":"https:\/\/grafikus-coffeetec.de\/en\/wp-json\/wp\/v2\/product\/3892","targetHints":{"allow":["GET"]}}],"collection":[{"href":"https:\/\/grafikus-coffeetec.de\/en\/wp-json\/wp\/v2\/product"}],"about":[{"href":"https:\/\/grafikus-coffeetec.de\/en\/wp-json\/wp\/v2\/types\/product"}],"replies":[{"embeddable":true,"href":"https:\/\/grafikus-coffeetec.de\/en\/wp-json\/wp\/v2\/comments?post=3892"}],"wp:featuredmedia":[{"embeddable":true,"href":"https:\/\/grafikus-coffeetec.de\/en\/wp-json\/wp\/v2\/media\/3934"}],"wp:attachment":[{"href":"https:\/\/grafikus-coffeetec.de\/en\/wp-json\/wp\/v2\/media?parent=3892"}],"wp:term":[{"taxonomy":"product_brand","embeddable":true,"href":"https:\/\/grafikus-coffeetec.de\/en\/wp-json\/wp\/v2\/product_brand?post=3892"},{"taxonomy":"product_cat","embeddable":true,"href":"https:\/\/grafikus-coffeetec.de\/en\/wp-json\/wp\/v2\/product_cat?post=3892"},{"taxonomy":"product_tag","embeddable":true,"href":"https:\/\/grafikus-coffeetec.de\/en\/wp-json\/wp\/v2\/product_tag?post=3892"}],"curies":[{"name":"wp","href":"https:\/\/api.w.org\/{rel}","templated":true}]}}