{"id":3768,"date":"2024-09-21T02:21:12","date_gmt":"2024-09-21T00:21:12","guid":{"rendered":"https:\/\/grafikus-coffeetec.de\/?post_type=product&#038;p=3768"},"modified":"2026-04-25T01:08:51","modified_gmt":"2026-04-24T23:08:51","slug":"pesado-bodenloser-edelstahl-siebtraeger","status":"publish","type":"product","link":"https:\/\/grafikus-coffeetec.de\/en\/product\/pesado-bodenloser-edelstahl-siebtraeger\/","title":{"rendered":"Pesado bottomless stainless steel portafilter"},"content":{"rendered":"<p class=\"p1\">The bottomless portafilter from Pesado, like the 2-cup portafilter, is made of stainless steel. This makes the combination of the two portafilters one of the few ways to standardize the extraction behavior of the bottomless portafilter and the portafilter with a double spout.<br \/>\nThe stainless steel construction also makes it very durable and simplifies the cleaning of the portafilter surfaces.<\/p>\n<p>The wings of the bayonet lock have a maximum height of 6.2mm and can therefore be used in the following La Marzocco machines: Linea Micra, Linea Mini, Linea Mini R, GS3 and all Gastro machines except the KB90<\/p>\n<p>Suitable for the following machines: Linea Micra, Linea Mini, Linea Mini R, GS3, Bezzera, Brugnetti, Decent, ECM, Elektra, Expobar, Faema, Isomac, Kees Van Der Western, La Pavoni, Lelit \u2013 Pro Line, Mavam, Moai Bar, Mod Bar, Orchestrale, Profitec, Quickmill, Rancillio, Rocket, SAB, San Remo, Slayer, Synesso, VBM, Wega, all E61 groups. (NOT suitable for La Marzocco KB90)<\/p>\n<p>Scope of delivery:<br \/>\n\u2013 Bottomless stainless steel portafilter<br \/>\n\u2013 Selected handle<\/p>\n<p>&nbsp;<\/p>\n<p><strong>Note on the wooden handles:<\/strong> Wood is a natural product. Deviations in color and structure from the images shown are natural and therefore unavoidable.<br \/>\nIf several pieces of wood are ordered, we will try to send matching colors and grains.<\/p>","protected":false},"excerpt":{"rendered":"<p>The bottomless portafilter from Pesado, like the double-spout portafilter, is made of stainless steel. This makes the combination of the two portafilters one of the few ways to standardize the extraction behavior of both the bottomless and double-spout portafilters. The stainless steel construction also makes it very durable and simplifies cleaning the portafilter&#039;s surfaces. The wings\u2026<\/p>","protected":false},"featured_media":7614,"comment_status":"open","ping_status":"closed","template":"","meta":{"_acf_changed":false,"inline_featured_image":false},"product_brand":[],"product_cat":[74,64,153,62,279,190,569,144],"product_tag":[160,168,65,66,158,61,281,170,358,188,169],"class_list":{"0":"post-3768","1":"product","2":"type-product","3":"status-publish","4":"has-post-thumbnail","6":"product_cat-kvdw-speedster","7":"product_cat-lamarzocco-gs3","8":"product_cat-la-marzocco-linea-micra","9":"product_cat-linea-mini","10":"product_cat-la-marzocco-linea-mini-r","11":"product_cat-la-marzocco-zubehoer","12":"product_cat-pesado","13":"product_cat-profitec-pro-300","14":"product_tag-bodenloser-siebtraeger","15":"product_tag-ersatzteile","16":"product_tag-gs3","17":"product_tag-la-marzocco","18":"product_tag-linea-micra","19":"product_tag-linea-mini","20":"product_tag-linea-mini-r","21":"product_tag-modifkation","22":"product_tag-pesado","23":"product_tag-siebtraeger","24":"product_tag-zubehoer","26":"first","27":"instock","28":"sale","29":"taxable","30":"shipping-taxable","31":"purchasable","32":"product-type-variable","33":"has-default-attributes"},"acf":[],"yoast_head":"<!-- This site is optimized with the Yoast SEO plugin v27.1.1 - https:\/\/yoast.com\/product\/yoast-seo-wordpress\/ -->\n<title>Pesado bodenloser Edelstahl Siebtr\u00e4ger | grafikus-coffeetec.de<\/title>\n<meta name=\"description\" content=\"Der bodenlose Siebtr\u00e4ger von Pesado ist, analog zum 2-Tassen-Siebtr\u00e4ger, aus Edelstahl gefertigt. Dies macht die Kombination aus beiden Siebtr\u00e4gern zu einer der wenigen M\u00f6glichkeiten, das Entspannverhalten des bodenlosen Siebtr\u00e4gers und des Siebtr\u00e4gers mit Doppelauslauf zu vereinheitlichen.Die Ausf\u00fchrung in Edelstahl macht ihn zudem sehr langlebig und vereinfacht die Reinigung der Oberfl\u00e4chen des Siebtr\u00e4gers.\" \/>\n<meta name=\"robots\" content=\"index, follow, max-snippet:-1, max-image-preview:large, max-video-preview:-1\" \/>\n<link rel=\"canonical\" href=\"https:\/\/grafikus-coffeetec.de\/en\/product\/pesado-bodenloser-edelstahl-siebtraeger\/\" \/>\n<meta property=\"og:locale\" content=\"en_US\" \/>\n<meta property=\"og:type\" content=\"article\" \/>\n<meta property=\"og:title\" content=\"Pesado bodenloser Edelstahl Siebtr\u00e4ger | grafikus-coffeetec.de\" \/>\n<meta property=\"og:description\" content=\"Der bodenlose Siebtr\u00e4ger von Pesado ist, analog zum 2-Tassen-Siebtr\u00e4ger, aus Edelstahl gefertigt. Dies macht die Kombination aus beiden Siebtr\u00e4gern zu einer der wenigen M\u00f6glichkeiten, das Entspannverhalten des bodenlosen Siebtr\u00e4gers und des Siebtr\u00e4gers mit Doppelauslauf zu vereinheitlichen.Die Ausf\u00fchrung in Edelstahl macht ihn zudem sehr langlebig und vereinfacht die Reinigung der Oberfl\u00e4chen des Siebtr\u00e4gers.\" \/>\n<meta property=\"og:url\" content=\"https:\/\/grafikus-coffeetec.de\/en\/product\/pesado-bodenloser-edelstahl-siebtraeger\/\" \/>\n<meta property=\"og:site_name\" content=\"grafikus-coffeetec.de\" \/>\n<meta property=\"article:modified_time\" content=\"2026-04-24T23:08:51+00:00\" \/>\n<meta property=\"og:image\" content=\"https:\/\/grafikus-coffeetec.de\/wp-content\/uploads\/2024\/09\/Pesado_bodenloser-Siebtraeger_Kopf_BiGa.jpg\" \/>\n\t<meta property=\"og:image:width\" content=\"464\" \/>\n\t<meta property=\"og:image:height\" content=\"464\" \/>\n\t<meta property=\"og:image:type\" content=\"image\/jpeg\" \/>\n<meta name=\"twitter:card\" content=\"summary_large_image\" \/>\n<meta name=\"twitter:label1\" content=\"Est. reading time\" \/>\n\t<meta name=\"twitter:data1\" content=\"2 minutes\" \/>\n<script type=\"application\/ld+json\" class=\"yoast-schema-graph\">{\"@context\":\"https:\/\/schema.org\",\"@graph\":[{\"@type\":\"WebPage\",\"@id\":\"https:\/\/grafikus-coffeetec.de\/produkt\/pesado-bodenloser-edelstahl-siebtraeger\/\",\"url\":\"https:\/\/grafikus-coffeetec.de\/produkt\/pesado-bodenloser-edelstahl-siebtraeger\/\",\"name\":\"Pesado bodenloser Edelstahl Siebtr\u00e4ger | grafikus-coffeetec.de\",\"isPartOf\":{\"@id\":\"https:\/\/grafikus-coffeetec.de\/#website\"},\"primaryImageOfPage\":{\"@id\":\"https:\/\/grafikus-coffeetec.de\/produkt\/pesado-bodenloser-edelstahl-siebtraeger\/#primaryimage\"},\"image\":{\"@id\":\"https:\/\/grafikus-coffeetec.de\/produkt\/pesado-bodenloser-edelstahl-siebtraeger\/#primaryimage\"},\"thumbnailUrl\":\"https:\/\/grafikus-coffeetec.de\/wp-content\/uploads\/2024\/09\/Pesado_bodenloser-Siebtraeger_Kopf_BiGa.jpg\",\"datePublished\":\"2024-09-21T00:21:12+00:00\",\"dateModified\":\"2026-04-24T23:08:51+00:00\",\"description\":\"Der bodenlose Siebtr\u00e4ger von Pesado ist, analog zum 2-Tassen-Siebtr\u00e4ger, aus Edelstahl gefertigt. Dies macht die Kombination aus beiden Siebtr\u00e4gern zu einer der wenigen M\u00f6glichkeiten, das Entspannverhalten des bodenlosen Siebtr\u00e4gers und des Siebtr\u00e4gers mit Doppelauslauf zu vereinheitlichen.Die Ausf\u00fchrung in Edelstahl macht ihn zudem sehr langlebig und vereinfacht die Reinigung der Oberfl\u00e4chen des Siebtr\u00e4gers.\",\"breadcrumb\":{\"@id\":\"https:\/\/grafikus-coffeetec.de\/produkt\/pesado-bodenloser-edelstahl-siebtraeger\/#breadcrumb\"},\"inLanguage\":\"en-US\",\"potentialAction\":[{\"@type\":\"ReadAction\",\"target\":[\"https:\/\/grafikus-coffeetec.de\/produkt\/pesado-bodenloser-edelstahl-siebtraeger\/\"]}]},{\"@type\":\"ImageObject\",\"inLanguage\":\"en-US\",\"@id\":\"https:\/\/grafikus-coffeetec.de\/produkt\/pesado-bodenloser-edelstahl-siebtraeger\/#primaryimage\",\"url\":\"https:\/\/grafikus-coffeetec.de\/wp-content\/uploads\/2024\/09\/Pesado_bodenloser-Siebtraeger_Kopf_BiGa.jpg\",\"contentUrl\":\"https:\/\/grafikus-coffeetec.de\/wp-content\/uploads\/2024\/09\/Pesado_bodenloser-Siebtraeger_Kopf_BiGa.jpg\",\"width\":464,\"height\":464},{\"@type\":\"BreadcrumbList\",\"@id\":\"https:\/\/grafikus-coffeetec.de\/produkt\/pesado-bodenloser-edelstahl-siebtraeger\/#breadcrumb\",\"itemListElement\":[{\"@type\":\"ListItem\",\"position\":1,\"name\":\"Startseite\",\"item\":\"https:\/\/grafikus-coffeetec.de\/\"},{\"@type\":\"ListItem\",\"position\":2,\"name\":\"Startseite\",\"item\":\"https:\/\/grafikus-coffeetec.de\/\"},{\"@type\":\"ListItem\",\"position\":3,\"name\":\"Pesado bodenloser Edelstahl Siebtr\u00e4ger\"}]},{\"@type\":\"WebSite\",\"@id\":\"https:\/\/grafikus-coffeetec.de\/#website\",\"url\":\"https:\/\/grafikus-coffeetec.de\/\",\"name\":\"grafikus-coffeetec.de\",\"description\":\"Ihr Spezialist f\u00fcr hochwertiges Zubeh\u00f6r und Umbauten\",\"publisher\":{\"@id\":\"https:\/\/grafikus-coffeetec.de\/#organization\"},\"potentialAction\":[{\"@type\":\"SearchAction\",\"target\":{\"@type\":\"EntryPoint\",\"urlTemplate\":\"https:\/\/grafikus-coffeetec.de\/?s={search_term_string}\"},\"query-input\":{\"@type\":\"PropertyValueSpecification\",\"valueRequired\":true,\"valueName\":\"search_term_string\"}}],\"inLanguage\":\"en-US\"},{\"@type\":\"Organization\",\"@id\":\"https:\/\/grafikus-coffeetec.de\/#organization\",\"name\":\"Grafikus Coffeetec\",\"url\":\"https:\/\/grafikus-coffeetec.de\/\",\"logo\":{\"@type\":\"ImageObject\",\"inLanguage\":\"en-US\",\"@id\":\"https:\/\/grafikus-coffeetec.de\/#\/schema\/logo\/image\/\",\"url\":\"https:\/\/grafikus-coffeetec.de\/wp-content\/uploads\/2020\/05\/Logo_Grafikus-Coffeetec.svg\",\"contentUrl\":\"https:\/\/grafikus-coffeetec.de\/wp-content\/uploads\/2020\/05\/Logo_Grafikus-Coffeetec.svg\",\"width\":\"1024\",\"height\":\"1024\",\"caption\":\"Grafikus Coffeetec\"},\"image\":{\"@id\":\"https:\/\/grafikus-coffeetec.de\/#\/schema\/logo\/image\/\"},\"sameAs\":[\"https:\/\/www.instagram.com\/grafikus_coffeetec\/\"]}]}<\/script>\n<!-- \/ Yoast SEO plugin. -->","yoast_head_json":{"title":"Pesado bottomless stainless steel portafilter | grafikus-coffeetec.de","description":"The bottomless portafilter from Pesado, like the double-spout portafilter, is made of stainless steel. This makes the combination of the two portafilters one of the few ways to standardize the extraction behavior of both the bottomless and double-spout portafilters. The stainless steel construction also makes it very durable and simplifies cleaning the portafilter&#039;s surfaces.","robots":{"index":"index","follow":"follow","max-snippet":"max-snippet:-1","max-image-preview":"max-image-preview:large","max-video-preview":"max-video-preview:-1"},"canonical":"https:\/\/grafikus-coffeetec.de\/en\/product\/pesado-bodenloser-edelstahl-siebtraeger\/","og_locale":"en_US","og_type":"article","og_title":"Pesado bodenloser Edelstahl Siebtr\u00e4ger | grafikus-coffeetec.de","og_description":"Der bodenlose Siebtr\u00e4ger von Pesado ist, analog zum 2-Tassen-Siebtr\u00e4ger, aus Edelstahl gefertigt. Dies macht die Kombination aus beiden Siebtr\u00e4gern zu einer der wenigen M\u00f6glichkeiten, das Entspannverhalten des bodenlosen Siebtr\u00e4gers und des Siebtr\u00e4gers mit Doppelauslauf zu vereinheitlichen.Die Ausf\u00fchrung in Edelstahl macht ihn zudem sehr langlebig und vereinfacht die Reinigung der Oberfl\u00e4chen des Siebtr\u00e4gers.","og_url":"https:\/\/grafikus-coffeetec.de\/en\/product\/pesado-bodenloser-edelstahl-siebtraeger\/","og_site_name":"grafikus-coffeetec.de","article_modified_time":"2026-04-24T23:08:51+00:00","og_image":[{"width":464,"height":464,"url":"https:\/\/grafikus-coffeetec.de\/wp-content\/uploads\/2024\/09\/Pesado_bodenloser-Siebtraeger_Kopf_BiGa.jpg","type":"image\/jpeg"}],"twitter_card":"summary_large_image","twitter_misc":{"Est. reading time":"2 minutes"},"schema":{"@context":"https:\/\/schema.org","@graph":[{"@type":"WebPage","@id":"https:\/\/grafikus-coffeetec.de\/produkt\/pesado-bodenloser-edelstahl-siebtraeger\/","url":"https:\/\/grafikus-coffeetec.de\/produkt\/pesado-bodenloser-edelstahl-siebtraeger\/","name":"Pesado bottomless stainless steel portafilter | grafikus-coffeetec.de","isPartOf":{"@id":"https:\/\/grafikus-coffeetec.de\/#website"},"primaryImageOfPage":{"@id":"https:\/\/grafikus-coffeetec.de\/produkt\/pesado-bodenloser-edelstahl-siebtraeger\/#primaryimage"},"image":{"@id":"https:\/\/grafikus-coffeetec.de\/produkt\/pesado-bodenloser-edelstahl-siebtraeger\/#primaryimage"},"thumbnailUrl":"https:\/\/grafikus-coffeetec.de\/wp-content\/uploads\/2024\/09\/Pesado_bodenloser-Siebtraeger_Kopf_BiGa.jpg","datePublished":"2024-09-21T00:21:12+00:00","dateModified":"2026-04-24T23:08:51+00:00","description":"The bottomless portafilter from Pesado, like the double-spout portafilter, is made of stainless steel. This makes the combination of the two portafilters one of the few ways to standardize the extraction behavior of both the bottomless and double-spout portafilters. The stainless steel construction also makes it very durable and simplifies cleaning the portafilter&#039;s surfaces.","breadcrumb":{"@id":"https:\/\/grafikus-coffeetec.de\/produkt\/pesado-bodenloser-edelstahl-siebtraeger\/#breadcrumb"},"inLanguage":"en-US","potentialAction":[{"@type":"ReadAction","target":["https:\/\/grafikus-coffeetec.de\/produkt\/pesado-bodenloser-edelstahl-siebtraeger\/"]}]},{"@type":"ImageObject","inLanguage":"en-US","@id":"https:\/\/grafikus-coffeetec.de\/produkt\/pesado-bodenloser-edelstahl-siebtraeger\/#primaryimage","url":"https:\/\/grafikus-coffeetec.de\/wp-content\/uploads\/2024\/09\/Pesado_bodenloser-Siebtraeger_Kopf_BiGa.jpg","contentUrl":"https:\/\/grafikus-coffeetec.de\/wp-content\/uploads\/2024\/09\/Pesado_bodenloser-Siebtraeger_Kopf_BiGa.jpg","width":464,"height":464},{"@type":"BreadcrumbList","@id":"https:\/\/grafikus-coffeetec.de\/produkt\/pesado-bodenloser-edelstahl-siebtraeger\/#breadcrumb","itemListElement":[{"@type":"ListItem","position":1,"name":"Startseite","item":"https:\/\/grafikus-coffeetec.de\/"},{"@type":"ListItem","position":2,"name":"Startseite","item":"https:\/\/grafikus-coffeetec.de\/"},{"@type":"ListItem","position":3,"name":"Pesado bodenloser Edelstahl Siebtr\u00e4ger"}]},{"@type":"WebSite","@id":"https:\/\/grafikus-coffeetec.de\/#website","url":"https:\/\/grafikus-coffeetec.de\/","name":"grafikus-coffeetec.de","description":"Your specialist for high-quality accessories and conversions","publisher":{"@id":"https:\/\/grafikus-coffeetec.de\/#organization"},"potentialAction":[{"@type":"SearchAction","target":{"@type":"EntryPoint","urlTemplate":"https:\/\/grafikus-coffeetec.de\/?s={search_term_string}"},"query-input":{"@type":"PropertyValueSpecification","valueRequired":true,"valueName":"search_term_string"}}],"inLanguage":"en-US"},{"@type":"Organization","@id":"https:\/\/grafikus-coffeetec.de\/#organization","name":"Graphics company Coffeetec","url":"https:\/\/grafikus-coffeetec.de\/","logo":{"@type":"ImageObject","inLanguage":"en-US","@id":"https:\/\/grafikus-coffeetec.de\/#\/schema\/logo\/image\/","url":"https:\/\/grafikus-coffeetec.de\/wp-content\/uploads\/2020\/05\/Logo_Grafikus-Coffeetec.svg","contentUrl":"https:\/\/grafikus-coffeetec.de\/wp-content\/uploads\/2020\/05\/Logo_Grafikus-Coffeetec.svg","width":"1024","height":"1024","caption":"Grafikus Coffeetec"},"image":{"@id":"https:\/\/grafikus-coffeetec.de\/#\/schema\/logo\/image\/"},"sameAs":["https:\/\/www.instagram.com\/grafikus_coffeetec\/"]}]}},"_links":{"self":[{"href":"https:\/\/grafikus-coffeetec.de\/en\/wp-json\/wp\/v2\/product\/3768","targetHints":{"allow":["GET"]}}],"collection":[{"href":"https:\/\/grafikus-coffeetec.de\/en\/wp-json\/wp\/v2\/product"}],"about":[{"href":"https:\/\/grafikus-coffeetec.de\/en\/wp-json\/wp\/v2\/types\/product"}],"replies":[{"embeddable":true,"href":"https:\/\/grafikus-coffeetec.de\/en\/wp-json\/wp\/v2\/comments?post=3768"}],"wp:featuredmedia":[{"embeddable":true,"href":"https:\/\/grafikus-coffeetec.de\/en\/wp-json\/wp\/v2\/media\/7614"}],"wp:attachment":[{"href":"https:\/\/grafikus-coffeetec.de\/en\/wp-json\/wp\/v2\/media?parent=3768"}],"wp:term":[{"taxonomy":"product_brand","embeddable":true,"href":"https:\/\/grafikus-coffeetec.de\/en\/wp-json\/wp\/v2\/product_brand?post=3768"},{"taxonomy":"product_cat","embeddable":true,"href":"https:\/\/grafikus-coffeetec.de\/en\/wp-json\/wp\/v2\/product_cat?post=3768"},{"taxonomy":"product_tag","embeddable":true,"href":"https:\/\/grafikus-coffeetec.de\/en\/wp-json\/wp\/v2\/product_tag?post=3768"}],"curies":[{"name":"wp","href":"https:\/\/api.w.org\/{rel}","templated":true}]}}