{"id":3658,"date":"2024-08-31T00:06:36","date_gmt":"2024-08-30T22:06:36","guid":{"rendered":"https:\/\/grafikus-coffeetec.de\/?post_type=product&#038;p=3658"},"modified":"2025-12-18T12:18:09","modified_gmt":"2025-12-18T11:18:09","slug":"la-marzocco-3-wege-ventil-ohne-spule-b-2-006-02","status":"publish","type":"product","link":"https:\/\/grafikus-coffeetec.de\/en\/product\/la-marzocco-3-wege-ventil-ohne-spule-b-2-006-02\/","title":{"rendered":"La Marzocco 3-way valve (without coil) (B.2.006.02)"},"content":{"rendered":"<p>Original La Marzocco 3-way valve (without coil).<br \/>\nThis component is located on the back of the brewing boiler and is part of the 3-way solenoid valve. It ensures that water can flow from the brewing boiler into the brewing group after brewing has started. After brewing is complete, the remaining water is sucked out of the coffee puck and directed into the drip tray to relieve pressure. If the solenoid valve no longer opens or closes properly, the cause is usually the armature and\/or the sleeve in which the armature moves.<\/p>\n<p>Suitable for the following machines: GS3, Linea Mini, Linea Mini R, KB90, Modbar, Shot Brewer, Strada EP, Strada AV, Strada EE, Strada MP, Strada S, Strada X<\/p>\n<p>Scope of delivery:<br \/>\n-1x La Marzocco La Marzocco 3-way valve (without coil)<\/p>\n<p>Article number: B.2.006.02<\/p>\n<p>&nbsp;<\/p>\n<p><strong>Manufacturer information<\/strong><br \/>\nManufacturer: La Marzocco Srl<br \/>\nAddress: Via La Torre 14\/H, 50038 Scarperia e San Piero (FI), Italy<br \/>\nContact: info@lamarzocco.com | www.lamarzocco.com<\/p>","protected":false},"excerpt":{"rendered":"<p>Original La Marzocco 3-way valve (without coil). This component is located on the back of the brew boiler and is part of the 3-way solenoid valve. It ensures that water can flow from the brew boiler into the brew group after the brewing process starts. After the brewing process is complete, the remaining water is drawn from the coffee puck and directed into the drip tray to\u2026<\/p>","protected":false},"featured_media":3659,"comment_status":"open","ping_status":"closed","template":"","meta":{"_acf_changed":false,"inline_featured_image":false},"product_brand":[],"product_cat":[222,180],"product_tag":[331,168,65,207,66,61,281,374,211,170,210,202,232,201,203,204,205,329,161,169],"class_list":{"0":"post-3658","1":"product","2":"type-product","3":"status-publish","4":"has-post-thumbnail","6":"product_cat-gs3-ersatzteile","7":"product_cat-lamarzocco-ersatzteile","8":"product_tag-3-wege-ventil","9":"product_tag-ersatzteile","10":"product_tag-gs3","11":"product_tag-kb90","12":"product_tag-la-marzocco","13":"product_tag-linea-mini","14":"product_tag-linea-mini-r","15":"product_tag-magnetventil","16":"product_tag-modbar","17":"product_tag-modifkation","18":"product_tag-shot-brewer","19":"product_tag-strada-av","20":"product_tag-strada-ee","21":"product_tag-strada-ep","22":"product_tag-strada-mp","23":"product_tag-strada-s","24":"product_tag-strada-x","25":"product_tag-verschleiss-kit","26":"product_tag-verschleissset","27":"product_tag-zubehoer","29":"first","30":"instock","31":"taxable","32":"shipping-taxable","33":"purchasable","34":"product-type-simple"},"acf":[],"yoast_head":"<!-- This site is optimized with the Yoast SEO plugin v27.1.1 - https:\/\/yoast.com\/product\/yoast-seo-wordpress\/ -->\n<title>La Marzocco 3-Wege Ventil (ohne Spule) (B.2.006.02) | grafikus-coffeetec.de<\/title>\n<meta name=\"description\" content=\"Dieses Bauteil sitzt auf der R\u00fcckseite des Br\u00fchboilers und ist Bestandteil des 3-Wege-Magnetventils, das nach dem Ende des Bezugs das Restwasser vom Kaffeepuck absaugt und in die Abtropfschale leitet, um den Druck abzubauen. Sollte das Magnetventil nicht mehr ordnungsgem\u00e4\u00df \u00f6ffnen oder schlie\u00dfen, liegt die Ursache in der Regel am Anker und\/oder der H\u00fclse, in der der Anker l\u00e4uft.\" \/>\n<meta name=\"robots\" content=\"index, follow, max-snippet:-1, max-image-preview:large, max-video-preview:-1\" \/>\n<link rel=\"canonical\" href=\"https:\/\/grafikus-coffeetec.de\/en\/product\/la-marzocco-3-wege-ventil-ohne-spule-b-2-006-02\/\" \/>\n<meta property=\"og:locale\" content=\"en_US\" \/>\n<meta property=\"og:type\" content=\"article\" \/>\n<meta property=\"og:title\" content=\"La Marzocco 3-Wege Ventil (ohne Spule) (B.2.006.02) | grafikus-coffeetec.de\" \/>\n<meta property=\"og:description\" content=\"Dieses Bauteil sitzt auf der R\u00fcckseite des Br\u00fchboilers und ist Bestandteil des 3-Wege-Magnetventils, das nach dem Ende des Bezugs das Restwasser vom Kaffeepuck absaugt und in die Abtropfschale leitet, um den Druck abzubauen. Sollte das Magnetventil nicht mehr ordnungsgem\u00e4\u00df \u00f6ffnen oder schlie\u00dfen, liegt die Ursache in der Regel am Anker und\/oder der H\u00fclse, in der der Anker l\u00e4uft.\" \/>\n<meta property=\"og:url\" content=\"https:\/\/grafikus-coffeetec.de\/en\/product\/la-marzocco-3-wege-ventil-ohne-spule-b-2-006-02\/\" \/>\n<meta property=\"og:site_name\" content=\"grafikus-coffeetec.de\" \/>\n<meta property=\"article:modified_time\" content=\"2025-12-18T11:18:09+00:00\" \/>\n<meta property=\"og:image\" content=\"https:\/\/grafikus-coffeetec.de\/wp-content\/uploads\/2024\/08\/B.2.006.02_3-Wege-Ventil.jpg\" \/>\n\t<meta property=\"og:image:width\" content=\"500\" \/>\n\t<meta property=\"og:image:height\" content=\"500\" \/>\n\t<meta property=\"og:image:type\" content=\"image\/jpeg\" \/>\n<meta name=\"twitter:card\" content=\"summary_large_image\" \/>\n<meta name=\"twitter:label1\" content=\"Est. reading time\" \/>\n\t<meta name=\"twitter:data1\" content=\"1 minute\" \/>\n<script type=\"application\/ld+json\" class=\"yoast-schema-graph\">{\"@context\":\"https:\/\/schema.org\",\"@graph\":[{\"@type\":\"WebPage\",\"@id\":\"https:\/\/grafikus-coffeetec.de\/produkt\/la-marzocco-3-wege-ventil-ohne-spule-b-2-006-02\/\",\"url\":\"https:\/\/grafikus-coffeetec.de\/produkt\/la-marzocco-3-wege-ventil-ohne-spule-b-2-006-02\/\",\"name\":\"La Marzocco 3-Wege Ventil (ohne Spule) (B.2.006.02) | grafikus-coffeetec.de\",\"isPartOf\":{\"@id\":\"https:\/\/grafikus-coffeetec.de\/#website\"},\"primaryImageOfPage\":{\"@id\":\"https:\/\/grafikus-coffeetec.de\/produkt\/la-marzocco-3-wege-ventil-ohne-spule-b-2-006-02\/#primaryimage\"},\"image\":{\"@id\":\"https:\/\/grafikus-coffeetec.de\/produkt\/la-marzocco-3-wege-ventil-ohne-spule-b-2-006-02\/#primaryimage\"},\"thumbnailUrl\":\"https:\/\/grafikus-coffeetec.de\/wp-content\/uploads\/2024\/08\/B.2.006.02_3-Wege-Ventil.jpg\",\"datePublished\":\"2024-08-30T22:06:36+00:00\",\"dateModified\":\"2025-12-18T11:18:09+00:00\",\"description\":\"Dieses Bauteil sitzt auf der R\u00fcckseite des Br\u00fchboilers und ist Bestandteil des 3-Wege-Magnetventils, das nach dem Ende des Bezugs das Restwasser vom Kaffeepuck absaugt und in die Abtropfschale leitet, um den Druck abzubauen. Sollte das Magnetventil nicht mehr ordnungsgem\u00e4\u00df \u00f6ffnen oder schlie\u00dfen, liegt die Ursache in der Regel am Anker und\/oder der H\u00fclse, in der der Anker l\u00e4uft.\",\"breadcrumb\":{\"@id\":\"https:\/\/grafikus-coffeetec.de\/produkt\/la-marzocco-3-wege-ventil-ohne-spule-b-2-006-02\/#breadcrumb\"},\"inLanguage\":\"en-US\",\"potentialAction\":[{\"@type\":\"ReadAction\",\"target\":[\"https:\/\/grafikus-coffeetec.de\/produkt\/la-marzocco-3-wege-ventil-ohne-spule-b-2-006-02\/\"]}]},{\"@type\":\"ImageObject\",\"inLanguage\":\"en-US\",\"@id\":\"https:\/\/grafikus-coffeetec.de\/produkt\/la-marzocco-3-wege-ventil-ohne-spule-b-2-006-02\/#primaryimage\",\"url\":\"https:\/\/grafikus-coffeetec.de\/wp-content\/uploads\/2024\/08\/B.2.006.02_3-Wege-Ventil.jpg\",\"contentUrl\":\"https:\/\/grafikus-coffeetec.de\/wp-content\/uploads\/2024\/08\/B.2.006.02_3-Wege-Ventil.jpg\",\"width\":500,\"height\":500,\"caption\":\"La Marzocco 3-Wege Ventil (ohne Spule) (B.2.006.02)\"},{\"@type\":\"BreadcrumbList\",\"@id\":\"https:\/\/grafikus-coffeetec.de\/produkt\/la-marzocco-3-wege-ventil-ohne-spule-b-2-006-02\/#breadcrumb\",\"itemListElement\":[{\"@type\":\"ListItem\",\"position\":1,\"name\":\"Startseite\",\"item\":\"https:\/\/grafikus-coffeetec.de\/\"},{\"@type\":\"ListItem\",\"position\":2,\"name\":\"Startseite\",\"item\":\"https:\/\/grafikus-coffeetec.de\/\"},{\"@type\":\"ListItem\",\"position\":3,\"name\":\"La Marzocco 3-Wege Ventil (ohne Spule) (B.2.006.02)\"}]},{\"@type\":\"WebSite\",\"@id\":\"https:\/\/grafikus-coffeetec.de\/#website\",\"url\":\"https:\/\/grafikus-coffeetec.de\/\",\"name\":\"grafikus-coffeetec.de\",\"description\":\"Ihr Spezialist f\u00fcr hochwertiges Zubeh\u00f6r und Umbauten\",\"publisher\":{\"@id\":\"https:\/\/grafikus-coffeetec.de\/#organization\"},\"potentialAction\":[{\"@type\":\"SearchAction\",\"target\":{\"@type\":\"EntryPoint\",\"urlTemplate\":\"https:\/\/grafikus-coffeetec.de\/?s={search_term_string}\"},\"query-input\":{\"@type\":\"PropertyValueSpecification\",\"valueRequired\":true,\"valueName\":\"search_term_string\"}}],\"inLanguage\":\"en-US\"},{\"@type\":\"Organization\",\"@id\":\"https:\/\/grafikus-coffeetec.de\/#organization\",\"name\":\"Grafikus Coffeetec\",\"url\":\"https:\/\/grafikus-coffeetec.de\/\",\"logo\":{\"@type\":\"ImageObject\",\"inLanguage\":\"en-US\",\"@id\":\"https:\/\/grafikus-coffeetec.de\/#\/schema\/logo\/image\/\",\"url\":\"https:\/\/grafikus-coffeetec.de\/wp-content\/uploads\/2020\/05\/Logo_Grafikus-Coffeetec.svg\",\"contentUrl\":\"https:\/\/grafikus-coffeetec.de\/wp-content\/uploads\/2020\/05\/Logo_Grafikus-Coffeetec.svg\",\"width\":\"1024\",\"height\":\"1024\",\"caption\":\"Grafikus Coffeetec\"},\"image\":{\"@id\":\"https:\/\/grafikus-coffeetec.de\/#\/schema\/logo\/image\/\"},\"sameAs\":[\"https:\/\/www.instagram.com\/grafikus_coffeetec\/\"]}]}<\/script>\n<!-- \/ Yoast SEO plugin. -->","yoast_head_json":{"title":"La Marzocco 3-way valve (without coil) (B.2.006.02) | grafikus-coffeetec.de","description":"This component is located on the back of the brew boiler and is part of the 3-way solenoid valve, which, after brewing, draws the residual water from the coffee puck and directs it into the drip tray to release pressure. If the solenoid valve no longer opens or closes properly, the cause is usually a problem with the armature and\/or the sleeve in which the armature runs.","robots":{"index":"index","follow":"follow","max-snippet":"max-snippet:-1","max-image-preview":"max-image-preview:large","max-video-preview":"max-video-preview:-1"},"canonical":"https:\/\/grafikus-coffeetec.de\/en\/product\/la-marzocco-3-wege-ventil-ohne-spule-b-2-006-02\/","og_locale":"en_US","og_type":"article","og_title":"La Marzocco 3-Wege Ventil (ohne Spule) (B.2.006.02) | grafikus-coffeetec.de","og_description":"Dieses Bauteil sitzt auf der R\u00fcckseite des Br\u00fchboilers und ist Bestandteil des 3-Wege-Magnetventils, das nach dem Ende des Bezugs das Restwasser vom Kaffeepuck absaugt und in die Abtropfschale leitet, um den Druck abzubauen. Sollte das Magnetventil nicht mehr ordnungsgem\u00e4\u00df \u00f6ffnen oder schlie\u00dfen, liegt die Ursache in der Regel am Anker und\/oder der H\u00fclse, in der der Anker l\u00e4uft.","og_url":"https:\/\/grafikus-coffeetec.de\/en\/product\/la-marzocco-3-wege-ventil-ohne-spule-b-2-006-02\/","og_site_name":"grafikus-coffeetec.de","article_modified_time":"2025-12-18T11:18:09+00:00","og_image":[{"width":500,"height":500,"url":"https:\/\/grafikus-coffeetec.de\/wp-content\/uploads\/2024\/08\/B.2.006.02_3-Wege-Ventil.jpg","type":"image\/jpeg"}],"twitter_card":"summary_large_image","twitter_misc":{"Est. reading time":"1 minute"},"schema":{"@context":"https:\/\/schema.org","@graph":[{"@type":"WebPage","@id":"https:\/\/grafikus-coffeetec.de\/produkt\/la-marzocco-3-wege-ventil-ohne-spule-b-2-006-02\/","url":"https:\/\/grafikus-coffeetec.de\/produkt\/la-marzocco-3-wege-ventil-ohne-spule-b-2-006-02\/","name":"La Marzocco 3-way valve (without coil) (B.2.006.02) | grafikus-coffeetec.de","isPartOf":{"@id":"https:\/\/grafikus-coffeetec.de\/#website"},"primaryImageOfPage":{"@id":"https:\/\/grafikus-coffeetec.de\/produkt\/la-marzocco-3-wege-ventil-ohne-spule-b-2-006-02\/#primaryimage"},"image":{"@id":"https:\/\/grafikus-coffeetec.de\/produkt\/la-marzocco-3-wege-ventil-ohne-spule-b-2-006-02\/#primaryimage"},"thumbnailUrl":"https:\/\/grafikus-coffeetec.de\/wp-content\/uploads\/2024\/08\/B.2.006.02_3-Wege-Ventil.jpg","datePublished":"2024-08-30T22:06:36+00:00","dateModified":"2025-12-18T11:18:09+00:00","description":"This component is located on the back of the brew boiler and is part of the 3-way solenoid valve, which, after brewing, draws the residual water from the coffee puck and directs it into the drip tray to release pressure. If the solenoid valve no longer opens or closes properly, the cause is usually a problem with the armature and\/or the sleeve in which the armature runs.","breadcrumb":{"@id":"https:\/\/grafikus-coffeetec.de\/produkt\/la-marzocco-3-wege-ventil-ohne-spule-b-2-006-02\/#breadcrumb"},"inLanguage":"en-US","potentialAction":[{"@type":"ReadAction","target":["https:\/\/grafikus-coffeetec.de\/produkt\/la-marzocco-3-wege-ventil-ohne-spule-b-2-006-02\/"]}]},{"@type":"ImageObject","inLanguage":"en-US","@id":"https:\/\/grafikus-coffeetec.de\/produkt\/la-marzocco-3-wege-ventil-ohne-spule-b-2-006-02\/#primaryimage","url":"https:\/\/grafikus-coffeetec.de\/wp-content\/uploads\/2024\/08\/B.2.006.02_3-Wege-Ventil.jpg","contentUrl":"https:\/\/grafikus-coffeetec.de\/wp-content\/uploads\/2024\/08\/B.2.006.02_3-Wege-Ventil.jpg","width":500,"height":500,"caption":"La Marzocco 3-Wege Ventil (ohne Spule) (B.2.006.02)"},{"@type":"BreadcrumbList","@id":"https:\/\/grafikus-coffeetec.de\/produkt\/la-marzocco-3-wege-ventil-ohne-spule-b-2-006-02\/#breadcrumb","itemListElement":[{"@type":"ListItem","position":1,"name":"Startseite","item":"https:\/\/grafikus-coffeetec.de\/"},{"@type":"ListItem","position":2,"name":"Startseite","item":"https:\/\/grafikus-coffeetec.de\/"},{"@type":"ListItem","position":3,"name":"La Marzocco 3-Wege Ventil (ohne Spule) (B.2.006.02)"}]},{"@type":"WebSite","@id":"https:\/\/grafikus-coffeetec.de\/#website","url":"https:\/\/grafikus-coffeetec.de\/","name":"grafikus-coffeetec.de","description":"Your specialist for high-quality accessories and conversions","publisher":{"@id":"https:\/\/grafikus-coffeetec.de\/#organization"},"potentialAction":[{"@type":"SearchAction","target":{"@type":"EntryPoint","urlTemplate":"https:\/\/grafikus-coffeetec.de\/?s={search_term_string}"},"query-input":{"@type":"PropertyValueSpecification","valueRequired":true,"valueName":"search_term_string"}}],"inLanguage":"en-US"},{"@type":"Organization","@id":"https:\/\/grafikus-coffeetec.de\/#organization","name":"Graphics company Coffeetec","url":"https:\/\/grafikus-coffeetec.de\/","logo":{"@type":"ImageObject","inLanguage":"en-US","@id":"https:\/\/grafikus-coffeetec.de\/#\/schema\/logo\/image\/","url":"https:\/\/grafikus-coffeetec.de\/wp-content\/uploads\/2020\/05\/Logo_Grafikus-Coffeetec.svg","contentUrl":"https:\/\/grafikus-coffeetec.de\/wp-content\/uploads\/2020\/05\/Logo_Grafikus-Coffeetec.svg","width":"1024","height":"1024","caption":"Grafikus Coffeetec"},"image":{"@id":"https:\/\/grafikus-coffeetec.de\/#\/schema\/logo\/image\/"},"sameAs":["https:\/\/www.instagram.com\/grafikus_coffeetec\/"]}]}},"_links":{"self":[{"href":"https:\/\/grafikus-coffeetec.de\/en\/wp-json\/wp\/v2\/product\/3658","targetHints":{"allow":["GET"]}}],"collection":[{"href":"https:\/\/grafikus-coffeetec.de\/en\/wp-json\/wp\/v2\/product"}],"about":[{"href":"https:\/\/grafikus-coffeetec.de\/en\/wp-json\/wp\/v2\/types\/product"}],"replies":[{"embeddable":true,"href":"https:\/\/grafikus-coffeetec.de\/en\/wp-json\/wp\/v2\/comments?post=3658"}],"wp:featuredmedia":[{"embeddable":true,"href":"https:\/\/grafikus-coffeetec.de\/en\/wp-json\/wp\/v2\/media\/3659"}],"wp:attachment":[{"href":"https:\/\/grafikus-coffeetec.de\/en\/wp-json\/wp\/v2\/media?parent=3658"}],"wp:term":[{"taxonomy":"product_brand","embeddable":true,"href":"https:\/\/grafikus-coffeetec.de\/en\/wp-json\/wp\/v2\/product_brand?post=3658"},{"taxonomy":"product_cat","embeddable":true,"href":"https:\/\/grafikus-coffeetec.de\/en\/wp-json\/wp\/v2\/product_cat?post=3658"},{"taxonomy":"product_tag","embeddable":true,"href":"https:\/\/grafikus-coffeetec.de\/en\/wp-json\/wp\/v2\/product_tag?post=3658"}],"curies":[{"name":"wp","href":"https:\/\/api.w.org\/{rel}","templated":true}]}}