{"id":3459,"date":"2024-06-23T14:52:37","date_gmt":"2024-06-23T12:52:37","guid":{"rendered":"https:\/\/grafikus-coffeetec.de\/?post_type=product&#038;p=3459"},"modified":"2026-05-03T20:38:12","modified_gmt":"2026-05-03T18:38:12","slug":"la-marzocco-kaffeefettloeser-puly-caff-v067","status":"publish","type":"product","link":"https:\/\/grafikus-coffeetec.de\/en\/product\/la-marzocco-kaffeefettloeser-puly-caff-v067\/","title":{"rendered":"La Marzocco Coffee Oil Remover \/ Puly Caff (F.9.021)"},"content":{"rendered":"<p>Original La Marzocco Pulo Caff coffee oil remover for regular backflushing of the espresso machine.<\/p>\n<p>Scope of delivery:<br \/>\n1x La Marzocco Coffee Oil Remover \/ Puly Caff<\/p>\n<p>Article number: V067 \/ F.9.021<\/p>\n<p>&nbsp;<\/p>\n<p><strong>Manufacturer information<\/strong><br \/>\nManufacturer: La Marzocco Srl<br \/>\nAddress: Via La Torre 14\/H, 50038 Scarperia e San Piero (FI), Italy<br \/>\nContact: info@lamarzocco.com | www.lamarzocco.com<\/p>","protected":false},"excerpt":{"rendered":"<p>Original La Marzocco Pulo Caff coffee oil remover for regular backflushing of espresso machines. Contents: 1x La Marzocco coffee oil remover \/ Pulo Caff. Item number: V067 \/ F.9.021. Manufacturer information: Manufacturer: La Marzocco Srl. Address: Via La Torre 14\/H, 50038 Scarperia e San Piero (FI), Italy. Contact: info@lamarzocco.com | www.lamarzocco.com<\/p>","protected":false},"featured_media":3712,"comment_status":"open","ping_status":"closed","template":"","meta":{"_acf_changed":false,"inline_featured_image":false},"product_brand":[],"product_cat":[153,62,279,190],"product_tag":[65,301,66,158,61,281,446,302,188,169],"class_list":{"0":"post-3459","1":"product","2":"type-product","3":"status-publish","4":"has-post-thumbnail","6":"product_cat-la-marzocco-linea-micra","7":"product_cat-linea-mini","8":"product_cat-la-marzocco-linea-mini-r","9":"product_cat-la-marzocco-zubehoer","10":"product_tag-gs3","11":"product_tag-kaffeefettloeser","12":"product_tag-la-marzocco","13":"product_tag-linea-micra","14":"product_tag-linea-mini","15":"product_tag-linea-mini-r","16":"product_tag-puly-caff-reiniger","17":"product_tag-puro-caff","18":"product_tag-siebtraeger","19":"product_tag-zubehoer","21":"first","22":"instock","23":"taxable","24":"shipping-taxable","25":"purchasable","26":"product-type-simple"},"acf":[],"yoast_head":"<!-- This site is optimized with the Yoast SEO plugin v27.1.1 - https:\/\/yoast.com\/product\/yoast-seo-wordpress\/ -->\n<title>La Marzocco Kaffeefettl\u00f6ser \/ Puly Caff (F.9.021) | grafikus-coffeetec.de<\/title>\n<meta name=\"description\" content=\"Original La Marzocco Pulo Caff Kaffeefettl\u00f6ser zum regelm\u00e4\u00dfigen R\u00fccksp\u00fclen der Espressomaschine.\" \/>\n<meta name=\"robots\" content=\"index, follow, max-snippet:-1, max-image-preview:large, max-video-preview:-1\" \/>\n<link rel=\"canonical\" href=\"https:\/\/grafikus-coffeetec.de\/en\/product\/la-marzocco-kaffeefettloeser-puly-caff-v067\/\" \/>\n<meta property=\"og:locale\" content=\"en_US\" \/>\n<meta property=\"og:type\" content=\"article\" \/>\n<meta property=\"og:title\" content=\"La Marzocco Kaffeefettl\u00f6ser \/ Puly Caff (F.9.021) | grafikus-coffeetec.de\" \/>\n<meta property=\"og:description\" content=\"Original La Marzocco Pulo Caff Kaffeefettl\u00f6ser zum regelm\u00e4\u00dfigen R\u00fccksp\u00fclen der Espressomaschine.\" \/>\n<meta property=\"og:url\" content=\"https:\/\/grafikus-coffeetec.de\/en\/product\/la-marzocco-kaffeefettloeser-puly-caff-v067\/\" \/>\n<meta property=\"og:site_name\" content=\"grafikus-coffeetec.de\" \/>\n<meta property=\"article:modified_time\" content=\"2026-05-03T18:38:12+00:00\" \/>\n<meta property=\"og:image\" content=\"https:\/\/grafikus-coffeetec.de\/wp-content\/uploads\/2024\/06\/Puro-Caff_MG_6920-1.jpg\" \/>\n\t<meta property=\"og:image:width\" content=\"1000\" \/>\n\t<meta property=\"og:image:height\" content=\"1000\" \/>\n\t<meta property=\"og:image:type\" content=\"image\/jpeg\" \/>\n<meta name=\"twitter:card\" content=\"summary_large_image\" \/>\n<meta name=\"twitter:label1\" content=\"Est. reading time\" \/>\n\t<meta name=\"twitter:data1\" content=\"1 minute\" \/>\n<script type=\"application\/ld+json\" class=\"yoast-schema-graph\">{\"@context\":\"https:\/\/schema.org\",\"@graph\":[{\"@type\":\"WebPage\",\"@id\":\"https:\/\/grafikus-coffeetec.de\/produkt\/la-marzocco-kaffeefettloeser-puly-caff-v067\/\",\"url\":\"https:\/\/grafikus-coffeetec.de\/produkt\/la-marzocco-kaffeefettloeser-puly-caff-v067\/\",\"name\":\"La Marzocco Kaffeefettl\u00f6ser \/ Puly Caff (F.9.021) | grafikus-coffeetec.de\",\"isPartOf\":{\"@id\":\"https:\/\/grafikus-coffeetec.de\/#website\"},\"primaryImageOfPage\":{\"@id\":\"https:\/\/grafikus-coffeetec.de\/produkt\/la-marzocco-kaffeefettloeser-puly-caff-v067\/#primaryimage\"},\"image\":{\"@id\":\"https:\/\/grafikus-coffeetec.de\/produkt\/la-marzocco-kaffeefettloeser-puly-caff-v067\/#primaryimage\"},\"thumbnailUrl\":\"https:\/\/grafikus-coffeetec.de\/wp-content\/uploads\/2024\/06\/Puro-Caff_MG_6920-1.jpg\",\"datePublished\":\"2024-06-23T12:52:37+00:00\",\"dateModified\":\"2026-05-03T18:38:12+00:00\",\"description\":\"Original La Marzocco Pulo Caff Kaffeefettl\u00f6ser zum regelm\u00e4\u00dfigen R\u00fccksp\u00fclen der Espressomaschine.\",\"breadcrumb\":{\"@id\":\"https:\/\/grafikus-coffeetec.de\/produkt\/la-marzocco-kaffeefettloeser-puly-caff-v067\/#breadcrumb\"},\"inLanguage\":\"en-US\",\"potentialAction\":[{\"@type\":\"ReadAction\",\"target\":[\"https:\/\/grafikus-coffeetec.de\/produkt\/la-marzocco-kaffeefettloeser-puly-caff-v067\/\"]}]},{\"@type\":\"ImageObject\",\"inLanguage\":\"en-US\",\"@id\":\"https:\/\/grafikus-coffeetec.de\/produkt\/la-marzocco-kaffeefettloeser-puly-caff-v067\/#primaryimage\",\"url\":\"https:\/\/grafikus-coffeetec.de\/wp-content\/uploads\/2024\/06\/Puro-Caff_MG_6920-1.jpg\",\"contentUrl\":\"https:\/\/grafikus-coffeetec.de\/wp-content\/uploads\/2024\/06\/Puro-Caff_MG_6920-1.jpg\",\"width\":1000,\"height\":1000,\"caption\":\"Marzocco Puro Caff Kaffeefettl\u00f6ser\"},{\"@type\":\"BreadcrumbList\",\"@id\":\"https:\/\/grafikus-coffeetec.de\/produkt\/la-marzocco-kaffeefettloeser-puly-caff-v067\/#breadcrumb\",\"itemListElement\":[{\"@type\":\"ListItem\",\"position\":1,\"name\":\"Startseite\",\"item\":\"https:\/\/grafikus-coffeetec.de\/\"},{\"@type\":\"ListItem\",\"position\":2,\"name\":\"Startseite\",\"item\":\"https:\/\/grafikus-coffeetec.de\/\"},{\"@type\":\"ListItem\",\"position\":3,\"name\":\"La Marzocco Kaffeefettl\u00f6ser \/ Puly Caff (F.9.021)\"}]},{\"@type\":\"WebSite\",\"@id\":\"https:\/\/grafikus-coffeetec.de\/#website\",\"url\":\"https:\/\/grafikus-coffeetec.de\/\",\"name\":\"grafikus-coffeetec.de\",\"description\":\"Ihr Spezialist f\u00fcr hochwertiges Zubeh\u00f6r und Umbauten\",\"publisher\":{\"@id\":\"https:\/\/grafikus-coffeetec.de\/#organization\"},\"potentialAction\":[{\"@type\":\"SearchAction\",\"target\":{\"@type\":\"EntryPoint\",\"urlTemplate\":\"https:\/\/grafikus-coffeetec.de\/?s={search_term_string}\"},\"query-input\":{\"@type\":\"PropertyValueSpecification\",\"valueRequired\":true,\"valueName\":\"search_term_string\"}}],\"inLanguage\":\"en-US\"},{\"@type\":\"Organization\",\"@id\":\"https:\/\/grafikus-coffeetec.de\/#organization\",\"name\":\"Grafikus Coffeetec\",\"url\":\"https:\/\/grafikus-coffeetec.de\/\",\"logo\":{\"@type\":\"ImageObject\",\"inLanguage\":\"en-US\",\"@id\":\"https:\/\/grafikus-coffeetec.de\/#\/schema\/logo\/image\/\",\"url\":\"https:\/\/grafikus-coffeetec.de\/wp-content\/uploads\/2020\/05\/Logo_Grafikus-Coffeetec.svg\",\"contentUrl\":\"https:\/\/grafikus-coffeetec.de\/wp-content\/uploads\/2020\/05\/Logo_Grafikus-Coffeetec.svg\",\"width\":\"1024\",\"height\":\"1024\",\"caption\":\"Grafikus Coffeetec\"},\"image\":{\"@id\":\"https:\/\/grafikus-coffeetec.de\/#\/schema\/logo\/image\/\"},\"sameAs\":[\"https:\/\/www.instagram.com\/grafikus_coffeetec\/\"]}]}<\/script>\n<!-- \/ Yoast SEO plugin. -->","yoast_head_json":{"title":"La Marzocco Kaffeefettl\u00f6ser \/ Puly Caff (F.9.021) | grafikus-coffeetec.de","description":"Original La Marzocco Pulo Caff coffee oil remover for regular backflushing of the espresso machine.","robots":{"index":"index","follow":"follow","max-snippet":"max-snippet:-1","max-image-preview":"max-image-preview:large","max-video-preview":"max-video-preview:-1"},"canonical":"https:\/\/grafikus-coffeetec.de\/en\/product\/la-marzocco-kaffeefettloeser-puly-caff-v067\/","og_locale":"en_US","og_type":"article","og_title":"La Marzocco Kaffeefettl\u00f6ser \/ Puly Caff (F.9.021) | grafikus-coffeetec.de","og_description":"Original La Marzocco Pulo Caff Kaffeefettl\u00f6ser zum regelm\u00e4\u00dfigen R\u00fccksp\u00fclen der Espressomaschine.","og_url":"https:\/\/grafikus-coffeetec.de\/en\/product\/la-marzocco-kaffeefettloeser-puly-caff-v067\/","og_site_name":"grafikus-coffeetec.de","article_modified_time":"2026-05-03T18:38:12+00:00","og_image":[{"width":1000,"height":1000,"url":"https:\/\/grafikus-coffeetec.de\/wp-content\/uploads\/2024\/06\/Puro-Caff_MG_6920-1.jpg","type":"image\/jpeg"}],"twitter_card":"summary_large_image","twitter_misc":{"Est. reading time":"1 minute"},"schema":{"@context":"https:\/\/schema.org","@graph":[{"@type":"WebPage","@id":"https:\/\/grafikus-coffeetec.de\/produkt\/la-marzocco-kaffeefettloeser-puly-caff-v067\/","url":"https:\/\/grafikus-coffeetec.de\/produkt\/la-marzocco-kaffeefettloeser-puly-caff-v067\/","name":"La Marzocco Kaffeefettl\u00f6ser \/ Puly Caff (F.9.021) | grafikus-coffeetec.de","isPartOf":{"@id":"https:\/\/grafikus-coffeetec.de\/#website"},"primaryImageOfPage":{"@id":"https:\/\/grafikus-coffeetec.de\/produkt\/la-marzocco-kaffeefettloeser-puly-caff-v067\/#primaryimage"},"image":{"@id":"https:\/\/grafikus-coffeetec.de\/produkt\/la-marzocco-kaffeefettloeser-puly-caff-v067\/#primaryimage"},"thumbnailUrl":"https:\/\/grafikus-coffeetec.de\/wp-content\/uploads\/2024\/06\/Puro-Caff_MG_6920-1.jpg","datePublished":"2024-06-23T12:52:37+00:00","dateModified":"2026-05-03T18:38:12+00:00","description":"Original La Marzocco Pulo Caff coffee oil remover for regular backflushing of the espresso machine.","breadcrumb":{"@id":"https:\/\/grafikus-coffeetec.de\/produkt\/la-marzocco-kaffeefettloeser-puly-caff-v067\/#breadcrumb"},"inLanguage":"en-US","potentialAction":[{"@type":"ReadAction","target":["https:\/\/grafikus-coffeetec.de\/produkt\/la-marzocco-kaffeefettloeser-puly-caff-v067\/"]}]},{"@type":"ImageObject","inLanguage":"en-US","@id":"https:\/\/grafikus-coffeetec.de\/produkt\/la-marzocco-kaffeefettloeser-puly-caff-v067\/#primaryimage","url":"https:\/\/grafikus-coffeetec.de\/wp-content\/uploads\/2024\/06\/Puro-Caff_MG_6920-1.jpg","contentUrl":"https:\/\/grafikus-coffeetec.de\/wp-content\/uploads\/2024\/06\/Puro-Caff_MG_6920-1.jpg","width":1000,"height":1000,"caption":"Marzocco Puro Caff Kaffeefettl\u00f6ser"},{"@type":"BreadcrumbList","@id":"https:\/\/grafikus-coffeetec.de\/produkt\/la-marzocco-kaffeefettloeser-puly-caff-v067\/#breadcrumb","itemListElement":[{"@type":"ListItem","position":1,"name":"Startseite","item":"https:\/\/grafikus-coffeetec.de\/"},{"@type":"ListItem","position":2,"name":"Startseite","item":"https:\/\/grafikus-coffeetec.de\/"},{"@type":"ListItem","position":3,"name":"La Marzocco Kaffeefettl\u00f6ser \/ Puly Caff (F.9.021)"}]},{"@type":"WebSite","@id":"https:\/\/grafikus-coffeetec.de\/#website","url":"https:\/\/grafikus-coffeetec.de\/","name":"grafikus-coffeetec.de","description":"Your specialist for high-quality accessories and conversions","publisher":{"@id":"https:\/\/grafikus-coffeetec.de\/#organization"},"potentialAction":[{"@type":"SearchAction","target":{"@type":"EntryPoint","urlTemplate":"https:\/\/grafikus-coffeetec.de\/?s={search_term_string}"},"query-input":{"@type":"PropertyValueSpecification","valueRequired":true,"valueName":"search_term_string"}}],"inLanguage":"en-US"},{"@type":"Organization","@id":"https:\/\/grafikus-coffeetec.de\/#organization","name":"Graphics company Coffeetec","url":"https:\/\/grafikus-coffeetec.de\/","logo":{"@type":"ImageObject","inLanguage":"en-US","@id":"https:\/\/grafikus-coffeetec.de\/#\/schema\/logo\/image\/","url":"https:\/\/grafikus-coffeetec.de\/wp-content\/uploads\/2020\/05\/Logo_Grafikus-Coffeetec.svg","contentUrl":"https:\/\/grafikus-coffeetec.de\/wp-content\/uploads\/2020\/05\/Logo_Grafikus-Coffeetec.svg","width":"1024","height":"1024","caption":"Grafikus Coffeetec"},"image":{"@id":"https:\/\/grafikus-coffeetec.de\/#\/schema\/logo\/image\/"},"sameAs":["https:\/\/www.instagram.com\/grafikus_coffeetec\/"]}]}},"_links":{"self":[{"href":"https:\/\/grafikus-coffeetec.de\/en\/wp-json\/wp\/v2\/product\/3459","targetHints":{"allow":["GET"]}}],"collection":[{"href":"https:\/\/grafikus-coffeetec.de\/en\/wp-json\/wp\/v2\/product"}],"about":[{"href":"https:\/\/grafikus-coffeetec.de\/en\/wp-json\/wp\/v2\/types\/product"}],"replies":[{"embeddable":true,"href":"https:\/\/grafikus-coffeetec.de\/en\/wp-json\/wp\/v2\/comments?post=3459"}],"wp:featuredmedia":[{"embeddable":true,"href":"https:\/\/grafikus-coffeetec.de\/en\/wp-json\/wp\/v2\/media\/3712"}],"wp:attachment":[{"href":"https:\/\/grafikus-coffeetec.de\/en\/wp-json\/wp\/v2\/media?parent=3459"}],"wp:term":[{"taxonomy":"product_brand","embeddable":true,"href":"https:\/\/grafikus-coffeetec.de\/en\/wp-json\/wp\/v2\/product_brand?post=3459"},{"taxonomy":"product_cat","embeddable":true,"href":"https:\/\/grafikus-coffeetec.de\/en\/wp-json\/wp\/v2\/product_cat?post=3459"},{"taxonomy":"product_tag","embeddable":true,"href":"https:\/\/grafikus-coffeetec.de\/en\/wp-json\/wp\/v2\/product_tag?post=3459"}],"curies":[{"name":"wp","href":"https:\/\/api.w.org\/{rel}","templated":true}]}}