{"id":3420,"date":"2024-06-19T00:36:35","date_gmt":"2024-06-18T22:36:35","guid":{"rendered":"https:\/\/grafikus-coffeetec.de\/?post_type=product&#038;p=3420"},"modified":"2026-02-18T12:09:12","modified_gmt":"2026-02-18T11:09:12","slug":"la-marzocco-heizung-500w-220v-e-6-047-r","status":"publish","type":"product","link":"https:\/\/grafikus-coffeetec.de\/en\/product\/la-marzocco-heizung-500w-220v-e-6-047-r\/","title":{"rendered":"La Marzocco heater 500W, Linea Micra (E.6.047.R)"},"content":{"rendered":"<p>Original La Marzocco heater suitable for the brewing boiler of the Linea Micra<\/p>\n<p>For assembly, the two sealing rings H.1.047 (sold separately) and the sealing ring H.1.023 (sold separately) should also be replaced.<\/p>\n<p>Scope of delivery:<br \/>\n-1x La Marzocco heater 500W, 220V<\/p>\n<p>Article number: E.6.047.R<\/p>\n<p>&nbsp;<\/p>\n<p><strong>Manufacturer information<\/strong><br \/>\nManufacturer: La Marzocco Srl<br \/>\nAddress: Via La Torre 14\/H, 50038 Scarperia e San Piero (FI), Italy<br \/>\nContact: info@lamarzocco.com | www.lamarzocco.com<\/p>","protected":false},"excerpt":{"rendered":"<p>Genuine La Marzocco heating element suitable for the brew boiler of the Linea Micra. For installation, the two sealing rings H.1.047 (sold separately) and the sealing ring H.1.023 (sold separately) should also be replaced. Scope of delivery: - 1x La Marzocco heating element 500W, 220V Item number: E.6.047.R Manufacturer information Manufacturer: La Marzocco Srl Address: Via La Torre 14\/H, 50038 Scarperia e San Piero \u2026<\/p>","protected":false},"featured_media":3431,"comment_status":"open","ping_status":"closed","template":"","meta":{"_acf_changed":false,"inline_featured_image":false},"product_brand":[],"product_cat":[180,258],"product_tag":[234,168,227,66,158,170,169],"class_list":{"0":"post-3420","1":"product","2":"type-product","3":"status-publish","4":"has-post-thumbnail","6":"product_cat-lamarzocco-ersatzteile","7":"product_cat-linea-micra-ersatzteile","8":"product_tag-bruehboiler","9":"product_tag-ersatzteile","10":"product_tag-heizung","11":"product_tag-la-marzocco","12":"product_tag-linea-micra","13":"product_tag-modifkation","14":"product_tag-zubehoer","16":"first","17":"instock","18":"taxable","19":"shipping-taxable","20":"purchasable","21":"product-type-simple"},"acf":[],"yoast_head":"<!-- This site is optimized with the Yoast SEO plugin v27.1.1 - https:\/\/yoast.com\/product\/yoast-seo-wordpress\/ -->\n<title>La Marzocco Heizung 500W, Linea Micra (E.6.047.R) | grafikus-coffeetec.de<\/title>\n<meta name=\"description\" content=\"Original La Marzocco Heizung passend f\u00fcr die Br\u00fchboiler der Linea MicraF\u00fcr die Montage sollte ebenfalls die zwei Dichtungsringe H.1.047 (separat erh\u00e4ltlich) und der Dichtungsring H.1.023 (separat erh\u00e4ltlich) ersetzt werden.\" \/>\n<meta name=\"robots\" content=\"index, follow, max-snippet:-1, max-image-preview:large, max-video-preview:-1\" \/>\n<link rel=\"canonical\" href=\"https:\/\/grafikus-coffeetec.de\/en\/product\/la-marzocco-heizung-500w-220v-e-6-047-r\/\" \/>\n<meta property=\"og:locale\" content=\"en_US\" \/>\n<meta property=\"og:type\" content=\"article\" \/>\n<meta property=\"og:title\" content=\"La Marzocco Heizung 500W, Linea Micra (E.6.047.R) | grafikus-coffeetec.de\" \/>\n<meta property=\"og:description\" content=\"Original La Marzocco Heizung passend f\u00fcr die Br\u00fchboiler der Linea MicraF\u00fcr die Montage sollte ebenfalls die zwei Dichtungsringe H.1.047 (separat erh\u00e4ltlich) und der Dichtungsring H.1.023 (separat erh\u00e4ltlich) ersetzt werden.\" \/>\n<meta property=\"og:url\" content=\"https:\/\/grafikus-coffeetec.de\/en\/product\/la-marzocco-heizung-500w-220v-e-6-047-r\/\" \/>\n<meta property=\"og:site_name\" content=\"grafikus-coffeetec.de\" \/>\n<meta property=\"article:modified_time\" content=\"2026-02-18T11:09:12+00:00\" \/>\n<meta property=\"og:image\" content=\"https:\/\/grafikus-coffeetec.de\/wp-content\/uploads\/2024\/06\/Heizung_E.6.047.R_MG_6917.jpg\" \/>\n\t<meta property=\"og:image:width\" content=\"800\" \/>\n\t<meta property=\"og:image:height\" content=\"800\" \/>\n\t<meta property=\"og:image:type\" content=\"image\/jpeg\" \/>\n<meta name=\"twitter:card\" content=\"summary_large_image\" \/>\n<meta name=\"twitter:label1\" content=\"Est. reading time\" \/>\n\t<meta name=\"twitter:data1\" content=\"1 minute\" \/>\n<script type=\"application\/ld+json\" class=\"yoast-schema-graph\">{\"@context\":\"https:\/\/schema.org\",\"@graph\":[{\"@type\":\"WebPage\",\"@id\":\"https:\/\/grafikus-coffeetec.de\/produkt\/la-marzocco-heizung-500w-220v-e-6-047-r\/\",\"url\":\"https:\/\/grafikus-coffeetec.de\/produkt\/la-marzocco-heizung-500w-220v-e-6-047-r\/\",\"name\":\"La Marzocco Heizung 500W, Linea Micra (E.6.047.R) | grafikus-coffeetec.de\",\"isPartOf\":{\"@id\":\"https:\/\/grafikus-coffeetec.de\/#website\"},\"primaryImageOfPage\":{\"@id\":\"https:\/\/grafikus-coffeetec.de\/produkt\/la-marzocco-heizung-500w-220v-e-6-047-r\/#primaryimage\"},\"image\":{\"@id\":\"https:\/\/grafikus-coffeetec.de\/produkt\/la-marzocco-heizung-500w-220v-e-6-047-r\/#primaryimage\"},\"thumbnailUrl\":\"https:\/\/grafikus-coffeetec.de\/wp-content\/uploads\/2024\/06\/Heizung_E.6.047.R_MG_6917.jpg\",\"datePublished\":\"2024-06-18T22:36:35+00:00\",\"dateModified\":\"2026-02-18T11:09:12+00:00\",\"description\":\"Original La Marzocco Heizung passend f\u00fcr die Br\u00fchboiler der Linea MicraF\u00fcr die Montage sollte ebenfalls die zwei Dichtungsringe H.1.047 (separat erh\u00e4ltlich) und der Dichtungsring H.1.023 (separat erh\u00e4ltlich) ersetzt werden.\",\"breadcrumb\":{\"@id\":\"https:\/\/grafikus-coffeetec.de\/produkt\/la-marzocco-heizung-500w-220v-e-6-047-r\/#breadcrumb\"},\"inLanguage\":\"en-US\",\"potentialAction\":[{\"@type\":\"ReadAction\",\"target\":[\"https:\/\/grafikus-coffeetec.de\/produkt\/la-marzocco-heizung-500w-220v-e-6-047-r\/\"]}]},{\"@type\":\"ImageObject\",\"inLanguage\":\"en-US\",\"@id\":\"https:\/\/grafikus-coffeetec.de\/produkt\/la-marzocco-heizung-500w-220v-e-6-047-r\/#primaryimage\",\"url\":\"https:\/\/grafikus-coffeetec.de\/wp-content\/uploads\/2024\/06\/Heizung_E.6.047.R_MG_6917.jpg\",\"contentUrl\":\"https:\/\/grafikus-coffeetec.de\/wp-content\/uploads\/2024\/06\/Heizung_E.6.047.R_MG_6917.jpg\",\"width\":800,\"height\":800,\"caption\":\"La Marzocco Heizung 500W, 220V (E.6.047.R)\"},{\"@type\":\"BreadcrumbList\",\"@id\":\"https:\/\/grafikus-coffeetec.de\/produkt\/la-marzocco-heizung-500w-220v-e-6-047-r\/#breadcrumb\",\"itemListElement\":[{\"@type\":\"ListItem\",\"position\":1,\"name\":\"Startseite\",\"item\":\"https:\/\/grafikus-coffeetec.de\/\"},{\"@type\":\"ListItem\",\"position\":2,\"name\":\"Startseite\",\"item\":\"https:\/\/grafikus-coffeetec.de\/\"},{\"@type\":\"ListItem\",\"position\":3,\"name\":\"La Marzocco Heizung 500W, Linea Micra (E.6.047.R)\"}]},{\"@type\":\"WebSite\",\"@id\":\"https:\/\/grafikus-coffeetec.de\/#website\",\"url\":\"https:\/\/grafikus-coffeetec.de\/\",\"name\":\"grafikus-coffeetec.de\",\"description\":\"Ihr Spezialist f\u00fcr hochwertiges Zubeh\u00f6r und Umbauten\",\"publisher\":{\"@id\":\"https:\/\/grafikus-coffeetec.de\/#organization\"},\"potentialAction\":[{\"@type\":\"SearchAction\",\"target\":{\"@type\":\"EntryPoint\",\"urlTemplate\":\"https:\/\/grafikus-coffeetec.de\/?s={search_term_string}\"},\"query-input\":{\"@type\":\"PropertyValueSpecification\",\"valueRequired\":true,\"valueName\":\"search_term_string\"}}],\"inLanguage\":\"en-US\"},{\"@type\":\"Organization\",\"@id\":\"https:\/\/grafikus-coffeetec.de\/#organization\",\"name\":\"Grafikus Coffeetec\",\"url\":\"https:\/\/grafikus-coffeetec.de\/\",\"logo\":{\"@type\":\"ImageObject\",\"inLanguage\":\"en-US\",\"@id\":\"https:\/\/grafikus-coffeetec.de\/#\/schema\/logo\/image\/\",\"url\":\"https:\/\/grafikus-coffeetec.de\/wp-content\/uploads\/2020\/05\/Logo_Grafikus-Coffeetec.svg\",\"contentUrl\":\"https:\/\/grafikus-coffeetec.de\/wp-content\/uploads\/2020\/05\/Logo_Grafikus-Coffeetec.svg\",\"width\":\"1024\",\"height\":\"1024\",\"caption\":\"Grafikus Coffeetec\"},\"image\":{\"@id\":\"https:\/\/grafikus-coffeetec.de\/#\/schema\/logo\/image\/\"},\"sameAs\":[\"https:\/\/www.instagram.com\/grafikus_coffeetec\/\"]}]}<\/script>\n<!-- \/ Yoast SEO plugin. -->","yoast_head_json":{"title":"La Marzocco heater 500W, Linea Micra (E.6.047.R) | grafikus-coffeetec.de","description":"Original La Marzocco heating element suitable for the brew boilers of the Linea Micra. For installation, the two sealing rings H.1.047 (sold separately) and the sealing ring H.1.023 (sold separately) should also be replaced.","robots":{"index":"index","follow":"follow","max-snippet":"max-snippet:-1","max-image-preview":"max-image-preview:large","max-video-preview":"max-video-preview:-1"},"canonical":"https:\/\/grafikus-coffeetec.de\/en\/product\/la-marzocco-heizung-500w-220v-e-6-047-r\/","og_locale":"en_US","og_type":"article","og_title":"La Marzocco Heizung 500W, Linea Micra (E.6.047.R) | grafikus-coffeetec.de","og_description":"Original La Marzocco Heizung passend f\u00fcr die Br\u00fchboiler der Linea MicraF\u00fcr die Montage sollte ebenfalls die zwei Dichtungsringe H.1.047 (separat erh\u00e4ltlich) und der Dichtungsring H.1.023 (separat erh\u00e4ltlich) ersetzt werden.","og_url":"https:\/\/grafikus-coffeetec.de\/en\/product\/la-marzocco-heizung-500w-220v-e-6-047-r\/","og_site_name":"grafikus-coffeetec.de","article_modified_time":"2026-02-18T11:09:12+00:00","og_image":[{"width":800,"height":800,"url":"https:\/\/grafikus-coffeetec.de\/wp-content\/uploads\/2024\/06\/Heizung_E.6.047.R_MG_6917.jpg","type":"image\/jpeg"}],"twitter_card":"summary_large_image","twitter_misc":{"Est. reading time":"1 minute"},"schema":{"@context":"https:\/\/schema.org","@graph":[{"@type":"WebPage","@id":"https:\/\/grafikus-coffeetec.de\/produkt\/la-marzocco-heizung-500w-220v-e-6-047-r\/","url":"https:\/\/grafikus-coffeetec.de\/produkt\/la-marzocco-heizung-500w-220v-e-6-047-r\/","name":"La Marzocco heater 500W, Linea Micra (E.6.047.R) | grafikus-coffeetec.de","isPartOf":{"@id":"https:\/\/grafikus-coffeetec.de\/#website"},"primaryImageOfPage":{"@id":"https:\/\/grafikus-coffeetec.de\/produkt\/la-marzocco-heizung-500w-220v-e-6-047-r\/#primaryimage"},"image":{"@id":"https:\/\/grafikus-coffeetec.de\/produkt\/la-marzocco-heizung-500w-220v-e-6-047-r\/#primaryimage"},"thumbnailUrl":"https:\/\/grafikus-coffeetec.de\/wp-content\/uploads\/2024\/06\/Heizung_E.6.047.R_MG_6917.jpg","datePublished":"2024-06-18T22:36:35+00:00","dateModified":"2026-02-18T11:09:12+00:00","description":"Original La Marzocco heating element suitable for the brew boilers of the Linea Micra. For installation, the two sealing rings H.1.047 (sold separately) and the sealing ring H.1.023 (sold separately) should also be replaced.","breadcrumb":{"@id":"https:\/\/grafikus-coffeetec.de\/produkt\/la-marzocco-heizung-500w-220v-e-6-047-r\/#breadcrumb"},"inLanguage":"en-US","potentialAction":[{"@type":"ReadAction","target":["https:\/\/grafikus-coffeetec.de\/produkt\/la-marzocco-heizung-500w-220v-e-6-047-r\/"]}]},{"@type":"ImageObject","inLanguage":"en-US","@id":"https:\/\/grafikus-coffeetec.de\/produkt\/la-marzocco-heizung-500w-220v-e-6-047-r\/#primaryimage","url":"https:\/\/grafikus-coffeetec.de\/wp-content\/uploads\/2024\/06\/Heizung_E.6.047.R_MG_6917.jpg","contentUrl":"https:\/\/grafikus-coffeetec.de\/wp-content\/uploads\/2024\/06\/Heizung_E.6.047.R_MG_6917.jpg","width":800,"height":800,"caption":"La Marzocco Heizung 500W, 220V (E.6.047.R)"},{"@type":"BreadcrumbList","@id":"https:\/\/grafikus-coffeetec.de\/produkt\/la-marzocco-heizung-500w-220v-e-6-047-r\/#breadcrumb","itemListElement":[{"@type":"ListItem","position":1,"name":"Startseite","item":"https:\/\/grafikus-coffeetec.de\/"},{"@type":"ListItem","position":2,"name":"Startseite","item":"https:\/\/grafikus-coffeetec.de\/"},{"@type":"ListItem","position":3,"name":"La Marzocco Heizung 500W, Linea Micra (E.6.047.R)"}]},{"@type":"WebSite","@id":"https:\/\/grafikus-coffeetec.de\/#website","url":"https:\/\/grafikus-coffeetec.de\/","name":"grafikus-coffeetec.de","description":"Your specialist for high-quality accessories and conversions","publisher":{"@id":"https:\/\/grafikus-coffeetec.de\/#organization"},"potentialAction":[{"@type":"SearchAction","target":{"@type":"EntryPoint","urlTemplate":"https:\/\/grafikus-coffeetec.de\/?s={search_term_string}"},"query-input":{"@type":"PropertyValueSpecification","valueRequired":true,"valueName":"search_term_string"}}],"inLanguage":"en-US"},{"@type":"Organization","@id":"https:\/\/grafikus-coffeetec.de\/#organization","name":"Graphics company Coffeetec","url":"https:\/\/grafikus-coffeetec.de\/","logo":{"@type":"ImageObject","inLanguage":"en-US","@id":"https:\/\/grafikus-coffeetec.de\/#\/schema\/logo\/image\/","url":"https:\/\/grafikus-coffeetec.de\/wp-content\/uploads\/2020\/05\/Logo_Grafikus-Coffeetec.svg","contentUrl":"https:\/\/grafikus-coffeetec.de\/wp-content\/uploads\/2020\/05\/Logo_Grafikus-Coffeetec.svg","width":"1024","height":"1024","caption":"Grafikus Coffeetec"},"image":{"@id":"https:\/\/grafikus-coffeetec.de\/#\/schema\/logo\/image\/"},"sameAs":["https:\/\/www.instagram.com\/grafikus_coffeetec\/"]}]}},"_links":{"self":[{"href":"https:\/\/grafikus-coffeetec.de\/en\/wp-json\/wp\/v2\/product\/3420","targetHints":{"allow":["GET"]}}],"collection":[{"href":"https:\/\/grafikus-coffeetec.de\/en\/wp-json\/wp\/v2\/product"}],"about":[{"href":"https:\/\/grafikus-coffeetec.de\/en\/wp-json\/wp\/v2\/types\/product"}],"replies":[{"embeddable":true,"href":"https:\/\/grafikus-coffeetec.de\/en\/wp-json\/wp\/v2\/comments?post=3420"}],"wp:featuredmedia":[{"embeddable":true,"href":"https:\/\/grafikus-coffeetec.de\/en\/wp-json\/wp\/v2\/media\/3431"}],"wp:attachment":[{"href":"https:\/\/grafikus-coffeetec.de\/en\/wp-json\/wp\/v2\/media?parent=3420"}],"wp:term":[{"taxonomy":"product_brand","embeddable":true,"href":"https:\/\/grafikus-coffeetec.de\/en\/wp-json\/wp\/v2\/product_brand?post=3420"},{"taxonomy":"product_cat","embeddable":true,"href":"https:\/\/grafikus-coffeetec.de\/en\/wp-json\/wp\/v2\/product_cat?post=3420"},{"taxonomy":"product_tag","embeddable":true,"href":"https:\/\/grafikus-coffeetec.de\/en\/wp-json\/wp\/v2\/product_tag?post=3420"}],"curies":[{"name":"wp","href":"https:\/\/api.w.org\/{rel}","templated":true}]}}