{"id":3271,"date":"2024-04-18T11:05:58","date_gmt":"2024-04-18T09:05:58","guid":{"rendered":"https:\/\/grafikus-coffeetec.de\/?post_type=product&#038;p=3271"},"modified":"2026-03-26T16:58:12","modified_gmt":"2026-03-26T15:58:12","slug":"la-marzocco-verschleissset-unterdruckventil-sma","status":"publish","type":"product","link":"https:\/\/grafikus-coffeetec.de\/en\/product\/la-marzocco-verschleissset-unterdruckventil-sma\/","title":{"rendered":"La Marzocco wear set vacuum valve SMA (1037)"},"content":{"rendered":"<p>If the Linea Mini \/ Linea Micra \/ GS3 continuously steams from the drip tray and regularly refills the steam boiler, this is a sign that the vacuum valve on the steam boiler is not working properly.<br \/>\nInstead of buying a new component, it is usually sufficient to replace the inner workings of the existing vacuum valve.<\/p>\n<p>Suitable for the \u201cnew version\u201d of the <a href=\"https:\/\/grafikus-coffeetec.de\/en\/product\/la-marzocco-unterdruckventil-neue-version\/\" target=\"_blank\" rel=\"noopener\">Vacuum Breaker Valves (B.2.029.01)<\/a> (see picture gallery)<\/p>\n<p>Scope of delivery:<br \/>\n\u2013 2x O-rings<br \/>\n\u2013 1x plastic housing<\/p>\n<p>Article number: 1037<\/p>\n<p>&nbsp;<\/p>\n<p><strong>Manufacturer information<\/strong><br \/>\nManufacturer: La Marzocco Srl<br \/>\nAddress: Via La Torre 14\/H, 50038 Scarperia e San Piero (FI), Italy<br \/>\nContact: info@lamarzocco.com | www.lamarzocco.com<\/p>","protected":false},"excerpt":{"rendered":"<p>If the Linea Mini \/ Linea Micra \/ GS3 is constantly steaming from the drip tray and regularly refilling the steam boiler, this indicates that the vacuum relief valve on the steam boiler is not functioning correctly. Instead of buying a new part, it is usually sufficient to replace the internal components of the existing vacuum relief valve. Suitable for the &quot;new\u2026&quot;<\/p>","protected":false},"featured_media":5850,"comment_status":"open","ping_status":"closed","template":"","meta":{"_acf_changed":false,"inline_featured_image":false},"product_brand":[],"product_cat":[222,180,258,221,280],"product_tag":[228,254,168,65,66,158,61,281,162,245,161],"class_list":{"0":"post-3271","1":"product","2":"type-product","3":"status-publish","4":"has-post-thumbnail","6":"product_cat-gs3-ersatzteile","7":"product_cat-lamarzocco-ersatzteile","8":"product_cat-linea-micra-ersatzteile","9":"product_cat-linea-mini-ersatzteile","10":"product_cat-linea-mini-r-ersatzteile","11":"product_tag-dampfboiler","12":"product_tag-dampfhahn","13":"product_tag-ersatzteile","14":"product_tag-gs3","15":"product_tag-la-marzocco","16":"product_tag-linea-micra","17":"product_tag-linea-mini","18":"product_tag-linea-mini-r","19":"product_tag-unterdruckventil","20":"product_tag-vacuum-breaker-valve","21":"product_tag-verschleissset","22":"product_shipping_class-warenpost-premium","24":"first","25":"instock","26":"taxable","27":"shipping-taxable","28":"purchasable","29":"product-type-simple"},"acf":[],"yoast_head":"<!-- This site is optimized with the Yoast SEO plugin v27.1.1 - https:\/\/yoast.com\/product\/yoast-seo-wordpress\/ -->\n<title>La Marzocco Verschlei\u00dfset Unterdruckventil SMA (1037) | grafikus-coffeetec.de<\/title>\n<meta name=\"description\" content=\"Wenn die Linea Mini \/ Linea Micra \/ GS3 ununterbrochen aus der Abtropfschale dampft und regelm\u00e4\u00dfig den Dampfboiler auff\u00fcllt ist dies ein Zeichen daf\u00fcr, dass das Unterdruckventil am Dampfboiler nicht ordnungsgem\u00e4\u00df funktioniert.Anstelle ein neues Bauteil zu kaufen, reicht es in der Regel aus, das Innenleben des bestehen Unterdruckventils zu ersetzten.Passend f\u00fcr die &quot;neue Version&quot; des Unterdruckventils (B.2.029.01) (siehe Bildergalerie)\" \/>\n<meta name=\"robots\" content=\"index, follow, max-snippet:-1, max-image-preview:large, max-video-preview:-1\" \/>\n<link rel=\"canonical\" href=\"https:\/\/grafikus-coffeetec.de\/en\/product\/la-marzocco-verschleissset-unterdruckventil-sma\/\" \/>\n<meta property=\"og:locale\" content=\"en_US\" \/>\n<meta property=\"og:type\" content=\"article\" \/>\n<meta property=\"og:title\" content=\"La Marzocco Verschlei\u00dfset Unterdruckventil SMA (1037) | grafikus-coffeetec.de\" \/>\n<meta property=\"og:description\" content=\"Wenn die Linea Mini \/ Linea Micra \/ GS3 ununterbrochen aus der Abtropfschale dampft und regelm\u00e4\u00dfig den Dampfboiler auff\u00fcllt ist dies ein Zeichen daf\u00fcr, dass das Unterdruckventil am Dampfboiler nicht ordnungsgem\u00e4\u00df funktioniert.Anstelle ein neues Bauteil zu kaufen, reicht es in der Regel aus, das Innenleben des bestehen Unterdruckventils zu ersetzten.Passend f\u00fcr die &quot;neue Version&quot; des Unterdruckventils (B.2.029.01) (siehe Bildergalerie)\" \/>\n<meta property=\"og:url\" content=\"https:\/\/grafikus-coffeetec.de\/en\/product\/la-marzocco-verschleissset-unterdruckventil-sma\/\" \/>\n<meta property=\"og:site_name\" content=\"grafikus-coffeetec.de\" \/>\n<meta property=\"article:modified_time\" content=\"2026-03-26T15:58:12+00:00\" \/>\n<meta property=\"og:image\" content=\"https:\/\/grafikus-coffeetec.de\/wp-content\/uploads\/2024\/04\/Verschleissset_Unterdruckventil_SMA_1037.jpg\" \/>\n\t<meta property=\"og:image:width\" content=\"1000\" \/>\n\t<meta property=\"og:image:height\" content=\"1000\" \/>\n\t<meta property=\"og:image:type\" content=\"image\/jpeg\" \/>\n<meta name=\"twitter:card\" content=\"summary_large_image\" \/>\n<meta name=\"twitter:label1\" content=\"Est. reading time\" \/>\n\t<meta name=\"twitter:data1\" content=\"1 minute\" \/>\n<script type=\"application\/ld+json\" class=\"yoast-schema-graph\">{\"@context\":\"https:\/\/schema.org\",\"@graph\":[{\"@type\":\"WebPage\",\"@id\":\"https:\/\/grafikus-coffeetec.de\/produkt\/la-marzocco-verschleissset-unterdruckventil-sma\/\",\"url\":\"https:\/\/grafikus-coffeetec.de\/produkt\/la-marzocco-verschleissset-unterdruckventil-sma\/\",\"name\":\"La Marzocco Verschlei\u00dfset Unterdruckventil SMA (1037) | grafikus-coffeetec.de\",\"isPartOf\":{\"@id\":\"https:\/\/grafikus-coffeetec.de\/#website\"},\"primaryImageOfPage\":{\"@id\":\"https:\/\/grafikus-coffeetec.de\/produkt\/la-marzocco-verschleissset-unterdruckventil-sma\/#primaryimage\"},\"image\":{\"@id\":\"https:\/\/grafikus-coffeetec.de\/produkt\/la-marzocco-verschleissset-unterdruckventil-sma\/#primaryimage\"},\"thumbnailUrl\":\"https:\/\/grafikus-coffeetec.de\/wp-content\/uploads\/2024\/04\/Verschleissset_Unterdruckventil_SMA_1037.jpg\",\"datePublished\":\"2024-04-18T09:05:58+00:00\",\"dateModified\":\"2026-03-26T15:58:12+00:00\",\"description\":\"Wenn die Linea Mini \/ Linea Micra \/ GS3 ununterbrochen aus der Abtropfschale dampft und regelm\u00e4\u00dfig den Dampfboiler auff\u00fcllt ist dies ein Zeichen daf\u00fcr, dass das Unterdruckventil am Dampfboiler nicht ordnungsgem\u00e4\u00df funktioniert.Anstelle ein neues Bauteil zu kaufen, reicht es in der Regel aus, das Innenleben des bestehen Unterdruckventils zu ersetzten.Passend f\u00fcr die \\\"neue Version\\\" des Unterdruckventils (B.2.029.01) (siehe Bildergalerie)\",\"breadcrumb\":{\"@id\":\"https:\/\/grafikus-coffeetec.de\/produkt\/la-marzocco-verschleissset-unterdruckventil-sma\/#breadcrumb\"},\"inLanguage\":\"en-US\",\"potentialAction\":[{\"@type\":\"ReadAction\",\"target\":[\"https:\/\/grafikus-coffeetec.de\/produkt\/la-marzocco-verschleissset-unterdruckventil-sma\/\"]}]},{\"@type\":\"ImageObject\",\"inLanguage\":\"en-US\",\"@id\":\"https:\/\/grafikus-coffeetec.de\/produkt\/la-marzocco-verschleissset-unterdruckventil-sma\/#primaryimage\",\"url\":\"https:\/\/grafikus-coffeetec.de\/wp-content\/uploads\/2024\/04\/Verschleissset_Unterdruckventil_SMA_1037.jpg\",\"contentUrl\":\"https:\/\/grafikus-coffeetec.de\/wp-content\/uploads\/2024\/04\/Verschleissset_Unterdruckventil_SMA_1037.jpg\",\"width\":1000,\"height\":1000,\"caption\":\"La Marzocco Verschlei\u00dfset Unterdruckventil SMA (1037)\"},{\"@type\":\"BreadcrumbList\",\"@id\":\"https:\/\/grafikus-coffeetec.de\/produkt\/la-marzocco-verschleissset-unterdruckventil-sma\/#breadcrumb\",\"itemListElement\":[{\"@type\":\"ListItem\",\"position\":1,\"name\":\"Startseite\",\"item\":\"https:\/\/grafikus-coffeetec.de\/\"},{\"@type\":\"ListItem\",\"position\":2,\"name\":\"Startseite\",\"item\":\"https:\/\/grafikus-coffeetec.de\/\"},{\"@type\":\"ListItem\",\"position\":3,\"name\":\"La Marzocco Verschlei\u00dfset Unterdruckventil SMA (1037)\"}]},{\"@type\":\"WebSite\",\"@id\":\"https:\/\/grafikus-coffeetec.de\/#website\",\"url\":\"https:\/\/grafikus-coffeetec.de\/\",\"name\":\"grafikus-coffeetec.de\",\"description\":\"Ihr Spezialist f\u00fcr hochwertiges Zubeh\u00f6r und Umbauten\",\"publisher\":{\"@id\":\"https:\/\/grafikus-coffeetec.de\/#organization\"},\"potentialAction\":[{\"@type\":\"SearchAction\",\"target\":{\"@type\":\"EntryPoint\",\"urlTemplate\":\"https:\/\/grafikus-coffeetec.de\/?s={search_term_string}\"},\"query-input\":{\"@type\":\"PropertyValueSpecification\",\"valueRequired\":true,\"valueName\":\"search_term_string\"}}],\"inLanguage\":\"en-US\"},{\"@type\":\"Organization\",\"@id\":\"https:\/\/grafikus-coffeetec.de\/#organization\",\"name\":\"Grafikus Coffeetec\",\"url\":\"https:\/\/grafikus-coffeetec.de\/\",\"logo\":{\"@type\":\"ImageObject\",\"inLanguage\":\"en-US\",\"@id\":\"https:\/\/grafikus-coffeetec.de\/#\/schema\/logo\/image\/\",\"url\":\"https:\/\/grafikus-coffeetec.de\/wp-content\/uploads\/2020\/05\/Logo_Grafikus-Coffeetec.svg\",\"contentUrl\":\"https:\/\/grafikus-coffeetec.de\/wp-content\/uploads\/2020\/05\/Logo_Grafikus-Coffeetec.svg\",\"width\":\"1024\",\"height\":\"1024\",\"caption\":\"Grafikus Coffeetec\"},\"image\":{\"@id\":\"https:\/\/grafikus-coffeetec.de\/#\/schema\/logo\/image\/\"},\"sameAs\":[\"https:\/\/www.instagram.com\/grafikus_coffeetec\/\"]}]}<\/script>\n<!-- \/ Yoast SEO plugin. -->","yoast_head_json":{"title":"La Marzocco wear kit vacuum valve SMA (1037) | grafikus-coffeetec.de","description":"If the Linea Mini \/ Linea Micra \/ GS3 is constantly steaming from the drip tray and regularly refilling the steam boiler, this indicates that the vacuum relief valve on the steam boiler is not functioning correctly. Instead of buying a new part, it is usually sufficient to replace the internal components of the existing vacuum relief valve. Suitable for the &quot;new version&quot; of the vacuum relief valve (B.2.029.01) (see image gallery).","robots":{"index":"index","follow":"follow","max-snippet":"max-snippet:-1","max-image-preview":"max-image-preview:large","max-video-preview":"max-video-preview:-1"},"canonical":"https:\/\/grafikus-coffeetec.de\/en\/product\/la-marzocco-verschleissset-unterdruckventil-sma\/","og_locale":"en_US","og_type":"article","og_title":"La Marzocco Verschlei\u00dfset Unterdruckventil SMA (1037) | grafikus-coffeetec.de","og_description":"Wenn die Linea Mini \/ Linea Micra \/ GS3 ununterbrochen aus der Abtropfschale dampft und regelm\u00e4\u00dfig den Dampfboiler auff\u00fcllt ist dies ein Zeichen daf\u00fcr, dass das Unterdruckventil am Dampfboiler nicht ordnungsgem\u00e4\u00df funktioniert.Anstelle ein neues Bauteil zu kaufen, reicht es in der Regel aus, das Innenleben des bestehen Unterdruckventils zu ersetzten.Passend f\u00fcr die \"neue Version\" des Unterdruckventils (B.2.029.01) (siehe Bildergalerie)","og_url":"https:\/\/grafikus-coffeetec.de\/en\/product\/la-marzocco-verschleissset-unterdruckventil-sma\/","og_site_name":"grafikus-coffeetec.de","article_modified_time":"2026-03-26T15:58:12+00:00","og_image":[{"width":1000,"height":1000,"url":"https:\/\/grafikus-coffeetec.de\/wp-content\/uploads\/2024\/04\/Verschleissset_Unterdruckventil_SMA_1037.jpg","type":"image\/jpeg"}],"twitter_card":"summary_large_image","twitter_misc":{"Est. reading time":"1 minute"},"schema":{"@context":"https:\/\/schema.org","@graph":[{"@type":"WebPage","@id":"https:\/\/grafikus-coffeetec.de\/produkt\/la-marzocco-verschleissset-unterdruckventil-sma\/","url":"https:\/\/grafikus-coffeetec.de\/produkt\/la-marzocco-verschleissset-unterdruckventil-sma\/","name":"La Marzocco wear kit vacuum valve SMA (1037) | grafikus-coffeetec.de","isPartOf":{"@id":"https:\/\/grafikus-coffeetec.de\/#website"},"primaryImageOfPage":{"@id":"https:\/\/grafikus-coffeetec.de\/produkt\/la-marzocco-verschleissset-unterdruckventil-sma\/#primaryimage"},"image":{"@id":"https:\/\/grafikus-coffeetec.de\/produkt\/la-marzocco-verschleissset-unterdruckventil-sma\/#primaryimage"},"thumbnailUrl":"https:\/\/grafikus-coffeetec.de\/wp-content\/uploads\/2024\/04\/Verschleissset_Unterdruckventil_SMA_1037.jpg","datePublished":"2024-04-18T09:05:58+00:00","dateModified":"2026-03-26T15:58:12+00:00","description":"If the Linea Mini \/ Linea Micra \/ GS3 is constantly steaming from the drip tray and regularly refilling the steam boiler, this indicates that the vacuum relief valve on the steam boiler is not functioning correctly. Instead of buying a new part, it is usually sufficient to replace the internal components of the existing vacuum relief valve. Suitable for the &quot;new version&quot; of the vacuum relief valve (B.2.029.01) (see image gallery).","breadcrumb":{"@id":"https:\/\/grafikus-coffeetec.de\/produkt\/la-marzocco-verschleissset-unterdruckventil-sma\/#breadcrumb"},"inLanguage":"en-US","potentialAction":[{"@type":"ReadAction","target":["https:\/\/grafikus-coffeetec.de\/produkt\/la-marzocco-verschleissset-unterdruckventil-sma\/"]}]},{"@type":"ImageObject","inLanguage":"en-US","@id":"https:\/\/grafikus-coffeetec.de\/produkt\/la-marzocco-verschleissset-unterdruckventil-sma\/#primaryimage","url":"https:\/\/grafikus-coffeetec.de\/wp-content\/uploads\/2024\/04\/Verschleissset_Unterdruckventil_SMA_1037.jpg","contentUrl":"https:\/\/grafikus-coffeetec.de\/wp-content\/uploads\/2024\/04\/Verschleissset_Unterdruckventil_SMA_1037.jpg","width":1000,"height":1000,"caption":"La Marzocco Verschlei\u00dfset Unterdruckventil SMA (1037)"},{"@type":"BreadcrumbList","@id":"https:\/\/grafikus-coffeetec.de\/produkt\/la-marzocco-verschleissset-unterdruckventil-sma\/#breadcrumb","itemListElement":[{"@type":"ListItem","position":1,"name":"Startseite","item":"https:\/\/grafikus-coffeetec.de\/"},{"@type":"ListItem","position":2,"name":"Startseite","item":"https:\/\/grafikus-coffeetec.de\/"},{"@type":"ListItem","position":3,"name":"La Marzocco Verschlei\u00dfset Unterdruckventil SMA (1037)"}]},{"@type":"WebSite","@id":"https:\/\/grafikus-coffeetec.de\/#website","url":"https:\/\/grafikus-coffeetec.de\/","name":"grafikus-coffeetec.de","description":"Your specialist for high-quality accessories and conversions","publisher":{"@id":"https:\/\/grafikus-coffeetec.de\/#organization"},"potentialAction":[{"@type":"SearchAction","target":{"@type":"EntryPoint","urlTemplate":"https:\/\/grafikus-coffeetec.de\/?s={search_term_string}"},"query-input":{"@type":"PropertyValueSpecification","valueRequired":true,"valueName":"search_term_string"}}],"inLanguage":"en-US"},{"@type":"Organization","@id":"https:\/\/grafikus-coffeetec.de\/#organization","name":"Graphics company Coffeetec","url":"https:\/\/grafikus-coffeetec.de\/","logo":{"@type":"ImageObject","inLanguage":"en-US","@id":"https:\/\/grafikus-coffeetec.de\/#\/schema\/logo\/image\/","url":"https:\/\/grafikus-coffeetec.de\/wp-content\/uploads\/2020\/05\/Logo_Grafikus-Coffeetec.svg","contentUrl":"https:\/\/grafikus-coffeetec.de\/wp-content\/uploads\/2020\/05\/Logo_Grafikus-Coffeetec.svg","width":"1024","height":"1024","caption":"Grafikus Coffeetec"},"image":{"@id":"https:\/\/grafikus-coffeetec.de\/#\/schema\/logo\/image\/"},"sameAs":["https:\/\/www.instagram.com\/grafikus_coffeetec\/"]}]}},"_links":{"self":[{"href":"https:\/\/grafikus-coffeetec.de\/en\/wp-json\/wp\/v2\/product\/3271","targetHints":{"allow":["GET"]}}],"collection":[{"href":"https:\/\/grafikus-coffeetec.de\/en\/wp-json\/wp\/v2\/product"}],"about":[{"href":"https:\/\/grafikus-coffeetec.de\/en\/wp-json\/wp\/v2\/types\/product"}],"replies":[{"embeddable":true,"href":"https:\/\/grafikus-coffeetec.de\/en\/wp-json\/wp\/v2\/comments?post=3271"}],"wp:featuredmedia":[{"embeddable":true,"href":"https:\/\/grafikus-coffeetec.de\/en\/wp-json\/wp\/v2\/media\/5850"}],"wp:attachment":[{"href":"https:\/\/grafikus-coffeetec.de\/en\/wp-json\/wp\/v2\/media?parent=3271"}],"wp:term":[{"taxonomy":"product_brand","embeddable":true,"href":"https:\/\/grafikus-coffeetec.de\/en\/wp-json\/wp\/v2\/product_brand?post=3271"},{"taxonomy":"product_cat","embeddable":true,"href":"https:\/\/grafikus-coffeetec.de\/en\/wp-json\/wp\/v2\/product_cat?post=3271"},{"taxonomy":"product_tag","embeddable":true,"href":"https:\/\/grafikus-coffeetec.de\/en\/wp-json\/wp\/v2\/product_tag?post=3271"}],"curies":[{"name":"wp","href":"https:\/\/api.w.org\/{rel}","templated":true}]}}