{"id":2919,"date":"2024-01-19T22:56:54","date_gmt":"2024-01-19T21:56:54","guid":{"rendered":"https:\/\/grafikus-coffeetec.de\/?post_type=product&#038;p=2919"},"modified":"2025-12-01T15:33:00","modified_gmt":"2025-12-01T14:33:00","slug":"la-marzocco-heizpatrone-bruehboiler-linea-mini-e-6-011","status":"publish","type":"product","link":"https:\/\/grafikus-coffeetec.de\/en\/product\/la-marzocco-heizpatrone-bruehboiler-linea-mini-e-6-011\/","title":{"rendered":"La Marzocco heating cartridge brewing boiler Linea Mini (E.6.011)"},"content":{"rendered":"<p>Original La Marzocco heating cartridge for the Linea Mini brewing boiler with 250W<\/p>\n<p class=\"\" data-start=\"156\" data-end=\"431\">This heater is used twice in the brewing boiler of the Linea Mini and Linea Mini R. The two heating cartridges are connected in parallel by fitting their ends with flat plugs and plugging them onto the thermal fuses. The scope of delivery includes <strong data-start=\"458\" data-end=\"466\">one<\/strong> heating cartridge, <strong data-start=\"480\" data-end=\"488\">without<\/strong> In the unlikely event that both heating cartridges are defective, <strong data-start=\"589\" data-end=\"597\">two<\/strong> Heating cartridges can be ordered.<br \/>\nThe required flat receptacles are available from specialist retailers and must be properly crimped using suitable pliers.<\/p>\n<p>Scope of delivery:<br \/>\n1x La Marzocco 250W heating cartridge without flat receptacle<\/p>\n<p>Item number: E.6.011<\/p>\n<p>&nbsp;<\/p>\n<p class=\"\" data-start=\"289\" data-end=\"731\"><strong data-start=\"289\" data-end=\"334\">Important notice and disclaimer:<\/strong><br data-start=\"334\" data-end=\"337\" \/>The installation and connection of this heating cartridge requires specialist knowledge in electrical engineering. Work on electrical systems may only be performed by qualified personnel. Improper installation, faulty electrical connections, or improper crimping of the flat receptacles can lead to property damage, equipment damage, or dangerous situations.<\/p>\n<p class=\"\" data-start=\"733\" data-end=\"983\">I assume no liability for damages resulting from improper installation, use, or modification of the heating cartridge. This applies in particular to personal injury, consequential damage, fire hazards, or the failure of connected devices.<\/p>\n<p class=\"\" data-start=\"985\" data-end=\"1377\">By purchasing and using this product, the purchaser confirms that he is responsible for proper installation and safe operation and that he complies with all applicable safety regulations and technical requirements.<\/p>\n<p data-start=\"985\" data-end=\"1377\"><strong>Manufacturer information<\/strong><br \/>\nManufacturer: La Marzocco Srl<br \/>\nAddress: Via La Torre 14\/H, 50038 Scarperia e San Piero (FI), Italy<br \/>\nContact: info@lamarzocco.com | www.lamarzocco.com<\/p>","protected":false},"excerpt":{"rendered":"<p>Genuine La Marzocco heating element for the Linea Mini brew boiler (250W). This heating element is used twice in the brew boilers of the Linea Mini and Linea Mini R. The two heating elements are connected in parallel by attaching spade connectors to their ends and connecting them to the thermal fuses. The package includes one heating element, without spade connectors. For the unlikely event of\u2026<\/p>","protected":false},"featured_media":2920,"comment_status":"open","ping_status":"closed","template":"","meta":{"_acf_changed":false,"inline_featured_image":false},"product_brand":[],"product_cat":[180,221,280],"product_tag":[168,227,253,66,61,170,169],"class_list":{"0":"post-2919","1":"product","2":"type-product","3":"status-publish","4":"has-post-thumbnail","6":"product_cat-lamarzocco-ersatzteile","7":"product_cat-linea-mini-ersatzteile","8":"product_cat-linea-mini-r-ersatzteile","9":"product_tag-ersatzteile","10":"product_tag-heizung","11":"product_tag-heizung-bruehboiler","12":"product_tag-la-marzocco","13":"product_tag-linea-mini","14":"product_tag-modifkation","15":"product_tag-zubehoer","17":"first","18":"instock","19":"taxable","20":"shipping-taxable","21":"purchasable","22":"product-type-simple"},"acf":[],"yoast_head":"<!-- This site is optimized with the Yoast SEO plugin v27.1.1 - https:\/\/yoast.com\/product\/yoast-seo-wordpress\/ -->\n<title>La Marzocco Heizpatrone Br\u00fchboiler Linea Mini (E.6.011) | grafikus-coffeetec.de<\/title>\n<meta name=\"description\" content=\"Original La Marzocco Heizpatrone f\u00fcr den Br\u00fchboiler der Linea Mini mit 250W\" \/>\n<meta name=\"robots\" content=\"index, follow, max-snippet:-1, max-image-preview:large, max-video-preview:-1\" \/>\n<link rel=\"canonical\" href=\"https:\/\/grafikus-coffeetec.de\/en\/product\/la-marzocco-heizpatrone-bruehboiler-linea-mini-e-6-011\/\" \/>\n<meta property=\"og:locale\" content=\"en_US\" \/>\n<meta property=\"og:type\" content=\"article\" \/>\n<meta property=\"og:title\" content=\"La Marzocco Heizpatrone Br\u00fchboiler Linea Mini (E.6.011) | grafikus-coffeetec.de\" \/>\n<meta property=\"og:description\" content=\"Original La Marzocco Heizpatrone f\u00fcr den Br\u00fchboiler der Linea Mini mit 250W\" \/>\n<meta property=\"og:url\" content=\"https:\/\/grafikus-coffeetec.de\/en\/product\/la-marzocco-heizpatrone-bruehboiler-linea-mini-e-6-011\/\" \/>\n<meta property=\"og:site_name\" content=\"grafikus-coffeetec.de\" \/>\n<meta property=\"article:modified_time\" content=\"2025-12-01T14:33:00+00:00\" \/>\n<meta property=\"og:image\" content=\"https:\/\/grafikus-coffeetec.de\/wp-content\/uploads\/2024\/01\/Marzocco_Linea-Mini-Heizpatrone_Bruehboiler.jpg\" \/>\n\t<meta property=\"og:image:width\" content=\"800\" \/>\n\t<meta property=\"og:image:height\" content=\"800\" \/>\n\t<meta property=\"og:image:type\" content=\"image\/jpeg\" \/>\n<meta name=\"twitter:card\" content=\"summary_large_image\" \/>\n<meta name=\"twitter:label1\" content=\"Est. reading time\" \/>\n\t<meta name=\"twitter:data1\" content=\"2 minutes\" \/>\n<script type=\"application\/ld+json\" class=\"yoast-schema-graph\">{\"@context\":\"https:\/\/schema.org\",\"@graph\":[{\"@type\":\"WebPage\",\"@id\":\"https:\/\/grafikus-coffeetec.de\/produkt\/la-marzocco-heizpatrone-bruehboiler-linea-mini-e-6-011\/\",\"url\":\"https:\/\/grafikus-coffeetec.de\/produkt\/la-marzocco-heizpatrone-bruehboiler-linea-mini-e-6-011\/\",\"name\":\"La Marzocco Heizpatrone Br\u00fchboiler Linea Mini (E.6.011) | grafikus-coffeetec.de\",\"isPartOf\":{\"@id\":\"https:\/\/grafikus-coffeetec.de\/#website\"},\"primaryImageOfPage\":{\"@id\":\"https:\/\/grafikus-coffeetec.de\/produkt\/la-marzocco-heizpatrone-bruehboiler-linea-mini-e-6-011\/#primaryimage\"},\"image\":{\"@id\":\"https:\/\/grafikus-coffeetec.de\/produkt\/la-marzocco-heizpatrone-bruehboiler-linea-mini-e-6-011\/#primaryimage\"},\"thumbnailUrl\":\"https:\/\/grafikus-coffeetec.de\/wp-content\/uploads\/2024\/01\/Marzocco_Linea-Mini-Heizpatrone_Bruehboiler.jpg\",\"datePublished\":\"2024-01-19T21:56:54+00:00\",\"dateModified\":\"2025-12-01T14:33:00+00:00\",\"description\":\"Original La Marzocco Heizpatrone f\u00fcr den Br\u00fchboiler der Linea Mini mit 250W\",\"breadcrumb\":{\"@id\":\"https:\/\/grafikus-coffeetec.de\/produkt\/la-marzocco-heizpatrone-bruehboiler-linea-mini-e-6-011\/#breadcrumb\"},\"inLanguage\":\"en-US\",\"potentialAction\":[{\"@type\":\"ReadAction\",\"target\":[\"https:\/\/grafikus-coffeetec.de\/produkt\/la-marzocco-heizpatrone-bruehboiler-linea-mini-e-6-011\/\"]}]},{\"@type\":\"ImageObject\",\"inLanguage\":\"en-US\",\"@id\":\"https:\/\/grafikus-coffeetec.de\/produkt\/la-marzocco-heizpatrone-bruehboiler-linea-mini-e-6-011\/#primaryimage\",\"url\":\"https:\/\/grafikus-coffeetec.de\/wp-content\/uploads\/2024\/01\/Marzocco_Linea-Mini-Heizpatrone_Bruehboiler.jpg\",\"contentUrl\":\"https:\/\/grafikus-coffeetec.de\/wp-content\/uploads\/2024\/01\/Marzocco_Linea-Mini-Heizpatrone_Bruehboiler.jpg\",\"width\":800,\"height\":800,\"caption\":\"La Marzocco Heizpatrone Br\u00fchboiler Linea Mini (E.6.011)\"},{\"@type\":\"BreadcrumbList\",\"@id\":\"https:\/\/grafikus-coffeetec.de\/produkt\/la-marzocco-heizpatrone-bruehboiler-linea-mini-e-6-011\/#breadcrumb\",\"itemListElement\":[{\"@type\":\"ListItem\",\"position\":1,\"name\":\"Startseite\",\"item\":\"https:\/\/grafikus-coffeetec.de\/\"},{\"@type\":\"ListItem\",\"position\":2,\"name\":\"Startseite\",\"item\":\"https:\/\/grafikus-coffeetec.de\/\"},{\"@type\":\"ListItem\",\"position\":3,\"name\":\"La Marzocco Heizpatrone Br\u00fchboiler Linea Mini (E.6.011)\"}]},{\"@type\":\"WebSite\",\"@id\":\"https:\/\/grafikus-coffeetec.de\/#website\",\"url\":\"https:\/\/grafikus-coffeetec.de\/\",\"name\":\"grafikus-coffeetec.de\",\"description\":\"Ihr Spezialist f\u00fcr hochwertiges Zubeh\u00f6r und Umbauten\",\"publisher\":{\"@id\":\"https:\/\/grafikus-coffeetec.de\/#organization\"},\"potentialAction\":[{\"@type\":\"SearchAction\",\"target\":{\"@type\":\"EntryPoint\",\"urlTemplate\":\"https:\/\/grafikus-coffeetec.de\/?s={search_term_string}\"},\"query-input\":{\"@type\":\"PropertyValueSpecification\",\"valueRequired\":true,\"valueName\":\"search_term_string\"}}],\"inLanguage\":\"en-US\"},{\"@type\":\"Organization\",\"@id\":\"https:\/\/grafikus-coffeetec.de\/#organization\",\"name\":\"Grafikus Coffeetec\",\"url\":\"https:\/\/grafikus-coffeetec.de\/\",\"logo\":{\"@type\":\"ImageObject\",\"inLanguage\":\"en-US\",\"@id\":\"https:\/\/grafikus-coffeetec.de\/#\/schema\/logo\/image\/\",\"url\":\"https:\/\/grafikus-coffeetec.de\/wp-content\/uploads\/2020\/05\/Logo_Grafikus-Coffeetec.svg\",\"contentUrl\":\"https:\/\/grafikus-coffeetec.de\/wp-content\/uploads\/2020\/05\/Logo_Grafikus-Coffeetec.svg\",\"width\":\"1024\",\"height\":\"1024\",\"caption\":\"Grafikus Coffeetec\"},\"image\":{\"@id\":\"https:\/\/grafikus-coffeetec.de\/#\/schema\/logo\/image\/\"},\"sameAs\":[\"https:\/\/www.instagram.com\/grafikus_coffeetec\/\"]}]}<\/script>\n<!-- \/ Yoast SEO plugin. -->","yoast_head_json":{"title":"La Marzocco heating cartridge brewing boiler Linea Mini (E.6.011) | grafikus-coffeetec.de","description":"Original La Marzocco heating cartridge for the Linea Mini brewing boiler with 250W","robots":{"index":"index","follow":"follow","max-snippet":"max-snippet:-1","max-image-preview":"max-image-preview:large","max-video-preview":"max-video-preview:-1"},"canonical":"https:\/\/grafikus-coffeetec.de\/en\/product\/la-marzocco-heizpatrone-bruehboiler-linea-mini-e-6-011\/","og_locale":"en_US","og_type":"article","og_title":"La Marzocco Heizpatrone Br\u00fchboiler Linea Mini (E.6.011) | grafikus-coffeetec.de","og_description":"Original La Marzocco Heizpatrone f\u00fcr den Br\u00fchboiler der Linea Mini mit 250W","og_url":"https:\/\/grafikus-coffeetec.de\/en\/product\/la-marzocco-heizpatrone-bruehboiler-linea-mini-e-6-011\/","og_site_name":"grafikus-coffeetec.de","article_modified_time":"2025-12-01T14:33:00+00:00","og_image":[{"width":800,"height":800,"url":"https:\/\/grafikus-coffeetec.de\/wp-content\/uploads\/2024\/01\/Marzocco_Linea-Mini-Heizpatrone_Bruehboiler.jpg","type":"image\/jpeg"}],"twitter_card":"summary_large_image","twitter_misc":{"Est. reading time":"2 minutes"},"schema":{"@context":"https:\/\/schema.org","@graph":[{"@type":"WebPage","@id":"https:\/\/grafikus-coffeetec.de\/produkt\/la-marzocco-heizpatrone-bruehboiler-linea-mini-e-6-011\/","url":"https:\/\/grafikus-coffeetec.de\/produkt\/la-marzocco-heizpatrone-bruehboiler-linea-mini-e-6-011\/","name":"La Marzocco heating cartridge brewing boiler Linea Mini (E.6.011) | grafikus-coffeetec.de","isPartOf":{"@id":"https:\/\/grafikus-coffeetec.de\/#website"},"primaryImageOfPage":{"@id":"https:\/\/grafikus-coffeetec.de\/produkt\/la-marzocco-heizpatrone-bruehboiler-linea-mini-e-6-011\/#primaryimage"},"image":{"@id":"https:\/\/grafikus-coffeetec.de\/produkt\/la-marzocco-heizpatrone-bruehboiler-linea-mini-e-6-011\/#primaryimage"},"thumbnailUrl":"https:\/\/grafikus-coffeetec.de\/wp-content\/uploads\/2024\/01\/Marzocco_Linea-Mini-Heizpatrone_Bruehboiler.jpg","datePublished":"2024-01-19T21:56:54+00:00","dateModified":"2025-12-01T14:33:00+00:00","description":"Original La Marzocco heating cartridge for the Linea Mini brewing boiler with 250W","breadcrumb":{"@id":"https:\/\/grafikus-coffeetec.de\/produkt\/la-marzocco-heizpatrone-bruehboiler-linea-mini-e-6-011\/#breadcrumb"},"inLanguage":"en-US","potentialAction":[{"@type":"ReadAction","target":["https:\/\/grafikus-coffeetec.de\/produkt\/la-marzocco-heizpatrone-bruehboiler-linea-mini-e-6-011\/"]}]},{"@type":"ImageObject","inLanguage":"en-US","@id":"https:\/\/grafikus-coffeetec.de\/produkt\/la-marzocco-heizpatrone-bruehboiler-linea-mini-e-6-011\/#primaryimage","url":"https:\/\/grafikus-coffeetec.de\/wp-content\/uploads\/2024\/01\/Marzocco_Linea-Mini-Heizpatrone_Bruehboiler.jpg","contentUrl":"https:\/\/grafikus-coffeetec.de\/wp-content\/uploads\/2024\/01\/Marzocco_Linea-Mini-Heizpatrone_Bruehboiler.jpg","width":800,"height":800,"caption":"La Marzocco Heizpatrone Br\u00fchboiler Linea Mini (E.6.011)"},{"@type":"BreadcrumbList","@id":"https:\/\/grafikus-coffeetec.de\/produkt\/la-marzocco-heizpatrone-bruehboiler-linea-mini-e-6-011\/#breadcrumb","itemListElement":[{"@type":"ListItem","position":1,"name":"Startseite","item":"https:\/\/grafikus-coffeetec.de\/"},{"@type":"ListItem","position":2,"name":"Startseite","item":"https:\/\/grafikus-coffeetec.de\/"},{"@type":"ListItem","position":3,"name":"La Marzocco Heizpatrone Br\u00fchboiler Linea Mini (E.6.011)"}]},{"@type":"WebSite","@id":"https:\/\/grafikus-coffeetec.de\/#website","url":"https:\/\/grafikus-coffeetec.de\/","name":"grafikus-coffeetec.de","description":"Your specialist for high-quality accessories and conversions","publisher":{"@id":"https:\/\/grafikus-coffeetec.de\/#organization"},"potentialAction":[{"@type":"SearchAction","target":{"@type":"EntryPoint","urlTemplate":"https:\/\/grafikus-coffeetec.de\/?s={search_term_string}"},"query-input":{"@type":"PropertyValueSpecification","valueRequired":true,"valueName":"search_term_string"}}],"inLanguage":"en-US"},{"@type":"Organization","@id":"https:\/\/grafikus-coffeetec.de\/#organization","name":"Graphics company Coffeetec","url":"https:\/\/grafikus-coffeetec.de\/","logo":{"@type":"ImageObject","inLanguage":"en-US","@id":"https:\/\/grafikus-coffeetec.de\/#\/schema\/logo\/image\/","url":"https:\/\/grafikus-coffeetec.de\/wp-content\/uploads\/2020\/05\/Logo_Grafikus-Coffeetec.svg","contentUrl":"https:\/\/grafikus-coffeetec.de\/wp-content\/uploads\/2020\/05\/Logo_Grafikus-Coffeetec.svg","width":"1024","height":"1024","caption":"Grafikus Coffeetec"},"image":{"@id":"https:\/\/grafikus-coffeetec.de\/#\/schema\/logo\/image\/"},"sameAs":["https:\/\/www.instagram.com\/grafikus_coffeetec\/"]}]}},"_links":{"self":[{"href":"https:\/\/grafikus-coffeetec.de\/en\/wp-json\/wp\/v2\/product\/2919","targetHints":{"allow":["GET"]}}],"collection":[{"href":"https:\/\/grafikus-coffeetec.de\/en\/wp-json\/wp\/v2\/product"}],"about":[{"href":"https:\/\/grafikus-coffeetec.de\/en\/wp-json\/wp\/v2\/types\/product"}],"replies":[{"embeddable":true,"href":"https:\/\/grafikus-coffeetec.de\/en\/wp-json\/wp\/v2\/comments?post=2919"}],"wp:featuredmedia":[{"embeddable":true,"href":"https:\/\/grafikus-coffeetec.de\/en\/wp-json\/wp\/v2\/media\/2920"}],"wp:attachment":[{"href":"https:\/\/grafikus-coffeetec.de\/en\/wp-json\/wp\/v2\/media?parent=2919"}],"wp:term":[{"taxonomy":"product_brand","embeddable":true,"href":"https:\/\/grafikus-coffeetec.de\/en\/wp-json\/wp\/v2\/product_brand?post=2919"},{"taxonomy":"product_cat","embeddable":true,"href":"https:\/\/grafikus-coffeetec.de\/en\/wp-json\/wp\/v2\/product_cat?post=2919"},{"taxonomy":"product_tag","embeddable":true,"href":"https:\/\/grafikus-coffeetec.de\/en\/wp-json\/wp\/v2\/product_tag?post=2919"}],"curies":[{"name":"wp","href":"https:\/\/api.w.org\/{rel}","templated":true}]}}