{"id":2824,"date":"2024-01-02T22:47:41","date_gmt":"2024-01-02T21:47:41","guid":{"rendered":"https:\/\/grafikus-coffeetec.de\/?post_type=product&#038;p=2824"},"modified":"2025-11-18T14:50:57","modified_gmt":"2025-11-18T13:50:57","slug":"la-marzocco-pt1000-temperaturfuehler-e-1-005","status":"publish","type":"product","link":"https:\/\/grafikus-coffeetec.de\/en\/product\/la-marzocco-pt1000-temperaturfuehler-e-1-005\/","title":{"rendered":"La Marzocco PT1000 temperature sensor 100mm (E.1.005)"},"content":{"rendered":"<p>Original La Marzocco temperature sensor suitable for the steam boilers of the following machines: Linea Micra, Linea Mini R, GS3, GB5 X, GB5 S, GB5 FB80, KB90, LCS, Leva, Linea PB, Modbar, Modbar Pur Over, Modbar Steam, Strada EP, Strada AV, Strada EE, Strada MP, Strada S, Strada X<\/p>\n<p>In addition, the temperature sensor is used in the brewing boilers of the following machines: GS3, GB5 X, GB5 S, GB5 FB80, KB90, LCS, Leva, Linea PB, Modbar, Strada EP, Strada AV, Strada EE, Strada MP, Strada S, Strada X<\/p>\n<p>Scope of delivery:<br \/>\n-1x La Marzocco PT1000 temperature sensor 100mm including connection cable<\/p>\n<p>Item number: E.1.005<\/p>\n<p>&nbsp;<\/p>\n<p><strong>Manufacturer information<\/strong><br \/>\nManufacturer: La Marzocco Srl<br \/>\nAddress: Via La Torre 14\/H, 50038 Scarperia e San Piero (FI), Italy<br \/>\nContact: info@lamarzocco.com | www.lamarzocco.com<\/p>","protected":false},"excerpt":{"rendered":"<p>Original La Marzocco temperature sensor suitable for the steam boilers of the following machines: Linea Micra, Linea Mini R, GS3, GB5 X, GB5 S, GB5 FB80, KB90, LCS, Leva, Linea PB, Modbar, Modbar Pur Over, Modbar Steam, Strada EP, Strada AV, Strada EE, Strada MP, Strada S, Strada X. The temperature sensor is also used in the brew boilers of the following machines: \u2026<\/p>","protected":false},"featured_media":2850,"comment_status":"open","ping_status":"closed","template":"","meta":{"_acf_changed":false,"inline_featured_image":false},"product_brand":[],"product_cat":[222,180,64,258,280],"product_tag":[234,228,168,206,241,240,233,65,207,66,294,208,158,61,281,209,211,364,242,170,212,210,202,232,201,203,204,205,213,169],"class_list":{"0":"post-2824","1":"product","2":"type-product","3":"status-publish","4":"has-post-thumbnail","6":"product_cat-gs3-ersatzteile","7":"product_cat-lamarzocco-ersatzteile","8":"product_cat-lamarzocco-gs3","9":"product_cat-linea-micra-ersatzteile","10":"product_cat-linea-mini-r-ersatzteile","11":"product_tag-bruehboiler","12":"product_tag-dampfboiler","13":"product_tag-ersatzteile","14":"product_tag-gb5","15":"product_tag-gb5-s","16":"product_tag-gb5-x","17":"product_tag-gb5-fb80","18":"product_tag-gs3","19":"product_tag-kb90","20":"product_tag-la-marzocco","21":"product_tag-lcs","22":"product_tag-leva","23":"product_tag-linea-micra","24":"product_tag-linea-mini","25":"product_tag-linea-mini-r","26":"product_tag-linea-pb","27":"product_tag-modbar","28":"product_tag-modbar-pur-over","29":"product_tag-modbar-steam","30":"product_tag-modifkation","31":"product_tag-pt-1000","32":"product_tag-shot-brewer","33":"product_tag-strada-av","34":"product_tag-strada-ee","35":"product_tag-strada-ep","36":"product_tag-strada-mp","37":"product_tag-strada-s","38":"product_tag-strada-x","39":"product_tag-temperaturfuehler","40":"product_tag-zubehoer","42":"first","43":"instock","44":"taxable","45":"shipping-taxable","46":"purchasable","47":"product-type-simple"},"acf":[],"yoast_head":"<!-- This site is optimized with the Yoast SEO plugin v27.1.1 - https:\/\/yoast.com\/product\/yoast-seo-wordpress\/ -->\n<title>La Marzocco PT1000 Temperaturf\u00fchler 100mm (E.1.005) | grafikus-coffeetec.de<\/title>\n<meta name=\"description\" content=\"La Marzocco Temperaturf\u00fchler passend f\u00fcr die Dampf- &amp; Br\u00fchboiler folgender Maschinen: GS3, Strada EP, Strada AV, Strada MP, Strada S, Strada X, GB5, KB90, Leva, Linea PB, Shot Brewer, Modbar\" \/>\n<meta name=\"robots\" content=\"index, follow, max-snippet:-1, max-image-preview:large, max-video-preview:-1\" \/>\n<link rel=\"canonical\" href=\"https:\/\/grafikus-coffeetec.de\/en\/product\/la-marzocco-pt1000-temperaturfuehler-e-1-005\/\" \/>\n<meta property=\"og:locale\" content=\"en_US\" \/>\n<meta property=\"og:type\" content=\"article\" \/>\n<meta property=\"og:title\" content=\"La Marzocco PT1000 Temperaturf\u00fchler 100mm (E.1.005) | grafikus-coffeetec.de\" \/>\n<meta property=\"og:description\" content=\"La Marzocco Temperaturf\u00fchler passend f\u00fcr die Dampf- &amp; Br\u00fchboiler folgender Maschinen: GS3, Strada EP, Strada AV, Strada MP, Strada S, Strada X, GB5, KB90, Leva, Linea PB, Shot Brewer, Modbar\" \/>\n<meta property=\"og:url\" content=\"https:\/\/grafikus-coffeetec.de\/en\/product\/la-marzocco-pt1000-temperaturfuehler-e-1-005\/\" \/>\n<meta property=\"og:site_name\" content=\"grafikus-coffeetec.de\" \/>\n<meta property=\"article:modified_time\" content=\"2025-11-18T13:50:57+00:00\" \/>\n<meta property=\"og:image\" content=\"https:\/\/grafikus-coffeetec.de\/wp-content\/uploads\/2024\/01\/Marzocco_PT1000_Temperatursensor_800x800.jpg\" \/>\n\t<meta property=\"og:image:width\" content=\"800\" \/>\n\t<meta property=\"og:image:height\" content=\"800\" \/>\n\t<meta property=\"og:image:type\" content=\"image\/jpeg\" \/>\n<meta name=\"twitter:card\" content=\"summary_large_image\" \/>\n<meta name=\"twitter:label1\" content=\"Est. reading time\" \/>\n\t<meta name=\"twitter:data1\" content=\"1 minute\" \/>\n<script type=\"application\/ld+json\" class=\"yoast-schema-graph\">{\"@context\":\"https:\/\/schema.org\",\"@graph\":[{\"@type\":\"WebPage\",\"@id\":\"https:\/\/grafikus-coffeetec.de\/produkt\/la-marzocco-pt1000-temperaturfuehler-e-1-005\/\",\"url\":\"https:\/\/grafikus-coffeetec.de\/produkt\/la-marzocco-pt1000-temperaturfuehler-e-1-005\/\",\"name\":\"La Marzocco PT1000 Temperaturf\u00fchler 100mm (E.1.005) | grafikus-coffeetec.de\",\"isPartOf\":{\"@id\":\"https:\/\/grafikus-coffeetec.de\/#website\"},\"primaryImageOfPage\":{\"@id\":\"https:\/\/grafikus-coffeetec.de\/produkt\/la-marzocco-pt1000-temperaturfuehler-e-1-005\/#primaryimage\"},\"image\":{\"@id\":\"https:\/\/grafikus-coffeetec.de\/produkt\/la-marzocco-pt1000-temperaturfuehler-e-1-005\/#primaryimage\"},\"thumbnailUrl\":\"https:\/\/grafikus-coffeetec.de\/wp-content\/uploads\/2024\/01\/Marzocco_PT1000_Temperatursensor_800x800.jpg\",\"datePublished\":\"2024-01-02T21:47:41+00:00\",\"dateModified\":\"2025-11-18T13:50:57+00:00\",\"description\":\"La Marzocco Temperaturf\u00fchler passend f\u00fcr die Dampf- & Br\u00fchboiler folgender Maschinen: GS3, Strada EP, Strada AV, Strada MP, Strada S, Strada X, GB5, KB90, Leva, Linea PB, Shot Brewer, Modbar\",\"breadcrumb\":{\"@id\":\"https:\/\/grafikus-coffeetec.de\/produkt\/la-marzocco-pt1000-temperaturfuehler-e-1-005\/#breadcrumb\"},\"inLanguage\":\"en-US\",\"potentialAction\":[{\"@type\":\"ReadAction\",\"target\":[\"https:\/\/grafikus-coffeetec.de\/produkt\/la-marzocco-pt1000-temperaturfuehler-e-1-005\/\"]}]},{\"@type\":\"ImageObject\",\"inLanguage\":\"en-US\",\"@id\":\"https:\/\/grafikus-coffeetec.de\/produkt\/la-marzocco-pt1000-temperaturfuehler-e-1-005\/#primaryimage\",\"url\":\"https:\/\/grafikus-coffeetec.de\/wp-content\/uploads\/2024\/01\/Marzocco_PT1000_Temperatursensor_800x800.jpg\",\"contentUrl\":\"https:\/\/grafikus-coffeetec.de\/wp-content\/uploads\/2024\/01\/Marzocco_PT1000_Temperatursensor_800x800.jpg\",\"width\":800,\"height\":800,\"caption\":\"La Marzocco PT1000 Temperaturf\u00fchler 100mm (E.1.005)\"},{\"@type\":\"BreadcrumbList\",\"@id\":\"https:\/\/grafikus-coffeetec.de\/produkt\/la-marzocco-pt1000-temperaturfuehler-e-1-005\/#breadcrumb\",\"itemListElement\":[{\"@type\":\"ListItem\",\"position\":1,\"name\":\"Startseite\",\"item\":\"https:\/\/grafikus-coffeetec.de\/\"},{\"@type\":\"ListItem\",\"position\":2,\"name\":\"Startseite\",\"item\":\"https:\/\/grafikus-coffeetec.de\/\"},{\"@type\":\"ListItem\",\"position\":3,\"name\":\"La Marzocco PT1000 Temperaturf\u00fchler 100mm (E.1.005)\"}]},{\"@type\":\"WebSite\",\"@id\":\"https:\/\/grafikus-coffeetec.de\/#website\",\"url\":\"https:\/\/grafikus-coffeetec.de\/\",\"name\":\"grafikus-coffeetec.de\",\"description\":\"Ihr Spezialist f\u00fcr hochwertiges Zubeh\u00f6r und Umbauten\",\"publisher\":{\"@id\":\"https:\/\/grafikus-coffeetec.de\/#organization\"},\"potentialAction\":[{\"@type\":\"SearchAction\",\"target\":{\"@type\":\"EntryPoint\",\"urlTemplate\":\"https:\/\/grafikus-coffeetec.de\/?s={search_term_string}\"},\"query-input\":{\"@type\":\"PropertyValueSpecification\",\"valueRequired\":true,\"valueName\":\"search_term_string\"}}],\"inLanguage\":\"en-US\"},{\"@type\":\"Organization\",\"@id\":\"https:\/\/grafikus-coffeetec.de\/#organization\",\"name\":\"Grafikus Coffeetec\",\"url\":\"https:\/\/grafikus-coffeetec.de\/\",\"logo\":{\"@type\":\"ImageObject\",\"inLanguage\":\"en-US\",\"@id\":\"https:\/\/grafikus-coffeetec.de\/#\/schema\/logo\/image\/\",\"url\":\"https:\/\/grafikus-coffeetec.de\/wp-content\/uploads\/2020\/05\/Logo_Grafikus-Coffeetec.svg\",\"contentUrl\":\"https:\/\/grafikus-coffeetec.de\/wp-content\/uploads\/2020\/05\/Logo_Grafikus-Coffeetec.svg\",\"width\":\"1024\",\"height\":\"1024\",\"caption\":\"Grafikus Coffeetec\"},\"image\":{\"@id\":\"https:\/\/grafikus-coffeetec.de\/#\/schema\/logo\/image\/\"},\"sameAs\":[\"https:\/\/www.instagram.com\/grafikus_coffeetec\/\"]}]}<\/script>\n<!-- \/ Yoast SEO plugin. -->","yoast_head_json":{"title":"La Marzocco PT1000 temperature sensor 100mm (E.1.005) | grafikus-coffeetec.de","description":"La Marzocco temperature sensor suitable for the steam and brew boilers of the following machines: GS3, Strada EP, Strada AV, Strada MP, Strada S, Strada X, GB5, KB90, Leva, Linea PB, Shot Brewer, Modbar","robots":{"index":"index","follow":"follow","max-snippet":"max-snippet:-1","max-image-preview":"max-image-preview:large","max-video-preview":"max-video-preview:-1"},"canonical":"https:\/\/grafikus-coffeetec.de\/en\/product\/la-marzocco-pt1000-temperaturfuehler-e-1-005\/","og_locale":"en_US","og_type":"article","og_title":"La Marzocco PT1000 Temperaturf\u00fchler 100mm (E.1.005) | grafikus-coffeetec.de","og_description":"La Marzocco Temperaturf\u00fchler passend f\u00fcr die Dampf- & Br\u00fchboiler folgender Maschinen: GS3, Strada EP, Strada AV, Strada MP, Strada S, Strada X, GB5, KB90, Leva, Linea PB, Shot Brewer, Modbar","og_url":"https:\/\/grafikus-coffeetec.de\/en\/product\/la-marzocco-pt1000-temperaturfuehler-e-1-005\/","og_site_name":"grafikus-coffeetec.de","article_modified_time":"2025-11-18T13:50:57+00:00","og_image":[{"width":800,"height":800,"url":"https:\/\/grafikus-coffeetec.de\/wp-content\/uploads\/2024\/01\/Marzocco_PT1000_Temperatursensor_800x800.jpg","type":"image\/jpeg"}],"twitter_card":"summary_large_image","twitter_misc":{"Est. reading time":"1 minute"},"schema":{"@context":"https:\/\/schema.org","@graph":[{"@type":"WebPage","@id":"https:\/\/grafikus-coffeetec.de\/produkt\/la-marzocco-pt1000-temperaturfuehler-e-1-005\/","url":"https:\/\/grafikus-coffeetec.de\/produkt\/la-marzocco-pt1000-temperaturfuehler-e-1-005\/","name":"La Marzocco PT1000 temperature sensor 100mm (E.1.005) | grafikus-coffeetec.de","isPartOf":{"@id":"https:\/\/grafikus-coffeetec.de\/#website"},"primaryImageOfPage":{"@id":"https:\/\/grafikus-coffeetec.de\/produkt\/la-marzocco-pt1000-temperaturfuehler-e-1-005\/#primaryimage"},"image":{"@id":"https:\/\/grafikus-coffeetec.de\/produkt\/la-marzocco-pt1000-temperaturfuehler-e-1-005\/#primaryimage"},"thumbnailUrl":"https:\/\/grafikus-coffeetec.de\/wp-content\/uploads\/2024\/01\/Marzocco_PT1000_Temperatursensor_800x800.jpg","datePublished":"2024-01-02T21:47:41+00:00","dateModified":"2025-11-18T13:50:57+00:00","description":"La Marzocco temperature sensor suitable for the steam and brew boilers of the following machines: GS3, Strada EP, Strada AV, Strada MP, Strada S, Strada X, GB5, KB90, Leva, Linea PB, Shot Brewer, Modbar","breadcrumb":{"@id":"https:\/\/grafikus-coffeetec.de\/produkt\/la-marzocco-pt1000-temperaturfuehler-e-1-005\/#breadcrumb"},"inLanguage":"en-US","potentialAction":[{"@type":"ReadAction","target":["https:\/\/grafikus-coffeetec.de\/produkt\/la-marzocco-pt1000-temperaturfuehler-e-1-005\/"]}]},{"@type":"ImageObject","inLanguage":"en-US","@id":"https:\/\/grafikus-coffeetec.de\/produkt\/la-marzocco-pt1000-temperaturfuehler-e-1-005\/#primaryimage","url":"https:\/\/grafikus-coffeetec.de\/wp-content\/uploads\/2024\/01\/Marzocco_PT1000_Temperatursensor_800x800.jpg","contentUrl":"https:\/\/grafikus-coffeetec.de\/wp-content\/uploads\/2024\/01\/Marzocco_PT1000_Temperatursensor_800x800.jpg","width":800,"height":800,"caption":"La Marzocco PT1000 Temperaturf\u00fchler 100mm (E.1.005)"},{"@type":"BreadcrumbList","@id":"https:\/\/grafikus-coffeetec.de\/produkt\/la-marzocco-pt1000-temperaturfuehler-e-1-005\/#breadcrumb","itemListElement":[{"@type":"ListItem","position":1,"name":"Startseite","item":"https:\/\/grafikus-coffeetec.de\/"},{"@type":"ListItem","position":2,"name":"Startseite","item":"https:\/\/grafikus-coffeetec.de\/"},{"@type":"ListItem","position":3,"name":"La Marzocco PT1000 Temperaturf\u00fchler 100mm (E.1.005)"}]},{"@type":"WebSite","@id":"https:\/\/grafikus-coffeetec.de\/#website","url":"https:\/\/grafikus-coffeetec.de\/","name":"grafikus-coffeetec.de","description":"Your specialist for high-quality accessories and conversions","publisher":{"@id":"https:\/\/grafikus-coffeetec.de\/#organization"},"potentialAction":[{"@type":"SearchAction","target":{"@type":"EntryPoint","urlTemplate":"https:\/\/grafikus-coffeetec.de\/?s={search_term_string}"},"query-input":{"@type":"PropertyValueSpecification","valueRequired":true,"valueName":"search_term_string"}}],"inLanguage":"en-US"},{"@type":"Organization","@id":"https:\/\/grafikus-coffeetec.de\/#organization","name":"Graphics company Coffeetec","url":"https:\/\/grafikus-coffeetec.de\/","logo":{"@type":"ImageObject","inLanguage":"en-US","@id":"https:\/\/grafikus-coffeetec.de\/#\/schema\/logo\/image\/","url":"https:\/\/grafikus-coffeetec.de\/wp-content\/uploads\/2020\/05\/Logo_Grafikus-Coffeetec.svg","contentUrl":"https:\/\/grafikus-coffeetec.de\/wp-content\/uploads\/2020\/05\/Logo_Grafikus-Coffeetec.svg","width":"1024","height":"1024","caption":"Grafikus Coffeetec"},"image":{"@id":"https:\/\/grafikus-coffeetec.de\/#\/schema\/logo\/image\/"},"sameAs":["https:\/\/www.instagram.com\/grafikus_coffeetec\/"]}]}},"_links":{"self":[{"href":"https:\/\/grafikus-coffeetec.de\/en\/wp-json\/wp\/v2\/product\/2824","targetHints":{"allow":["GET"]}}],"collection":[{"href":"https:\/\/grafikus-coffeetec.de\/en\/wp-json\/wp\/v2\/product"}],"about":[{"href":"https:\/\/grafikus-coffeetec.de\/en\/wp-json\/wp\/v2\/types\/product"}],"replies":[{"embeddable":true,"href":"https:\/\/grafikus-coffeetec.de\/en\/wp-json\/wp\/v2\/comments?post=2824"}],"wp:featuredmedia":[{"embeddable":true,"href":"https:\/\/grafikus-coffeetec.de\/en\/wp-json\/wp\/v2\/media\/2850"}],"wp:attachment":[{"href":"https:\/\/grafikus-coffeetec.de\/en\/wp-json\/wp\/v2\/media?parent=2824"}],"wp:term":[{"taxonomy":"product_brand","embeddable":true,"href":"https:\/\/grafikus-coffeetec.de\/en\/wp-json\/wp\/v2\/product_brand?post=2824"},{"taxonomy":"product_cat","embeddable":true,"href":"https:\/\/grafikus-coffeetec.de\/en\/wp-json\/wp\/v2\/product_cat?post=2824"},{"taxonomy":"product_tag","embeddable":true,"href":"https:\/\/grafikus-coffeetec.de\/en\/wp-json\/wp\/v2\/product_tag?post=2824"}],"curies":[{"name":"wp","href":"https:\/\/api.w.org\/{rel}","templated":true}]}}