{"id":2695,"date":"2023-10-31T16:31:40","date_gmt":"2023-10-31T15:31:40","guid":{"rendered":"https:\/\/grafikus-coffeetec.de\/?post_type=product&#038;p=2695"},"modified":"2026-03-27T11:06:35","modified_gmt":"2026-03-27T10:06:35","slug":"la-marzocco-connected-scale-y-301","status":"publish","type":"product","link":"https:\/\/grafikus-coffeetec.de\/en\/product\/la-marzocco-connected-scale-y-301\/","title":{"rendered":"La Marzocco Connected Scale \/ brew by weight Scale (Y.301)"},"content":{"rendered":"<div class=\"woocommerce-product-details__short-description\">\n<p>Original La Marzocco Connected Scale formerly Acaia Lunar \/ La Marzocco Linea Mini \/ Linea Mini R \/ Pico \/ Swan brew by weight scale.<\/p>\n<p>Enhance the Linea Mini, Linea Mini R, Pico, and Swan with Brew-by-Weight \/ Grind-by-Weight: an exclusive Acaia scale that automatically stops the brewing process when the set target weight is reached. Unprecedented precision thanks to the drip algorithm gives you the luxury of precise brewing times.<br \/>\nThe Brew by weight function can of course also be used with the Grafikus Coffeetec needle valve kit.<\/p>\n<p><strong>ATTENTION:<\/strong> The Brew-by-Weight function is currently only available with the Linea Mini and Linea Mini R. <strong>Not with the Linea MICRA. <\/strong>The grind-by-weight function can only be used with the <a href=\"https:\/\/grafikus-coffeetec.de\/en\/product\/la-marzocco-pico-espressomuehle-farbiges-gehaeuse\/\">Pico<\/a> and Swan can be used.<strong><br \/>\nSubject to compatibility (see below).<br \/>\n<\/strong><\/p>\n<p><strong>Brew by weight<\/strong>, an exclusive innovation project by\u00a0<strong>Acaia<\/strong>\u00a0and\u00a0<strong>La Marzocco Home<\/strong>. Specially designed to work seamlessly with the Linea Mini, Linea Mini R, Pico, and Swan, this weighing function optimizes espresso preparation, and not just in the home. Thanks to a predictive drip algorithm, the scale delivers unprecedented accuracy with every coffee dispense. Simply set your desired serving size, press the paddle, and let the machine do the rest. The Linea Mini &amp; Linea Mini R and the scale work together perfectly; the integrated auto-tare and auto-timing functions ensure that the exact coffee dose you set automatically ends up in your cup.<\/p>\n<p><strong>Compatibility requirements<br \/>\n<\/strong>Brew-by-Weight uses La Marzocco-specific firmware to connect to your Linea Mini, Linea Mini R, Pico, and Swan. Standard Acaia scales cannot be updated to achieve Brew-by-Weight &amp; Grind-by-Weight functionality.<\/p>\n<p class=\"h6\"><strong>multitasking made easy<br \/>\n<\/strong>Trusting the scale&#039;s reliability and predictive accuracy, you can walk away from the machine and return to find a perfectly brewed espresso.<\/p>\n<p class=\"h6\"><strong>Double purchase via the La Marzocco home app<br \/>\n<\/strong>Imprint your personal espresso style on the Linea Mini &amp; Linea Mini R by setting them for up to two portions prepared at the same time or for continuous delivery, both using the La Marzocco home app.<\/p>\n<p class=\"h6\"><strong>predictive drip algorithm<br \/>\n<\/strong>The precisely working predictive drip algorithm \u201cknows\u201d in advance when the brewing process needs to be stopped, thus reliably ensuring that exactly the coffee dose you set ends up in every cup.<\/p>\n<p class=\"h6\"><strong>auto-tare and auto-timer<br \/>\n<\/strong>After pressing the paddle, the scale automatically measures the empty weight (tare) and starts the auto timer and the precisely coordinated brewing process.<\/p>\n<p class=\"h6\"><strong>smooth compatibility<br \/>\n<\/strong>The scale is designed to work smoothly with the Linea Mini and Linea Mini R, which are synchronized with it, so that every coffee brew is perfect.<\/p>\n<\/div>\n<p class=\"h6\"><strong>Waterproofness<br \/>\n<\/strong>No problems with leaking liquids, guaranteed longevity even in catering establishments.<\/p>\n<p class=\"h6\"><strong>easy-to-read display<\/strong><br \/>\nMeasurements are displayed quickly and with an accuracy of 0.1 gram.<\/p>\n<p class=\"h6\"><strong>built-in timer<br \/>\n<\/strong>Gives you the opportunity to control the brewing time for consistency at any time.<\/p>\n<p class=\"h6\"><strong>rechargeable battery<br \/>\n<\/strong>A battery that can be recharged via USB-C ensures a long operating time.<\/p>\n<p class=\"h6\"><strong>Robust aluminum housing in premium quality<br \/>\n<\/strong>Visually appealing and at the same time indestructible.<\/p>\n<p><strong>Important instructions:<br \/>\n<\/strong>\u25cf Scale Compatibility: Brew-by-Weight is designed solely to work with this particular Acaia scale. Older models from Acaia&#039;s Lunar series are not compatible with this.<br \/>\n\u25cf Espresso machine compatibility: Brew-by-Weight is only available for the Linea Mini &amp; Linea Mini R.<br \/>\n\u25cf Firmware requirements: Your Linea Mini &amp; Linea Mini R must be online capable and equipped with the latest firmware in order to use the Brew-by-Weight function.<\/p>\n<p>&nbsp;<\/p>\n<p>Scope of delivery:<br \/>\n1x Acaia \/ La Marzocco \u2013 Linea Mini &amp; Linea Mini R brew by weight scale<\/p>\n<p>&nbsp;<\/p>\n<p><iframe loading=\"lazy\" title=\"YouTube video player\" src=\"https:\/\/www.youtube-nocookie.com\/embed\/XZ7sqdP9w6U?si=GZcuMh0YO-EKMJf1\" width=\"560\" height=\"315\" frameborder=\"0\" allowfullscreen=\"allowfullscreen\"><\/iframe><\/p>\n<p><iframe loading=\"lazy\" title=\"YouTube video player\" src=\"https:\/\/www.youtube-nocookie.com\/embed\/1HFZvJM6ruY?si=v7e0JGAXOkafx-KH\" width=\"560\" height=\"315\" frameborder=\"0\" allowfullscreen=\"allowfullscreen\"><\/iframe><\/p>\n<p><iframe loading=\"lazy\" title=\"YouTube video player\" src=\"https:\/\/www.youtube-nocookie.com\/embed\/xV2i_pXISPI?si=eyjGz_VFv7dtDf07\" width=\"560\" height=\"315\" frameborder=\"0\" allowfullscreen=\"allowfullscreen\"><\/iframe><\/p>\n<p><iframe loading=\"lazy\" title=\"YouTube video player\" src=\"https:\/\/www.youtube-nocookie.com\/embed\/59-pTgnScWE?si=W3iiEvgas8SSPtfa\" width=\"560\" height=\"315\" frameborder=\"0\" allowfullscreen=\"allowfullscreen\"><\/iframe><\/p>\n<p>Article number: Y.301<\/p>\n<p>&nbsp;<\/p>\n<p><strong>Manufacturer information<\/strong><br \/>\nManufacturer: La Marzocco Srl<br \/>\nAddress: Via La Torre 14\/H, 50038 Scarperia e San Piero (FI), Italy<br \/>\nContact: info@lamarzocco.com | www.lamarzocco.com<\/p>","protected":false},"excerpt":{"rendered":"<p>Original La Marzocco Connected Scale, formerly Acaia Lunar \/ La Marzocco Linea Mini \/ Linea Mini R \/ Pico \/ Swan brew-by-weight scale. Enhance your Linea Mini, Linea Mini R, Pico, and Swan with Brew-by-Weight \/ Grind-by-Weight: an exclusive Acaia scale that automatically stops the brewing process when the set target weight is reached. Unparalleled precision...<\/p>","protected":false},"featured_media":2699,"comment_status":"open","ping_status":"closed","template":"","meta":{"_acf_changed":false,"inline_featured_image":false},"product_brand":[],"product_cat":[138,62,279,466,190],"product_tag":[139,192,468,469,66,61,281,467,193],"class_list":{"0":"post-2695","1":"product","2":"type-product","3":"status-publish","4":"has-post-thumbnail","6":"product_cat-acaia","7":"product_cat-linea-mini","8":"product_cat-la-marzocco-linea-mini-r","9":"product_cat-la-marzocco-pico","10":"product_cat-la-marzocco-zubehoer","11":"product_tag-acaia","12":"product_tag-brew-by-weight","13":"product_tag-connected-scale","14":"product_tag-grind-by-weight","15":"product_tag-la-marzocco","16":"product_tag-linea-mini","17":"product_tag-linea-mini-r","18":"product_tag-pico","19":"product_tag-waage","21":"first","22":"instock","23":"sale","24":"taxable","25":"shipping-taxable","26":"purchasable","27":"product-type-simple"},"acf":[],"yoast_head":"<!-- This site is optimized with the Yoast SEO plugin v27.1.1 - https:\/\/yoast.com\/product\/yoast-seo-wordpress\/ -->\n<title>La Marzocco Connected Scale \/ brew by weight Waage (Y.301) | grafikus-coffeetec.de<\/title>\n<meta name=\"description\" content=\"Bereichere die Linea Mini durch Brew-by-Weight: eine exklusive Acaia-Waage, die bei Erreichen des eingestellten Sollgewichts den Br\u00fchvorgang automatisch stoppt. Eine beispiellose Pr\u00e4zision dank Drip-Algorithmus beschert dir den Luxus abgezirkelter Br\u00fchzeiten.\" \/>\n<meta name=\"robots\" content=\"index, follow, max-snippet:-1, max-image-preview:large, max-video-preview:-1\" \/>\n<link rel=\"canonical\" href=\"https:\/\/grafikus-coffeetec.de\/en\/product\/la-marzocco-connected-scale-y-301\/\" \/>\n<meta property=\"og:locale\" content=\"en_US\" \/>\n<meta property=\"og:type\" content=\"article\" \/>\n<meta property=\"og:title\" content=\"La Marzocco Connected Scale \/ brew by weight Waage (Y.301) | grafikus-coffeetec.de\" \/>\n<meta property=\"og:description\" content=\"Bereichere die Linea Mini durch Brew-by-Weight: eine exklusive Acaia-Waage, die bei Erreichen des eingestellten Sollgewichts den Br\u00fchvorgang automatisch stoppt. Eine beispiellose Pr\u00e4zision dank Drip-Algorithmus beschert dir den Luxus abgezirkelter Br\u00fchzeiten.\" \/>\n<meta property=\"og:url\" content=\"https:\/\/grafikus-coffeetec.de\/en\/product\/la-marzocco-connected-scale-y-301\/\" \/>\n<meta property=\"og:site_name\" content=\"grafikus-coffeetec.de\" \/>\n<meta property=\"article:modified_time\" content=\"2026-03-27T10:06:35+00:00\" \/>\n<meta property=\"og:image\" content=\"https:\/\/grafikus-coffeetec.de\/wp-content\/uploads\/2023\/10\/Lunar-Brew-by-Weight_Waage_1.jpg\" \/>\n\t<meta property=\"og:image:width\" content=\"1046\" \/>\n\t<meta property=\"og:image:height\" content=\"1046\" \/>\n\t<meta property=\"og:image:type\" content=\"image\/jpeg\" \/>\n<meta name=\"twitter:card\" content=\"summary_large_image\" \/>\n<meta name=\"twitter:label1\" content=\"Est. reading time\" \/>\n\t<meta name=\"twitter:data1\" content=\"4 minutes\" \/>\n<script type=\"application\/ld+json\" class=\"yoast-schema-graph\">{\"@context\":\"https:\/\/schema.org\",\"@graph\":[{\"@type\":\"WebPage\",\"@id\":\"https:\/\/grafikus-coffeetec.de\/produkt\/la-marzocco-connected-scale-y-301\/\",\"url\":\"https:\/\/grafikus-coffeetec.de\/produkt\/la-marzocco-connected-scale-y-301\/\",\"name\":\"La Marzocco Connected Scale \/ brew by weight Waage (Y.301) | grafikus-coffeetec.de\",\"isPartOf\":{\"@id\":\"https:\/\/grafikus-coffeetec.de\/#website\"},\"primaryImageOfPage\":{\"@id\":\"https:\/\/grafikus-coffeetec.de\/produkt\/la-marzocco-connected-scale-y-301\/#primaryimage\"},\"image\":{\"@id\":\"https:\/\/grafikus-coffeetec.de\/produkt\/la-marzocco-connected-scale-y-301\/#primaryimage\"},\"thumbnailUrl\":\"https:\/\/grafikus-coffeetec.de\/wp-content\/uploads\/2023\/10\/Lunar-Brew-by-Weight_Waage_1.jpg\",\"datePublished\":\"2023-10-31T15:31:40+00:00\",\"dateModified\":\"2026-03-27T10:06:35+00:00\",\"description\":\"Bereichere die Linea Mini durch Brew-by-Weight: eine exklusive Acaia-Waage, die bei Erreichen des eingestellten Sollgewichts den Br\u00fchvorgang automatisch stoppt. Eine beispiellose Pr\u00e4zision dank Drip-Algorithmus beschert dir den Luxus abgezirkelter Br\u00fchzeiten.\",\"breadcrumb\":{\"@id\":\"https:\/\/grafikus-coffeetec.de\/produkt\/la-marzocco-connected-scale-y-301\/#breadcrumb\"},\"inLanguage\":\"en-US\",\"potentialAction\":[{\"@type\":\"ReadAction\",\"target\":[\"https:\/\/grafikus-coffeetec.de\/produkt\/la-marzocco-connected-scale-y-301\/\"]}]},{\"@type\":\"ImageObject\",\"inLanguage\":\"en-US\",\"@id\":\"https:\/\/grafikus-coffeetec.de\/produkt\/la-marzocco-connected-scale-y-301\/#primaryimage\",\"url\":\"https:\/\/grafikus-coffeetec.de\/wp-content\/uploads\/2023\/10\/Lunar-Brew-by-Weight_Waage_1.jpg\",\"contentUrl\":\"https:\/\/grafikus-coffeetec.de\/wp-content\/uploads\/2023\/10\/Lunar-Brew-by-Weight_Waage_1.jpg\",\"width\":1046,\"height\":1046,\"caption\":\"Acaia Lunar \/ La Marzocco Linea Mini brew by weight Waage\"},{\"@type\":\"BreadcrumbList\",\"@id\":\"https:\/\/grafikus-coffeetec.de\/produkt\/la-marzocco-connected-scale-y-301\/#breadcrumb\",\"itemListElement\":[{\"@type\":\"ListItem\",\"position\":1,\"name\":\"Startseite\",\"item\":\"https:\/\/grafikus-coffeetec.de\/\"},{\"@type\":\"ListItem\",\"position\":2,\"name\":\"Startseite\",\"item\":\"https:\/\/grafikus-coffeetec.de\/\"},{\"@type\":\"ListItem\",\"position\":3,\"name\":\"La Marzocco Connected Scale \/ brew by weight Waage (Y.301)\"}]},{\"@type\":\"WebSite\",\"@id\":\"https:\/\/grafikus-coffeetec.de\/#website\",\"url\":\"https:\/\/grafikus-coffeetec.de\/\",\"name\":\"grafikus-coffeetec.de\",\"description\":\"Ihr Spezialist f\u00fcr hochwertiges Zubeh\u00f6r und Umbauten\",\"publisher\":{\"@id\":\"https:\/\/grafikus-coffeetec.de\/#organization\"},\"potentialAction\":[{\"@type\":\"SearchAction\",\"target\":{\"@type\":\"EntryPoint\",\"urlTemplate\":\"https:\/\/grafikus-coffeetec.de\/?s={search_term_string}\"},\"query-input\":{\"@type\":\"PropertyValueSpecification\",\"valueRequired\":true,\"valueName\":\"search_term_string\"}}],\"inLanguage\":\"en-US\"},{\"@type\":\"Organization\",\"@id\":\"https:\/\/grafikus-coffeetec.de\/#organization\",\"name\":\"Grafikus Coffeetec\",\"url\":\"https:\/\/grafikus-coffeetec.de\/\",\"logo\":{\"@type\":\"ImageObject\",\"inLanguage\":\"en-US\",\"@id\":\"https:\/\/grafikus-coffeetec.de\/#\/schema\/logo\/image\/\",\"url\":\"https:\/\/grafikus-coffeetec.de\/wp-content\/uploads\/2020\/05\/Logo_Grafikus-Coffeetec.svg\",\"contentUrl\":\"https:\/\/grafikus-coffeetec.de\/wp-content\/uploads\/2020\/05\/Logo_Grafikus-Coffeetec.svg\",\"width\":\"1024\",\"height\":\"1024\",\"caption\":\"Grafikus Coffeetec\"},\"image\":{\"@id\":\"https:\/\/grafikus-coffeetec.de\/#\/schema\/logo\/image\/\"},\"sameAs\":[\"https:\/\/www.instagram.com\/grafikus_coffeetec\/\"]}]}<\/script>\n<!-- \/ Yoast SEO plugin. -->","yoast_head_json":{"title":"La Marzocco Connected Scale \/ brew by weight Libra (Y.301) | grafikus-coffeetec.de","description":"Enhance your Linea Mini with Brew-by-Weight: an exclusive Acaia scale that automatically stops the brewing process when the set target weight is reached. Unparalleled precision thanks to the drip algorithm gives you the luxury of precisely measured brewing times.","robots":{"index":"index","follow":"follow","max-snippet":"max-snippet:-1","max-image-preview":"max-image-preview:large","max-video-preview":"max-video-preview:-1"},"canonical":"https:\/\/grafikus-coffeetec.de\/en\/product\/la-marzocco-connected-scale-y-301\/","og_locale":"en_US","og_type":"article","og_title":"La Marzocco Connected Scale \/ brew by weight Waage (Y.301) | grafikus-coffeetec.de","og_description":"Bereichere die Linea Mini durch Brew-by-Weight: eine exklusive Acaia-Waage, die bei Erreichen des eingestellten Sollgewichts den Br\u00fchvorgang automatisch stoppt. Eine beispiellose Pr\u00e4zision dank Drip-Algorithmus beschert dir den Luxus abgezirkelter Br\u00fchzeiten.","og_url":"https:\/\/grafikus-coffeetec.de\/en\/product\/la-marzocco-connected-scale-y-301\/","og_site_name":"grafikus-coffeetec.de","article_modified_time":"2026-03-27T10:06:35+00:00","og_image":[{"width":1046,"height":1046,"url":"https:\/\/grafikus-coffeetec.de\/wp-content\/uploads\/2023\/10\/Lunar-Brew-by-Weight_Waage_1.jpg","type":"image\/jpeg"}],"twitter_card":"summary_large_image","twitter_misc":{"Est. reading time":"4 minutes"},"schema":{"@context":"https:\/\/schema.org","@graph":[{"@type":"WebPage","@id":"https:\/\/grafikus-coffeetec.de\/produkt\/la-marzocco-connected-scale-y-301\/","url":"https:\/\/grafikus-coffeetec.de\/produkt\/la-marzocco-connected-scale-y-301\/","name":"La Marzocco Connected Scale \/ brew by weight Libra (Y.301) | grafikus-coffeetec.de","isPartOf":{"@id":"https:\/\/grafikus-coffeetec.de\/#website"},"primaryImageOfPage":{"@id":"https:\/\/grafikus-coffeetec.de\/produkt\/la-marzocco-connected-scale-y-301\/#primaryimage"},"image":{"@id":"https:\/\/grafikus-coffeetec.de\/produkt\/la-marzocco-connected-scale-y-301\/#primaryimage"},"thumbnailUrl":"https:\/\/grafikus-coffeetec.de\/wp-content\/uploads\/2023\/10\/Lunar-Brew-by-Weight_Waage_1.jpg","datePublished":"2023-10-31T15:31:40+00:00","dateModified":"2026-03-27T10:06:35+00:00","description":"Enhance your Linea Mini with Brew-by-Weight: an exclusive Acaia scale that automatically stops the brewing process when the set target weight is reached. Unparalleled precision thanks to the drip algorithm gives you the luxury of precisely measured brewing times.","breadcrumb":{"@id":"https:\/\/grafikus-coffeetec.de\/produkt\/la-marzocco-connected-scale-y-301\/#breadcrumb"},"inLanguage":"en-US","potentialAction":[{"@type":"ReadAction","target":["https:\/\/grafikus-coffeetec.de\/produkt\/la-marzocco-connected-scale-y-301\/"]}]},{"@type":"ImageObject","inLanguage":"en-US","@id":"https:\/\/grafikus-coffeetec.de\/produkt\/la-marzocco-connected-scale-y-301\/#primaryimage","url":"https:\/\/grafikus-coffeetec.de\/wp-content\/uploads\/2023\/10\/Lunar-Brew-by-Weight_Waage_1.jpg","contentUrl":"https:\/\/grafikus-coffeetec.de\/wp-content\/uploads\/2023\/10\/Lunar-Brew-by-Weight_Waage_1.jpg","width":1046,"height":1046,"caption":"Acaia Lunar \/ La Marzocco Linea Mini brew by weight Waage"},{"@type":"BreadcrumbList","@id":"https:\/\/grafikus-coffeetec.de\/produkt\/la-marzocco-connected-scale-y-301\/#breadcrumb","itemListElement":[{"@type":"ListItem","position":1,"name":"Startseite","item":"https:\/\/grafikus-coffeetec.de\/"},{"@type":"ListItem","position":2,"name":"Startseite","item":"https:\/\/grafikus-coffeetec.de\/"},{"@type":"ListItem","position":3,"name":"La Marzocco Connected Scale \/ brew by weight Waage (Y.301)"}]},{"@type":"WebSite","@id":"https:\/\/grafikus-coffeetec.de\/#website","url":"https:\/\/grafikus-coffeetec.de\/","name":"grafikus-coffeetec.de","description":"Your specialist for high-quality accessories and conversions","publisher":{"@id":"https:\/\/grafikus-coffeetec.de\/#organization"},"potentialAction":[{"@type":"SearchAction","target":{"@type":"EntryPoint","urlTemplate":"https:\/\/grafikus-coffeetec.de\/?s={search_term_string}"},"query-input":{"@type":"PropertyValueSpecification","valueRequired":true,"valueName":"search_term_string"}}],"inLanguage":"en-US"},{"@type":"Organization","@id":"https:\/\/grafikus-coffeetec.de\/#organization","name":"Graphics company Coffeetec","url":"https:\/\/grafikus-coffeetec.de\/","logo":{"@type":"ImageObject","inLanguage":"en-US","@id":"https:\/\/grafikus-coffeetec.de\/#\/schema\/logo\/image\/","url":"https:\/\/grafikus-coffeetec.de\/wp-content\/uploads\/2020\/05\/Logo_Grafikus-Coffeetec.svg","contentUrl":"https:\/\/grafikus-coffeetec.de\/wp-content\/uploads\/2020\/05\/Logo_Grafikus-Coffeetec.svg","width":"1024","height":"1024","caption":"Grafikus Coffeetec"},"image":{"@id":"https:\/\/grafikus-coffeetec.de\/#\/schema\/logo\/image\/"},"sameAs":["https:\/\/www.instagram.com\/grafikus_coffeetec\/"]}]}},"_links":{"self":[{"href":"https:\/\/grafikus-coffeetec.de\/en\/wp-json\/wp\/v2\/product\/2695","targetHints":{"allow":["GET"]}}],"collection":[{"href":"https:\/\/grafikus-coffeetec.de\/en\/wp-json\/wp\/v2\/product"}],"about":[{"href":"https:\/\/grafikus-coffeetec.de\/en\/wp-json\/wp\/v2\/types\/product"}],"replies":[{"embeddable":true,"href":"https:\/\/grafikus-coffeetec.de\/en\/wp-json\/wp\/v2\/comments?post=2695"}],"wp:featuredmedia":[{"embeddable":true,"href":"https:\/\/grafikus-coffeetec.de\/en\/wp-json\/wp\/v2\/media\/2699"}],"wp:attachment":[{"href":"https:\/\/grafikus-coffeetec.de\/en\/wp-json\/wp\/v2\/media?parent=2695"}],"wp:term":[{"taxonomy":"product_brand","embeddable":true,"href":"https:\/\/grafikus-coffeetec.de\/en\/wp-json\/wp\/v2\/product_brand?post=2695"},{"taxonomy":"product_cat","embeddable":true,"href":"https:\/\/grafikus-coffeetec.de\/en\/wp-json\/wp\/v2\/product_cat?post=2695"},{"taxonomy":"product_tag","embeddable":true,"href":"https:\/\/grafikus-coffeetec.de\/en\/wp-json\/wp\/v2\/product_tag?post=2695"}],"curies":[{"name":"wp","href":"https:\/\/api.w.org\/{rel}","templated":true}]}}