{"id":2384,"date":"2023-07-09T12:24:12","date_gmt":"2023-07-09T10:24:12","guid":{"rendered":"https:\/\/grafikus-coffeetec.de\/?post_type=product&#038;p=2384"},"modified":"2024-06-03T11:37:37","modified_gmt":"2024-06-03T09:37:37","slug":"linea-micra-retrofit-kit-zur-anzeige-des-bruehdrucks","status":"publish","type":"product","link":"https:\/\/grafikus-coffeetec.de\/en\/product\/linea-micra-retrofit-kit-zur-anzeige-des-bruehdrucks\/","title":{"rendered":"Linea Micra retrofit kit for displaying brewing pressure"},"content":{"rendered":"<div class=\"wp-block-columns is-layout-flex wp-container-core-columns-is-layout-9d6595d7 wp-block-columns-is-layout-flex\">\r\n<div class=\"wp-block-column is-layout-flow wp-block-column-is-layout-flow\">\r\n<div style=\"height:2vh\" aria-hidden=\"true\" class=\"wp-block-spacer\"><\/div>\r\n\r\n\r\n\r\n<p>The kit makes it possible to display the brewing pressure directly in front of the brewing group. The pressure is displayed on the factory pressure gauge and, in addition to the set pump pressure, also shows the pressure curve during the PI or the falling pressure at the end of the reference (if the paddle is placed back into the restricted position)<\/p>\r\n\r\n\r\n\r\n<p>The kit can only be used in conjunction with the needle valve conversion I offer.<\/p>\r\n<\/div>\r\n\r\n\r\n\r\n<div class=\"wp-block-column is-layout-flow wp-block-column-is-layout-flow\" style=\"flex-basis:4%\"><\/div>\r\n\r\n\r\n\r\n<div class=\"wp-block-column is-layout-flow wp-block-column-is-layout-flow\">\r\n<div style=\"height:2vh\" aria-hidden=\"true\" class=\"wp-block-spacer\"><\/div>\r\n\r\n\r\n\r\n<figure class=\"wp-block-video\"><video height=\"1080\" style=\"aspect-ratio: 1920 \/ 1080;\" width=\"1920\" controls src=\"https:\/\/grafikus-coffeetec.de\/wp-content\/uploads\/2020\/05\/Grafikus-LMLM-Nadelventil-Manometer-1.mp4\"><\/video><\/figure>\r\n<\/div>\r\n<\/div>","protected":false},"excerpt":{"rendered":"<p>The kit allows you to display the brewing pressure directly in front of the brew group. The pressure is shown on the factory-installed pressure gauge and, in addition to the set pump pressure, also displays the pressure curve during pre-infusion or the pressure drop at the end of the brewing process (provided the paddle is returned to the restricted position). The kit can only be used in conjunction with\u2026<\/p>","protected":false},"featured_media":1841,"comment_status":"open","ping_status":"closed","template":"","meta":{"_acf_changed":false,"inline_featured_image":false},"product_brand":[],"product_cat":[153],"product_tag":[135,134,66,158,170,84,169],"class_list":{"0":"post-2384","1":"product","2":"type-product","3":"status-publish","4":"has-post-thumbnail","6":"product_cat-la-marzocco-linea-micra","7":"product_tag-bruehdruckanzeige","8":"product_tag-flowprofiling","9":"product_tag-la-marzocco","10":"product_tag-linea-micra","11":"product_tag-modifkation","12":"product_tag-nadelventil","13":"product_tag-zubehoer","15":"first","16":"instock","17":"downloadable","18":"taxable","19":"shipping-taxable","20":"purchasable","21":"product-type-simple"},"acf":[],"yoast_head":"<!-- This site is optimized with the Yoast SEO plugin v27.1.1 - https:\/\/yoast.com\/product\/yoast-seo-wordpress\/ -->\n<title>Linea Micra Retrofit-Kit zur Anzeige des Br\u00fchdrucks | grafikus-coffeetec.de<\/title>\n<meta name=\"robots\" content=\"index, follow, max-snippet:-1, max-image-preview:large, max-video-preview:-1\" \/>\n<link rel=\"canonical\" href=\"https:\/\/grafikus-coffeetec.de\/en\/product\/linea-micra-retrofit-kit-zur-anzeige-des-bruehdrucks\/\" \/>\n<meta property=\"og:locale\" content=\"en_US\" \/>\n<meta property=\"og:type\" content=\"article\" \/>\n<meta property=\"og:title\" content=\"Linea Micra Retrofit-Kit zur Anzeige des Br\u00fchdrucks | grafikus-coffeetec.de\" \/>\n<meta property=\"og:description\" content=\"Das Kit erm\u00f6glich es den Br\u00fchdruck direkt vor der Br\u00fchgruppe anzuzeigen. Der Druck wird auf dem werksseitigen Manometer dargestellt und zeigt neben dem eingestellten Pumpendruck, auch den Druckverlauf w\u00e4hrend der PI an oder auch den abfallenden Druck bei Bezugsende (sofern das Paddle zur\u00fcck in die restriktierte Position gestellt wird) Das Kit kann nur in Verbindung &hellip;\" \/>\n<meta property=\"og:url\" content=\"https:\/\/grafikus-coffeetec.de\/en\/product\/linea-micra-retrofit-kit-zur-anzeige-des-bruehdrucks\/\" \/>\n<meta property=\"og:site_name\" content=\"grafikus-coffeetec.de\" \/>\n<meta property=\"article:modified_time\" content=\"2024-06-03T09:37:37+00:00\" \/>\n<meta property=\"og:image\" content=\"https:\/\/grafikus-coffeetec.de\/wp-content\/uploads\/2022\/01\/LM_LMLM_FlowProfiling-Produktbild_DE_mManometer.jpg\" \/>\n\t<meta property=\"og:image:width\" content=\"1151\" \/>\n\t<meta property=\"og:image:height\" content=\"1151\" \/>\n\t<meta property=\"og:image:type\" content=\"image\/jpeg\" \/>\n<meta name=\"twitter:card\" content=\"summary_large_image\" \/>\n<meta name=\"twitter:label1\" content=\"Est. reading time\" \/>\n\t<meta name=\"twitter:data1\" content=\"1 minute\" \/>\n<script type=\"application\/ld+json\" class=\"yoast-schema-graph\">{\"@context\":\"https:\/\/schema.org\",\"@graph\":[{\"@type\":\"WebPage\",\"@id\":\"https:\/\/grafikus-coffeetec.de\/produkt\/linea-micra-retrofit-kit-zur-anzeige-des-bruehdrucks\/\",\"url\":\"https:\/\/grafikus-coffeetec.de\/produkt\/linea-micra-retrofit-kit-zur-anzeige-des-bruehdrucks\/\",\"name\":\"Linea Micra Retrofit-Kit zur Anzeige des Br\u00fchdrucks | grafikus-coffeetec.de\",\"isPartOf\":{\"@id\":\"https:\/\/grafikus-coffeetec.de\/#website\"},\"primaryImageOfPage\":{\"@id\":\"https:\/\/grafikus-coffeetec.de\/produkt\/linea-micra-retrofit-kit-zur-anzeige-des-bruehdrucks\/#primaryimage\"},\"image\":{\"@id\":\"https:\/\/grafikus-coffeetec.de\/produkt\/linea-micra-retrofit-kit-zur-anzeige-des-bruehdrucks\/#primaryimage\"},\"thumbnailUrl\":\"https:\/\/grafikus-coffeetec.de\/wp-content\/uploads\/2022\/01\/LM_LMLM_FlowProfiling-Produktbild_DE_mManometer.jpg\",\"datePublished\":\"2023-07-09T10:24:12+00:00\",\"dateModified\":\"2024-06-03T09:37:37+00:00\",\"breadcrumb\":{\"@id\":\"https:\/\/grafikus-coffeetec.de\/produkt\/linea-micra-retrofit-kit-zur-anzeige-des-bruehdrucks\/#breadcrumb\"},\"inLanguage\":\"en-US\",\"potentialAction\":[{\"@type\":\"ReadAction\",\"target\":[\"https:\/\/grafikus-coffeetec.de\/produkt\/linea-micra-retrofit-kit-zur-anzeige-des-bruehdrucks\/\"]}]},{\"@type\":\"ImageObject\",\"inLanguage\":\"en-US\",\"@id\":\"https:\/\/grafikus-coffeetec.de\/produkt\/linea-micra-retrofit-kit-zur-anzeige-des-bruehdrucks\/#primaryimage\",\"url\":\"https:\/\/grafikus-coffeetec.de\/wp-content\/uploads\/2022\/01\/LM_LMLM_FlowProfiling-Produktbild_DE_mManometer.jpg\",\"contentUrl\":\"https:\/\/grafikus-coffeetec.de\/wp-content\/uploads\/2022\/01\/LM_LMLM_FlowProfiling-Produktbild_DE_mManometer.jpg\",\"width\":1151,\"height\":1151,\"caption\":\"La Marzocco Linea Mini Grafikus Flowprofiling Mod mit Druckanzeige\"},{\"@type\":\"BreadcrumbList\",\"@id\":\"https:\/\/grafikus-coffeetec.de\/produkt\/linea-micra-retrofit-kit-zur-anzeige-des-bruehdrucks\/#breadcrumb\",\"itemListElement\":[{\"@type\":\"ListItem\",\"position\":1,\"name\":\"Startseite\",\"item\":\"https:\/\/grafikus-coffeetec.de\/\"},{\"@type\":\"ListItem\",\"position\":2,\"name\":\"Startseite\",\"item\":\"https:\/\/grafikus-coffeetec.de\/\"},{\"@type\":\"ListItem\",\"position\":3,\"name\":\"Linea Micra Retrofit-Kit zur Anzeige des Br\u00fchdrucks\"}]},{\"@type\":\"WebSite\",\"@id\":\"https:\/\/grafikus-coffeetec.de\/#website\",\"url\":\"https:\/\/grafikus-coffeetec.de\/\",\"name\":\"grafikus-coffeetec.de\",\"description\":\"Ihr Spezialist f\u00fcr hochwertiges Zubeh\u00f6r und Umbauten\",\"publisher\":{\"@id\":\"https:\/\/grafikus-coffeetec.de\/#organization\"},\"potentialAction\":[{\"@type\":\"SearchAction\",\"target\":{\"@type\":\"EntryPoint\",\"urlTemplate\":\"https:\/\/grafikus-coffeetec.de\/?s={search_term_string}\"},\"query-input\":{\"@type\":\"PropertyValueSpecification\",\"valueRequired\":true,\"valueName\":\"search_term_string\"}}],\"inLanguage\":\"en-US\"},{\"@type\":\"Organization\",\"@id\":\"https:\/\/grafikus-coffeetec.de\/#organization\",\"name\":\"Grafikus Coffeetec\",\"url\":\"https:\/\/grafikus-coffeetec.de\/\",\"logo\":{\"@type\":\"ImageObject\",\"inLanguage\":\"en-US\",\"@id\":\"https:\/\/grafikus-coffeetec.de\/#\/schema\/logo\/image\/\",\"url\":\"https:\/\/grafikus-coffeetec.de\/wp-content\/uploads\/2020\/05\/Logo_Grafikus-Coffeetec.svg\",\"contentUrl\":\"https:\/\/grafikus-coffeetec.de\/wp-content\/uploads\/2020\/05\/Logo_Grafikus-Coffeetec.svg\",\"width\":\"1024\",\"height\":\"1024\",\"caption\":\"Grafikus Coffeetec\"},\"image\":{\"@id\":\"https:\/\/grafikus-coffeetec.de\/#\/schema\/logo\/image\/\"},\"sameAs\":[\"https:\/\/www.instagram.com\/grafikus_coffeetec\/\"]}]}<\/script>\n<!-- \/ Yoast SEO plugin. -->","yoast_head_json":{"title":"Linea Micra Retrofit Kit for displaying brewing pressure | grafikus-coffeetec.de","robots":{"index":"index","follow":"follow","max-snippet":"max-snippet:-1","max-image-preview":"max-image-preview:large","max-video-preview":"max-video-preview:-1"},"canonical":"https:\/\/grafikus-coffeetec.de\/en\/product\/linea-micra-retrofit-kit-zur-anzeige-des-bruehdrucks\/","og_locale":"en_US","og_type":"article","og_title":"Linea Micra Retrofit-Kit zur Anzeige des Br\u00fchdrucks | grafikus-coffeetec.de","og_description":"Das Kit erm\u00f6glich es den Br\u00fchdruck direkt vor der Br\u00fchgruppe anzuzeigen. Der Druck wird auf dem werksseitigen Manometer dargestellt und zeigt neben dem eingestellten Pumpendruck, auch den Druckverlauf w\u00e4hrend der PI an oder auch den abfallenden Druck bei Bezugsende (sofern das Paddle zur\u00fcck in die restriktierte Position gestellt wird) Das Kit kann nur in Verbindung &hellip;","og_url":"https:\/\/grafikus-coffeetec.de\/en\/product\/linea-micra-retrofit-kit-zur-anzeige-des-bruehdrucks\/","og_site_name":"grafikus-coffeetec.de","article_modified_time":"2024-06-03T09:37:37+00:00","og_image":[{"width":1151,"height":1151,"url":"https:\/\/grafikus-coffeetec.de\/wp-content\/uploads\/2022\/01\/LM_LMLM_FlowProfiling-Produktbild_DE_mManometer.jpg","type":"image\/jpeg"}],"twitter_card":"summary_large_image","twitter_misc":{"Est. reading time":"1 minute"},"schema":{"@context":"https:\/\/schema.org","@graph":[{"@type":"WebPage","@id":"https:\/\/grafikus-coffeetec.de\/produkt\/linea-micra-retrofit-kit-zur-anzeige-des-bruehdrucks\/","url":"https:\/\/grafikus-coffeetec.de\/produkt\/linea-micra-retrofit-kit-zur-anzeige-des-bruehdrucks\/","name":"Linea Micra Retrofit Kit for displaying brewing pressure | grafikus-coffeetec.de","isPartOf":{"@id":"https:\/\/grafikus-coffeetec.de\/#website"},"primaryImageOfPage":{"@id":"https:\/\/grafikus-coffeetec.de\/produkt\/linea-micra-retrofit-kit-zur-anzeige-des-bruehdrucks\/#primaryimage"},"image":{"@id":"https:\/\/grafikus-coffeetec.de\/produkt\/linea-micra-retrofit-kit-zur-anzeige-des-bruehdrucks\/#primaryimage"},"thumbnailUrl":"https:\/\/grafikus-coffeetec.de\/wp-content\/uploads\/2022\/01\/LM_LMLM_FlowProfiling-Produktbild_DE_mManometer.jpg","datePublished":"2023-07-09T10:24:12+00:00","dateModified":"2024-06-03T09:37:37+00:00","breadcrumb":{"@id":"https:\/\/grafikus-coffeetec.de\/produkt\/linea-micra-retrofit-kit-zur-anzeige-des-bruehdrucks\/#breadcrumb"},"inLanguage":"en-US","potentialAction":[{"@type":"ReadAction","target":["https:\/\/grafikus-coffeetec.de\/produkt\/linea-micra-retrofit-kit-zur-anzeige-des-bruehdrucks\/"]}]},{"@type":"ImageObject","inLanguage":"en-US","@id":"https:\/\/grafikus-coffeetec.de\/produkt\/linea-micra-retrofit-kit-zur-anzeige-des-bruehdrucks\/#primaryimage","url":"https:\/\/grafikus-coffeetec.de\/wp-content\/uploads\/2022\/01\/LM_LMLM_FlowProfiling-Produktbild_DE_mManometer.jpg","contentUrl":"https:\/\/grafikus-coffeetec.de\/wp-content\/uploads\/2022\/01\/LM_LMLM_FlowProfiling-Produktbild_DE_mManometer.jpg","width":1151,"height":1151,"caption":"La Marzocco Linea Mini Grafikus Flowprofiling Mod mit Druckanzeige"},{"@type":"BreadcrumbList","@id":"https:\/\/grafikus-coffeetec.de\/produkt\/linea-micra-retrofit-kit-zur-anzeige-des-bruehdrucks\/#breadcrumb","itemListElement":[{"@type":"ListItem","position":1,"name":"Startseite","item":"https:\/\/grafikus-coffeetec.de\/"},{"@type":"ListItem","position":2,"name":"Startseite","item":"https:\/\/grafikus-coffeetec.de\/"},{"@type":"ListItem","position":3,"name":"Linea Micra Retrofit-Kit zur Anzeige des Br\u00fchdrucks"}]},{"@type":"WebSite","@id":"https:\/\/grafikus-coffeetec.de\/#website","url":"https:\/\/grafikus-coffeetec.de\/","name":"grafikus-coffeetec.de","description":"Your specialist for high-quality accessories and conversions","publisher":{"@id":"https:\/\/grafikus-coffeetec.de\/#organization"},"potentialAction":[{"@type":"SearchAction","target":{"@type":"EntryPoint","urlTemplate":"https:\/\/grafikus-coffeetec.de\/?s={search_term_string}"},"query-input":{"@type":"PropertyValueSpecification","valueRequired":true,"valueName":"search_term_string"}}],"inLanguage":"en-US"},{"@type":"Organization","@id":"https:\/\/grafikus-coffeetec.de\/#organization","name":"Graphics company Coffeetec","url":"https:\/\/grafikus-coffeetec.de\/","logo":{"@type":"ImageObject","inLanguage":"en-US","@id":"https:\/\/grafikus-coffeetec.de\/#\/schema\/logo\/image\/","url":"https:\/\/grafikus-coffeetec.de\/wp-content\/uploads\/2020\/05\/Logo_Grafikus-Coffeetec.svg","contentUrl":"https:\/\/grafikus-coffeetec.de\/wp-content\/uploads\/2020\/05\/Logo_Grafikus-Coffeetec.svg","width":"1024","height":"1024","caption":"Grafikus Coffeetec"},"image":{"@id":"https:\/\/grafikus-coffeetec.de\/#\/schema\/logo\/image\/"},"sameAs":["https:\/\/www.instagram.com\/grafikus_coffeetec\/"]}]}},"_links":{"self":[{"href":"https:\/\/grafikus-coffeetec.de\/en\/wp-json\/wp\/v2\/product\/2384","targetHints":{"allow":["GET"]}}],"collection":[{"href":"https:\/\/grafikus-coffeetec.de\/en\/wp-json\/wp\/v2\/product"}],"about":[{"href":"https:\/\/grafikus-coffeetec.de\/en\/wp-json\/wp\/v2\/types\/product"}],"replies":[{"embeddable":true,"href":"https:\/\/grafikus-coffeetec.de\/en\/wp-json\/wp\/v2\/comments?post=2384"}],"wp:featuredmedia":[{"embeddable":true,"href":"https:\/\/grafikus-coffeetec.de\/en\/wp-json\/wp\/v2\/media\/1841"}],"wp:attachment":[{"href":"https:\/\/grafikus-coffeetec.de\/en\/wp-json\/wp\/v2\/media?parent=2384"}],"wp:term":[{"taxonomy":"product_brand","embeddable":true,"href":"https:\/\/grafikus-coffeetec.de\/en\/wp-json\/wp\/v2\/product_brand?post=2384"},{"taxonomy":"product_cat","embeddable":true,"href":"https:\/\/grafikus-coffeetec.de\/en\/wp-json\/wp\/v2\/product_cat?post=2384"},{"taxonomy":"product_tag","embeddable":true,"href":"https:\/\/grafikus-coffeetec.de\/en\/wp-json\/wp\/v2\/product_tag?post=2384"}],"curies":[{"name":"wp","href":"https:\/\/api.w.org\/{rel}","templated":true}]}}