{"id":2313,"date":"2023-03-27T16:17:50","date_gmt":"2023-03-27T14:17:50","guid":{"rendered":"https:\/\/grafikus-coffeetec.de\/?post_type=product&#038;p=2313"},"modified":"2025-07-28T11:05:07","modified_gmt":"2025-07-28T09:05:07","slug":"linea-micra-nadelventil-kit","status":"publish","type":"product","link":"https:\/\/grafikus-coffeetec.de\/en\/product\/linea-micra-nadelventil-kit\/","title":{"rendered":"Linea Micra needle valve kit"},"content":{"rendered":"<h1 class=\"card-header\">New service from November 2024<\/h1>\r\n\r\n<div class=\"wp-block-columns is-layout-flex wp-container-core-columns-is-layout-9d6595d7 wp-block-columns-is-layout-flex\">\r\n<div class=\"wp-block-column\">\r\n<p>Although installing the needle valve kit is easy to do yourself, I often get feedback that it would be great if I could convert the machine myself. I am happy to accommodate this request and am now offering to install the needle valve kit myself in 82538 Geretsried. For this, I need the machine at my place for 3 days. <br \/><br \/>Furthermore, it is now also possible to buy a new machine including needle valve directly from me as a set. You are welcome to contact me by email for this purpose.<\/p>\r\n<div class=\"wp-block-spacer\" style=\"height: 2vh;\" aria-hidden=\"true\">\r\n<p>&nbsp;<\/p>\r\n<\/div>\r\n\r\n\r\n\r\n<h4 class=\"nm-block-heading wp-block-heading\">inventory<\/h4>\r\n\r\n\r\n\r\n<p class=\"translation-block\">As with the Linea Mini, this kit expands the range of functions of the Linea Micra. With the help of a needle valve and the corresponding paddle mechanism, it is possible to define a set flow rate for the pre-infusion and activate it via the paddle. The valve is located directly in front of the brewing boiler\/brewing group, so that changes in the flow rate have an immediate impact. The conversion converts the \u201cfake paddle\u201d into a fully-fledged paddle.<br><br> The pre-infusion position is in the middle position. There the water must flow through the needle valve so that the flow rate is reduced to the set value. Both the duration of the pre-infusion and the flow rate can be freely selected.<br><br> Following the pre-infusion, the paddle is pushed further to the left. The valve switches and the regular flow rate and pump pressure act on the puck.<\/p>\r\n<\/div>\r\n<!-- \/wp:post-content -->\r\n\r\n<!-- wp:column {\"width\":\"4%\"} -->\r\n<div class=\"wp-block-column\" style=\"flex-basis: 4%;\">\u00a0<\/div>\r\n<!-- \/wp:column -->\r\n\r\n<!-- wp:column -->\r\n<div class=\"wp-block-column\"><!-- wp:spacer {\"height\":\"2vh\"} -->\r\n<div class=\"wp-block-spacer\" style=\"height: 2vh;\" aria-hidden=\"true\">\u00a0<\/div>\r\n<!-- \/wp:spacer -->\r\n\r\n<!-- wp:heading {\"level\":4} -->\r\n<h4 class=\"nm-block-heading\">Video Linea Micra with needle valve<\/h4>\r\n<!-- \/wp:heading -->\r\n\r\n<!-- wp:video {\"id\":2076} -->\r\n<figure class=\"wp-block-video\"><video src=\"https:\/\/grafikus-coffeetec.de\/wp-content\/uploads\/2023\/03\/IMG_7721-1.mov\" controls=\"controls\" width=\"300\" height=\"150\"><\/video><\/figure>\r\n<!-- \/wp:video --><\/div>\r\n<!-- \/wp:column --><\/div>\r\n<!-- \/wp:columns -->\r\n\r\n<!-- wp:heading {\"level\":4} -->\r\n<h4>\u00a0<\/h4>\r\n<h4 class=\"nm-block-heading\">What advantages does the conversion have?<\/h4>\r\n<!-- \/wp:heading -->\r\n\r\n<!-- wp:paragraph -->\r\n<p>Due to the low flow rate during pre-infusion, we achieve that the puck is saturated slowly and with almost no effect of the pump pressure. This is comparable to the so-called blooming of filter coffee. This makes the extraction more consistent and reduces the susceptibility to channeling. The conversion also allows us to adjust two additional variables. The flow rate and duration. For example, we can grind finer if we extend the duration of the pre-infusion. The big advantage of the two-stage system is reproducibility. Once you have found the right settings for a variety, you can easily reproduce the covers.<\/p>\r\n<!-- \/wp:paragraph -->\r\n\r\n<!-- wp:heading {\"level\":4} -->\r\n<h4 class=\"nm-block-heading\">What to pay attention to?<\/h4>\r\n<!-- \/wp:heading -->\r\n\r\n<!-- wp:paragraph -->\r\n<p>The Linea Micra&#039;s switchable steam boiler is a great way to reduce the machine&#039;s power consumption. Please note the following: The flow rate of the needle valve changes depending on the temperature. So if the machine is set to a flow rate with the steam boiler switched on and fully heated up, the flow rate will differ slightly when operating without the steam boiler and with a short heat-up time. In my series of measurements, I achieved reproducible results both with and without the steam boiler switched on. When the steam boiler was deactivated, the flow rate reduced from 1.5 grams\/second to 1.2 grams\/second. <br \/><br \/>When operating with a water tank, I noticed slight downward swings after filling (probably due to air bubbles in the system). It also appears that the pump also has slightly different delivery rates at different temperatures inside the machine. (Keyword bypass on the pump head).<\/p>\r\n<!-- \/wp:paragraph -->\r\n\r\n<!-- wp:heading {\"level\":4} -->\r\n<h4 class=\"nm-block-heading\">What is included in the kit?<\/h4>\r\n<!-- \/wp:heading -->\r\n\r\n<!-- wp:paragraph -->\r\n<ul class=\"nm-block-list\">\r\n<li>fully assembled wiring harness<\/li>\r\n<li>all required hydraulic components and fittings<\/li>\r\n<li>sufficient Teflon hose<\/li>\r\n<li>3d printed paddle mechanism<\/li>\r\n<li>detailed assembly instructions<\/li>\r\n<\/ul>\r\n<!-- \/wp:paragraph -->\r\n\r\n<!-- wp:heading {\"level\":4} -->\r\n<h4 class=\"nm-block-heading\">What is needed to carry out the conversion?<\/h4>\r\n<!-- \/wp:heading -->\r\n\r\n<!-- wp:paragraph -->\r\n<p>The conversion can be carried out very easily by anyone. I like to compare it to building a shelf. You need some time, desire and the right tools. If you carry out all the steps in the right order, that&#039;s half the battle. <br \/><!-- \/wp:paragraph -->\r\n\r\n<!-- wp:heading {\"level\":4} --><\/p>\r\n<h4 class=\"nm-block-heading\">Required tools &amp; material<\/h4>\r\n<p><!-- \/wp:heading -->\r\n\r\n<!-- wp:paragraph --><\/p>\r\n<ul class=\"nm-block-list\">\r\n<li>a set of screwdrivers<\/li>\r\n<li>a set of open-end wrenches<\/li>\r\n<li>Liquid sealant for sealing hydraulic components.<\/li>\r\n<li>If necessary, an electrician for the electrical connection of the wiring harness if you are not familiar with the subject.<\/li>\r\n<\/ul>\r\n<p><!-- \/wp:paragraph -->\r\n\r\n<!-- wp:heading {\"level\":4} --><\/p>\r\n<h4 class=\"nm-block-heading\">How long does installation take?<\/h4>\r\n<p><!-- \/wp:heading -->\r\n\r\n<!-- wp:paragraph --><\/p>\r\n<p>The time required to simply assemble the kit is 2 to 3 hours for an experienced screwdriver. Inexperienced mechanics should plan on an afternoon. Added to this is the drying time of each liquid sealant.<\/p>\r\n<p><!-- \/wp:paragraph -->\r\n\r\n<!-- wp:heading {\"level\":4} --><\/p>\r\n<h4 class=\"nm-block-heading\">What do I do if I don&#039;t get anywhere despite detailed instructions?<\/h4>\r\n<p><!-- \/wp:heading -->\r\n\r\n<!-- wp:paragraph --><\/p>\r\n<p>So far everyone has been able to complete the conversion successfully. If you have any questions, I am available via email.<\/p>\r\n<p><!-- \/wp:paragraph --><\/p>","protected":false},"excerpt":{"rendered":"<p>New service starting November 2024. Although installing the needle valve kit is easy to do yourself, I often receive feedback that it would be great if I could convert the machine myself. I am happy to accommodate this request and now offer needle valve kit installation in 82538 Geretsried. \u2026<\/p>","protected":false},"featured_media":1839,"comment_status":"open","ping_status":"closed","template":"","meta":{"_acf_changed":false,"inline_featured_image":false},"product_brand":[],"product_cat":[153],"product_tag":[134,66,158,170,84,285,169],"class_list":{"0":"post-2313","1":"product","2":"type-product","3":"status-publish","4":"has-post-thumbnail","6":"product_cat-la-marzocco-linea-micra","7":"product_tag-flowprofiling","8":"product_tag-la-marzocco","9":"product_tag-linea-micra","10":"product_tag-modifkation","11":"product_tag-nadelventil","12":"product_tag-pre-infusion","13":"product_tag-zubehoer","15":"first","16":"instock","17":"taxable","18":"shipping-taxable","19":"purchasable","20":"product-type-variable","21":"has-default-attributes"},"acf":[],"yoast_head":"<!-- This site is optimized with the Yoast SEO plugin v27.1.1 - https:\/\/yoast.com\/product\/yoast-seo-wordpress\/ -->\n<title>Linea Micra Nadelventil Kit | grafikus-coffeetec.de<\/title>\n<meta name=\"description\" content=\"Wie auch bei der Linea Mini erweitert dieses Kit den Funktionsumfang der Linea Micra. Mit Hilfe eines Nadelventils und des entsprechenden Paddlemechnanismus ist es m\u00f6glich eine eingestellte Flussrate f\u00fcr die PreInfusion zu definieren und \u00fcber das Paddle zu aktivieren. Das Ventil sitzt hierbei direkt vor der Br\u00fchboiler\/Br\u00fchgruppe, sodass eine \u00c4nderungen der Flussrate sofort Einfluss hat. Durch den Umbau wird das \u201cFake-Paddle\u201d zu einem vollwertigen Paddle umfunktioniert.\" \/>\n<meta name=\"robots\" content=\"index, follow, max-snippet:-1, max-image-preview:large, max-video-preview:-1\" \/>\n<link rel=\"canonical\" href=\"https:\/\/grafikus-coffeetec.de\/en\/product\/linea-micra-nadelventil-kit\/\" \/>\n<meta property=\"og:locale\" content=\"en_US\" \/>\n<meta property=\"og:type\" content=\"article\" \/>\n<meta property=\"og:title\" content=\"Linea Micra Nadelventil Kit | grafikus-coffeetec.de\" \/>\n<meta property=\"og:description\" content=\"Wie auch bei der Linea Mini erweitert dieses Kit den Funktionsumfang der Linea Micra. Mit Hilfe eines Nadelventils und des entsprechenden Paddlemechnanismus ist es m\u00f6glich eine eingestellte Flussrate f\u00fcr die PreInfusion zu definieren und \u00fcber das Paddle zu aktivieren. Das Ventil sitzt hierbei direkt vor der Br\u00fchboiler\/Br\u00fchgruppe, sodass eine \u00c4nderungen der Flussrate sofort Einfluss hat. Durch den Umbau wird das \u201cFake-Paddle\u201d zu einem vollwertigen Paddle umfunktioniert.\" \/>\n<meta property=\"og:url\" content=\"https:\/\/grafikus-coffeetec.de\/en\/product\/linea-micra-nadelventil-kit\/\" \/>\n<meta property=\"og:site_name\" content=\"grafikus-coffeetec.de\" \/>\n<meta property=\"article:modified_time\" content=\"2025-07-28T09:05:07+00:00\" \/>\n<meta property=\"og:image\" content=\"https:\/\/grafikus-coffeetec.de\/wp-content\/uploads\/2020\/05\/LM_LMLM_FlowProfiling-Produktbild_DE.jpg\" \/>\n\t<meta property=\"og:image:width\" content=\"1151\" \/>\n\t<meta property=\"og:image:height\" content=\"1151\" \/>\n\t<meta property=\"og:image:type\" content=\"image\/jpeg\" \/>\n<meta name=\"twitter:card\" content=\"summary_large_image\" \/>\n<meta name=\"twitter:label1\" content=\"Est. reading time\" \/>\n\t<meta name=\"twitter:data1\" content=\"4 minutes\" \/>\n<script type=\"application\/ld+json\" class=\"yoast-schema-graph\">{\"@context\":\"https:\/\/schema.org\",\"@graph\":[{\"@type\":\"WebPage\",\"@id\":\"https:\/\/grafikus-coffeetec.de\/produkt\/linea-micra-nadelventil-kit\/\",\"url\":\"https:\/\/grafikus-coffeetec.de\/produkt\/linea-micra-nadelventil-kit\/\",\"name\":\"Linea Micra Nadelventil Kit | grafikus-coffeetec.de\",\"isPartOf\":{\"@id\":\"https:\/\/grafikus-coffeetec.de\/#website\"},\"primaryImageOfPage\":{\"@id\":\"https:\/\/grafikus-coffeetec.de\/produkt\/linea-micra-nadelventil-kit\/#primaryimage\"},\"image\":{\"@id\":\"https:\/\/grafikus-coffeetec.de\/produkt\/linea-micra-nadelventil-kit\/#primaryimage\"},\"thumbnailUrl\":\"https:\/\/grafikus-coffeetec.de\/wp-content\/uploads\/2020\/05\/LM_LMLM_FlowProfiling-Produktbild_DE.jpg\",\"datePublished\":\"2023-03-27T14:17:50+00:00\",\"dateModified\":\"2025-07-28T09:05:07+00:00\",\"description\":\"Wie auch bei der Linea Mini erweitert dieses Kit den Funktionsumfang der Linea Micra. Mit Hilfe eines Nadelventils und des entsprechenden Paddlemechnanismus ist es m\u00f6glich eine eingestellte Flussrate f\u00fcr die PreInfusion zu definieren und \u00fcber das Paddle zu aktivieren. Das Ventil sitzt hierbei direkt vor der Br\u00fchboiler\/Br\u00fchgruppe, sodass eine \u00c4nderungen der Flussrate sofort Einfluss hat. Durch den Umbau wird das \u201cFake-Paddle\u201d zu einem vollwertigen Paddle umfunktioniert.\",\"breadcrumb\":{\"@id\":\"https:\/\/grafikus-coffeetec.de\/produkt\/linea-micra-nadelventil-kit\/#breadcrumb\"},\"inLanguage\":\"en-US\",\"potentialAction\":[{\"@type\":\"ReadAction\",\"target\":[\"https:\/\/grafikus-coffeetec.de\/produkt\/linea-micra-nadelventil-kit\/\"]}]},{\"@type\":\"ImageObject\",\"inLanguage\":\"en-US\",\"@id\":\"https:\/\/grafikus-coffeetec.de\/produkt\/linea-micra-nadelventil-kit\/#primaryimage\",\"url\":\"https:\/\/grafikus-coffeetec.de\/wp-content\/uploads\/2020\/05\/LM_LMLM_FlowProfiling-Produktbild_DE.jpg\",\"contentUrl\":\"https:\/\/grafikus-coffeetec.de\/wp-content\/uploads\/2020\/05\/LM_LMLM_FlowProfiling-Produktbild_DE.jpg\",\"width\":1151,\"height\":1151,\"caption\":\"La Marzocco Linea Mini Grafikus Flowprofiling Mod\"},{\"@type\":\"BreadcrumbList\",\"@id\":\"https:\/\/grafikus-coffeetec.de\/produkt\/linea-micra-nadelventil-kit\/#breadcrumb\",\"itemListElement\":[{\"@type\":\"ListItem\",\"position\":1,\"name\":\"Startseite\",\"item\":\"https:\/\/grafikus-coffeetec.de\/\"},{\"@type\":\"ListItem\",\"position\":2,\"name\":\"Startseite\",\"item\":\"https:\/\/grafikus-coffeetec.de\/\"},{\"@type\":\"ListItem\",\"position\":3,\"name\":\"Linea Micra Nadelventil Kit\"}]},{\"@type\":\"WebSite\",\"@id\":\"https:\/\/grafikus-coffeetec.de\/#website\",\"url\":\"https:\/\/grafikus-coffeetec.de\/\",\"name\":\"grafikus-coffeetec.de\",\"description\":\"Ihr Spezialist f\u00fcr hochwertiges Zubeh\u00f6r und Umbauten\",\"publisher\":{\"@id\":\"https:\/\/grafikus-coffeetec.de\/#organization\"},\"potentialAction\":[{\"@type\":\"SearchAction\",\"target\":{\"@type\":\"EntryPoint\",\"urlTemplate\":\"https:\/\/grafikus-coffeetec.de\/?s={search_term_string}\"},\"query-input\":{\"@type\":\"PropertyValueSpecification\",\"valueRequired\":true,\"valueName\":\"search_term_string\"}}],\"inLanguage\":\"en-US\"},{\"@type\":\"Organization\",\"@id\":\"https:\/\/grafikus-coffeetec.de\/#organization\",\"name\":\"Grafikus Coffeetec\",\"url\":\"https:\/\/grafikus-coffeetec.de\/\",\"logo\":{\"@type\":\"ImageObject\",\"inLanguage\":\"en-US\",\"@id\":\"https:\/\/grafikus-coffeetec.de\/#\/schema\/logo\/image\/\",\"url\":\"https:\/\/grafikus-coffeetec.de\/wp-content\/uploads\/2020\/05\/Logo_Grafikus-Coffeetec.svg\",\"contentUrl\":\"https:\/\/grafikus-coffeetec.de\/wp-content\/uploads\/2020\/05\/Logo_Grafikus-Coffeetec.svg\",\"width\":\"1024\",\"height\":\"1024\",\"caption\":\"Grafikus Coffeetec\"},\"image\":{\"@id\":\"https:\/\/grafikus-coffeetec.de\/#\/schema\/logo\/image\/\"},\"sameAs\":[\"https:\/\/www.instagram.com\/grafikus_coffeetec\/\"]}]}<\/script>\n<!-- \/ Yoast SEO plugin. -->","yoast_head_json":{"title":"Linea Micra Needle Valve Kit | grafikus-coffeetec.de","description":"As with the Linea Mini, this kit expands the functionality of the Linea Micra. Using a needle valve and the corresponding paddle mechanism, it&#039;s possible to define a pre-infusion flow rate and activate it via the paddle. The valve is located directly in front of the brew boiler\/brew group, so changes to the flow rate have an immediate effect. This modification transforms the &quot;fake paddle&quot; into a fully functional paddle.","robots":{"index":"index","follow":"follow","max-snippet":"max-snippet:-1","max-image-preview":"max-image-preview:large","max-video-preview":"max-video-preview:-1"},"canonical":"https:\/\/grafikus-coffeetec.de\/en\/product\/linea-micra-nadelventil-kit\/","og_locale":"en_US","og_type":"article","og_title":"Linea Micra Nadelventil Kit | grafikus-coffeetec.de","og_description":"Wie auch bei der Linea Mini erweitert dieses Kit den Funktionsumfang der Linea Micra. Mit Hilfe eines Nadelventils und des entsprechenden Paddlemechnanismus ist es m\u00f6glich eine eingestellte Flussrate f\u00fcr die PreInfusion zu definieren und \u00fcber das Paddle zu aktivieren. Das Ventil sitzt hierbei direkt vor der Br\u00fchboiler\/Br\u00fchgruppe, sodass eine \u00c4nderungen der Flussrate sofort Einfluss hat. Durch den Umbau wird das \u201cFake-Paddle\u201d zu einem vollwertigen Paddle umfunktioniert.","og_url":"https:\/\/grafikus-coffeetec.de\/en\/product\/linea-micra-nadelventil-kit\/","og_site_name":"grafikus-coffeetec.de","article_modified_time":"2025-07-28T09:05:07+00:00","og_image":[{"width":1151,"height":1151,"url":"https:\/\/grafikus-coffeetec.de\/wp-content\/uploads\/2020\/05\/LM_LMLM_FlowProfiling-Produktbild_DE.jpg","type":"image\/jpeg"}],"twitter_card":"summary_large_image","twitter_misc":{"Est. reading time":"4 minutes"},"schema":{"@context":"https:\/\/schema.org","@graph":[{"@type":"WebPage","@id":"https:\/\/grafikus-coffeetec.de\/produkt\/linea-micra-nadelventil-kit\/","url":"https:\/\/grafikus-coffeetec.de\/produkt\/linea-micra-nadelventil-kit\/","name":"Linea Micra Needle Valve Kit | grafikus-coffeetec.de","isPartOf":{"@id":"https:\/\/grafikus-coffeetec.de\/#website"},"primaryImageOfPage":{"@id":"https:\/\/grafikus-coffeetec.de\/produkt\/linea-micra-nadelventil-kit\/#primaryimage"},"image":{"@id":"https:\/\/grafikus-coffeetec.de\/produkt\/linea-micra-nadelventil-kit\/#primaryimage"},"thumbnailUrl":"https:\/\/grafikus-coffeetec.de\/wp-content\/uploads\/2020\/05\/LM_LMLM_FlowProfiling-Produktbild_DE.jpg","datePublished":"2023-03-27T14:17:50+00:00","dateModified":"2025-07-28T09:05:07+00:00","description":"As with the Linea Mini, this kit expands the functionality of the Linea Micra. Using a needle valve and the corresponding paddle mechanism, it&#039;s possible to define a pre-infusion flow rate and activate it via the paddle. The valve is located directly in front of the brew boiler\/brew group, so changes to the flow rate have an immediate effect. This modification transforms the &quot;fake paddle&quot; into a fully functional paddle.","breadcrumb":{"@id":"https:\/\/grafikus-coffeetec.de\/produkt\/linea-micra-nadelventil-kit\/#breadcrumb"},"inLanguage":"en-US","potentialAction":[{"@type":"ReadAction","target":["https:\/\/grafikus-coffeetec.de\/produkt\/linea-micra-nadelventil-kit\/"]}]},{"@type":"ImageObject","inLanguage":"en-US","@id":"https:\/\/grafikus-coffeetec.de\/produkt\/linea-micra-nadelventil-kit\/#primaryimage","url":"https:\/\/grafikus-coffeetec.de\/wp-content\/uploads\/2020\/05\/LM_LMLM_FlowProfiling-Produktbild_DE.jpg","contentUrl":"https:\/\/grafikus-coffeetec.de\/wp-content\/uploads\/2020\/05\/LM_LMLM_FlowProfiling-Produktbild_DE.jpg","width":1151,"height":1151,"caption":"La Marzocco Linea Mini Grafikus Flowprofiling Mod"},{"@type":"BreadcrumbList","@id":"https:\/\/grafikus-coffeetec.de\/produkt\/linea-micra-nadelventil-kit\/#breadcrumb","itemListElement":[{"@type":"ListItem","position":1,"name":"Startseite","item":"https:\/\/grafikus-coffeetec.de\/"},{"@type":"ListItem","position":2,"name":"Startseite","item":"https:\/\/grafikus-coffeetec.de\/"},{"@type":"ListItem","position":3,"name":"Linea Micra Nadelventil Kit"}]},{"@type":"WebSite","@id":"https:\/\/grafikus-coffeetec.de\/#website","url":"https:\/\/grafikus-coffeetec.de\/","name":"grafikus-coffeetec.de","description":"Your specialist for high-quality accessories and conversions","publisher":{"@id":"https:\/\/grafikus-coffeetec.de\/#organization"},"potentialAction":[{"@type":"SearchAction","target":{"@type":"EntryPoint","urlTemplate":"https:\/\/grafikus-coffeetec.de\/?s={search_term_string}"},"query-input":{"@type":"PropertyValueSpecification","valueRequired":true,"valueName":"search_term_string"}}],"inLanguage":"en-US"},{"@type":"Organization","@id":"https:\/\/grafikus-coffeetec.de\/#organization","name":"Graphics company Coffeetec","url":"https:\/\/grafikus-coffeetec.de\/","logo":{"@type":"ImageObject","inLanguage":"en-US","@id":"https:\/\/grafikus-coffeetec.de\/#\/schema\/logo\/image\/","url":"https:\/\/grafikus-coffeetec.de\/wp-content\/uploads\/2020\/05\/Logo_Grafikus-Coffeetec.svg","contentUrl":"https:\/\/grafikus-coffeetec.de\/wp-content\/uploads\/2020\/05\/Logo_Grafikus-Coffeetec.svg","width":"1024","height":"1024","caption":"Grafikus Coffeetec"},"image":{"@id":"https:\/\/grafikus-coffeetec.de\/#\/schema\/logo\/image\/"},"sameAs":["https:\/\/www.instagram.com\/grafikus_coffeetec\/"]}]}},"_links":{"self":[{"href":"https:\/\/grafikus-coffeetec.de\/en\/wp-json\/wp\/v2\/product\/2313","targetHints":{"allow":["GET"]}}],"collection":[{"href":"https:\/\/grafikus-coffeetec.de\/en\/wp-json\/wp\/v2\/product"}],"about":[{"href":"https:\/\/grafikus-coffeetec.de\/en\/wp-json\/wp\/v2\/types\/product"}],"replies":[{"embeddable":true,"href":"https:\/\/grafikus-coffeetec.de\/en\/wp-json\/wp\/v2\/comments?post=2313"}],"wp:featuredmedia":[{"embeddable":true,"href":"https:\/\/grafikus-coffeetec.de\/en\/wp-json\/wp\/v2\/media\/1839"}],"wp:attachment":[{"href":"https:\/\/grafikus-coffeetec.de\/en\/wp-json\/wp\/v2\/media?parent=2313"}],"wp:term":[{"taxonomy":"product_brand","embeddable":true,"href":"https:\/\/grafikus-coffeetec.de\/en\/wp-json\/wp\/v2\/product_brand?post=2313"},{"taxonomy":"product_cat","embeddable":true,"href":"https:\/\/grafikus-coffeetec.de\/en\/wp-json\/wp\/v2\/product_cat?post=2313"},{"taxonomy":"product_tag","embeddable":true,"href":"https:\/\/grafikus-coffeetec.de\/en\/wp-json\/wp\/v2\/product_tag?post=2313"}],"curies":[{"name":"wp","href":"https:\/\/api.w.org\/{rel}","templated":true}]}}