{"id":2052,"date":"2022-09-21T13:46:08","date_gmt":"2022-09-21T11:46:08","guid":{"rendered":"https:\/\/grafikus-coffeetec.de\/?post_type=product&#038;p=2052"},"modified":"2026-02-03T13:06:07","modified_gmt":"2026-02-03T12:06:07","slug":"linea-mini-upgrade-kit-auf-v2","status":"publish","type":"product","link":"https:\/\/grafikus-coffeetec.de\/en\/product\/linea-mini-upgrade-kit-auf-v2\/","title":{"rendered":"Linea Mini upgrade kit to V2"},"content":{"rendered":"<p>This kit acts as an upgrade for the version 1 needle valve conversions.<br \/>\n(Version 1 can be recognized by the position of the holder for the additional button. If the holder is mounted on the left side, it is version 1.)<\/p>\n<p>The new bracket can be installed without much effort. The version 1 bracket is removed, the two plugs of the wiring harness are plugged into the new push button and the bracket is screwed into the machine using two nuts. <\/p>\n<p>Scope of delivery:<br \/>\n\u2013 Holder (V2) for easier adjustment of the pressure point on the paddle<br \/>\n\u2013 Push button<\/p>","protected":false},"excerpt":{"rendered":"<p>This kit serves as an upgrade for the version 1 needle valve conversions. (Version 1 can be identified by the position of the bracket for the additional button. If the bracket is mounted on the left side, it is version 1.) Installing the new bracket is straightforward. It involves\u2026<\/p>","protected":false},"featured_media":1841,"comment_status":"open","ping_status":"closed","template":"","meta":{"_acf_changed":false,"inline_featured_image":false},"product_brand":[],"product_cat":[62],"product_tag":[135,134,66,61,84],"class_list":{"0":"post-2052","1":"product","2":"type-product","3":"status-publish","4":"has-post-thumbnail","6":"product_cat-linea-mini","7":"product_tag-bruehdruckanzeige","8":"product_tag-flowprofiling","9":"product_tag-la-marzocco","10":"product_tag-linea-mini","11":"product_tag-nadelventil","13":"first","14":"instock","15":"downloadable","16":"taxable","17":"shipping-taxable","18":"purchasable","19":"product-type-simple"},"acf":[],"yoast_head":"<!-- This site is optimized with the Yoast SEO plugin v27.1.1 - https:\/\/yoast.com\/product\/yoast-seo-wordpress\/ -->\n<title>Linea Mini Upgrade-Kit auf V2 | grafikus-coffeetec.de<\/title>\n<meta name=\"robots\" content=\"index, follow, max-snippet:-1, max-image-preview:large, max-video-preview:-1\" \/>\n<link rel=\"canonical\" href=\"https:\/\/grafikus-coffeetec.de\/en\/product\/linea-mini-upgrade-kit-auf-v2\/\" \/>\n<meta property=\"og:locale\" content=\"en_US\" \/>\n<meta property=\"og:type\" content=\"article\" \/>\n<meta property=\"og:title\" content=\"Linea Mini Upgrade-Kit auf V2 | grafikus-coffeetec.de\" \/>\n<meta property=\"og:description\" content=\"Dieses Kit fungiert als Upgrade f\u00fcr die Nadelventil Umbauten der Version 1. (Die Version 1 erkennt man an der Position der Halterung f\u00fcr den zus\u00e4tzlichen Taster. Sollte die Halterung auf der linken Seite montiert sein, handelt es sich um die Version 1.) Die Montage der neuen Halterung ist ohne gro\u00dfen Aufwand m\u00f6glich. Es wird die &hellip;\" \/>\n<meta property=\"og:url\" content=\"https:\/\/grafikus-coffeetec.de\/en\/product\/linea-mini-upgrade-kit-auf-v2\/\" \/>\n<meta property=\"og:site_name\" content=\"grafikus-coffeetec.de\" \/>\n<meta property=\"article:modified_time\" content=\"2026-02-03T12:06:07+00:00\" \/>\n<meta property=\"og:image\" content=\"https:\/\/grafikus-coffeetec.de\/wp-content\/uploads\/2022\/01\/LM_LMLM_FlowProfiling-Produktbild_DE_mManometer.jpg\" \/>\n\t<meta property=\"og:image:width\" content=\"1151\" \/>\n\t<meta property=\"og:image:height\" content=\"1151\" \/>\n\t<meta property=\"og:image:type\" content=\"image\/jpeg\" \/>\n<meta name=\"twitter:card\" content=\"summary_large_image\" \/>\n<meta name=\"twitter:label1\" content=\"Est. reading time\" \/>\n\t<meta name=\"twitter:data1\" content=\"1 minute\" \/>\n<script type=\"application\/ld+json\" class=\"yoast-schema-graph\">{\"@context\":\"https:\/\/schema.org\",\"@graph\":[{\"@type\":\"WebPage\",\"@id\":\"https:\/\/grafikus-coffeetec.de\/produkt\/linea-mini-upgrade-kit-auf-v2\/\",\"url\":\"https:\/\/grafikus-coffeetec.de\/produkt\/linea-mini-upgrade-kit-auf-v2\/\",\"name\":\"Linea Mini Upgrade-Kit auf V2 | grafikus-coffeetec.de\",\"isPartOf\":{\"@id\":\"https:\/\/grafikus-coffeetec.de\/#website\"},\"primaryImageOfPage\":{\"@id\":\"https:\/\/grafikus-coffeetec.de\/produkt\/linea-mini-upgrade-kit-auf-v2\/#primaryimage\"},\"image\":{\"@id\":\"https:\/\/grafikus-coffeetec.de\/produkt\/linea-mini-upgrade-kit-auf-v2\/#primaryimage\"},\"thumbnailUrl\":\"https:\/\/grafikus-coffeetec.de\/wp-content\/uploads\/2022\/01\/LM_LMLM_FlowProfiling-Produktbild_DE_mManometer.jpg\",\"datePublished\":\"2022-09-21T11:46:08+00:00\",\"dateModified\":\"2026-02-03T12:06:07+00:00\",\"breadcrumb\":{\"@id\":\"https:\/\/grafikus-coffeetec.de\/produkt\/linea-mini-upgrade-kit-auf-v2\/#breadcrumb\"},\"inLanguage\":\"en-US\",\"potentialAction\":[{\"@type\":\"ReadAction\",\"target\":[\"https:\/\/grafikus-coffeetec.de\/produkt\/linea-mini-upgrade-kit-auf-v2\/\"]}]},{\"@type\":\"ImageObject\",\"inLanguage\":\"en-US\",\"@id\":\"https:\/\/grafikus-coffeetec.de\/produkt\/linea-mini-upgrade-kit-auf-v2\/#primaryimage\",\"url\":\"https:\/\/grafikus-coffeetec.de\/wp-content\/uploads\/2022\/01\/LM_LMLM_FlowProfiling-Produktbild_DE_mManometer.jpg\",\"contentUrl\":\"https:\/\/grafikus-coffeetec.de\/wp-content\/uploads\/2022\/01\/LM_LMLM_FlowProfiling-Produktbild_DE_mManometer.jpg\",\"width\":1151,\"height\":1151,\"caption\":\"La Marzocco Linea Mini Grafikus Flowprofiling Mod mit Druckanzeige\"},{\"@type\":\"BreadcrumbList\",\"@id\":\"https:\/\/grafikus-coffeetec.de\/produkt\/linea-mini-upgrade-kit-auf-v2\/#breadcrumb\",\"itemListElement\":[{\"@type\":\"ListItem\",\"position\":1,\"name\":\"Startseite\",\"item\":\"https:\/\/grafikus-coffeetec.de\/\"},{\"@type\":\"ListItem\",\"position\":2,\"name\":\"Startseite\",\"item\":\"https:\/\/grafikus-coffeetec.de\/\"},{\"@type\":\"ListItem\",\"position\":3,\"name\":\"Linea Mini Upgrade-Kit auf V2\"}]},{\"@type\":\"WebSite\",\"@id\":\"https:\/\/grafikus-coffeetec.de\/#website\",\"url\":\"https:\/\/grafikus-coffeetec.de\/\",\"name\":\"grafikus-coffeetec.de\",\"description\":\"Ihr Spezialist f\u00fcr hochwertiges Zubeh\u00f6r und Umbauten\",\"publisher\":{\"@id\":\"https:\/\/grafikus-coffeetec.de\/#organization\"},\"potentialAction\":[{\"@type\":\"SearchAction\",\"target\":{\"@type\":\"EntryPoint\",\"urlTemplate\":\"https:\/\/grafikus-coffeetec.de\/?s={search_term_string}\"},\"query-input\":{\"@type\":\"PropertyValueSpecification\",\"valueRequired\":true,\"valueName\":\"search_term_string\"}}],\"inLanguage\":\"en-US\"},{\"@type\":\"Organization\",\"@id\":\"https:\/\/grafikus-coffeetec.de\/#organization\",\"name\":\"Grafikus Coffeetec\",\"url\":\"https:\/\/grafikus-coffeetec.de\/\",\"logo\":{\"@type\":\"ImageObject\",\"inLanguage\":\"en-US\",\"@id\":\"https:\/\/grafikus-coffeetec.de\/#\/schema\/logo\/image\/\",\"url\":\"https:\/\/grafikus-coffeetec.de\/wp-content\/uploads\/2020\/05\/Logo_Grafikus-Coffeetec.svg\",\"contentUrl\":\"https:\/\/grafikus-coffeetec.de\/wp-content\/uploads\/2020\/05\/Logo_Grafikus-Coffeetec.svg\",\"width\":\"1024\",\"height\":\"1024\",\"caption\":\"Grafikus Coffeetec\"},\"image\":{\"@id\":\"https:\/\/grafikus-coffeetec.de\/#\/schema\/logo\/image\/\"},\"sameAs\":[\"https:\/\/www.instagram.com\/grafikus_coffeetec\/\"]}]}<\/script>\n<!-- \/ Yoast SEO plugin. -->","yoast_head_json":{"title":"Linea Mini Upgrade Kit to V2 | grafikus-coffeetec.de","robots":{"index":"index","follow":"follow","max-snippet":"max-snippet:-1","max-image-preview":"max-image-preview:large","max-video-preview":"max-video-preview:-1"},"canonical":"https:\/\/grafikus-coffeetec.de\/en\/product\/linea-mini-upgrade-kit-auf-v2\/","og_locale":"en_US","og_type":"article","og_title":"Linea Mini Upgrade-Kit auf V2 | grafikus-coffeetec.de","og_description":"Dieses Kit fungiert als Upgrade f\u00fcr die Nadelventil Umbauten der Version 1. (Die Version 1 erkennt man an der Position der Halterung f\u00fcr den zus\u00e4tzlichen Taster. Sollte die Halterung auf der linken Seite montiert sein, handelt es sich um die Version 1.) Die Montage der neuen Halterung ist ohne gro\u00dfen Aufwand m\u00f6glich. Es wird die &hellip;","og_url":"https:\/\/grafikus-coffeetec.de\/en\/product\/linea-mini-upgrade-kit-auf-v2\/","og_site_name":"grafikus-coffeetec.de","article_modified_time":"2026-02-03T12:06:07+00:00","og_image":[{"width":1151,"height":1151,"url":"https:\/\/grafikus-coffeetec.de\/wp-content\/uploads\/2022\/01\/LM_LMLM_FlowProfiling-Produktbild_DE_mManometer.jpg","type":"image\/jpeg"}],"twitter_card":"summary_large_image","twitter_misc":{"Est. reading time":"1 minute"},"schema":{"@context":"https:\/\/schema.org","@graph":[{"@type":"WebPage","@id":"https:\/\/grafikus-coffeetec.de\/produkt\/linea-mini-upgrade-kit-auf-v2\/","url":"https:\/\/grafikus-coffeetec.de\/produkt\/linea-mini-upgrade-kit-auf-v2\/","name":"Linea Mini Upgrade Kit to V2 | grafikus-coffeetec.de","isPartOf":{"@id":"https:\/\/grafikus-coffeetec.de\/#website"},"primaryImageOfPage":{"@id":"https:\/\/grafikus-coffeetec.de\/produkt\/linea-mini-upgrade-kit-auf-v2\/#primaryimage"},"image":{"@id":"https:\/\/grafikus-coffeetec.de\/produkt\/linea-mini-upgrade-kit-auf-v2\/#primaryimage"},"thumbnailUrl":"https:\/\/grafikus-coffeetec.de\/wp-content\/uploads\/2022\/01\/LM_LMLM_FlowProfiling-Produktbild_DE_mManometer.jpg","datePublished":"2022-09-21T11:46:08+00:00","dateModified":"2026-02-03T12:06:07+00:00","breadcrumb":{"@id":"https:\/\/grafikus-coffeetec.de\/produkt\/linea-mini-upgrade-kit-auf-v2\/#breadcrumb"},"inLanguage":"en-US","potentialAction":[{"@type":"ReadAction","target":["https:\/\/grafikus-coffeetec.de\/produkt\/linea-mini-upgrade-kit-auf-v2\/"]}]},{"@type":"ImageObject","inLanguage":"en-US","@id":"https:\/\/grafikus-coffeetec.de\/produkt\/linea-mini-upgrade-kit-auf-v2\/#primaryimage","url":"https:\/\/grafikus-coffeetec.de\/wp-content\/uploads\/2022\/01\/LM_LMLM_FlowProfiling-Produktbild_DE_mManometer.jpg","contentUrl":"https:\/\/grafikus-coffeetec.de\/wp-content\/uploads\/2022\/01\/LM_LMLM_FlowProfiling-Produktbild_DE_mManometer.jpg","width":1151,"height":1151,"caption":"La Marzocco Linea Mini Grafikus Flowprofiling Mod mit Druckanzeige"},{"@type":"BreadcrumbList","@id":"https:\/\/grafikus-coffeetec.de\/produkt\/linea-mini-upgrade-kit-auf-v2\/#breadcrumb","itemListElement":[{"@type":"ListItem","position":1,"name":"Startseite","item":"https:\/\/grafikus-coffeetec.de\/"},{"@type":"ListItem","position":2,"name":"Startseite","item":"https:\/\/grafikus-coffeetec.de\/"},{"@type":"ListItem","position":3,"name":"Linea Mini Upgrade-Kit auf V2"}]},{"@type":"WebSite","@id":"https:\/\/grafikus-coffeetec.de\/#website","url":"https:\/\/grafikus-coffeetec.de\/","name":"grafikus-coffeetec.de","description":"Your specialist for high-quality accessories and conversions","publisher":{"@id":"https:\/\/grafikus-coffeetec.de\/#organization"},"potentialAction":[{"@type":"SearchAction","target":{"@type":"EntryPoint","urlTemplate":"https:\/\/grafikus-coffeetec.de\/?s={search_term_string}"},"query-input":{"@type":"PropertyValueSpecification","valueRequired":true,"valueName":"search_term_string"}}],"inLanguage":"en-US"},{"@type":"Organization","@id":"https:\/\/grafikus-coffeetec.de\/#organization","name":"Graphics company Coffeetec","url":"https:\/\/grafikus-coffeetec.de\/","logo":{"@type":"ImageObject","inLanguage":"en-US","@id":"https:\/\/grafikus-coffeetec.de\/#\/schema\/logo\/image\/","url":"https:\/\/grafikus-coffeetec.de\/wp-content\/uploads\/2020\/05\/Logo_Grafikus-Coffeetec.svg","contentUrl":"https:\/\/grafikus-coffeetec.de\/wp-content\/uploads\/2020\/05\/Logo_Grafikus-Coffeetec.svg","width":"1024","height":"1024","caption":"Grafikus Coffeetec"},"image":{"@id":"https:\/\/grafikus-coffeetec.de\/#\/schema\/logo\/image\/"},"sameAs":["https:\/\/www.instagram.com\/grafikus_coffeetec\/"]}]}},"_links":{"self":[{"href":"https:\/\/grafikus-coffeetec.de\/en\/wp-json\/wp\/v2\/product\/2052","targetHints":{"allow":["GET"]}}],"collection":[{"href":"https:\/\/grafikus-coffeetec.de\/en\/wp-json\/wp\/v2\/product"}],"about":[{"href":"https:\/\/grafikus-coffeetec.de\/en\/wp-json\/wp\/v2\/types\/product"}],"replies":[{"embeddable":true,"href":"https:\/\/grafikus-coffeetec.de\/en\/wp-json\/wp\/v2\/comments?post=2052"}],"wp:featuredmedia":[{"embeddable":true,"href":"https:\/\/grafikus-coffeetec.de\/en\/wp-json\/wp\/v2\/media\/1841"}],"wp:attachment":[{"href":"https:\/\/grafikus-coffeetec.de\/en\/wp-json\/wp\/v2\/media?parent=2052"}],"wp:term":[{"taxonomy":"product_brand","embeddable":true,"href":"https:\/\/grafikus-coffeetec.de\/en\/wp-json\/wp\/v2\/product_brand?post=2052"},{"taxonomy":"product_cat","embeddable":true,"href":"https:\/\/grafikus-coffeetec.de\/en\/wp-json\/wp\/v2\/product_cat?post=2052"},{"taxonomy":"product_tag","embeddable":true,"href":"https:\/\/grafikus-coffeetec.de\/en\/wp-json\/wp\/v2\/product_tag?post=2052"}],"curies":[{"name":"wp","href":"https:\/\/api.w.org\/{rel}","templated":true}]}}