{"id":1969,"date":"2022-04-09T20:28:35","date_gmt":"2022-04-09T18:28:35","guid":{"rendered":"https:\/\/grafikus-coffeetec.de\/?post_type=product&#038;p=1969"},"modified":"2025-12-05T14:38:47","modified_gmt":"2025-12-05T13:38:47","slug":"linea-mini-holzset2","status":"publish","type":"product","link":"https:\/\/grafikus-coffeetec.de\/en\/product\/linea-mini-holzset2\/","title":{"rendered":"Linea Mini wooden set with round brewing group cover"},"content":{"rendered":"<p>Scope of delivery: 1x wooden paddle, 1x brew group cover, 2x rotary handle including stainless steel cap, 2x portafilter handle<\/p>\n<p>*other types of wood are possible on request!<\/p>","protected":false},"excerpt":{"rendered":"<p>Scope of delivery: 1x wooden paddle, 1x brewing group cover, 2x rotary handle including stainless steel cap, 2x portafilter handle *other types of wood are available on request!<\/p>","protected":false},"featured_media":2071,"comment_status":"open","ping_status":"closed","template":"","meta":{"_acf_changed":false,"inline_featured_image":false},"product_brand":[],"product_cat":[62],"product_tag":[125,66,61,170,169],"class_list":{"0":"post-1969","1":"product","2":"type-product","3":"status-publish","4":"has-post-thumbnail","6":"product_cat-linea-mini","7":"product_tag-holzteile","8":"product_tag-la-marzocco","9":"product_tag-linea-mini","10":"product_tag-modifkation","11":"product_tag-zubehoer","13":"first","14":"instock","15":"taxable","16":"shipping-taxable","17":"purchasable","18":"product-type-variable","19":"has-default-attributes"},"acf":[],"yoast_head":"<!-- This site is optimized with the Yoast SEO plugin v27.1.1 - https:\/\/yoast.com\/product\/yoast-seo-wordpress\/ -->\n<title>Linea Mini Holzset mit runder Br\u00fchgruppenabdeckung | grafikus-coffeetec.de<\/title>\n<meta name=\"robots\" content=\"index, follow, max-snippet:-1, max-image-preview:large, max-video-preview:-1\" \/>\n<link rel=\"canonical\" href=\"https:\/\/grafikus-coffeetec.de\/en\/product\/linea-mini-holzset2\/\" \/>\n<meta property=\"og:locale\" content=\"en_US\" \/>\n<meta property=\"og:type\" content=\"article\" \/>\n<meta property=\"og:title\" content=\"Linea Mini Holzset mit runder Br\u00fchgruppenabdeckung | grafikus-coffeetec.de\" \/>\n<meta property=\"og:description\" content=\"Lieferumfang: 1x Holzpaddle, 1x Br\u00fchgruppenabdeckung, 2x Drehgriff inklusive Edelstahlkappe, 2x Siebtr\u00e4gergriff *weitere Holzsorten sind auf Anfrage m\u00f6glich!\" \/>\n<meta property=\"og:url\" content=\"https:\/\/grafikus-coffeetec.de\/en\/product\/linea-mini-holzset2\/\" \/>\n<meta property=\"og:site_name\" content=\"grafikus-coffeetec.de\" \/>\n<meta property=\"article:modified_time\" content=\"2025-12-05T13:38:47+00:00\" \/>\n<meta property=\"og:image\" content=\"https:\/\/grafikus-coffeetec.de\/wp-content\/uploads\/2022\/04\/image0-scaled.jpeg\" \/>\n\t<meta property=\"og:image:width\" content=\"2560\" \/>\n\t<meta property=\"og:image:height\" content=\"1707\" \/>\n\t<meta property=\"og:image:type\" content=\"image\/jpeg\" \/>\n<meta name=\"twitter:card\" content=\"summary_large_image\" \/>\n<meta name=\"twitter:label1\" content=\"Est. reading time\" \/>\n\t<meta name=\"twitter:data1\" content=\"1 minute\" \/>\n<script type=\"application\/ld+json\" class=\"yoast-schema-graph\">{\"@context\":\"https:\/\/schema.org\",\"@graph\":[{\"@type\":\"WebPage\",\"@id\":\"https:\/\/grafikus-coffeetec.de\/produkt\/linea-mini-holzset2\/\",\"url\":\"https:\/\/grafikus-coffeetec.de\/produkt\/linea-mini-holzset2\/\",\"name\":\"Linea Mini Holzset mit runder Br\u00fchgruppenabdeckung | grafikus-coffeetec.de\",\"isPartOf\":{\"@id\":\"https:\/\/grafikus-coffeetec.de\/#website\"},\"primaryImageOfPage\":{\"@id\":\"https:\/\/grafikus-coffeetec.de\/produkt\/linea-mini-holzset2\/#primaryimage\"},\"image\":{\"@id\":\"https:\/\/grafikus-coffeetec.de\/produkt\/linea-mini-holzset2\/#primaryimage\"},\"thumbnailUrl\":\"https:\/\/grafikus-coffeetec.de\/wp-content\/uploads\/2022\/04\/image0-scaled.jpeg\",\"datePublished\":\"2022-04-09T18:28:35+00:00\",\"dateModified\":\"2025-12-05T13:38:47+00:00\",\"breadcrumb\":{\"@id\":\"https:\/\/grafikus-coffeetec.de\/produkt\/linea-mini-holzset2\/#breadcrumb\"},\"inLanguage\":\"en-US\",\"potentialAction\":[{\"@type\":\"ReadAction\",\"target\":[\"https:\/\/grafikus-coffeetec.de\/produkt\/linea-mini-holzset2\/\"]}]},{\"@type\":\"ImageObject\",\"inLanguage\":\"en-US\",\"@id\":\"https:\/\/grafikus-coffeetec.de\/produkt\/linea-mini-holzset2\/#primaryimage\",\"url\":\"https:\/\/grafikus-coffeetec.de\/wp-content\/uploads\/2022\/04\/image0-scaled.jpeg\",\"contentUrl\":\"https:\/\/grafikus-coffeetec.de\/wp-content\/uploads\/2022\/04\/image0-scaled.jpeg\",\"width\":2560,\"height\":1707,\"caption\":\"LaMarzocco Linea Mini Holzteile\"},{\"@type\":\"BreadcrumbList\",\"@id\":\"https:\/\/grafikus-coffeetec.de\/produkt\/linea-mini-holzset2\/#breadcrumb\",\"itemListElement\":[{\"@type\":\"ListItem\",\"position\":1,\"name\":\"Startseite\",\"item\":\"https:\/\/grafikus-coffeetec.de\/\"},{\"@type\":\"ListItem\",\"position\":2,\"name\":\"Startseite\",\"item\":\"https:\/\/grafikus-coffeetec.de\/\"},{\"@type\":\"ListItem\",\"position\":3,\"name\":\"Linea Mini Holzset mit runder Br\u00fchgruppenabdeckung\"}]},{\"@type\":\"WebSite\",\"@id\":\"https:\/\/grafikus-coffeetec.de\/#website\",\"url\":\"https:\/\/grafikus-coffeetec.de\/\",\"name\":\"grafikus-coffeetec.de\",\"description\":\"Ihr Spezialist f\u00fcr hochwertiges Zubeh\u00f6r und Umbauten\",\"publisher\":{\"@id\":\"https:\/\/grafikus-coffeetec.de\/#organization\"},\"potentialAction\":[{\"@type\":\"SearchAction\",\"target\":{\"@type\":\"EntryPoint\",\"urlTemplate\":\"https:\/\/grafikus-coffeetec.de\/?s={search_term_string}\"},\"query-input\":{\"@type\":\"PropertyValueSpecification\",\"valueRequired\":true,\"valueName\":\"search_term_string\"}}],\"inLanguage\":\"en-US\"},{\"@type\":\"Organization\",\"@id\":\"https:\/\/grafikus-coffeetec.de\/#organization\",\"name\":\"Grafikus Coffeetec\",\"url\":\"https:\/\/grafikus-coffeetec.de\/\",\"logo\":{\"@type\":\"ImageObject\",\"inLanguage\":\"en-US\",\"@id\":\"https:\/\/grafikus-coffeetec.de\/#\/schema\/logo\/image\/\",\"url\":\"https:\/\/grafikus-coffeetec.de\/wp-content\/uploads\/2020\/05\/Logo_Grafikus-Coffeetec.svg\",\"contentUrl\":\"https:\/\/grafikus-coffeetec.de\/wp-content\/uploads\/2020\/05\/Logo_Grafikus-Coffeetec.svg\",\"width\":\"1024\",\"height\":\"1024\",\"caption\":\"Grafikus Coffeetec\"},\"image\":{\"@id\":\"https:\/\/grafikus-coffeetec.de\/#\/schema\/logo\/image\/\"},\"sameAs\":[\"https:\/\/www.instagram.com\/grafikus_coffeetec\/\"]}]}<\/script>\n<!-- \/ Yoast SEO plugin. -->","yoast_head_json":{"title":"Linea Mini wooden set with round brew group cover | grafikus-coffeetec.de","robots":{"index":"index","follow":"follow","max-snippet":"max-snippet:-1","max-image-preview":"max-image-preview:large","max-video-preview":"max-video-preview:-1"},"canonical":"https:\/\/grafikus-coffeetec.de\/en\/product\/linea-mini-holzset2\/","og_locale":"en_US","og_type":"article","og_title":"Linea Mini Holzset mit runder Br\u00fchgruppenabdeckung | grafikus-coffeetec.de","og_description":"Lieferumfang: 1x Holzpaddle, 1x Br\u00fchgruppenabdeckung, 2x Drehgriff inklusive Edelstahlkappe, 2x Siebtr\u00e4gergriff *weitere Holzsorten sind auf Anfrage m\u00f6glich!","og_url":"https:\/\/grafikus-coffeetec.de\/en\/product\/linea-mini-holzset2\/","og_site_name":"grafikus-coffeetec.de","article_modified_time":"2025-12-05T13:38:47+00:00","og_image":[{"width":2560,"height":1707,"url":"https:\/\/grafikus-coffeetec.de\/wp-content\/uploads\/2022\/04\/image0-scaled.jpeg","type":"image\/jpeg"}],"twitter_card":"summary_large_image","twitter_misc":{"Est. reading time":"1 minute"},"schema":{"@context":"https:\/\/schema.org","@graph":[{"@type":"WebPage","@id":"https:\/\/grafikus-coffeetec.de\/produkt\/linea-mini-holzset2\/","url":"https:\/\/grafikus-coffeetec.de\/produkt\/linea-mini-holzset2\/","name":"Linea Mini wooden set with round brew group cover | grafikus-coffeetec.de","isPartOf":{"@id":"https:\/\/grafikus-coffeetec.de\/#website"},"primaryImageOfPage":{"@id":"https:\/\/grafikus-coffeetec.de\/produkt\/linea-mini-holzset2\/#primaryimage"},"image":{"@id":"https:\/\/grafikus-coffeetec.de\/produkt\/linea-mini-holzset2\/#primaryimage"},"thumbnailUrl":"https:\/\/grafikus-coffeetec.de\/wp-content\/uploads\/2022\/04\/image0-scaled.jpeg","datePublished":"2022-04-09T18:28:35+00:00","dateModified":"2025-12-05T13:38:47+00:00","breadcrumb":{"@id":"https:\/\/grafikus-coffeetec.de\/produkt\/linea-mini-holzset2\/#breadcrumb"},"inLanguage":"en-US","potentialAction":[{"@type":"ReadAction","target":["https:\/\/grafikus-coffeetec.de\/produkt\/linea-mini-holzset2\/"]}]},{"@type":"ImageObject","inLanguage":"en-US","@id":"https:\/\/grafikus-coffeetec.de\/produkt\/linea-mini-holzset2\/#primaryimage","url":"https:\/\/grafikus-coffeetec.de\/wp-content\/uploads\/2022\/04\/image0-scaled.jpeg","contentUrl":"https:\/\/grafikus-coffeetec.de\/wp-content\/uploads\/2022\/04\/image0-scaled.jpeg","width":2560,"height":1707,"caption":"LaMarzocco Linea Mini Holzteile"},{"@type":"BreadcrumbList","@id":"https:\/\/grafikus-coffeetec.de\/produkt\/linea-mini-holzset2\/#breadcrumb","itemListElement":[{"@type":"ListItem","position":1,"name":"Startseite","item":"https:\/\/grafikus-coffeetec.de\/"},{"@type":"ListItem","position":2,"name":"Startseite","item":"https:\/\/grafikus-coffeetec.de\/"},{"@type":"ListItem","position":3,"name":"Linea Mini Holzset mit runder Br\u00fchgruppenabdeckung"}]},{"@type":"WebSite","@id":"https:\/\/grafikus-coffeetec.de\/#website","url":"https:\/\/grafikus-coffeetec.de\/","name":"grafikus-coffeetec.de","description":"Your specialist for high-quality accessories and conversions","publisher":{"@id":"https:\/\/grafikus-coffeetec.de\/#organization"},"potentialAction":[{"@type":"SearchAction","target":{"@type":"EntryPoint","urlTemplate":"https:\/\/grafikus-coffeetec.de\/?s={search_term_string}"},"query-input":{"@type":"PropertyValueSpecification","valueRequired":true,"valueName":"search_term_string"}}],"inLanguage":"en-US"},{"@type":"Organization","@id":"https:\/\/grafikus-coffeetec.de\/#organization","name":"Graphics company Coffeetec","url":"https:\/\/grafikus-coffeetec.de\/","logo":{"@type":"ImageObject","inLanguage":"en-US","@id":"https:\/\/grafikus-coffeetec.de\/#\/schema\/logo\/image\/","url":"https:\/\/grafikus-coffeetec.de\/wp-content\/uploads\/2020\/05\/Logo_Grafikus-Coffeetec.svg","contentUrl":"https:\/\/grafikus-coffeetec.de\/wp-content\/uploads\/2020\/05\/Logo_Grafikus-Coffeetec.svg","width":"1024","height":"1024","caption":"Grafikus Coffeetec"},"image":{"@id":"https:\/\/grafikus-coffeetec.de\/#\/schema\/logo\/image\/"},"sameAs":["https:\/\/www.instagram.com\/grafikus_coffeetec\/"]}]}},"_links":{"self":[{"href":"https:\/\/grafikus-coffeetec.de\/en\/wp-json\/wp\/v2\/product\/1969","targetHints":{"allow":["GET"]}}],"collection":[{"href":"https:\/\/grafikus-coffeetec.de\/en\/wp-json\/wp\/v2\/product"}],"about":[{"href":"https:\/\/grafikus-coffeetec.de\/en\/wp-json\/wp\/v2\/types\/product"}],"replies":[{"embeddable":true,"href":"https:\/\/grafikus-coffeetec.de\/en\/wp-json\/wp\/v2\/comments?post=1969"}],"wp:featuredmedia":[{"embeddable":true,"href":"https:\/\/grafikus-coffeetec.de\/en\/wp-json\/wp\/v2\/media\/2071"}],"wp:attachment":[{"href":"https:\/\/grafikus-coffeetec.de\/en\/wp-json\/wp\/v2\/media?parent=1969"}],"wp:term":[{"taxonomy":"product_brand","embeddable":true,"href":"https:\/\/grafikus-coffeetec.de\/en\/wp-json\/wp\/v2\/product_brand?post=1969"},{"taxonomy":"product_cat","embeddable":true,"href":"https:\/\/grafikus-coffeetec.de\/en\/wp-json\/wp\/v2\/product_cat?post=1969"},{"taxonomy":"product_tag","embeddable":true,"href":"https:\/\/grafikus-coffeetec.de\/en\/wp-json\/wp\/v2\/product_tag?post=1969"}],"curies":[{"name":"wp","href":"https:\/\/api.w.org\/{rel}","templated":true}]}}