{"id":1706,"date":"2021-11-16T16:17:55","date_gmt":"2021-11-16T15:17:55","guid":{"rendered":"https:\/\/grafikus-coffeetec.de\/?post_type=product&#038;p=1706"},"modified":"2025-11-02T09:48:52","modified_gmt":"2025-11-02T08:48:52","slug":"ek43-tampingstation","status":"publish","type":"product","link":"https:\/\/grafikus-coffeetec.de\/en\/product\/ek43-tampingstation\/","title":{"rendered":"Tamping station EK43 &amp; Ek43s"},"content":{"rendered":"<p>This tamping station replaces the crumb tray of the Ek43 \/ EK43s, which becomes unnecessary in conjunction with the regrind container. The tamping station offers a place for a tamper and also a bevelled edge that can be used for wonderful tamping.<\/p>\n<p>Scope of delivery: tamping station (without the tamper shown)<\/p>\n<p>*other types of wood are possible on request!<\/p>","protected":false},"excerpt":{"rendered":"<p>This tamping station replaces the crumb tray of the Ek43 \/ EK43s, which becomes superfluous in conjunction with the ground coffee container. The tamping station offers space for a tamper and also a beveled edge that is perfect for tamping. Scope of delivery: Tamping station (without the tamper shown) *Other types of wood are available on request!<\/p>","protected":false},"featured_media":1121,"comment_status":"open","ping_status":"closed","template":"","meta":{"_acf_changed":false,"inline_featured_image":false},"product_brand":[],"product_cat":[57],"product_tag":[55,127,125,54,126,128,170,56,169],"class_list":{"0":"post-1706","1":"product","2":"type-product","3":"status-publish","4":"has-post-thumbnail","6":"product_cat-mahlkoenig-ek43-ek43s","7":"product_tag-ek43","8":"product_tag-ek43s","9":"product_tag-holzteile","10":"product_tag-mahlkoenig","11":"product_tag-mahlkoenig-ek43","12":"product_tag-mahlkoenig-ek43s","13":"product_tag-modifkation","14":"product_tag-tampingstation","15":"product_tag-zubehoer","17":"first","18":"onbackorder","19":"taxable","20":"shipping-taxable","21":"purchasable","22":"product-type-variable","23":"has-default-attributes"},"acf":[],"yoast_head":"<!-- This site is optimized with the Yoast SEO plugin v27.1.1 - https:\/\/yoast.com\/product\/yoast-seo-wordpress\/ -->\n<title>Tampingstation EK43 &amp; Ek43s | grafikus-coffeetec.de<\/title>\n<meta name=\"robots\" content=\"index, follow, max-snippet:-1, max-image-preview:large, max-video-preview:-1\" \/>\n<link rel=\"canonical\" href=\"https:\/\/grafikus-coffeetec.de\/en\/product\/ek43-tampingstation\/\" \/>\n<meta property=\"og:locale\" content=\"en_US\" \/>\n<meta property=\"og:type\" content=\"article\" \/>\n<meta property=\"og:title\" content=\"Tampingstation EK43 &amp; Ek43s | grafikus-coffeetec.de\" \/>\n<meta property=\"og:description\" content=\"Diese Tampingstation ersetzt das Kr\u00fcmelblech der Ek43 \/ EK43s, welches in Verbindung mit dem Mahlgutbeh\u00e4lter \u00fcberfl\u00fcssig wird. Die Tampingstation bietet einen Platz f\u00fcr einen Tamper und zudem eine abgeschr\u00e4gte Kante, auf der wunderbar getampt werden kann. Lieferumfang: Tampingstation (ohne den abgebildeten Tamper) *weitere Holzsorten sind auf Anfrage m\u00f6glich!\" \/>\n<meta property=\"og:url\" content=\"https:\/\/grafikus-coffeetec.de\/en\/product\/ek43-tampingstation\/\" \/>\n<meta property=\"og:site_name\" content=\"grafikus-coffeetec.de\" \/>\n<meta property=\"article:modified_time\" content=\"2025-11-02T08:48:52+00:00\" \/>\n<meta property=\"og:image\" content=\"https:\/\/grafikus-coffeetec.de\/wp-content\/uploads\/2020\/05\/IMG_1786-scaled.jpg\" \/>\n\t<meta property=\"og:image:width\" content=\"2560\" \/>\n\t<meta property=\"og:image:height\" content=\"2560\" \/>\n\t<meta property=\"og:image:type\" content=\"image\/jpeg\" \/>\n<meta name=\"twitter:card\" content=\"summary_large_image\" \/>\n<meta name=\"twitter:label1\" content=\"Est. reading time\" \/>\n\t<meta name=\"twitter:data1\" content=\"1 minute\" \/>\n<script type=\"application\/ld+json\" class=\"yoast-schema-graph\">{\"@context\":\"https:\/\/schema.org\",\"@graph\":[{\"@type\":\"WebPage\",\"@id\":\"https:\/\/grafikus-coffeetec.de\/produkt\/ek43-tampingstation\/\",\"url\":\"https:\/\/grafikus-coffeetec.de\/produkt\/ek43-tampingstation\/\",\"name\":\"Tampingstation EK43 & Ek43s | grafikus-coffeetec.de\",\"isPartOf\":{\"@id\":\"https:\/\/grafikus-coffeetec.de\/#website\"},\"primaryImageOfPage\":{\"@id\":\"https:\/\/grafikus-coffeetec.de\/produkt\/ek43-tampingstation\/#primaryimage\"},\"image\":{\"@id\":\"https:\/\/grafikus-coffeetec.de\/produkt\/ek43-tampingstation\/#primaryimage\"},\"thumbnailUrl\":\"https:\/\/grafikus-coffeetec.de\/wp-content\/uploads\/2020\/05\/IMG_1786-scaled.jpg\",\"datePublished\":\"2021-11-16T15:17:55+00:00\",\"dateModified\":\"2025-11-02T08:48:52+00:00\",\"breadcrumb\":{\"@id\":\"https:\/\/grafikus-coffeetec.de\/produkt\/ek43-tampingstation\/#breadcrumb\"},\"inLanguage\":\"en-US\",\"potentialAction\":[{\"@type\":\"ReadAction\",\"target\":[\"https:\/\/grafikus-coffeetec.de\/produkt\/ek43-tampingstation\/\"]}]},{\"@type\":\"ImageObject\",\"inLanguage\":\"en-US\",\"@id\":\"https:\/\/grafikus-coffeetec.de\/produkt\/ek43-tampingstation\/#primaryimage\",\"url\":\"https:\/\/grafikus-coffeetec.de\/wp-content\/uploads\/2020\/05\/IMG_1786-scaled.jpg\",\"contentUrl\":\"https:\/\/grafikus-coffeetec.de\/wp-content\/uploads\/2020\/05\/IMG_1786-scaled.jpg\",\"width\":2560,\"height\":2560,\"caption\":\"EK43 Tampingstation Zebrano\"},{\"@type\":\"BreadcrumbList\",\"@id\":\"https:\/\/grafikus-coffeetec.de\/produkt\/ek43-tampingstation\/#breadcrumb\",\"itemListElement\":[{\"@type\":\"ListItem\",\"position\":1,\"name\":\"Startseite\",\"item\":\"https:\/\/grafikus-coffeetec.de\/\"},{\"@type\":\"ListItem\",\"position\":2,\"name\":\"Startseite\",\"item\":\"https:\/\/grafikus-coffeetec.de\/\"},{\"@type\":\"ListItem\",\"position\":3,\"name\":\"Tampingstation EK43 &#038; Ek43s\"}]},{\"@type\":\"WebSite\",\"@id\":\"https:\/\/grafikus-coffeetec.de\/#website\",\"url\":\"https:\/\/grafikus-coffeetec.de\/\",\"name\":\"grafikus-coffeetec.de\",\"description\":\"Ihr Spezialist f\u00fcr hochwertiges Zubeh\u00f6r und Umbauten\",\"publisher\":{\"@id\":\"https:\/\/grafikus-coffeetec.de\/#organization\"},\"potentialAction\":[{\"@type\":\"SearchAction\",\"target\":{\"@type\":\"EntryPoint\",\"urlTemplate\":\"https:\/\/grafikus-coffeetec.de\/?s={search_term_string}\"},\"query-input\":{\"@type\":\"PropertyValueSpecification\",\"valueRequired\":true,\"valueName\":\"search_term_string\"}}],\"inLanguage\":\"en-US\"},{\"@type\":\"Organization\",\"@id\":\"https:\/\/grafikus-coffeetec.de\/#organization\",\"name\":\"Grafikus Coffeetec\",\"url\":\"https:\/\/grafikus-coffeetec.de\/\",\"logo\":{\"@type\":\"ImageObject\",\"inLanguage\":\"en-US\",\"@id\":\"https:\/\/grafikus-coffeetec.de\/#\/schema\/logo\/image\/\",\"url\":\"https:\/\/grafikus-coffeetec.de\/wp-content\/uploads\/2020\/05\/Logo_Grafikus-Coffeetec.svg\",\"contentUrl\":\"https:\/\/grafikus-coffeetec.de\/wp-content\/uploads\/2020\/05\/Logo_Grafikus-Coffeetec.svg\",\"width\":\"1024\",\"height\":\"1024\",\"caption\":\"Grafikus Coffeetec\"},\"image\":{\"@id\":\"https:\/\/grafikus-coffeetec.de\/#\/schema\/logo\/image\/\"},\"sameAs\":[\"https:\/\/www.instagram.com\/grafikus_coffeetec\/\"]}]}<\/script>\n<!-- \/ Yoast SEO plugin. -->","yoast_head_json":{"title":"Tamping station EK43 &amp; Ek43s | grafikus-coffeetec.de","robots":{"index":"index","follow":"follow","max-snippet":"max-snippet:-1","max-image-preview":"max-image-preview:large","max-video-preview":"max-video-preview:-1"},"canonical":"https:\/\/grafikus-coffeetec.de\/en\/product\/ek43-tampingstation\/","og_locale":"en_US","og_type":"article","og_title":"Tampingstation EK43 & Ek43s | grafikus-coffeetec.de","og_description":"Diese Tampingstation ersetzt das Kr\u00fcmelblech der Ek43 \/ EK43s, welches in Verbindung mit dem Mahlgutbeh\u00e4lter \u00fcberfl\u00fcssig wird. Die Tampingstation bietet einen Platz f\u00fcr einen Tamper und zudem eine abgeschr\u00e4gte Kante, auf der wunderbar getampt werden kann. Lieferumfang: Tampingstation (ohne den abgebildeten Tamper) *weitere Holzsorten sind auf Anfrage m\u00f6glich!","og_url":"https:\/\/grafikus-coffeetec.de\/en\/product\/ek43-tampingstation\/","og_site_name":"grafikus-coffeetec.de","article_modified_time":"2025-11-02T08:48:52+00:00","og_image":[{"width":2560,"height":2560,"url":"https:\/\/grafikus-coffeetec.de\/wp-content\/uploads\/2020\/05\/IMG_1786-scaled.jpg","type":"image\/jpeg"}],"twitter_card":"summary_large_image","twitter_misc":{"Est. reading time":"1 minute"},"schema":{"@context":"https:\/\/schema.org","@graph":[{"@type":"WebPage","@id":"https:\/\/grafikus-coffeetec.de\/produkt\/ek43-tampingstation\/","url":"https:\/\/grafikus-coffeetec.de\/produkt\/ek43-tampingstation\/","name":"Tamping station EK43 &amp; Ek43s | grafikus-coffeetec.de","isPartOf":{"@id":"https:\/\/grafikus-coffeetec.de\/#website"},"primaryImageOfPage":{"@id":"https:\/\/grafikus-coffeetec.de\/produkt\/ek43-tampingstation\/#primaryimage"},"image":{"@id":"https:\/\/grafikus-coffeetec.de\/produkt\/ek43-tampingstation\/#primaryimage"},"thumbnailUrl":"https:\/\/grafikus-coffeetec.de\/wp-content\/uploads\/2020\/05\/IMG_1786-scaled.jpg","datePublished":"2021-11-16T15:17:55+00:00","dateModified":"2025-11-02T08:48:52+00:00","breadcrumb":{"@id":"https:\/\/grafikus-coffeetec.de\/produkt\/ek43-tampingstation\/#breadcrumb"},"inLanguage":"en-US","potentialAction":[{"@type":"ReadAction","target":["https:\/\/grafikus-coffeetec.de\/produkt\/ek43-tampingstation\/"]}]},{"@type":"ImageObject","inLanguage":"en-US","@id":"https:\/\/grafikus-coffeetec.de\/produkt\/ek43-tampingstation\/#primaryimage","url":"https:\/\/grafikus-coffeetec.de\/wp-content\/uploads\/2020\/05\/IMG_1786-scaled.jpg","contentUrl":"https:\/\/grafikus-coffeetec.de\/wp-content\/uploads\/2020\/05\/IMG_1786-scaled.jpg","width":2560,"height":2560,"caption":"EK43 Tampingstation Zebrano"},{"@type":"BreadcrumbList","@id":"https:\/\/grafikus-coffeetec.de\/produkt\/ek43-tampingstation\/#breadcrumb","itemListElement":[{"@type":"ListItem","position":1,"name":"Startseite","item":"https:\/\/grafikus-coffeetec.de\/"},{"@type":"ListItem","position":2,"name":"Startseite","item":"https:\/\/grafikus-coffeetec.de\/"},{"@type":"ListItem","position":3,"name":"Tampingstation EK43 &#038; Ek43s"}]},{"@type":"WebSite","@id":"https:\/\/grafikus-coffeetec.de\/#website","url":"https:\/\/grafikus-coffeetec.de\/","name":"grafikus-coffeetec.de","description":"Your specialist for high-quality accessories and conversions","publisher":{"@id":"https:\/\/grafikus-coffeetec.de\/#organization"},"potentialAction":[{"@type":"SearchAction","target":{"@type":"EntryPoint","urlTemplate":"https:\/\/grafikus-coffeetec.de\/?s={search_term_string}"},"query-input":{"@type":"PropertyValueSpecification","valueRequired":true,"valueName":"search_term_string"}}],"inLanguage":"en-US"},{"@type":"Organization","@id":"https:\/\/grafikus-coffeetec.de\/#organization","name":"Graphics company Coffeetec","url":"https:\/\/grafikus-coffeetec.de\/","logo":{"@type":"ImageObject","inLanguage":"en-US","@id":"https:\/\/grafikus-coffeetec.de\/#\/schema\/logo\/image\/","url":"https:\/\/grafikus-coffeetec.de\/wp-content\/uploads\/2020\/05\/Logo_Grafikus-Coffeetec.svg","contentUrl":"https:\/\/grafikus-coffeetec.de\/wp-content\/uploads\/2020\/05\/Logo_Grafikus-Coffeetec.svg","width":"1024","height":"1024","caption":"Grafikus Coffeetec"},"image":{"@id":"https:\/\/grafikus-coffeetec.de\/#\/schema\/logo\/image\/"},"sameAs":["https:\/\/www.instagram.com\/grafikus_coffeetec\/"]}]}},"_links":{"self":[{"href":"https:\/\/grafikus-coffeetec.de\/en\/wp-json\/wp\/v2\/product\/1706","targetHints":{"allow":["GET"]}}],"collection":[{"href":"https:\/\/grafikus-coffeetec.de\/en\/wp-json\/wp\/v2\/product"}],"about":[{"href":"https:\/\/grafikus-coffeetec.de\/en\/wp-json\/wp\/v2\/types\/product"}],"replies":[{"embeddable":true,"href":"https:\/\/grafikus-coffeetec.de\/en\/wp-json\/wp\/v2\/comments?post=1706"}],"wp:featuredmedia":[{"embeddable":true,"href":"https:\/\/grafikus-coffeetec.de\/en\/wp-json\/wp\/v2\/media\/1121"}],"wp:attachment":[{"href":"https:\/\/grafikus-coffeetec.de\/en\/wp-json\/wp\/v2\/media?parent=1706"}],"wp:term":[{"taxonomy":"product_brand","embeddable":true,"href":"https:\/\/grafikus-coffeetec.de\/en\/wp-json\/wp\/v2\/product_brand?post=1706"},{"taxonomy":"product_cat","embeddable":true,"href":"https:\/\/grafikus-coffeetec.de\/en\/wp-json\/wp\/v2\/product_cat?post=1706"},{"taxonomy":"product_tag","embeddable":true,"href":"https:\/\/grafikus-coffeetec.de\/en\/wp-json\/wp\/v2\/product_tag?post=1706"}],"curies":[{"name":"wp","href":"https:\/\/api.w.org\/{rel}","templated":true}]}}