{"id":1464,"date":"2021-02-05T13:13:42","date_gmt":"2021-02-05T12:13:42","guid":{"rendered":"https:\/\/grafikus-coffeetec.de\/?post_type=product&#038;p=1464"},"modified":"2025-07-15T09:54:15","modified_gmt":"2025-07-15T07:54:15","slug":"gs3_lineamini-gitter-pulverbeschichten","status":"publish","type":"product","link":"https:\/\/grafikus-coffeetec.de\/en\/product\/gs3_lineamini-gitter-pulverbeschichten\/","title":{"rendered":"Linea Mini \/ Linea Mini R \/ GS3 powder-coating drip grid and cup shelf"},"content":{"rendered":"<p>Want to spruce up your scratched drip tray or cup rack or give it a new color? No problem.<\/p>\n<p>Simply send me your existing draining rack and cup shelf and I will receive it back freshly powder-coated.<\/p>\n<p>Other colors and models are of course possible. Simply write me an email.<\/p>\n<p>&nbsp;<\/p>\n<p><strong>ATTENTION: This item does not include new grids. The existing grids must be sent so that they can be powder coated.<\/strong><\/p>","protected":false},"excerpt":{"rendered":"<p>Want to spruce up or repaint your scratched drip tray\/cup rack? No problem. Simply send me your existing drip tray and cup rack, and I&#039;ll return it freshly powder-coated. Other colors and models are also available. Just send me an email. PLEASE NOTE: This item does not include new trays. You will need to replace your existing trays\u2026<\/p>","protected":false},"featured_media":1465,"comment_status":"open","ping_status":"closed","template":"","meta":{"_acf_changed":false,"inline_featured_image":false},"product_brand":[],"product_cat":[64,62,279],"product_tag":[507,103,65,61,281,170,101,102,509,508,169],"class_list":{"0":"post-1464","1":"product","2":"type-product","3":"status-publish","4":"has-post-thumbnail","6":"product_cat-lamarzocco-gs3","7":"product_cat-linea-mini","8":"product_cat-la-marzocco-linea-mini-r","9":"product_tag-abtropfblech","10":"product_tag-abtropfgitter","11":"product_tag-gs3","12":"product_tag-linea-mini","13":"product_tag-linea-mini-r","14":"product_tag-modifkation","15":"product_tag-pulverbeschichtet","16":"product_tag-tassenablage","17":"product_tag-tassenblech","18":"product_tag-tropfblech","19":"product_tag-zubehoer","21":"first","22":"instock","23":"taxable","24":"shipping-taxable","25":"purchasable","26":"product-type-variable","27":"has-default-attributes"},"acf":[],"yoast_head":"<!-- This site is optimized with the Yoast SEO plugin v27.1.1 - https:\/\/yoast.com\/product\/yoast-seo-wordpress\/ -->\n<title>Linea Mini \/ Linea Mini R \/ GS3 Tropfgitter und Tassenablage pulverbeschichten | grafikus-coffeetec.de<\/title>\n<meta name=\"robots\" content=\"index, follow, max-snippet:-1, max-image-preview:large, max-video-preview:-1\" \/>\n<link rel=\"canonical\" href=\"https:\/\/grafikus-coffeetec.de\/en\/product\/gs3_lineamini-gitter-pulverbeschichten\/\" \/>\n<meta property=\"og:locale\" content=\"en_US\" \/>\n<meta property=\"og:type\" content=\"article\" \/>\n<meta property=\"og:title\" content=\"Linea Mini \/ Linea Mini R \/ GS3 Tropfgitter und Tassenablage pulverbeschichten | grafikus-coffeetec.de\" \/>\n<meta property=\"og:description\" content=\"Ihr m\u00f6chtet eure zerkratzen Tropfblech \/ Tassenablagen aufh\u00fcbschen oder farbig umgestalten? Kein Problem. Schickt mir einfach euer bestehendes Abtropfgitter und die Tassenablage zu und erhaltet es frisch Pulverbeschichtet zur\u00fcck. Weitere Farben und Modelle sind selbstverst\u00e4ndlich m\u00f6glich. Schreibt mir hierzu einfach eine E-Mail. &nbsp; ACHTUNG: Dieser Artikel beinhaltet keine neuen Gitter. Es m\u00fcssen die bestehenden Gitter &hellip;\" \/>\n<meta property=\"og:url\" content=\"https:\/\/grafikus-coffeetec.de\/en\/product\/gs3_lineamini-gitter-pulverbeschichten\/\" \/>\n<meta property=\"og:site_name\" content=\"grafikus-coffeetec.de\" \/>\n<meta property=\"article:modified_time\" content=\"2025-07-15T07:54:15+00:00\" \/>\n<meta property=\"og:image\" content=\"https:\/\/grafikus-coffeetec.de\/wp-content\/uploads\/2021\/02\/IMG_3373-scaled.jpg\" \/>\n\t<meta property=\"og:image:width\" content=\"2560\" \/>\n\t<meta property=\"og:image:height\" content=\"2560\" \/>\n\t<meta property=\"og:image:type\" content=\"image\/jpeg\" \/>\n<meta name=\"twitter:card\" content=\"summary_large_image\" \/>\n<meta name=\"twitter:label1\" content=\"Est. reading time\" \/>\n\t<meta name=\"twitter:data1\" content=\"1 minute\" \/>\n<script type=\"application\/ld+json\" class=\"yoast-schema-graph\">{\"@context\":\"https:\/\/schema.org\",\"@graph\":[{\"@type\":\"WebPage\",\"@id\":\"https:\/\/grafikus-coffeetec.de\/produkt\/gs3_lineamini-gitter-pulverbeschichten\/\",\"url\":\"https:\/\/grafikus-coffeetec.de\/produkt\/gs3_lineamini-gitter-pulverbeschichten\/\",\"name\":\"Linea Mini \/ Linea Mini R \/ GS3 Tropfgitter und Tassenablage pulverbeschichten | grafikus-coffeetec.de\",\"isPartOf\":{\"@id\":\"https:\/\/grafikus-coffeetec.de\/#website\"},\"primaryImageOfPage\":{\"@id\":\"https:\/\/grafikus-coffeetec.de\/produkt\/gs3_lineamini-gitter-pulverbeschichten\/#primaryimage\"},\"image\":{\"@id\":\"https:\/\/grafikus-coffeetec.de\/produkt\/gs3_lineamini-gitter-pulverbeschichten\/#primaryimage\"},\"thumbnailUrl\":\"https:\/\/grafikus-coffeetec.de\/wp-content\/uploads\/2021\/02\/IMG_3373-scaled.jpg\",\"datePublished\":\"2021-02-05T12:13:42+00:00\",\"dateModified\":\"2025-07-15T07:54:15+00:00\",\"breadcrumb\":{\"@id\":\"https:\/\/grafikus-coffeetec.de\/produkt\/gs3_lineamini-gitter-pulverbeschichten\/#breadcrumb\"},\"inLanguage\":\"en-US\",\"potentialAction\":[{\"@type\":\"ReadAction\",\"target\":[\"https:\/\/grafikus-coffeetec.de\/produkt\/gs3_lineamini-gitter-pulverbeschichten\/\"]}]},{\"@type\":\"ImageObject\",\"inLanguage\":\"en-US\",\"@id\":\"https:\/\/grafikus-coffeetec.de\/produkt\/gs3_lineamini-gitter-pulverbeschichten\/#primaryimage\",\"url\":\"https:\/\/grafikus-coffeetec.de\/wp-content\/uploads\/2021\/02\/IMG_3373-scaled.jpg\",\"contentUrl\":\"https:\/\/grafikus-coffeetec.de\/wp-content\/uploads\/2021\/02\/IMG_3373-scaled.jpg\",\"width\":2560,\"height\":2560,\"caption\":\"La Marzocco Linea Mini pulverbeschichete Gitter\"},{\"@type\":\"BreadcrumbList\",\"@id\":\"https:\/\/grafikus-coffeetec.de\/produkt\/gs3_lineamini-gitter-pulverbeschichten\/#breadcrumb\",\"itemListElement\":[{\"@type\":\"ListItem\",\"position\":1,\"name\":\"Startseite\",\"item\":\"https:\/\/grafikus-coffeetec.de\/\"},{\"@type\":\"ListItem\",\"position\":2,\"name\":\"Startseite\",\"item\":\"https:\/\/grafikus-coffeetec.de\/\"},{\"@type\":\"ListItem\",\"position\":3,\"name\":\"Linea Mini \/ Linea Mini R \/ GS3 Tropfgitter und Tassenablage pulverbeschichten\"}]},{\"@type\":\"WebSite\",\"@id\":\"https:\/\/grafikus-coffeetec.de\/#website\",\"url\":\"https:\/\/grafikus-coffeetec.de\/\",\"name\":\"grafikus-coffeetec.de\",\"description\":\"Ihr Spezialist f\u00fcr hochwertiges Zubeh\u00f6r und Umbauten\",\"publisher\":{\"@id\":\"https:\/\/grafikus-coffeetec.de\/#organization\"},\"potentialAction\":[{\"@type\":\"SearchAction\",\"target\":{\"@type\":\"EntryPoint\",\"urlTemplate\":\"https:\/\/grafikus-coffeetec.de\/?s={search_term_string}\"},\"query-input\":{\"@type\":\"PropertyValueSpecification\",\"valueRequired\":true,\"valueName\":\"search_term_string\"}}],\"inLanguage\":\"en-US\"},{\"@type\":\"Organization\",\"@id\":\"https:\/\/grafikus-coffeetec.de\/#organization\",\"name\":\"Grafikus Coffeetec\",\"url\":\"https:\/\/grafikus-coffeetec.de\/\",\"logo\":{\"@type\":\"ImageObject\",\"inLanguage\":\"en-US\",\"@id\":\"https:\/\/grafikus-coffeetec.de\/#\/schema\/logo\/image\/\",\"url\":\"https:\/\/grafikus-coffeetec.de\/wp-content\/uploads\/2020\/05\/Logo_Grafikus-Coffeetec.svg\",\"contentUrl\":\"https:\/\/grafikus-coffeetec.de\/wp-content\/uploads\/2020\/05\/Logo_Grafikus-Coffeetec.svg\",\"width\":\"1024\",\"height\":\"1024\",\"caption\":\"Grafikus Coffeetec\"},\"image\":{\"@id\":\"https:\/\/grafikus-coffeetec.de\/#\/schema\/logo\/image\/\"},\"sameAs\":[\"https:\/\/www.instagram.com\/grafikus_coffeetec\/\"]}]}<\/script>\n<!-- \/ Yoast SEO plugin. -->","yoast_head_json":{"title":"Linea Mini \/ Linea Mini R \/ GS3 drip tray and cup tray powder coating | grafikus-coffeetec.de","robots":{"index":"index","follow":"follow","max-snippet":"max-snippet:-1","max-image-preview":"max-image-preview:large","max-video-preview":"max-video-preview:-1"},"canonical":"https:\/\/grafikus-coffeetec.de\/en\/product\/gs3_lineamini-gitter-pulverbeschichten\/","og_locale":"en_US","og_type":"article","og_title":"Linea Mini \/ Linea Mini R \/ GS3 Tropfgitter und Tassenablage pulverbeschichten | grafikus-coffeetec.de","og_description":"Ihr m\u00f6chtet eure zerkratzen Tropfblech \/ Tassenablagen aufh\u00fcbschen oder farbig umgestalten? Kein Problem. Schickt mir einfach euer bestehendes Abtropfgitter und die Tassenablage zu und erhaltet es frisch Pulverbeschichtet zur\u00fcck. Weitere Farben und Modelle sind selbstverst\u00e4ndlich m\u00f6glich. Schreibt mir hierzu einfach eine E-Mail. &nbsp; ACHTUNG: Dieser Artikel beinhaltet keine neuen Gitter. Es m\u00fcssen die bestehenden Gitter &hellip;","og_url":"https:\/\/grafikus-coffeetec.de\/en\/product\/gs3_lineamini-gitter-pulverbeschichten\/","og_site_name":"grafikus-coffeetec.de","article_modified_time":"2025-07-15T07:54:15+00:00","og_image":[{"width":2560,"height":2560,"url":"https:\/\/grafikus-coffeetec.de\/wp-content\/uploads\/2021\/02\/IMG_3373-scaled.jpg","type":"image\/jpeg"}],"twitter_card":"summary_large_image","twitter_misc":{"Est. reading time":"1 minute"},"schema":{"@context":"https:\/\/schema.org","@graph":[{"@type":"WebPage","@id":"https:\/\/grafikus-coffeetec.de\/produkt\/gs3_lineamini-gitter-pulverbeschichten\/","url":"https:\/\/grafikus-coffeetec.de\/produkt\/gs3_lineamini-gitter-pulverbeschichten\/","name":"Linea Mini \/ Linea Mini R \/ GS3 drip tray and cup tray powder coating | grafikus-coffeetec.de","isPartOf":{"@id":"https:\/\/grafikus-coffeetec.de\/#website"},"primaryImageOfPage":{"@id":"https:\/\/grafikus-coffeetec.de\/produkt\/gs3_lineamini-gitter-pulverbeschichten\/#primaryimage"},"image":{"@id":"https:\/\/grafikus-coffeetec.de\/produkt\/gs3_lineamini-gitter-pulverbeschichten\/#primaryimage"},"thumbnailUrl":"https:\/\/grafikus-coffeetec.de\/wp-content\/uploads\/2021\/02\/IMG_3373-scaled.jpg","datePublished":"2021-02-05T12:13:42+00:00","dateModified":"2025-07-15T07:54:15+00:00","breadcrumb":{"@id":"https:\/\/grafikus-coffeetec.de\/produkt\/gs3_lineamini-gitter-pulverbeschichten\/#breadcrumb"},"inLanguage":"en-US","potentialAction":[{"@type":"ReadAction","target":["https:\/\/grafikus-coffeetec.de\/produkt\/gs3_lineamini-gitter-pulverbeschichten\/"]}]},{"@type":"ImageObject","inLanguage":"en-US","@id":"https:\/\/grafikus-coffeetec.de\/produkt\/gs3_lineamini-gitter-pulverbeschichten\/#primaryimage","url":"https:\/\/grafikus-coffeetec.de\/wp-content\/uploads\/2021\/02\/IMG_3373-scaled.jpg","contentUrl":"https:\/\/grafikus-coffeetec.de\/wp-content\/uploads\/2021\/02\/IMG_3373-scaled.jpg","width":2560,"height":2560,"caption":"La Marzocco Linea Mini pulverbeschichete Gitter"},{"@type":"BreadcrumbList","@id":"https:\/\/grafikus-coffeetec.de\/produkt\/gs3_lineamini-gitter-pulverbeschichten\/#breadcrumb","itemListElement":[{"@type":"ListItem","position":1,"name":"Startseite","item":"https:\/\/grafikus-coffeetec.de\/"},{"@type":"ListItem","position":2,"name":"Startseite","item":"https:\/\/grafikus-coffeetec.de\/"},{"@type":"ListItem","position":3,"name":"Linea Mini \/ Linea Mini R \/ GS3 Tropfgitter und Tassenablage pulverbeschichten"}]},{"@type":"WebSite","@id":"https:\/\/grafikus-coffeetec.de\/#website","url":"https:\/\/grafikus-coffeetec.de\/","name":"grafikus-coffeetec.de","description":"Your specialist for high-quality accessories and conversions","publisher":{"@id":"https:\/\/grafikus-coffeetec.de\/#organization"},"potentialAction":[{"@type":"SearchAction","target":{"@type":"EntryPoint","urlTemplate":"https:\/\/grafikus-coffeetec.de\/?s={search_term_string}"},"query-input":{"@type":"PropertyValueSpecification","valueRequired":true,"valueName":"search_term_string"}}],"inLanguage":"en-US"},{"@type":"Organization","@id":"https:\/\/grafikus-coffeetec.de\/#organization","name":"Graphics company Coffeetec","url":"https:\/\/grafikus-coffeetec.de\/","logo":{"@type":"ImageObject","inLanguage":"en-US","@id":"https:\/\/grafikus-coffeetec.de\/#\/schema\/logo\/image\/","url":"https:\/\/grafikus-coffeetec.de\/wp-content\/uploads\/2020\/05\/Logo_Grafikus-Coffeetec.svg","contentUrl":"https:\/\/grafikus-coffeetec.de\/wp-content\/uploads\/2020\/05\/Logo_Grafikus-Coffeetec.svg","width":"1024","height":"1024","caption":"Grafikus Coffeetec"},"image":{"@id":"https:\/\/grafikus-coffeetec.de\/#\/schema\/logo\/image\/"},"sameAs":["https:\/\/www.instagram.com\/grafikus_coffeetec\/"]}]}},"_links":{"self":[{"href":"https:\/\/grafikus-coffeetec.de\/en\/wp-json\/wp\/v2\/product\/1464","targetHints":{"allow":["GET"]}}],"collection":[{"href":"https:\/\/grafikus-coffeetec.de\/en\/wp-json\/wp\/v2\/product"}],"about":[{"href":"https:\/\/grafikus-coffeetec.de\/en\/wp-json\/wp\/v2\/types\/product"}],"replies":[{"embeddable":true,"href":"https:\/\/grafikus-coffeetec.de\/en\/wp-json\/wp\/v2\/comments?post=1464"}],"wp:featuredmedia":[{"embeddable":true,"href":"https:\/\/grafikus-coffeetec.de\/en\/wp-json\/wp\/v2\/media\/1465"}],"wp:attachment":[{"href":"https:\/\/grafikus-coffeetec.de\/en\/wp-json\/wp\/v2\/media?parent=1464"}],"wp:term":[{"taxonomy":"product_brand","embeddable":true,"href":"https:\/\/grafikus-coffeetec.de\/en\/wp-json\/wp\/v2\/product_brand?post=1464"},{"taxonomy":"product_cat","embeddable":true,"href":"https:\/\/grafikus-coffeetec.de\/en\/wp-json\/wp\/v2\/product_cat?post=1464"},{"taxonomy":"product_tag","embeddable":true,"href":"https:\/\/grafikus-coffeetec.de\/en\/wp-json\/wp\/v2\/product_tag?post=1464"}],"curies":[{"name":"wp","href":"https:\/\/api.w.org\/{rel}","templated":true}]}}