{"id":1170,"date":"2020-05-17T12:40:54","date_gmt":"2020-05-17T10:40:54","guid":{"rendered":"https:\/\/grafikus-coffeetec.de\/?post_type=product&#038;p=1170"},"modified":"2026-04-16T15:01:10","modified_gmt":"2026-04-16T13:01:10","slug":"edelstahl-fuesse-linea-mini-50mm","status":"publish","type":"product","link":"https:\/\/grafikus-coffeetec.de\/en\/product\/edelstahl-fuesse-linea-mini-50mm\/","title":{"rendered":"Stainless steel feet Linea Mini \/ Linea Mini R \/ Linea Micra \/ GS3 \u2013 50mm height"},"content":{"rendered":"<p>Upgrade your La Marzocco Linea Mini, Linea Micra and GS3 with these stainless steel feet.<br \/>\nThe feet have a height of 50mm and a diameter at the bottom of 34mm.<br \/>\nThe 50mm version is particularly advantageous if your machine is hanging on solid water, as the flexible hose can be guided very easily under the machine.<\/p>\n<p>This foot shape is also available with a height of 35mm.<\/p>\n<p>Scope of delivery: 1 set consisting of 4 feet including anti-slip pads<\/p>","protected":false},"excerpt":{"rendered":"<p>Upgrade your La Marzocco Linea Mini, Linea Micra, and GS3 with these stainless steel feet. The feet are 50mm high and have a base diameter of 34mm. The 50mm version is particularly advantageous if your machine is plumbed in, as it allows the flexible hose to be routed neatly underneath. This foot design\u2026<\/p>","protected":false},"featured_media":1399,"comment_status":"open","ping_status":"closed","template":"","meta":{"_acf_changed":false,"inline_featured_image":false},"product_brand":[],"product_cat":[64,62,279],"product_tag":[59,60,65,66,158,61,281,170,169],"class_list":{"0":"post-1170","1":"product","2":"type-product","3":"status-publish","4":"has-post-thumbnail","6":"product_cat-lamarzocco-gs3","7":"product_cat-linea-mini","8":"product_cat-la-marzocco-linea-mini-r","9":"product_tag-edelstahl","10":"product_tag-fuesse","11":"product_tag-gs3","12":"product_tag-la-marzocco","13":"product_tag-linea-micra","14":"product_tag-linea-mini","15":"product_tag-linea-mini-r","16":"product_tag-modifkation","17":"product_tag-zubehoer","19":"first","20":"onbackorder","21":"sale","22":"taxable","23":"shipping-taxable","24":"purchasable","25":"product-type-variable","26":"has-default-attributes"},"acf":[],"yoast_head":"<!-- This site is optimized with the Yoast SEO plugin v27.1.1 - https:\/\/yoast.com\/product\/yoast-seo-wordpress\/ -->\n<title>Edelstahl F\u00fc\u00dfe Linea Mini \/ Linea Mini R \/ Linea Micra \/ GS3 \u2013 50mm H\u00f6he | grafikus-coffeetec.de<\/title>\n<meta name=\"robots\" content=\"index, follow, max-snippet:-1, max-image-preview:large, max-video-preview:-1\" \/>\n<link rel=\"canonical\" href=\"https:\/\/grafikus-coffeetec.de\/en\/product\/edelstahl-fuesse-linea-mini-50mm\/\" \/>\n<meta property=\"og:locale\" content=\"en_US\" \/>\n<meta property=\"og:type\" content=\"article\" \/>\n<meta property=\"og:title\" content=\"Edelstahl F\u00fc\u00dfe Linea Mini \/ Linea Mini R \/ Linea Micra \/ GS3 \u2013 50mm H\u00f6he | grafikus-coffeetec.de\" \/>\n<meta property=\"og:description\" content=\"Werte deine La Marzocco Linea Mini, Linea Micra und GS3 mit diesen Edelstahl F\u00fc\u00dfen auf. Die F\u00fc\u00dfe haben eine H\u00f6he von 50mm und einen Durchmesser unten von 34mm. Gerade wenn deine Maschine am Festwasser h\u00e4ngt, ist die 50mm Version sehr von Vorteil, da der Flexschlauch sehr gut unter der Maschine gef\u00fchrt werden kann. Diese Fu\u00dfform &hellip;\" \/>\n<meta property=\"og:url\" content=\"https:\/\/grafikus-coffeetec.de\/en\/product\/edelstahl-fuesse-linea-mini-50mm\/\" \/>\n<meta property=\"og:site_name\" content=\"grafikus-coffeetec.de\" \/>\n<meta property=\"article:modified_time\" content=\"2026-04-16T13:01:10+00:00\" \/>\n<meta property=\"og:image\" content=\"https:\/\/grafikus-coffeetec.de\/wp-content\/uploads\/2020\/05\/IMG_3087-scaled-e1609361911157.jpg\" \/>\n\t<meta property=\"og:image:width\" content=\"1913\" \/>\n\t<meta property=\"og:image:height\" content=\"1913\" \/>\n\t<meta property=\"og:image:type\" content=\"image\/jpeg\" \/>\n<meta name=\"twitter:card\" content=\"summary_large_image\" \/>\n<meta name=\"twitter:label1\" content=\"Est. reading time\" \/>\n\t<meta name=\"twitter:data1\" content=\"1 minute\" \/>\n<script type=\"application\/ld+json\" class=\"yoast-schema-graph\">{\"@context\":\"https:\/\/schema.org\",\"@graph\":[{\"@type\":\"WebPage\",\"@id\":\"https:\/\/grafikus-coffeetec.de\/produkt\/edelstahl-fuesse-linea-mini-50mm\/\",\"url\":\"https:\/\/grafikus-coffeetec.de\/produkt\/edelstahl-fuesse-linea-mini-50mm\/\",\"name\":\"Edelstahl F\u00fc\u00dfe Linea Mini \/ Linea Mini R \/ Linea Micra \/ GS3 \u2013 50mm H\u00f6he | grafikus-coffeetec.de\",\"isPartOf\":{\"@id\":\"https:\/\/grafikus-coffeetec.de\/#website\"},\"primaryImageOfPage\":{\"@id\":\"https:\/\/grafikus-coffeetec.de\/produkt\/edelstahl-fuesse-linea-mini-50mm\/#primaryimage\"},\"image\":{\"@id\":\"https:\/\/grafikus-coffeetec.de\/produkt\/edelstahl-fuesse-linea-mini-50mm\/#primaryimage\"},\"thumbnailUrl\":\"https:\/\/grafikus-coffeetec.de\/wp-content\/uploads\/2020\/05\/IMG_3087-scaled-e1609361911157.jpg\",\"datePublished\":\"2020-05-17T10:40:54+00:00\",\"dateModified\":\"2026-04-16T13:01:10+00:00\",\"breadcrumb\":{\"@id\":\"https:\/\/grafikus-coffeetec.de\/produkt\/edelstahl-fuesse-linea-mini-50mm\/#breadcrumb\"},\"inLanguage\":\"en-US\",\"potentialAction\":[{\"@type\":\"ReadAction\",\"target\":[\"https:\/\/grafikus-coffeetec.de\/produkt\/edelstahl-fuesse-linea-mini-50mm\/\"]}]},{\"@type\":\"ImageObject\",\"inLanguage\":\"en-US\",\"@id\":\"https:\/\/grafikus-coffeetec.de\/produkt\/edelstahl-fuesse-linea-mini-50mm\/#primaryimage\",\"url\":\"https:\/\/grafikus-coffeetec.de\/wp-content\/uploads\/2020\/05\/IMG_3087-scaled-e1609361911157.jpg\",\"contentUrl\":\"https:\/\/grafikus-coffeetec.de\/wp-content\/uploads\/2020\/05\/IMG_3087-scaled-e1609361911157.jpg\",\"width\":1913,\"height\":1913,\"caption\":\"LaMarzocco Linea Mini \/ GS3 Edelstahl F\u00fc\u00dfe\"},{\"@type\":\"BreadcrumbList\",\"@id\":\"https:\/\/grafikus-coffeetec.de\/produkt\/edelstahl-fuesse-linea-mini-50mm\/#breadcrumb\",\"itemListElement\":[{\"@type\":\"ListItem\",\"position\":1,\"name\":\"Startseite\",\"item\":\"https:\/\/grafikus-coffeetec.de\/\"},{\"@type\":\"ListItem\",\"position\":2,\"name\":\"Startseite\",\"item\":\"https:\/\/grafikus-coffeetec.de\/\"},{\"@type\":\"ListItem\",\"position\":3,\"name\":\"Edelstahl F\u00fc\u00dfe Linea Mini \/ Linea Mini R \/ Linea Micra \/ GS3 \u2013 50mm H\u00f6he\"}]},{\"@type\":\"WebSite\",\"@id\":\"https:\/\/grafikus-coffeetec.de\/#website\",\"url\":\"https:\/\/grafikus-coffeetec.de\/\",\"name\":\"grafikus-coffeetec.de\",\"description\":\"Ihr Spezialist f\u00fcr hochwertiges Zubeh\u00f6r und Umbauten\",\"publisher\":{\"@id\":\"https:\/\/grafikus-coffeetec.de\/#organization\"},\"potentialAction\":[{\"@type\":\"SearchAction\",\"target\":{\"@type\":\"EntryPoint\",\"urlTemplate\":\"https:\/\/grafikus-coffeetec.de\/?s={search_term_string}\"},\"query-input\":{\"@type\":\"PropertyValueSpecification\",\"valueRequired\":true,\"valueName\":\"search_term_string\"}}],\"inLanguage\":\"en-US\"},{\"@type\":\"Organization\",\"@id\":\"https:\/\/grafikus-coffeetec.de\/#organization\",\"name\":\"Grafikus Coffeetec\",\"url\":\"https:\/\/grafikus-coffeetec.de\/\",\"logo\":{\"@type\":\"ImageObject\",\"inLanguage\":\"en-US\",\"@id\":\"https:\/\/grafikus-coffeetec.de\/#\/schema\/logo\/image\/\",\"url\":\"https:\/\/grafikus-coffeetec.de\/wp-content\/uploads\/2020\/05\/Logo_Grafikus-Coffeetec.svg\",\"contentUrl\":\"https:\/\/grafikus-coffeetec.de\/wp-content\/uploads\/2020\/05\/Logo_Grafikus-Coffeetec.svg\",\"width\":\"1024\",\"height\":\"1024\",\"caption\":\"Grafikus Coffeetec\"},\"image\":{\"@id\":\"https:\/\/grafikus-coffeetec.de\/#\/schema\/logo\/image\/\"},\"sameAs\":[\"https:\/\/www.instagram.com\/grafikus_coffeetec\/\"]}]}<\/script>\n<!-- \/ Yoast SEO plugin. -->","yoast_head_json":{"title":"Stainless steel feet for Linea Mini \/ Linea Mini R \/ Linea Micra \/ GS3 \u2013 50mm height | grafikus-coffeetec.de","robots":{"index":"index","follow":"follow","max-snippet":"max-snippet:-1","max-image-preview":"max-image-preview:large","max-video-preview":"max-video-preview:-1"},"canonical":"https:\/\/grafikus-coffeetec.de\/en\/product\/edelstahl-fuesse-linea-mini-50mm\/","og_locale":"en_US","og_type":"article","og_title":"Edelstahl F\u00fc\u00dfe Linea Mini \/ Linea Mini R \/ Linea Micra \/ GS3 \u2013 50mm H\u00f6he | grafikus-coffeetec.de","og_description":"Werte deine La Marzocco Linea Mini, Linea Micra und GS3 mit diesen Edelstahl F\u00fc\u00dfen auf. Die F\u00fc\u00dfe haben eine H\u00f6he von 50mm und einen Durchmesser unten von 34mm. Gerade wenn deine Maschine am Festwasser h\u00e4ngt, ist die 50mm Version sehr von Vorteil, da der Flexschlauch sehr gut unter der Maschine gef\u00fchrt werden kann. Diese Fu\u00dfform &hellip;","og_url":"https:\/\/grafikus-coffeetec.de\/en\/product\/edelstahl-fuesse-linea-mini-50mm\/","og_site_name":"grafikus-coffeetec.de","article_modified_time":"2026-04-16T13:01:10+00:00","og_image":[{"width":1913,"height":1913,"url":"https:\/\/grafikus-coffeetec.de\/wp-content\/uploads\/2020\/05\/IMG_3087-scaled-e1609361911157.jpg","type":"image\/jpeg"}],"twitter_card":"summary_large_image","twitter_misc":{"Est. reading time":"1 minute"},"schema":{"@context":"https:\/\/schema.org","@graph":[{"@type":"WebPage","@id":"https:\/\/grafikus-coffeetec.de\/produkt\/edelstahl-fuesse-linea-mini-50mm\/","url":"https:\/\/grafikus-coffeetec.de\/produkt\/edelstahl-fuesse-linea-mini-50mm\/","name":"Stainless steel feet for Linea Mini \/ Linea Mini R \/ Linea Micra \/ GS3 \u2013 50mm height | grafikus-coffeetec.de","isPartOf":{"@id":"https:\/\/grafikus-coffeetec.de\/#website"},"primaryImageOfPage":{"@id":"https:\/\/grafikus-coffeetec.de\/produkt\/edelstahl-fuesse-linea-mini-50mm\/#primaryimage"},"image":{"@id":"https:\/\/grafikus-coffeetec.de\/produkt\/edelstahl-fuesse-linea-mini-50mm\/#primaryimage"},"thumbnailUrl":"https:\/\/grafikus-coffeetec.de\/wp-content\/uploads\/2020\/05\/IMG_3087-scaled-e1609361911157.jpg","datePublished":"2020-05-17T10:40:54+00:00","dateModified":"2026-04-16T13:01:10+00:00","breadcrumb":{"@id":"https:\/\/grafikus-coffeetec.de\/produkt\/edelstahl-fuesse-linea-mini-50mm\/#breadcrumb"},"inLanguage":"en-US","potentialAction":[{"@type":"ReadAction","target":["https:\/\/grafikus-coffeetec.de\/produkt\/edelstahl-fuesse-linea-mini-50mm\/"]}]},{"@type":"ImageObject","inLanguage":"en-US","@id":"https:\/\/grafikus-coffeetec.de\/produkt\/edelstahl-fuesse-linea-mini-50mm\/#primaryimage","url":"https:\/\/grafikus-coffeetec.de\/wp-content\/uploads\/2020\/05\/IMG_3087-scaled-e1609361911157.jpg","contentUrl":"https:\/\/grafikus-coffeetec.de\/wp-content\/uploads\/2020\/05\/IMG_3087-scaled-e1609361911157.jpg","width":1913,"height":1913,"caption":"LaMarzocco Linea Mini \/ GS3 Edelstahl F\u00fc\u00dfe"},{"@type":"BreadcrumbList","@id":"https:\/\/grafikus-coffeetec.de\/produkt\/edelstahl-fuesse-linea-mini-50mm\/#breadcrumb","itemListElement":[{"@type":"ListItem","position":1,"name":"Startseite","item":"https:\/\/grafikus-coffeetec.de\/"},{"@type":"ListItem","position":2,"name":"Startseite","item":"https:\/\/grafikus-coffeetec.de\/"},{"@type":"ListItem","position":3,"name":"Edelstahl F\u00fc\u00dfe Linea Mini \/ Linea Mini R \/ Linea Micra \/ GS3 \u2013 50mm H\u00f6he"}]},{"@type":"WebSite","@id":"https:\/\/grafikus-coffeetec.de\/#website","url":"https:\/\/grafikus-coffeetec.de\/","name":"grafikus-coffeetec.de","description":"Your specialist for high-quality accessories and conversions","publisher":{"@id":"https:\/\/grafikus-coffeetec.de\/#organization"},"potentialAction":[{"@type":"SearchAction","target":{"@type":"EntryPoint","urlTemplate":"https:\/\/grafikus-coffeetec.de\/?s={search_term_string}"},"query-input":{"@type":"PropertyValueSpecification","valueRequired":true,"valueName":"search_term_string"}}],"inLanguage":"en-US"},{"@type":"Organization","@id":"https:\/\/grafikus-coffeetec.de\/#organization","name":"Graphics company Coffeetec","url":"https:\/\/grafikus-coffeetec.de\/","logo":{"@type":"ImageObject","inLanguage":"en-US","@id":"https:\/\/grafikus-coffeetec.de\/#\/schema\/logo\/image\/","url":"https:\/\/grafikus-coffeetec.de\/wp-content\/uploads\/2020\/05\/Logo_Grafikus-Coffeetec.svg","contentUrl":"https:\/\/grafikus-coffeetec.de\/wp-content\/uploads\/2020\/05\/Logo_Grafikus-Coffeetec.svg","width":"1024","height":"1024","caption":"Grafikus Coffeetec"},"image":{"@id":"https:\/\/grafikus-coffeetec.de\/#\/schema\/logo\/image\/"},"sameAs":["https:\/\/www.instagram.com\/grafikus_coffeetec\/"]}]}},"_links":{"self":[{"href":"https:\/\/grafikus-coffeetec.de\/en\/wp-json\/wp\/v2\/product\/1170","targetHints":{"allow":["GET"]}}],"collection":[{"href":"https:\/\/grafikus-coffeetec.de\/en\/wp-json\/wp\/v2\/product"}],"about":[{"href":"https:\/\/grafikus-coffeetec.de\/en\/wp-json\/wp\/v2\/types\/product"}],"replies":[{"embeddable":true,"href":"https:\/\/grafikus-coffeetec.de\/en\/wp-json\/wp\/v2\/comments?post=1170"}],"wp:featuredmedia":[{"embeddable":true,"href":"https:\/\/grafikus-coffeetec.de\/en\/wp-json\/wp\/v2\/media\/1399"}],"wp:attachment":[{"href":"https:\/\/grafikus-coffeetec.de\/en\/wp-json\/wp\/v2\/media?parent=1170"}],"wp:term":[{"taxonomy":"product_brand","embeddable":true,"href":"https:\/\/grafikus-coffeetec.de\/en\/wp-json\/wp\/v2\/product_brand?post=1170"},{"taxonomy":"product_cat","embeddable":true,"href":"https:\/\/grafikus-coffeetec.de\/en\/wp-json\/wp\/v2\/product_cat?post=1170"},{"taxonomy":"product_tag","embeddable":true,"href":"https:\/\/grafikus-coffeetec.de\/en\/wp-json\/wp\/v2\/product_tag?post=1170"}],"curies":[{"name":"wp","href":"https:\/\/api.w.org\/{rel}","templated":true}]}}