{"id":1168,"date":"2020-05-17T12:31:27","date_gmt":"2020-05-17T10:31:27","guid":{"rendered":"https:\/\/grafikus-coffeetec.de\/?post_type=product&#038;p=1168"},"modified":"2024-12-11T23:09:59","modified_gmt":"2024-12-11T22:09:59","slug":"edelstahl-fuesse-gs3","status":"publish","type":"product","link":"https:\/\/grafikus-coffeetec.de\/en\/product\/edelstahl-fuesse-gs3\/","title":{"rendered":"Stainless steel feet GS3 \/ Linea Mini \/ Linea Mini R 40mm height"},"content":{"rendered":"<p>Upgrade your La Marzocco GS3 or Linea Mini with these stainless steel feet.<br \/>\nThe feet have a height of 40mm and a diameter at the bottom of 34mm<\/p>\n<p>Scope of delivery: 1 set consisting of 4 feet including anti-slip pad<\/p>","protected":false},"excerpt":{"rendered":"<p>Upgrade your La Marzocco GS3 or Linea Mini with these stainless steel feet. The feet have a height of 40mm and a diameter of 34mm at the bottom. Scope of delivery: 1 set consisting of 4 feet including anti-slip pad<\/p>","protected":false},"featured_media":2897,"comment_status":"open","ping_status":"closed","template":"","meta":{"_acf_changed":false,"inline_featured_image":false},"product_brand":[],"product_cat":[64,62,279],"product_tag":[59,60,65,66,281,170,169],"class_list":{"0":"post-1168","1":"product","2":"type-product","3":"status-publish","4":"has-post-thumbnail","6":"product_cat-lamarzocco-gs3","7":"product_cat-linea-mini","8":"product_cat-la-marzocco-linea-mini-r","9":"product_tag-edelstahl","10":"product_tag-fuesse","11":"product_tag-gs3","12":"product_tag-la-marzocco","13":"product_tag-linea-mini-r","14":"product_tag-modifkation","15":"product_tag-zubehoer","17":"first","18":"outofstock","19":"taxable","20":"shipping-taxable","21":"purchasable","22":"product-type-variable","23":"has-default-attributes"},"acf":[],"yoast_head":"<!-- This site is optimized with the Yoast SEO plugin v27.1.1 - https:\/\/yoast.com\/product\/yoast-seo-wordpress\/ -->\n<title>Edelstahl F\u00fc\u00dfe GS3 \/ Linea Mini \/ Linea Mini R 40mm H\u00f6he | grafikus-coffeetec.de<\/title>\n<meta name=\"robots\" content=\"index, follow, max-snippet:-1, max-image-preview:large, max-video-preview:-1\" \/>\n<link rel=\"canonical\" href=\"https:\/\/grafikus-coffeetec.de\/en\/product\/edelstahl-fuesse-gs3\/\" \/>\n<meta property=\"og:locale\" content=\"en_US\" \/>\n<meta property=\"og:type\" content=\"article\" \/>\n<meta property=\"og:title\" content=\"Edelstahl F\u00fc\u00dfe GS3 \/ Linea Mini \/ Linea Mini R 40mm H\u00f6he | grafikus-coffeetec.de\" \/>\n<meta property=\"og:description\" content=\"Werte deine La Marzocco GS3 oder Linea Mini mit diesen Edelstahl F\u00fc\u00dfen auf. Die F\u00fc\u00dfe haben eine H\u00f6he von 40mm und einen Durchmesser unten von 34mm Lieferumfang: 1 Set bestehend aus 4 F\u00fc\u00dfen inklusive Anti-Rutsch-Pad\" \/>\n<meta property=\"og:url\" content=\"https:\/\/grafikus-coffeetec.de\/en\/product\/edelstahl-fuesse-gs3\/\" \/>\n<meta property=\"og:site_name\" content=\"grafikus-coffeetec.de\" \/>\n<meta property=\"article:modified_time\" content=\"2024-12-11T22:09:59+00:00\" \/>\n<meta property=\"og:image\" content=\"https:\/\/grafikus-coffeetec.de\/wp-content\/uploads\/2020\/05\/Linea-Mini_GS3_Fuese_40mm.jpg\" \/>\n\t<meta property=\"og:image:width\" content=\"800\" \/>\n\t<meta property=\"og:image:height\" content=\"800\" \/>\n\t<meta property=\"og:image:type\" content=\"image\/jpeg\" \/>\n<meta name=\"twitter:card\" content=\"summary_large_image\" \/>\n<meta name=\"twitter:label1\" content=\"Est. reading time\" \/>\n\t<meta name=\"twitter:data1\" content=\"1 minute\" \/>\n<script type=\"application\/ld+json\" class=\"yoast-schema-graph\">{\"@context\":\"https:\/\/schema.org\",\"@graph\":[{\"@type\":\"WebPage\",\"@id\":\"https:\/\/grafikus-coffeetec.de\/produkt\/edelstahl-fuesse-gs3\/\",\"url\":\"https:\/\/grafikus-coffeetec.de\/produkt\/edelstahl-fuesse-gs3\/\",\"name\":\"Edelstahl F\u00fc\u00dfe GS3 \/ Linea Mini \/ Linea Mini R 40mm H\u00f6he | grafikus-coffeetec.de\",\"isPartOf\":{\"@id\":\"https:\/\/grafikus-coffeetec.de\/#website\"},\"primaryImageOfPage\":{\"@id\":\"https:\/\/grafikus-coffeetec.de\/produkt\/edelstahl-fuesse-gs3\/#primaryimage\"},\"image\":{\"@id\":\"https:\/\/grafikus-coffeetec.de\/produkt\/edelstahl-fuesse-gs3\/#primaryimage\"},\"thumbnailUrl\":\"https:\/\/grafikus-coffeetec.de\/wp-content\/uploads\/2020\/05\/Linea-Mini_GS3_Fuese_40mm.jpg\",\"datePublished\":\"2020-05-17T10:31:27+00:00\",\"dateModified\":\"2024-12-11T22:09:59+00:00\",\"breadcrumb\":{\"@id\":\"https:\/\/grafikus-coffeetec.de\/produkt\/edelstahl-fuesse-gs3\/#breadcrumb\"},\"inLanguage\":\"en-US\",\"potentialAction\":[{\"@type\":\"ReadAction\",\"target\":[\"https:\/\/grafikus-coffeetec.de\/produkt\/edelstahl-fuesse-gs3\/\"]}]},{\"@type\":\"ImageObject\",\"inLanguage\":\"en-US\",\"@id\":\"https:\/\/grafikus-coffeetec.de\/produkt\/edelstahl-fuesse-gs3\/#primaryimage\",\"url\":\"https:\/\/grafikus-coffeetec.de\/wp-content\/uploads\/2020\/05\/Linea-Mini_GS3_Fuese_40mm.jpg\",\"contentUrl\":\"https:\/\/grafikus-coffeetec.de\/wp-content\/uploads\/2020\/05\/Linea-Mini_GS3_Fuese_40mm.jpg\",\"width\":800,\"height\":800,\"caption\":\"Edelstahl F\u00fc\u00dfe GS3 \/ Linea Mini 40mm H\u00f6he\"},{\"@type\":\"BreadcrumbList\",\"@id\":\"https:\/\/grafikus-coffeetec.de\/produkt\/edelstahl-fuesse-gs3\/#breadcrumb\",\"itemListElement\":[{\"@type\":\"ListItem\",\"position\":1,\"name\":\"Startseite\",\"item\":\"https:\/\/grafikus-coffeetec.de\/\"},{\"@type\":\"ListItem\",\"position\":2,\"name\":\"Startseite\",\"item\":\"https:\/\/grafikus-coffeetec.de\/\"},{\"@type\":\"ListItem\",\"position\":3,\"name\":\"Edelstahl F\u00fc\u00dfe GS3 \/ Linea Mini \/ Linea Mini R 40mm H\u00f6he\"}]},{\"@type\":\"WebSite\",\"@id\":\"https:\/\/grafikus-coffeetec.de\/#website\",\"url\":\"https:\/\/grafikus-coffeetec.de\/\",\"name\":\"grafikus-coffeetec.de\",\"description\":\"Ihr Spezialist f\u00fcr hochwertiges Zubeh\u00f6r und Umbauten\",\"publisher\":{\"@id\":\"https:\/\/grafikus-coffeetec.de\/#organization\"},\"potentialAction\":[{\"@type\":\"SearchAction\",\"target\":{\"@type\":\"EntryPoint\",\"urlTemplate\":\"https:\/\/grafikus-coffeetec.de\/?s={search_term_string}\"},\"query-input\":{\"@type\":\"PropertyValueSpecification\",\"valueRequired\":true,\"valueName\":\"search_term_string\"}}],\"inLanguage\":\"en-US\"},{\"@type\":\"Organization\",\"@id\":\"https:\/\/grafikus-coffeetec.de\/#organization\",\"name\":\"Grafikus Coffeetec\",\"url\":\"https:\/\/grafikus-coffeetec.de\/\",\"logo\":{\"@type\":\"ImageObject\",\"inLanguage\":\"en-US\",\"@id\":\"https:\/\/grafikus-coffeetec.de\/#\/schema\/logo\/image\/\",\"url\":\"https:\/\/grafikus-coffeetec.de\/wp-content\/uploads\/2020\/05\/Logo_Grafikus-Coffeetec.svg\",\"contentUrl\":\"https:\/\/grafikus-coffeetec.de\/wp-content\/uploads\/2020\/05\/Logo_Grafikus-Coffeetec.svg\",\"width\":\"1024\",\"height\":\"1024\",\"caption\":\"Grafikus Coffeetec\"},\"image\":{\"@id\":\"https:\/\/grafikus-coffeetec.de\/#\/schema\/logo\/image\/\"},\"sameAs\":[\"https:\/\/www.instagram.com\/grafikus_coffeetec\/\"]}]}<\/script>\n<!-- \/ Yoast SEO plugin. -->","yoast_head_json":{"title":"Stainless steel feet GS3 \/ Linea Mini \/ Linea Mini R 40mm height | grafikus-coffeetec.de","robots":{"index":"index","follow":"follow","max-snippet":"max-snippet:-1","max-image-preview":"max-image-preview:large","max-video-preview":"max-video-preview:-1"},"canonical":"https:\/\/grafikus-coffeetec.de\/en\/product\/edelstahl-fuesse-gs3\/","og_locale":"en_US","og_type":"article","og_title":"Edelstahl F\u00fc\u00dfe GS3 \/ Linea Mini \/ Linea Mini R 40mm H\u00f6he | grafikus-coffeetec.de","og_description":"Werte deine La Marzocco GS3 oder Linea Mini mit diesen Edelstahl F\u00fc\u00dfen auf. Die F\u00fc\u00dfe haben eine H\u00f6he von 40mm und einen Durchmesser unten von 34mm Lieferumfang: 1 Set bestehend aus 4 F\u00fc\u00dfen inklusive Anti-Rutsch-Pad","og_url":"https:\/\/grafikus-coffeetec.de\/en\/product\/edelstahl-fuesse-gs3\/","og_site_name":"grafikus-coffeetec.de","article_modified_time":"2024-12-11T22:09:59+00:00","og_image":[{"width":800,"height":800,"url":"https:\/\/grafikus-coffeetec.de\/wp-content\/uploads\/2020\/05\/Linea-Mini_GS3_Fuese_40mm.jpg","type":"image\/jpeg"}],"twitter_card":"summary_large_image","twitter_misc":{"Est. reading time":"1 minute"},"schema":{"@context":"https:\/\/schema.org","@graph":[{"@type":"WebPage","@id":"https:\/\/grafikus-coffeetec.de\/produkt\/edelstahl-fuesse-gs3\/","url":"https:\/\/grafikus-coffeetec.de\/produkt\/edelstahl-fuesse-gs3\/","name":"Stainless steel feet GS3 \/ Linea Mini \/ Linea Mini R 40mm height | grafikus-coffeetec.de","isPartOf":{"@id":"https:\/\/grafikus-coffeetec.de\/#website"},"primaryImageOfPage":{"@id":"https:\/\/grafikus-coffeetec.de\/produkt\/edelstahl-fuesse-gs3\/#primaryimage"},"image":{"@id":"https:\/\/grafikus-coffeetec.de\/produkt\/edelstahl-fuesse-gs3\/#primaryimage"},"thumbnailUrl":"https:\/\/grafikus-coffeetec.de\/wp-content\/uploads\/2020\/05\/Linea-Mini_GS3_Fuese_40mm.jpg","datePublished":"2020-05-17T10:31:27+00:00","dateModified":"2024-12-11T22:09:59+00:00","breadcrumb":{"@id":"https:\/\/grafikus-coffeetec.de\/produkt\/edelstahl-fuesse-gs3\/#breadcrumb"},"inLanguage":"en-US","potentialAction":[{"@type":"ReadAction","target":["https:\/\/grafikus-coffeetec.de\/produkt\/edelstahl-fuesse-gs3\/"]}]},{"@type":"ImageObject","inLanguage":"en-US","@id":"https:\/\/grafikus-coffeetec.de\/produkt\/edelstahl-fuesse-gs3\/#primaryimage","url":"https:\/\/grafikus-coffeetec.de\/wp-content\/uploads\/2020\/05\/Linea-Mini_GS3_Fuese_40mm.jpg","contentUrl":"https:\/\/grafikus-coffeetec.de\/wp-content\/uploads\/2020\/05\/Linea-Mini_GS3_Fuese_40mm.jpg","width":800,"height":800,"caption":"Edelstahl F\u00fc\u00dfe GS3 \/ Linea Mini 40mm H\u00f6he"},{"@type":"BreadcrumbList","@id":"https:\/\/grafikus-coffeetec.de\/produkt\/edelstahl-fuesse-gs3\/#breadcrumb","itemListElement":[{"@type":"ListItem","position":1,"name":"Startseite","item":"https:\/\/grafikus-coffeetec.de\/"},{"@type":"ListItem","position":2,"name":"Startseite","item":"https:\/\/grafikus-coffeetec.de\/"},{"@type":"ListItem","position":3,"name":"Edelstahl F\u00fc\u00dfe GS3 \/ Linea Mini \/ Linea Mini R 40mm H\u00f6he"}]},{"@type":"WebSite","@id":"https:\/\/grafikus-coffeetec.de\/#website","url":"https:\/\/grafikus-coffeetec.de\/","name":"grafikus-coffeetec.de","description":"Your specialist for high-quality accessories and conversions","publisher":{"@id":"https:\/\/grafikus-coffeetec.de\/#organization"},"potentialAction":[{"@type":"SearchAction","target":{"@type":"EntryPoint","urlTemplate":"https:\/\/grafikus-coffeetec.de\/?s={search_term_string}"},"query-input":{"@type":"PropertyValueSpecification","valueRequired":true,"valueName":"search_term_string"}}],"inLanguage":"en-US"},{"@type":"Organization","@id":"https:\/\/grafikus-coffeetec.de\/#organization","name":"Graphics company Coffeetec","url":"https:\/\/grafikus-coffeetec.de\/","logo":{"@type":"ImageObject","inLanguage":"en-US","@id":"https:\/\/grafikus-coffeetec.de\/#\/schema\/logo\/image\/","url":"https:\/\/grafikus-coffeetec.de\/wp-content\/uploads\/2020\/05\/Logo_Grafikus-Coffeetec.svg","contentUrl":"https:\/\/grafikus-coffeetec.de\/wp-content\/uploads\/2020\/05\/Logo_Grafikus-Coffeetec.svg","width":"1024","height":"1024","caption":"Grafikus Coffeetec"},"image":{"@id":"https:\/\/grafikus-coffeetec.de\/#\/schema\/logo\/image\/"},"sameAs":["https:\/\/www.instagram.com\/grafikus_coffeetec\/"]}]}},"_links":{"self":[{"href":"https:\/\/grafikus-coffeetec.de\/en\/wp-json\/wp\/v2\/product\/1168","targetHints":{"allow":["GET"]}}],"collection":[{"href":"https:\/\/grafikus-coffeetec.de\/en\/wp-json\/wp\/v2\/product"}],"about":[{"href":"https:\/\/grafikus-coffeetec.de\/en\/wp-json\/wp\/v2\/types\/product"}],"replies":[{"embeddable":true,"href":"https:\/\/grafikus-coffeetec.de\/en\/wp-json\/wp\/v2\/comments?post=1168"}],"wp:featuredmedia":[{"embeddable":true,"href":"https:\/\/grafikus-coffeetec.de\/en\/wp-json\/wp\/v2\/media\/2897"}],"wp:attachment":[{"href":"https:\/\/grafikus-coffeetec.de\/en\/wp-json\/wp\/v2\/media?parent=1168"}],"wp:term":[{"taxonomy":"product_brand","embeddable":true,"href":"https:\/\/grafikus-coffeetec.de\/en\/wp-json\/wp\/v2\/product_brand?post=1168"},{"taxonomy":"product_cat","embeddable":true,"href":"https:\/\/grafikus-coffeetec.de\/en\/wp-json\/wp\/v2\/product_cat?post=1168"},{"taxonomy":"product_tag","embeddable":true,"href":"https:\/\/grafikus-coffeetec.de\/en\/wp-json\/wp\/v2\/product_tag?post=1168"}],"curies":[{"name":"wp","href":"https:\/\/api.w.org\/{rel}","templated":true}]}}