{"id":3228,"date":"2024-04-03T16:41:06","date_gmt":"2024-04-03T14:41:06","guid":{"rendered":"https:\/\/grafikus-coffeetec.de\/?page_id=3228"},"modified":"2025-03-10T15:47:31","modified_gmt":"2025-03-10T14:47:31","slug":"agb","status":"publish","type":"page","link":"https:\/\/grafikus-coffeetec.de\/en\/agb\/","title":{"rendered":"Conditions"},"content":{"rendered":"<div class=\"wpb-content-wrapper\"><div class=\"nm-row nm-row-boxed vc_row wpb_row  vc_custom_1432752631369\"><div class=\"nm_column wpb_column vc_column_container col-sm-12\"><div class=\"vc_column-inner\"><div class=\"wpb_wrapper\">\n\t<div class=\"wpb_text_column wpb_content_element  nm-highlight-text\" >\n\t\t<div class=\"wpb_wrapper\">\n\t\t\t<h1 class=\"adsimple-321177835\" data-fontsize=\"32\" data-lineheight=\"44\">General terms and conditions of business<\/h1>\n\n\t\t<\/div>\n\t<\/div>\n<div class=\"vc_empty_space\"   style=\"height: 30px\"><span class=\"vc_empty_space_inner\"><\/span><\/div><\/div><\/div><\/div><\/div><div class=\"nm-row nm-row-full-nopad vc_row wpb_row  vc_custom_1432728062229\"><div class=\"nm_column wpb_column vc_column_container col-sm-12\"><div class=\"vc_column-inner\"><div class=\"wpb_wrapper\">\r\n    <div class=\"nm-divider separator_align_center\">\r\n        <div class=\"nm-divider-line\" style=\"\"><\/div>\r\n    <\/div><\/div><\/div><\/div><\/div><div class=\"nm-row nm-row-full vc_row wpb_row\"><div class=\"nm_column wpb_column vc_column_container col-sm-12\"><div class=\"vc_column-inner\"><div class=\"wpb_wrapper\">\n\t<div class=\"wpb_raw_code wpb_content_element wpb_raw_html\" >\n\t\t<div class=\"wpb_wrapper\">\n\t\t\t<? #geltung ?>\n<br \/>\n<p style=\"font-weight: bold; padding-bottom: 10px;\">\u00a71 Validity towards entrepreneurs and definitions of terms<\/p>\n(1) The following general terms and conditions apply to all deliveries between us and a consumer in the version valid at the time of the order.<br \/>\n<br \/>\nA consumer is any natural person who concludes a legal transaction for purposes that cannot predominantly be attributed to their commercial or independent professional activity (\u00a7 13 BGB).\n<br \/>\n\n<? #zustandekommen des vertrags ?>\n    <br \/>\n<p style=\"font-weight: bold; padding-bottom: 10px;\">\u00a72 Conclusion of a contract, storage of the contract text<\/p>\n(1) The following provisions on the conclusion of the contract apply to orders via our internet shop http:\/\/www.grafikus-coffeetec.de .<br \/>\n<br \/>\n<b>(2) If the contract is concluded, the contract comes with it<br \/>\n\n<div style=\"font-weight: bold; margin-left: 20px;\" >\n<br \/>\nGraphics company Coffeetec<br \/>\nOwner: Torben Schnieber<br \/>\nSteiner-Ring 34<br \/>\nD-82538 Geretsried<br \/>\n\n<br \/>\n<\/div>\nconditions.<br \/><\/b>\n<br \/>\n(3) The presentation of the goods in our online shop does not constitute a legally binding contractual offer on our part, but is merely a non-binding invitation to the consumer to order goods. By ordering the desired goods, the consumer makes a binding offer to conclude a purchase contract.<br \/>\n(4) When an order is received in our online shop, the following regulations apply: The consumer submits a binding contractual offer by successfully completing the ordering process provided in our online shop.<br \/>\n<br \/>\nThe order takes place in the following steps:<br \/>\n<br \/>\n<div class=\"ml20\">\n     \n    1) Selection of the desired goods<br \/> \n     \n    2) Confirm by clicking the \u201cOrder\u201d button <br \/> \n     \n    3) Checking the information in the shopping cart<br \/> \n     \n    4) Press the \u201ccheckout\u201d button <br \/> \n     \n    5) Login to the online shop after registering and entering your login details (email address and password). <br \/> \n     \n    6) Re-checking or correcting the data entered.<br \/> \n     \n    7) Binding dispatch of the order by clicking the \u201corder for a fee\u201d or \u201cbuy\u201d button<br \/> \n     \n<br \/>\n<\/div>\nBefore the order is bindingly sent, the consumer can go back to the website on which the customer&#039;s information is recorded and correct input errors by pressing the &quot;Back&quot; button in the Internet browser he is using and after checking his details Closing the internet browser will cancel the ordering process. We confirm receipt of the order immediately by an automatically generated email (\u201corder confirmation\u201d). With this we accept your offer.\n<br \/>\n<br \/>\n(5) Storage of the contract text for orders via our online shop: We save the contract text and send you the order data and our general terms and conditions by email. You can also view the general terms and conditions at any time at https:\/\/grafikus-coffeetec.de\/agb\/. You can view your past orders in our customer area under My Account --&gt; My Orders.<br \/>\n\n\n<? #presie kosten ?>\n    <br \/>\n<p style=\"font-weight: bold; padding-bottom: 10px;\">\u00a73 Prices, shipping costs, payment, due date<\/p>\n(1) The prices stated include statutory sales tax and other price components. Any shipping costs are added.<br \/>\n<br \/>\n(2) The consumer has the option of paying in advance or by credit card (Visa, Mastercard, American Express).<br \/>\n<br \/>\n(3) If the consumer has chosen to pay in advance, he undertakes to pay the purchase price immediately after conclusion of the contract.<br \/>\n \n\n<? #lieferung ?>\n<br \/>\n<p style=\"font-weight: bold; padding-bottom: 10px;\">\u00a74 Delivery<\/p>\n(1) Unless we have clearly stated otherwise in the product description, all items we offer are ready for immediate dispatch. Delivery takes place within 5 working days at the latest. In the case of payment in advance, the deadline for delivery begins on the day after the payment order is sent to the bank responsible for the transfer and, for all other payment methods, on the day after the contract is concluded. If the deadline falls on a Saturday, Sunday or public holiday at the delivery location, the deadline ends on the next working day.\n<br \/><br \/>\n\n(2) The risk of accidental loss and accidental deterioration of the goods sold shall pass to the buyer only when the goods are handed over to the buyer, even in the case of a sale by dispatch.  <br \/>\n\n<? #Lieferung Ausland ?>\n<br \/>\n<p style=\"font-weight: bold; padding-bottom: 10px;\">\u00a75 Customs duties, taxes and charges for international deliveries<\/p>\n\n(1) Deliveries to countries outside Germany may be subject to import duties, customs fees, taxes, or other charges levied by the relevant authorities in the destination country. These costs are to be borne by the recipient and will not be covered or reimbursed by Grafikus Coffeetec Inh. Torben Schnieber. The recipient is responsible for compliance with all legal provisions and regulations of the respective importing country. Customers are advised to check with the relevant customs or tax authorities regarding possible costs and regulations before placing an order.<br \/>\n\n\n\n\n<? #eigentumsvorbehalt ?>\n<br \/>\n<p style=\"font-weight: bold; padding-bottom: 10px;\">\u00a76 Retention of title<\/p>\nWe reserve ownership of the goods until the purchase price has been paid in full. <br \/>\n\n<? #widerrufsrecht ?>\n\n\n            <br \/>\n\n****************************************************************************************************\n<br \/>\n<p style=\"font-weight: bold; padding-bottom: 10px;\">\u00a77 Right of withdrawal of the customer as a consumer:\n<\/p>\n\n<b>\n    Right of Withdrawal<\/b><br \/>\n    <br \/>\n    Consumers have a right of withdrawal in accordance with the following provisions, whereby a consumer is any natural person who concludes a legal transaction for purposes that can predominantly neither be attributed to their commercial nor their independent professional activity:\n\n    <br \/>\n    <br \/>\n\n    <p style=\"font-weight: bold; padding-bottom: 1px; text-align: center;\">Right of withdrawal<\/p>\n    <br \/>\n    <b>Right of withdrawal<\/b><br \/>\n    <br \/>\n    You have the right to cancel this contract within fourteen days without giving any reasons.\n    <br \/>\n    <br \/>\n    The cancellation period shall be fourteen days from the day on which you or a third party other than the carrier designated by you takes possession of the goods.\n\n    <br \/><br \/>\n    To exercise your right of withdrawal, you must<br \/>\n    <div style=\"margin-left:20px; margin-top: 5px; margin-bottom:5px;\">\n        Graphics company Coffeetec<br \/>\n        Owner: Torben Schnieber<br \/>\n        Steiner-Ring 34<br \/>\n        D-82538 Geretsried<br \/>\n        Email grafikus@grafikus-coffeetec.de<br \/>\n            <\/div>\n    by means of a clear statement (e.g. a letter sent by post, fax or e-mail) of your decision to withdraw from this contract. You can use the attached model withdrawal form for this purpose, but this is not mandatory.\n    <br \/>\n    <br \/>\n\n    <b>Consequences of revocation<\/b>\n    <br \/><br \/>\n    If you cancel this contract, we will refund all payments that we have received from you, including delivery costs within Germany (with the exception of additional costs resulting from your choice of a type of delivery other than the cheapest standard delivery offered by us), promptly and at the latest within fourteen days from the day on which we received notification of your cancellation of this contract. For this refund, we will use the same means of payment that you used for the original transaction, unless something else was expressly agreed with you; under no circumstances will you be charged any fees for this refund.\n<br \/>\n<br \/>\n\n    We may refuse repayment until we have received the goods back or until you have provided evidence that you have returned the goods, whichever is the earlier.\n<br \/>\n<br \/>\n\n    You must return or hand over the goods to us immediately and in any case no later than fourteen days from the day on which you inform us of your cancellation of this contract. The deadline is met if you send the goods before the fourteen day period has expired.\n    <br \/>\n    <br \/>\n\nYou will bear the direct cost of returning the goods.<br \/>\n<br \/>\n\n    \n    <b>End of revocation<\/b>\n<br \/>\n<br \/>\n****************************************************************************************************\n\n<br \/>\n    \n\n\n\n\n<p style=\"font-weight: bold; padding-bottom: 10px;\">\u00a78 Cancellation form<\/p>\n\n<p style=\"text-align: center; font-weight: bold;\">Sample cancellation form<\/p>\n(If you want to cancel the contract, please fill out this form and send it back.)<br \/>\n<div style=\"border: 1px solid #000000;padding: 10px;\">\nAt :<br \/>\nGraphics company Coffeetec<br \/>\nOwner: Torben Schnieber<br \/>\nSteiner-Ring 34<br \/>\nD-82538 Geretsried<br \/>\nEmail grafikus@grafikus-coffeetec.de<br \/>\n<br \/>\n\nI\/we (*) hereby revoke the contract concluded by me\/us (*) for the purchase of the following goods (*)\/the provision of the following service (*)<br \/>\n<br \/>\n_____________________________________________________<br \/>\n<br \/>\nOrdered on (*)\/received on (*)<br \/>\n<br \/>\n__________________<br \/>\n<br \/>\nName of the consumer(s)<br \/>\n<br \/>\n_____________________________________________________<br \/>\n<br \/>\nAddress of the consumer(s)<br \/>\n<br \/>\n<br \/>\n_____________________________________________________<br \/>\n<br \/>\nSignature of the consumer(s) (only for paper notification)<br \/>\n<br \/>\n__________________<br \/>\n<br \/>\nDate<br \/>\n<br \/>\n__________________<br \/>\n<br \/>\n<\/div>\n(*) Delete as appropriate.<br \/>\n\n\n\n<br \/>\n<p style=\"font-weight: bold; padding-bottom: 10px;\">\u00a79 Warranty\n<\/p>\n\nThe statutory warranty regulations apply.\n<br \/>\n\n\n<? #sprache ?>\n<br \/>\n<p style=\"font-weight: bold; padding-bottom: 10px;\">\u00a710 Contract language<\/p>\n As contract language german will be available exclusively.<br \/>\n\n<? # kundensupport gegeben ? ?>\n<br \/>\n<br \/>\n<p>Status of the General Terms and Conditions Apr.2024<\/p>\n\n<p><i><a href=\"http:\/\/www.agb.de\">Free T&amp;Cs<\/a> created by agb.de<\/i><\/p>\n\t\t<\/div>\n\t<\/div>\n<\/div><\/div><\/div><\/div>\n<\/div>","protected":false},"excerpt":{"rendered":"Allgemeine Gesch\u00e4ftsbedingungen \u00a71 Geltung gegen\u00fcber Unternehmern und Begriffsdefinitionen (1) Die nachfolgenden Allgemeinen Gesch\u00e4ftbedingungen gelten f\u00fcr alle Lieferungen zwischen uns und einem Verbraucher in ihrer zum Zeitpunkt der Bestellung g\u00fcltigen Fassung. Verbraucher ist jede nat\u00fcrliche Person, die ein Rechtsgesch\u00e4ft zu Zwecken abschlie\u00dft, die \u00fcberwiegend weder ihrer gewerblichen noch ihrer selbst\u00e4ndigen beruflichen T\u00e4tigkeit zugerechnet werden k\u00f6nnen (\u00a7 [...]","protected":false},"author":1,"featured_media":0,"parent":0,"menu_order":0,"comment_status":"closed","ping_status":"closed","template":"","meta":{"_acf_changed":false,"inline_featured_image":false,"footnotes":""},"class_list":["post-3228","page","type-page","status-publish","hentry"],"acf":[],"yoast_head":"<!-- This site is optimized with the Yoast SEO plugin v27.1.1 - https:\/\/yoast.com\/product\/yoast-seo-wordpress\/ -->\n<title>AGB | grafikus-coffeetec.de<\/title>\n<meta name=\"robots\" content=\"index, follow, max-snippet:-1, max-image-preview:large, max-video-preview:-1\" \/>\n<link rel=\"canonical\" href=\"https:\/\/grafikus-coffeetec.de\/en\/agb\/\" \/>\n<meta property=\"og:locale\" content=\"en_US\" \/>\n<meta property=\"og:type\" content=\"article\" \/>\n<meta property=\"og:title\" content=\"AGB | grafikus-coffeetec.de\" \/>\n<meta property=\"og:url\" content=\"https:\/\/grafikus-coffeetec.de\/en\/agb\/\" \/>\n<meta property=\"og:site_name\" content=\"grafikus-coffeetec.de\" \/>\n<meta property=\"article:modified_time\" content=\"2025-03-10T14:47:31+00:00\" \/>\n<meta name=\"twitter:card\" content=\"summary_large_image\" \/>\n<meta name=\"twitter:label1\" content=\"Est. reading time\" \/>\n\t<meta name=\"twitter:data1\" content=\"1 minute\" \/>\n<script type=\"application\/ld+json\" class=\"yoast-schema-graph\">{\"@context\":\"https:\/\/schema.org\",\"@graph\":[{\"@type\":\"WebPage\",\"@id\":\"https:\/\/grafikus-coffeetec.de\/agb\/\",\"url\":\"https:\/\/grafikus-coffeetec.de\/agb\/\",\"name\":\"AGB | grafikus-coffeetec.de\",\"isPartOf\":{\"@id\":\"https:\/\/grafikus-coffeetec.de\/#website\"},\"datePublished\":\"2024-04-03T14:41:06+00:00\",\"dateModified\":\"2025-03-10T14:47:31+00:00\",\"breadcrumb\":{\"@id\":\"https:\/\/grafikus-coffeetec.de\/agb\/#breadcrumb\"},\"inLanguage\":\"en-US\",\"potentialAction\":[{\"@type\":\"ReadAction\",\"target\":[\"https:\/\/grafikus-coffeetec.de\/agb\/\"]}]},{\"@type\":\"BreadcrumbList\",\"@id\":\"https:\/\/grafikus-coffeetec.de\/agb\/#breadcrumb\",\"itemListElement\":[{\"@type\":\"ListItem\",\"position\":1,\"name\":\"Startseite\",\"item\":\"https:\/\/grafikus-coffeetec.de\/\"},{\"@type\":\"ListItem\",\"position\":2,\"name\":\"AGB\"}]},{\"@type\":\"WebSite\",\"@id\":\"https:\/\/grafikus-coffeetec.de\/#website\",\"url\":\"https:\/\/grafikus-coffeetec.de\/\",\"name\":\"grafikus-coffeetec.de\",\"description\":\"Ihr Spezialist f\u00fcr hochwertiges Zubeh\u00f6r und Umbauten\",\"publisher\":{\"@id\":\"https:\/\/grafikus-coffeetec.de\/#organization\"},\"potentialAction\":[{\"@type\":\"SearchAction\",\"target\":{\"@type\":\"EntryPoint\",\"urlTemplate\":\"https:\/\/grafikus-coffeetec.de\/?s={search_term_string}\"},\"query-input\":{\"@type\":\"PropertyValueSpecification\",\"valueRequired\":true,\"valueName\":\"search_term_string\"}}],\"inLanguage\":\"en-US\"},{\"@type\":\"Organization\",\"@id\":\"https:\/\/grafikus-coffeetec.de\/#organization\",\"name\":\"Grafikus Coffeetec\",\"url\":\"https:\/\/grafikus-coffeetec.de\/\",\"logo\":{\"@type\":\"ImageObject\",\"inLanguage\":\"en-US\",\"@id\":\"https:\/\/grafikus-coffeetec.de\/#\/schema\/logo\/image\/\",\"url\":\"https:\/\/grafikus-coffeetec.de\/wp-content\/uploads\/2020\/05\/Logo_Grafikus-Coffeetec.svg\",\"contentUrl\":\"https:\/\/grafikus-coffeetec.de\/wp-content\/uploads\/2020\/05\/Logo_Grafikus-Coffeetec.svg\",\"width\":\"1024\",\"height\":\"1024\",\"caption\":\"Grafikus Coffeetec\"},\"image\":{\"@id\":\"https:\/\/grafikus-coffeetec.de\/#\/schema\/logo\/image\/\"},\"sameAs\":[\"https:\/\/www.instagram.com\/grafikus_coffeetec\/\"]}]}<\/script>\n<!-- \/ Yoast SEO plugin. -->","yoast_head_json":{"title":"Terms and Conditions | grafikus-coffeetec.de","robots":{"index":"index","follow":"follow","max-snippet":"max-snippet:-1","max-image-preview":"max-image-preview:large","max-video-preview":"max-video-preview:-1"},"canonical":"https:\/\/grafikus-coffeetec.de\/en\/agb\/","og_locale":"en_US","og_type":"article","og_title":"AGB | grafikus-coffeetec.de","og_url":"https:\/\/grafikus-coffeetec.de\/en\/agb\/","og_site_name":"grafikus-coffeetec.de","article_modified_time":"2025-03-10T14:47:31+00:00","twitter_card":"summary_large_image","twitter_misc":{"Est. reading time":"1 minute"},"schema":{"@context":"https:\/\/schema.org","@graph":[{"@type":"WebPage","@id":"https:\/\/grafikus-coffeetec.de\/agb\/","url":"https:\/\/grafikus-coffeetec.de\/agb\/","name":"Terms and Conditions | grafikus-coffeetec.de","isPartOf":{"@id":"https:\/\/grafikus-coffeetec.de\/#website"},"datePublished":"2024-04-03T14:41:06+00:00","dateModified":"2025-03-10T14:47:31+00:00","breadcrumb":{"@id":"https:\/\/grafikus-coffeetec.de\/agb\/#breadcrumb"},"inLanguage":"en-US","potentialAction":[{"@type":"ReadAction","target":["https:\/\/grafikus-coffeetec.de\/agb\/"]}]},{"@type":"BreadcrumbList","@id":"https:\/\/grafikus-coffeetec.de\/agb\/#breadcrumb","itemListElement":[{"@type":"ListItem","position":1,"name":"Startseite","item":"https:\/\/grafikus-coffeetec.de\/"},{"@type":"ListItem","position":2,"name":"AGB"}]},{"@type":"WebSite","@id":"https:\/\/grafikus-coffeetec.de\/#website","url":"https:\/\/grafikus-coffeetec.de\/","name":"grafikus-coffeetec.de","description":"Your specialist for high-quality accessories and conversions","publisher":{"@id":"https:\/\/grafikus-coffeetec.de\/#organization"},"potentialAction":[{"@type":"SearchAction","target":{"@type":"EntryPoint","urlTemplate":"https:\/\/grafikus-coffeetec.de\/?s={search_term_string}"},"query-input":{"@type":"PropertyValueSpecification","valueRequired":true,"valueName":"search_term_string"}}],"inLanguage":"en-US"},{"@type":"Organization","@id":"https:\/\/grafikus-coffeetec.de\/#organization","name":"Graphics company Coffeetec","url":"https:\/\/grafikus-coffeetec.de\/","logo":{"@type":"ImageObject","inLanguage":"en-US","@id":"https:\/\/grafikus-coffeetec.de\/#\/schema\/logo\/image\/","url":"https:\/\/grafikus-coffeetec.de\/wp-content\/uploads\/2020\/05\/Logo_Grafikus-Coffeetec.svg","contentUrl":"https:\/\/grafikus-coffeetec.de\/wp-content\/uploads\/2020\/05\/Logo_Grafikus-Coffeetec.svg","width":"1024","height":"1024","caption":"Grafikus Coffeetec"},"image":{"@id":"https:\/\/grafikus-coffeetec.de\/#\/schema\/logo\/image\/"},"sameAs":["https:\/\/www.instagram.com\/grafikus_coffeetec\/"]}]}},"_links":{"self":[{"href":"https:\/\/grafikus-coffeetec.de\/en\/wp-json\/wp\/v2\/pages\/3228","targetHints":{"allow":["GET"]}}],"collection":[{"href":"https:\/\/grafikus-coffeetec.de\/en\/wp-json\/wp\/v2\/pages"}],"about":[{"href":"https:\/\/grafikus-coffeetec.de\/en\/wp-json\/wp\/v2\/types\/page"}],"author":[{"embeddable":true,"href":"https:\/\/grafikus-coffeetec.de\/en\/wp-json\/wp\/v2\/users\/1"}],"replies":[{"embeddable":true,"href":"https:\/\/grafikus-coffeetec.de\/en\/wp-json\/wp\/v2\/comments?post=3228"}],"version-history":[{"count":10,"href":"https:\/\/grafikus-coffeetec.de\/en\/wp-json\/wp\/v2\/pages\/3228\/revisions"}],"predecessor-version":[{"id":4734,"href":"https:\/\/grafikus-coffeetec.de\/en\/wp-json\/wp\/v2\/pages\/3228\/revisions\/4734"}],"wp:attachment":[{"href":"https:\/\/grafikus-coffeetec.de\/en\/wp-json\/wp\/v2\/media?parent=3228"}],"curies":[{"name":"wp","href":"https:\/\/api.w.org\/{rel}","templated":true}]}}